{"id":10918,"date":"2019-07-12T10:23:42","date_gmt":"2019-07-12T08:23:42","guid":{"rendered":"http:\/\/agora.xtec.cat\/ins-esc-santadria\/?page_id=10918"},"modified":"2025-06-20T09:18:38","modified_gmt":"2025-06-20T07:18:38","slug":"pla-datencio-a-la-diversitat","status":"publish","type":"page","link":"https:\/\/agora.xtec.cat\/ins-esc-santadria\/projecte-educatiu\/pla-datencio-a-la-diversitat\/","title":{"rendered":"Pla d&#8217;Atenci\u00f3 a la Diversitat"},"content":{"rendered":"<p>Durant el curs 2020-2021, l&#8217;equip que s&#8217;encarrega de l&#8217;atenci\u00f3 a la diversitat al nostre Centre (Coordinaci\u00f3 Pedag\u00f2gica, Departament d&#8217;Orientaci\u00f3 i mestres d&#8217;educaci\u00f3 especial) va reelaborar el Pla d&#8217;Atenci\u00f3 a la Diversitat. Clicant en aquest enlla\u00e7 podeu consultar-ne la versi\u00f3 actualitzada.<\/p>\n<p style=\"text-align: center;\"><a href=\"https:\/\/agora.xtec.cat\/ins-esc-santadria\/wp-content\/uploads\/usu1431\/2021\/05\/PLA-DATENCI\u00d3-A-LA-DIVERSITAT-IE-LA-MINA.pdf\">PLA D&#8217;ATENCI\u00d3 A LA DIVERSITAT IE LA MINA<\/a><\/p>\n","protected":false},"excerpt":{"rendered":"<p>Durant el curs 2020-2021, l&#8217;equip que s&#8217;encarrega de l&#8217;atenci\u00f3 a la diversitat al nostre Centre (Coordinaci\u00f3 Pedag\u00f2gica, Departament d&#8217;Orientaci\u00f3 i mestres d&#8217;educaci\u00f3 especial) va reelaborar el Pla d&#8217;Atenci\u00f3 a la Diversitat. Clicant en aquest enlla\u00e7 podeu consultar-ne la versi\u00f3 actualitzada. PLA D&#8217;ATENCI\u00d3 A LA DIVERSITAT IE LA MINA<\/p>\n","protected":false},"author":3,"featured_media":0,"parent":57,"menu_order":0,"comment_status":"closed","ping_status":"closed","template":"","meta":{"_bbp_topic_count":0,"_bbp_reply_count":0,"_bbp_total_topic_count":0,"_bbp_total_reply_count":0,"_bbp_voice_count":0,"_bbp_anonymous_reply_count":0,"_bbp_topic_count_hidden":0,"_bbp_reply_count_hidden":0,"_bbp_forum_subforum_count":0,"site-sidebar-layout":"default","site-content-layout":"","ast-site-content-layout":"default","site-content-style":"default","site-sidebar-style":"default","ast-global-header-display":"","ast-banner-title-visibility":"","ast-main-header-display":"","ast-hfb-above-header-display":"","ast-hfb-below-header-display":"","ast-hfb-mobile-header-display":"","site-post-title":"","ast-breadcrumbs-content":"","ast-featured-img":"","footer-sml-layout":"","theme-transparent-header-meta":"","adv-header-id-meta":"","stick-header-meta":"","header-above-stick-meta":"","header-main-stick-meta":"","header-below-stick-meta":"","astra-migrate-meta-layouts":"set","ast-page-background-enabled":"default","ast-page-background-meta":{"desktop":{"background-color":"var(--ast-global-color-4)","background-image":"","background-repeat":"repeat","background-position":"center center","background-size":"auto","background-attachment":"scroll","background-type":"","background-media":"","overlay-type":"","overlay-color":"","overlay-opacity":"","overlay-gradient":""},"tablet":{"background-color":"","background-image":"","background-repeat":"repeat","background-position":"center center","background-size":"auto","background-attachment":"scroll","background-type":"","background-media":"","overlay-type":"","overlay-color":"","overlay-opacity":"","overlay-gradient":""},"mobile":{"background-color":"","background-image":"","background-repeat":"repeat","background-position":"center center","background-size":"auto","background-attachment":"scroll","background-type":"","background-media":"","overlay-type":"","overlay-color":"","overlay-opacity":"","overlay-gradient":""}},"ast-content-background-meta":{"desktop":{"background-color":"var(--ast-global-color-5)","background-image":"","background-repeat":"repeat","background-position":"center center","background-size":"auto","background-attachment":"scroll","background-type":"","background-media":"","overlay-type":"","overlay-color":"","overlay-opacity":"","overlay-gradient":""},"tablet":{"background-color":"var(--ast-global-color-5)","background-image":"","background-repeat":"repeat","background-position":"center center","background-size":"auto","background-attachment":"scroll","background-type":"","background-media":"","overlay-type":"","overlay-color":"","overlay-opacity":"","overlay-gradient":""},"mobile":{"background-color":"var(--ast-global-color-5)","background-image":"","background-repeat":"repeat","background-position":"center center","background-size":"auto","background-attachment":"scroll","background-type":"","background-media":"","overlay-type":"","overlay-color":"","overlay-opacity":"","overlay-gradient":""}},"footnotes":""},"class_list":["post-10918","page","type-page","status-publish","hentry"],"post_mailing_queue_ids":[],"_links":{"self":[{"href":"https:\/\/agora.xtec.cat\/ins-esc-santadria\/wp-json\/wp\/v2\/pages\/10918","targetHints":{"allow":["GET"]}}],"collection":[{"href":"https:\/\/agora.xtec.cat\/ins-esc-santadria\/wp-json\/wp\/v2\/pages"}],"about":[{"href":"https:\/\/agora.xtec.cat\/ins-esc-santadria\/wp-json\/wp\/v2\/types\/page"}],"author":[{"embeddable":true,"href":"https:\/\/agora.xtec.cat\/ins-esc-santadria\/wp-json\/wp\/v2\/users\/3"}],"replies":[{"embeddable":true,"href":"https:\/\/agora.xtec.cat\/ins-esc-santadria\/wp-json\/wp\/v2\/comments?post=10918"}],"version-history":[{"count":4,"href":"https:\/\/agora.xtec.cat\/ins-esc-santadria\/wp-json\/wp\/v2\/pages\/10918\/revisions"}],"predecessor-version":[{"id":15759,"href":"https:\/\/agora.xtec.cat\/ins-esc-santadria\/wp-json\/wp\/v2\/pages\/10918\/revisions\/15759"}],"up":[{"embeddable":true,"href":"https:\/\/agora.xtec.cat\/ins-esc-santadria\/wp-json\/wp\/v2\/pages\/57"}],"wp:attachment":[{"href":"https:\/\/agora.xtec.cat\/ins-esc-santadria\/wp-json\/wp\/v2\/media?parent=10918"}],"curies":[{"name":"wp","href":"https:\/\/api.w.org\/{rel}","templated":true}]}}