{"id":10745,"date":"2019-05-07T14:00:12","date_gmt":"2019-05-07T12:00:12","guid":{"rendered":"http:\/\/agora.xtec.cat\/ins-esc-santadria\/?page_id=10745"},"modified":"2025-06-20T09:26:45","modified_gmt":"2025-06-20T07:26:45","slug":"lfp-dual","status":"publish","type":"page","link":"https:\/\/agora.xtec.cat\/ins-esc-santadria\/projecte-educatiu\/lfp-dual\/","title":{"rendered":"L&#8217;FP Dual (Modalitat intensiva)"},"content":{"rendered":"<p><span style=\"font-family: inherit; font-size: 1em;\"><a href=\"https:\/\/agora.xtec.cat\/ins-esc-santadria\/wp-content\/uploads\/usu1431\/2020\/11\/DUAL_alta.jpg\"><img loading=\"lazy\" decoding=\"async\" class=\"size-full wp-image-12236 alignright\" src=\"https:\/\/agora.xtec.cat\/ins-esc-santadria\/wp-content\/uploads\/usu1431\/2020\/11\/DUAL_alta.jpg\" alt=\"\" width=\"553\" height=\"554\" srcset=\"https:\/\/agora.xtec.cat\/ins-esc-santadria\/wp-content\/uploads\/usu1431\/2020\/11\/DUAL_alta.jpg 553w, https:\/\/agora.xtec.cat\/ins-esc-santadria\/wp-content\/uploads\/usu1431\/2020\/11\/DUAL_alta-150x150.jpg 150w, https:\/\/agora.xtec.cat\/ins-esc-santadria\/wp-content\/uploads\/usu1431\/2020\/11\/DUAL_alta-300x300.jpg 300w\" sizes=\"auto, (max-width: 553px) 100vw, 553px\" \/><\/a>El Departament d\u2019Educaci\u00f3 disposa d\u2019una web feta especialment per al projecte de Formaci\u00f3 Professional Dual. L\u2019Institut Escola La Mina, com a membre participant en la xarxa de dual, se\u2019n congratula perqu\u00e8 \u00e9s un recurs fant\u00e0stic per al nostre alumnat dels cicles formatius.<\/span><\/p>\n<p><strong>Qu\u00e8 \u00e9s l\u2019FP Dual?<\/strong><\/p>\n<p>El programa de Formaci\u00f3 Professional Dual es caracteritza per un innovador m\u00e8tode d&#8217;aprenentatge que combina la formaci\u00f3 que s&#8217;imparteix als centres educatius amb la formaci\u00f3 m\u00e9s pr\u00e0ctica que reben els alumnes a les empreses. Augmentant la col\u00b7laboraci\u00f3 entre l&#8217;empresa i el centre educatiu, milloren les compet\u00e8ncies laborals de l&#8217;alumnat i les oportunitats d&#8217;inserci\u00f3 al m\u00f3n del treball.<\/p>\n<p><strong>Caracter\u00edstiques de l\u2019FP Dual<\/strong><\/p>\n<ul>\n<li>M\u00e9s contacte amb les empreses per a incrementar la inserci\u00f3 laboral.<\/li>\n<li>Compatibilitat entre l&#8217;horari al centre educatiu i l&#8217;horari a l&#8217;empresa.<\/li>\n<li>Possibilitat de contracte de formaci\u00f3 o beca per part de les empreses, amb alta al r\u00e8gim de Seguretat Social durant el per\u00edode d&#8217;estada.<\/li>\n<li>Tutor\/a i instructor\/a responsables de l&#8217;alumnat: l&#8217;empresa designar\u00e0 el seu instructor i el centre d\u2019FP Dual designar\u00e0 el tutor per al seguiment del programa.<\/li>\n<li>Reconeixement de la formaci\u00f3 en l&#8217;empresa: la validaci\u00f3 de la formaci\u00f3 efectuada per l&#8217;empresa ser\u00e0 realitzada pel professorat del centre educatiu que participa al projecte, tenint en compte les aportacions dels instructors de l&#8217;empresa i els treballs realitzats en ella per les alumnes i els alumnes.<\/li>\n<li>Requisits d&#8217;acc\u00e9s: tindre 16 anys i acomplir els requisits per l&#8217;acc\u00e9s a qualsevol cicle formatiu de grau mitj\u00e0 o superior.<\/li>\n<\/ul>\n<p><strong>Avantatges de l\u2019FP Dual<\/strong><\/p>\n<ul>\n<li>Combinar teoria i pr\u00e0ctica al llarg del Cicle d\u2019FP dual, per a \u201caprendre fent\u201d.<\/li>\n<li>Adequar la formaci\u00f3 a la realitat i a les necessitats de les empreses.<\/li>\n<li>Millorar les capacitats i les compet\u00e8ncies, tant personals com professionals.<\/li>\n<li>Augmentar les expectatives d&#8217;inserci\u00f3 professional despr\u00e9s d&#8217;obtindre un t\u00edtol acad\u00e8mic.<\/li>\n<\/ul>\n<p><strong>Programa d&#8217;i<\/strong><strong style=\"font-family: inherit; font-size: 1em;\">mpuls a l\u2019FP Dual<\/strong><\/p>\n<p style=\"text-align: justify;\">Aquestes actuacions es porten a terme en el marc de les l\u00ednies d\u2019actuaci\u00f3 previstes en el Programa Operatiu d\u2019Ocupaci\u00f3, Formaci\u00f3 i Educaci\u00f3, cofinan\u00e7at pel Fons Social Europeu. El Departament d\u2019Educaci\u00f3, a trav\u00e9s de la Direcci\u00f3 General de Formaci\u00f3 Professional Inicial i Ensenyaments de R\u00e8gim Especial (DGFPIERE), atorga unes assignacions econ\u00f2miques a favor dels centres educatius destinats a la realitzaci\u00f3 d\u2019actuacions d\u2019impuls en la Formaci\u00f3 Professional Dual, que inclouen \u2013 entre d\u2019altres- els \u00e0mbits seg\u00fcents:<\/p>\n<ul>\n<li>Implantaci\u00f3 de cicles formatius en la modalitat d\u2019FP Dual en centres.<\/li>\n<li>Difusi\u00f3 de l\u2019FP Dual<\/li>\n<li>Captaci\u00f3 d\u2019empreses i creaci\u00f3 de places de Dual mitjan\u00e7ant l\u2019elaboraci\u00f3 de materials de suport a la prospecci\u00f3.<\/li>\n<\/ul>\n<p>Per a saber-ne <a href=\"https:\/\/projectes.xtec.cat\/fpdual\/\" target=\"_blank\" rel=\"noopener\">M\u00c9S<\/a>.<\/p>\n","protected":false},"excerpt":{"rendered":"<p>El Departament d\u2019Educaci\u00f3 disposa d\u2019una web feta especialment per al projecte de Formaci\u00f3 Professional Dual. L\u2019Institut Escola La Mina, com a membre participant en la xarxa de dual, se\u2019n congratula perqu\u00e8 \u00e9s un recurs fant\u00e0stic per al nostre alumnat dels cicles formatius. Qu\u00e8 \u00e9s l\u2019FP Dual? El programa de Formaci\u00f3 Professional Dual es caracteritza per [&hellip;]<\/p>\n","protected":false},"author":3,"featured_media":0,"parent":57,"menu_order":0,"comment_status":"closed","ping_status":"closed","template":"","meta":{"_bbp_topic_count":0,"_bbp_reply_count":0,"_bbp_total_topic_count":0,"_bbp_total_reply_count":0,"_bbp_voice_count":0,"_bbp_anonymous_reply_count":0,"_bbp_topic_count_hidden":0,"_bbp_reply_count_hidden":0,"_bbp_forum_subforum_count":0,"site-sidebar-layout":"default","site-content-layout":"","ast-site-content-layout":"default","site-content-style":"default","site-sidebar-style":"default","ast-global-header-display":"","ast-banner-title-visibility":"","ast-main-header-display":"","ast-hfb-above-header-display":"","ast-hfb-below-header-display":"","ast-hfb-mobile-header-display":"","site-post-title":"","ast-breadcrumbs-content":"","ast-featured-img":"","footer-sml-layout":"","theme-transparent-header-meta":"","adv-header-id-meta":"","stick-header-meta":"","header-above-stick-meta":"","header-main-stick-meta":"","header-below-stick-meta":"","astra-migrate-meta-layouts":"set","ast-page-background-enabled":"default","ast-page-background-meta":{"desktop":{"background-color":"var(--ast-global-color-4)","background-image":"","background-repeat":"repeat","background-position":"center center","background-size":"auto","background-attachment":"scroll","background-type":"","background-media":"","overlay-type":"","overlay-color":"","overlay-opacity":"","overlay-gradient":""},"tablet":{"background-color":"","background-image":"","background-repeat":"repeat","background-position":"center center","background-size":"auto","background-attachment":"scroll","background-type":"","background-media":"","overlay-type":"","overlay-color":"","overlay-opacity":"","overlay-gradient":""},"mobile":{"background-color":"","background-image":"","background-repeat":"repeat","background-position":"center center","background-size":"auto","background-attachment":"scroll","background-type":"","background-media":"","overlay-type":"","overlay-color":"","overlay-opacity":"","overlay-gradient":""}},"ast-content-background-meta":{"desktop":{"background-color":"var(--ast-global-color-5)","background-image":"","background-repeat":"repeat","background-position":"center center","background-size":"auto","background-attachment":"scroll","background-type":"","background-media":"","overlay-type":"","overlay-color":"","overlay-opacity":"","overlay-gradient":""},"tablet":{"background-color":"var(--ast-global-color-5)","background-image":"","background-repeat":"repeat","background-position":"center center","background-size":"auto","background-attachment":"scroll","background-type":"","background-media":"","overlay-type":"","overlay-color":"","overlay-opacity":"","overlay-gradient":""},"mobile":{"background-color":"var(--ast-global-color-5)","background-image":"","background-repeat":"repeat","background-position":"center center","background-size":"auto","background-attachment":"scroll","background-type":"","background-media":"","overlay-type":"","overlay-color":"","overlay-opacity":"","overlay-gradient":""}},"footnotes":""},"class_list":["post-10745","page","type-page","status-publish","hentry"],"post_mailing_queue_ids":[],"_links":{"self":[{"href":"https:\/\/agora.xtec.cat\/ins-esc-santadria\/wp-json\/wp\/v2\/pages\/10745","targetHints":{"allow":["GET"]}}],"collection":[{"href":"https:\/\/agora.xtec.cat\/ins-esc-santadria\/wp-json\/wp\/v2\/pages"}],"about":[{"href":"https:\/\/agora.xtec.cat\/ins-esc-santadria\/wp-json\/wp\/v2\/types\/page"}],"author":[{"embeddable":true,"href":"https:\/\/agora.xtec.cat\/ins-esc-santadria\/wp-json\/wp\/v2\/users\/3"}],"replies":[{"embeddable":true,"href":"https:\/\/agora.xtec.cat\/ins-esc-santadria\/wp-json\/wp\/v2\/comments?post=10745"}],"version-history":[{"count":5,"href":"https:\/\/agora.xtec.cat\/ins-esc-santadria\/wp-json\/wp\/v2\/pages\/10745\/revisions"}],"predecessor-version":[{"id":15763,"href":"https:\/\/agora.xtec.cat\/ins-esc-santadria\/wp-json\/wp\/v2\/pages\/10745\/revisions\/15763"}],"up":[{"embeddable":true,"href":"https:\/\/agora.xtec.cat\/ins-esc-santadria\/wp-json\/wp\/v2\/pages\/57"}],"wp:attachment":[{"href":"https:\/\/agora.xtec.cat\/ins-esc-santadria\/wp-json\/wp\/v2\/media?parent=10745"}],"curies":[{"name":"wp","href":"https:\/\/api.w.org\/{rel}","templated":true}]}}