{"id":3574,"date":"2019-10-09T10:21:07","date_gmt":"2019-10-09T08:21:07","guid":{"rendered":"http:\/\/agora.xtec.cat\/ins-esc-danielmangrane\/?page_id=3574"},"modified":"2019-10-09T10:27:09","modified_gmt":"2019-10-09T08:27:09","slug":"erasmus","status":"publish","type":"page","link":"https:\/\/agora.xtec.cat\/ins-esc-danielmangrane\/linstitut\/erasmus\/","title":{"rendered":"Erasmus+"},"content":{"rendered":"<p>El proyecto \u201cLook alive! For our world\u201d est\u00e1 cofinanciado por el programa Erasmus+ de la Uni\u00f3n Europea. El contenido de este comunicado es responsabilidad exclusiva del Institut Escola Daniel Mangran\u00e9 y ni la Comisi\u00f3n Europea, ni el Servicio Espa\u00f1ol para la Internacionalizaci\u00f3n de la Educaci\u00f3n (SEPIE) son responsables del uso que pueda hacerse de la informaci\u00f3n aqu\u00ed difundida.<\/p>\n<p><a href=\"https:\/\/agora.xtec.cat\/ins-esc-danielmangrane\/wp-content\/uploads\/usu362\/2019\/10\/Erasmus.png\"><img loading=\"lazy\" decoding=\"async\" src=\"https:\/\/agora.xtec.cat\/ins-esc-danielmangrane\/wp-content\/uploads\/usu362\/2019\/10\/Erasmus-300x73.png\" alt=\"\" width=\"300\" height=\"73\" class=\"aligncenter size-medium wp-image-3578\" srcset=\"https:\/\/agora.xtec.cat\/ins-esc-danielmangrane\/wp-content\/uploads\/usu362\/2019\/10\/Erasmus-300x73.png 300w, https:\/\/agora.xtec.cat\/ins-esc-danielmangrane\/wp-content\/uploads\/usu362\/2019\/10\/Erasmus-768x187.png 768w, https:\/\/agora.xtec.cat\/ins-esc-danielmangrane\/wp-content\/uploads\/usu362\/2019\/10\/Erasmus-1024x249.png 1024w, https:\/\/agora.xtec.cat\/ins-esc-danielmangrane\/wp-content\/uploads\/usu362\/2019\/10\/Erasmus.png 1659w\" sizes=\"auto, (max-width: 300px) 100vw, 300px\" \/><\/a><\/p>\n","protected":false},"excerpt":{"rendered":"<p>El proyecto \u201cLook alive! For our world\u201d est\u00e1 cofinanciado por el programa Erasmus+ de la Uni\u00f3n Europea. El contenido de este comunicado es responsabilidad exclusiva del Institut Escola Daniel Mangran\u00e9 y ni la Comisi\u00f3n Europea, ni el Servicio Espa\u00f1ol para la Internacionalizaci\u00f3n de la Educaci\u00f3n&hellip;  <a href=\"https:\/\/agora.xtec.cat\/ins-esc-danielmangrane\/linstitut\/erasmus\/\" title=\"Read Erasmus+\">Llegeix m\u00e9s\u00bb<\/a><\/p>\n","protected":false},"author":1,"featured_media":0,"parent":19,"menu_order":20,"comment_status":"closed","ping_status":"closed","template":"page-templates\/side-menu.php","meta":{"_bbp_topic_count":0,"_bbp_reply_count":0,"_bbp_total_topic_count":0,"_bbp_total_reply_count":0,"_bbp_voice_count":0,"_bbp_anonymous_reply_count":0,"_bbp_topic_count_hidden":0,"_bbp_reply_count_hidden":0,"_bbp_forum_subforum_count":0,"footnotes":""},"class_list":["post-3574","page","type-page","status-publish","hentry"],"post_mailing_queue_ids":[],"_links":{"self":[{"href":"https:\/\/agora.xtec.cat\/ins-esc-danielmangrane\/wp-json\/wp\/v2\/pages\/3574","targetHints":{"allow":["GET"]}}],"collection":[{"href":"https:\/\/agora.xtec.cat\/ins-esc-danielmangrane\/wp-json\/wp\/v2\/pages"}],"about":[{"href":"https:\/\/agora.xtec.cat\/ins-esc-danielmangrane\/wp-json\/wp\/v2\/types\/page"}],"author":[{"embeddable":true,"href":"https:\/\/agora.xtec.cat\/ins-esc-danielmangrane\/wp-json\/wp\/v2\/users\/1"}],"replies":[{"embeddable":true,"href":"https:\/\/agora.xtec.cat\/ins-esc-danielmangrane\/wp-json\/wp\/v2\/comments?post=3574"}],"version-history":[{"count":3,"href":"https:\/\/agora.xtec.cat\/ins-esc-danielmangrane\/wp-json\/wp\/v2\/pages\/3574\/revisions"}],"predecessor-version":[{"id":3580,"href":"https:\/\/agora.xtec.cat\/ins-esc-danielmangrane\/wp-json\/wp\/v2\/pages\/3574\/revisions\/3580"}],"up":[{"embeddable":true,"href":"https:\/\/agora.xtec.cat\/ins-esc-danielmangrane\/wp-json\/wp\/v2\/pages\/19"}],"wp:attachment":[{"href":"https:\/\/agora.xtec.cat\/ins-esc-danielmangrane\/wp-json\/wp\/v2\/media?parent=3574"}],"curies":[{"name":"wp","href":"https:\/\/api.w.org\/{rel}","templated":true}]}}