{"id":195,"date":"2014-09-22T10:39:39","date_gmt":"2014-09-22T10:39:39","guid":{"rendered":"http:\/\/agora.xtec.cat\/ins-esc-danielmangrane\/?page_id=195"},"modified":"2025-07-17T12:27:06","modified_gmt":"2025-07-17T10:27:06","slug":"estudis","status":"publish","type":"page","link":"https:\/\/agora.xtec.cat\/ins-esc-danielmangrane\/estudis\/","title":{"rendered":"Estudis"},"content":{"rendered":"<p>L\u2019Institut Escola Daniel Mangran\u00e9 \u00e9s un centre que ofereix una escolaritzaci\u00f3 continuada de 3 a 16 anys, amb les etapes d\u2019educaci\u00f3 infantil, prim\u00e0ria i secund\u00e0ria obligat\u00f2ria (ESO) en un mateix projecte pedag\u00f2gic.<\/p>\n<p>El centre va ser creat el curs 1981-82 i es va transformar en Institut Escola el curs 2011-12, iniciant aix\u00ed la implantaci\u00f3 de l\u2019ESO i assolint la l\u00ednia completa el curs 2014-15.<\/p>\n<p>Som un centre que aposta per una continu\u00eftat pedag\u00f2gica i curricular entre etapes, amb una mirada inclusiva, competencial i comunit\u00e0ria, que afavoreix l\u2019acompanyament personalitzat de l\u2019alumnat al llarg de tota la seva escolaritzaci\u00f3 obligat\u00f2ria.<\/p>\n","protected":false},"excerpt":{"rendered":"<p>L\u2019Institut Escola Daniel Mangran\u00e9 \u00e9s un centre que ofereix una escolaritzaci\u00f3 continuada de 3 a 16 anys, amb les etapes d\u2019educaci\u00f3 infantil, prim\u00e0ria i secund\u00e0ria obligat\u00f2ria (ESO) en un mateix projecte pedag\u00f2gic.<br \/>\nEl centre va ser creat el curs 1981-82 i es va transformar en Institut&hellip;  <a href=\"https:\/\/agora.xtec.cat\/ins-esc-danielmangrane\/estudis\/\" title=\"Read Estudis\">Llegeix m\u00e9s\u00bb<\/a><\/p>\n","protected":false},"author":1,"featured_media":0,"parent":0,"menu_order":0,"comment_status":"closed","ping_status":"closed","template":"","meta":{"_bbp_topic_count":0,"_bbp_reply_count":0,"_bbp_total_topic_count":0,"_bbp_total_reply_count":0,"_bbp_voice_count":0,"_bbp_anonymous_reply_count":0,"_bbp_topic_count_hidden":0,"_bbp_reply_count_hidden":0,"_bbp_forum_subforum_count":0,"footnotes":""},"class_list":["post-195","page","type-page","status-publish","hentry"],"post_mailing_queue_ids":[],"_links":{"self":[{"href":"https:\/\/agora.xtec.cat\/ins-esc-danielmangrane\/wp-json\/wp\/v2\/pages\/195","targetHints":{"allow":["GET"]}}],"collection":[{"href":"https:\/\/agora.xtec.cat\/ins-esc-danielmangrane\/wp-json\/wp\/v2\/pages"}],"about":[{"href":"https:\/\/agora.xtec.cat\/ins-esc-danielmangrane\/wp-json\/wp\/v2\/types\/page"}],"author":[{"embeddable":true,"href":"https:\/\/agora.xtec.cat\/ins-esc-danielmangrane\/wp-json\/wp\/v2\/users\/1"}],"replies":[{"embeddable":true,"href":"https:\/\/agora.xtec.cat\/ins-esc-danielmangrane\/wp-json\/wp\/v2\/comments?post=195"}],"version-history":[{"count":5,"href":"https:\/\/agora.xtec.cat\/ins-esc-danielmangrane\/wp-json\/wp\/v2\/pages\/195\/revisions"}],"predecessor-version":[{"id":8707,"href":"https:\/\/agora.xtec.cat\/ins-esc-danielmangrane\/wp-json\/wp\/v2\/pages\/195\/revisions\/8707"}],"wp:attachment":[{"href":"https:\/\/agora.xtec.cat\/ins-esc-danielmangrane\/wp-json\/wp\/v2\/media?parent=195"}],"curies":[{"name":"wp","href":"https:\/\/api.w.org\/{rel}","templated":true}]}}