{"id":8141,"date":"2021-06-30T09:48:39","date_gmt":"2021-06-30T07:48:39","guid":{"rendered":"https:\/\/agora.xtec.cat\/insjoanfuster\/?page_id=8141"},"modified":"2026-01-19T19:39:56","modified_gmt":"2026-01-19T18:39:56","slug":"activitats-estiu","status":"publish","type":"page","link":"https:\/\/agora.xtec.cat\/ins-dolors-aleu-barcelona\/estudis\/activitats-estiu\/","title":{"rendered":"Feines en per\u00edode de vacances"},"content":{"rendered":"<p>Aqu\u00ed hi trobareu les tasques que el\u00a0professorat\u00a0us recomana\u00a0durant el per\u00edode de vacances. Recordeu que s\u00f3n activitats molt aconsellables, especialment per millorar i\/o recuperar alguna mat\u00e8ria.<\/p>\n<table style=\"height: 965px; width: 76.4745%;\">\n<tbody>\n<tr style=\"height: 33px;\">\n<td style=\"width: 28.2172%; height: 33px;\"><strong>\u00a0<\/strong><\/td>\n<td style=\"text-align: center; height: 33px; width: 177.69%;\" colspan=\"6\"><strong>Nivell educatiu del curs 2025-2026<\/strong><strong><br \/>\n<\/strong><strong><br \/>\n<\/strong><\/td>\n<\/tr>\n<tr style=\"height: 33px;\">\n<td style=\"width: 28.2172%; height: 33px;\"><strong>Assignatura<\/strong><\/td>\n<td style=\"width: 16.4117%; height: 33px; text-align: center;\"><strong>6\u00e8 de prim\u00e0ria<\/strong><\/td>\n<td style=\"width: 7.4324%; height: 33px; text-align: center;\"><strong>1r d&#8217;ESO<\/strong><\/td>\n<td style=\"width: 9.9128%; height: 33px; text-align: center;\"><strong>2n d&#8217;ESO<\/strong><\/td>\n<td style=\"width: 7.55375%; height: 33px; text-align: center;\"><strong>3r d&#8217;ESO<\/strong><\/td>\n<td style=\"width: 10.1117%; height: 33px; text-align: center;\"><strong>4t d&#8217;ESO<\/strong><\/td>\n<td style=\"width: 126.268%; text-align: center; height: 33px;\"><strong>1r de batxillerat<\/strong><\/td>\n<\/tr>\n<tr style=\"height: 33px;\">\n<td style=\"width: 28.2172%; height: 33px;\">Catal\u00e0 (lectures)<\/td>\n<td style=\"text-align: center; width: 16.4117%; height: 33px;\"><a href=\"https:\/\/agora.xtec.cat\/ins-dolors-aleu-barcelona\/wp-content\/uploads\/usu1296\/2025\/06\/Lectura-destiu-catala-6e-primaria.pdf\">Lectures i fitxa<\/a><\/td>\n<td style=\"height: 33px; text-align: center; width: 35.0106%;\" colspan=\"4\"><a href=\"https:\/\/agora.xtec.cat\/ins-dolors-aleu-barcelona\/wp-content\/uploads\/usu1296\/2022\/06\/Activitats-Estiu-ESO-2022.pdf\">Lectures i fitxa<\/a><\/td>\n<td style=\"text-align: center; width: 126.268%; height: 33px;\"><\/td>\n<\/tr>\n<tr style=\"height: 97px;\">\n<td style=\"width: 28.2172%; height: 97px;\">Catal\u00e0<\/td>\n<td style=\"width: 16.4117%; height: 97px;\">\n<p style=\"text-align: center;\"><a href=\"https:\/\/agora.xtec.cat\/ins-dolors-aleu-barcelona\/wp-content\/uploads\/usu1296\/2025\/06\/LLengua-catalana-i-literatura-BASIC-6e-Treball-estiu.pdf\">Dossier b\u00e0sic<\/a><\/p>\n<p style=\"text-align: center;\"><a href=\"https:\/\/agora.xtec.cat\/ins-dolors-aleu-barcelona\/wp-content\/uploads\/usu1296\/2025\/06\/LLengua-catalana-i-literatura-AVANCAT-6e-Treball-estiu.pdf\">Dossier avan\u00e7at<\/a><\/p>\n<\/td>\n<td style=\"text-align: center; width: 7.4324%; height: 97px;\"><a href=\"https:\/\/agora.xtec.cat\/ins-dolors-aleu-barcelona\/wp-content\/uploads\/usu1296\/2025\/06\/ACTIVITATS-ESTIU-CATALA-1r-ESO-curs-24-25-1.pdf\">Dossier<\/a><\/td>\n<td style=\"text-align: center; width: 9.9128%; height: 97px;\"><a href=\"https:\/\/agora.xtec.cat\/ins-dolors-aleu-barcelona\/wp-content\/uploads\/usu1296\/2025\/06\/ACTIVITATS-ESTIU-CATALA-2n-ESO-curs-24-25.pdf\">Dossier<\/a><\/td>\n<td style=\"text-align: center; width: 7.55375%; height: 97px;\"><a href=\"https:\/\/agora.xtec.cat\/ins-dolors-aleu-barcelona\/wp-content\/uploads\/usu1296\/2025\/06\/ACTIVITATS-ESTIU-CATALA-3r-ESO-curs-24-25.pdf\">Dossier<\/a><\/td>\n<td style=\"text-align: center; width: 10.1117%; height: 97px;\">&#8211;<\/td>\n<td style=\"text-align: center; width: 126.268%; height: 97px;\"><\/td>\n<\/tr>\n<tr style=\"height: 33px;\">\n<td style=\"width: 28.2172%; height: 33px;\">Catal\u00e0 (Aula d&#8217;Acollida)<\/td>\n<td style=\"width: 16.4117%; text-align: center; height: 33px;\">&#8211;<\/td>\n<td style=\"text-align: center; height: 33px; width: 35.0106%;\" colspan=\"4\"><a href=\"https:\/\/agora.xtec.cat\/ins-dolors-aleu-barcelona\/wp-content\/uploads\/usu1296\/2022\/06\/Dossier-estiu-AA.pdf\">Dossier<\/a> &#8211; <a href=\"https:\/\/agora.xtec.cat\/ins-dolors-aleu-barcelona\/wp-content\/uploads\/usu1296\/2025\/06\/PROPOSTES-DE-FEINA.-AULA-DACOLLIDA.pdf\">Recursos addicionals<\/a><\/td>\n<td style=\"text-align: center; width: 126.268%; height: 33px;\"><\/td>\n<\/tr>\n<tr style=\"height: 73px;\">\n<td style=\"width: 28.2172%; height: 73px;\">Castell\u00e0 (lectures)<\/td>\n<td style=\"width: 51.4224%; text-align: center; height: 73px;\" colspan=\"5\">&nbsp;<\/p>\n<p><a href=\"https:\/\/agora.xtec.cat\/ins-dolors-aleu-barcelona\/wp-content\/uploads\/usu1296\/2025\/06\/LECTURAS-DE-VERANO-ESO-JUNIO-.-doc.pdf\">Lectures<\/a> i <a href=\"https:\/\/agora.xtec.cat\/ins-dolors-aleu-barcelona\/wp-content\/uploads\/usu1296\/2025\/06\/FICHA-DE-LECTURA.pdf\">fitxa<\/a><\/td>\n<td style=\"text-align: center; width: 126.268%; height: 73px;\"><\/td>\n<\/tr>\n<tr style=\"height: 127px;\">\n<td style=\"width: 28.2172%; height: 127px;\">Castell\u00e0<\/td>\n<td style=\"width: 16.4117%; text-align: center; height: 127px;\">&#8211;<\/td>\n<td style=\"text-align: center; width: 7.4324%; height: 127px;\"><a href=\"https:\/\/agora.xtec.cat\/ins-dolors-aleu-barcelona\/wp-content\/uploads\/usu1296\/2025\/06\/1r-dESO-dossier-Cast-vacances-25.pdf\">Dossier<\/a><\/td>\n<td style=\"text-align: center; width: 9.9128%; height: 127px;\"><a href=\"https:\/\/agora.xtec.cat\/ins-dolors-aleu-barcelona\/wp-content\/uploads\/usu1296\/2025\/06\/2n-dESO-dossier-Cast-vacances-25.pdf\">Dossier<\/a><\/td>\n<td style=\"text-align: center; width: 7.55375%; height: 127px;\"><a href=\"https:\/\/agora.xtec.cat\/ins-dolors-aleu-barcelona\/wp-content\/uploads\/usu1296\/2025\/06\/REPASO-SINTAXIS-ORACION-SIMPLE_24_25.pdf\">Rep\u00e0s<\/a><\/p>\n<p><a href=\"https:\/\/agora.xtec.cat\/ins-dolors-aleu-barcelona\/wp-content\/uploads\/usu1296\/2025\/06\/Dosier-de-recuperacion-3.o-de-ESO_LIT.pdf\">Recuperaci\u00f3<\/a><\/td>\n<td style=\"text-align: center; width: 10.1117%; height: 127px;\"><a href=\"https:\/\/agora.xtec.cat\/ins-dolors-aleu-barcelona\/wp-content\/uploads\/usu1296\/2025\/06\/REPASO-SINTAXIS-ORACION-SIMPLE_4o-ESO24_25.pdf\">Rep\u00e0s<\/a><\/p>\n<p><a href=\"https:\/\/agora.xtec.cat\/ins-dolors-aleu-barcelona\/wp-content\/uploads\/usu1296\/2025\/06\/Dosier-de-recuperacion-de-4o-de-ESO.pdf\">Recuperaci\u00f3<\/a><\/td>\n<td style=\"text-align: center; width: 126.268%; height: 127px;\"><a href=\"https:\/\/agora.xtec.cat\/ins-dolors-aleu-barcelona\/wp-content\/uploads\/usu1296\/2025\/06\/Deures-Batxillerat-bibliografia.pdf\">Dossier<\/a><\/td>\n<\/tr>\n<tr style=\"height: 33px;\">\n<td style=\"width: 28.2172%; height: 33px;\">Angl\u00e8s<\/td>\n<td style=\"width: 16.4117%; text-align: center; height: 33px;\">&#8211;<\/td>\n<td style=\"text-align: center; height: 33px; width: 7.4324%;\"><a href=\"https:\/\/agora.xtec.cat\/ins-dolors-aleu-barcelona\/wp-content\/uploads\/usu1296\/2025\/06\/Summer_Tasks_English_1st_ESO_Extended.pdf\">Homework<\/a><\/td>\n<td style=\"text-align: center; width: 9.9128%; height: 33px;\"><a href=\"https:\/\/agora.xtec.cat\/ins-dolors-aleu-barcelona\/wp-content\/uploads\/usu1296\/2025\/06\/2n-ESO-SUMMER-HOMEWORK.pdf\">Homework<\/a><\/td>\n<td style=\"text-align: center; width: 7.55375%; height: 33px;\"><a href=\"https:\/\/agora.xtec.cat\/ins-dolors-aleu-barcelona\/wp-content\/uploads\/usu1296\/2025\/06\/3rd-ESO-Homework-2025-26.pdf\">Homework<\/a><\/td>\n<td style=\"text-align: center; width: 10.1117%; height: 33px;\"><a href=\"https:\/\/agora.xtec.cat\/ins-dolors-aleu-barcelona\/wp-content\/uploads\/usu1296\/2025\/06\/SUMMER-HOMEWORK-4-ESO-EXTENSION.pdf\">Homework<\/a><\/td>\n<td style=\"text-align: center; width: 126.268%; height: 33px;\"><a href=\"https:\/\/agora.xtec.cat\/ins-dolors-aleu-barcelona\/wp-content\/uploads\/usu1296\/2025\/06\/1r-BATXILLERAT-SUMMER-HOMEWORK.pdf\">Homework<\/a><\/td>\n<\/tr>\n<tr style=\"height: 33px;\">\n<td style=\"width: 28.2172%; height: 33px;\">Franc\u00e8s<\/td>\n<td style=\"width: 16.4117%; text-align: center; height: 33px;\">&#8211;<\/td>\n<td style=\"width: 7.4324%; text-align: center; height: 33px;\"><a href=\"https:\/\/fr.duolingo.com\/\">Duolingo<\/a><\/td>\n<td style=\"text-align: center; height: 33px; width: 27.5783%;\" colspan=\"3\">Pel\u00b7l\u00edcules i s\u00e8ries en franc\u00e8s<\/td>\n<td style=\"width: 126.268%; text-align: center; height: 33px;\"><\/td>\n<\/tr>\n<tr style=\"height: 33px;\">\n<td style=\"width: 28.2172%; height: 33px;\">Matem\u00e0tiques<\/td>\n<td style=\"width: 16.4117%; text-align: center; height: 33px;\">&#8211;<\/td>\n<td style=\"width: 7.4324%; text-align: center; height: 33px;\"><a href=\"https:\/\/agora.xtec.cat\/ins-dolors-aleu-barcelona\/wp-content\/uploads\/usu1296\/2025\/06\/Dossier-Estiu.1ESO.24-25.pdf\">Dossier<\/a><\/td>\n<td style=\"width: 9.9128%; height: 33px; text-align: center;\"><a href=\"https:\/\/agora.xtec.cat\/ins-dolors-aleu-barcelona\/wp-content\/uploads\/usu1296\/2025\/06\/Dossier-Estiu.2ESO.24-25.pdf\">Dossier<\/a><\/td>\n<td style=\"width: 7.55375%; height: 33px; text-align: center;\"><a href=\"https:\/\/agora.xtec.cat\/ins-dolors-aleu-barcelona\/wp-content\/uploads\/usu1296\/2025\/06\/Dossier-Estiu.3ESO.24-25.pdf\">Dossier<\/a><\/td>\n<td style=\"width: 10.1117%; text-align: center; height: 33px;\"><a href=\"https:\/\/agora.xtec.cat\/ins-dolors-aleu-barcelona\/wp-content\/uploads\/usu1296\/2023\/06\/Activitats-Repas-4t-ESO.pdf\">Dossier<\/a><\/td>\n<td style=\"width: 126.268%; text-align: center; height: 33px;\"><\/td>\n<\/tr>\n<tr style=\"height: 33px;\">\n<td style=\"width: 28.2172%; height: 33px;\">Ci\u00e8ncies Socials<\/td>\n<td style=\"width: 16.4117%; text-align: center; height: 33px;\">&#8211;<\/td>\n<td style=\"text-align: center; height: 33px; width: 7.4324%;\"><a href=\"https:\/\/agora.xtec.cat\/ins-dolors-aleu-barcelona\/wp-content\/uploads\/usu1296\/2025\/06\/Ciencies-Socials-1r-ESO.pdf\">Dossier<\/a><\/p>\n<p><a href=\"https:\/\/agora.xtec.cat\/ins-dolors-aleu-barcelona\/wp-content\/uploads\/usu1296\/2023\/06\/LECTURES-HISTORIQUES-RECOMANADES-1r-CICLE.pdf\">Lectures<\/a><\/td>\n<td style=\"text-align: center; width: 9.9128%; height: 33px;\"><a href=\"https:\/\/agora.xtec.cat\/ins-dolors-aleu-barcelona\/wp-content\/uploads\/usu1296\/2025\/06\/Deures-destiu-ESO2.pdf\">Dossier<\/a><\/td>\n<td style=\"width: 7.55375%; text-align: center; height: 33px;\"><a href=\"https:\/\/agora.xtec.cat\/ins-dolors-aleu-barcelona\/wp-content\/uploads\/usu1296\/2025\/06\/DOSSIER-ESTIU-3ESO.pdf\">Dossier<\/a><\/p>\n<p><a href=\"https:\/\/agora.xtec.cat\/ins-dolors-aleu-barcelona\/wp-content\/uploads\/usu1296\/2025\/06\/RECUPERACIO-3ESO-1.pdf\">Recuperaci\u00f3<\/a><\/td>\n<td style=\"width: 10.1117%; text-align: center; height: 33px;\"><a href=\"https:\/\/agora.xtec.cat\/ins-dolors-aleu-barcelona\/wp-content\/uploads\/usu1296\/2025\/06\/DOSSIER-ESTIU-4ESO.pdf\">Dossier<\/a><\/td>\n<td style=\"width: 126.268%; text-align: center; height: 33px;\"><a href=\"https:\/\/agora.xtec.cat\/ins-dolors-aleu-barcelona\/wp-content\/uploads\/usu1296\/2025\/06\/Activitats-destiu-HMC.pdf\">Dossier<\/a><\/td>\n<\/tr>\n<tr style=\"height: 33px;\">\n<td style=\"width: 28.2172%; height: 33px;\">Ci\u00e8ncies Socials<\/td>\n<td style=\"width: 16.4117%; text-align: center; height: 33px;\">&#8211;<\/td>\n<td style=\"width: 7.4324%; text-align: center; height: 33px;\"><a href=\"https:\/\/agora.xtec.cat\/ins-dolors-aleu-barcelona\/wp-content\/uploads\/usu1296\/2023\/06\/FEINES-DESTIU_1r.pdf\">Dossier<\/a><\/td>\n<td style=\"width: 9.9128%; height: 33px; text-align: center;\"><a href=\"https:\/\/agora.xtec.cat\/ins-dolors-aleu-barcelona\/wp-content\/uploads\/usu1296\/2022\/06\/Activitats-Estiu_CS-ESO2_El-llibre-dels-Jocs-de-lEdat-Mitjana.pdf\">Dossier<\/a><\/td>\n<td style=\"width: 7.55375%; height: 33px; text-align: center;\">&#8211;<\/td>\n<td style=\"width: 10.1117%; text-align: center; height: 33px;\"><a href=\"https:\/\/agora.xtec.cat\/ins-dolors-aleu-barcelona\/wp-content\/uploads\/usu1296\/2023\/06\/TASQUES-ESTIU-4ESO.pdf\">Dossier<\/a><\/td>\n<td style=\"width: 126.268%; text-align: center; height: 33px;\"><\/td>\n<\/tr>\n<tr style=\"height: 31px;\">\n<td style=\"width: 28.2172%; height: 31px;\">F\u00edsica i Qu\u00edmica<\/td>\n<td style=\"width: 16.4117%; text-align: center; height: 31px;\">&#8211;<\/td>\n<td style=\"width: 7.4324%; text-align: center; height: 31px;\">&#8211;<\/td>\n<td style=\"width: 9.9128%; height: 31px; text-align: center;\"><a href=\"https:\/\/agora.xtec.cat\/ins-dolors-aleu-barcelona\/wp-content\/uploads\/usu1296\/2025\/06\/Treball-recup-estiu-FQ-2n-ESO.pdf\">Dossier<\/a><\/td>\n<td style=\"width: 7.55375%; height: 31px; text-align: center;\"><a href=\"https:\/\/agora.xtec.cat\/ins-dolors-aleu-barcelona\/wp-content\/uploads\/usu1296\/2025\/06\/Treball-recup-estiu-FQ-3r-ESO-2024_25-NOU.pdf\">Dossier<\/a><\/td>\n<td style=\"width: 10.1117%; text-align: center; height: 31px;\">&#8211;<\/td>\n<td style=\"width: 126.268%; text-align: center; height: 31px;\"><\/td>\n<\/tr>\n<tr style=\"height: 33px;\">\n<td style=\"width: 28.2172%; height: 33px;\">Biologia i Geologia<\/td>\n<td style=\"width: 16.4117%; text-align: center; height: 33px;\">&#8211;<\/td>\n<td style=\"width: 7.4324%; text-align: center; height: 33px;\"><a href=\"https:\/\/agora.xtec.cat\/ins-dolors-aleu-barcelona\/wp-content\/uploads\/usu1296\/2025\/06\/1r-ESO-BG.pdf\">Dossier<\/a><\/td>\n<td style=\"width: 9.9128%; text-align: center; height: 33px;\">&#8211;<\/td>\n<td style=\"width: 7.55375%; text-align: center; height: 33px;\"><a href=\"https:\/\/agora.xtec.cat\/ins-dolors-aleu-barcelona\/wp-content\/uploads\/usu1296\/2025\/06\/3r-ESO-BG.pdf\">Dossier<\/a><\/td>\n<td style=\"width: 10.1117%; text-align: center; height: 33px;\">&#8211;<\/td>\n<td style=\"width: 126.268%; text-align: center; height: 33px;\"><\/td>\n<\/tr>\n<tr style=\"height: 49px;\">\n<td style=\"width: 28.2172%; height: 49px;\">Tecnologia<\/td>\n<td style=\"width: 16.4117%; text-align: center; height: 49px;\">&#8211;<\/td>\n<td style=\"width: 7.4324%; text-align: center; height: 49px;\"><a href=\"https:\/\/agora.xtec.cat\/ins-dolors-aleu-barcelona\/wp-content\/uploads\/usu1296\/2025\/06\/Quadern-de-Tecnologia-1r-dESO.pdf\">Dossier<\/a><\/td>\n<td style=\"width: 9.9128%; height: 49px; text-align: center;\"><a href=\"https:\/\/agora.xtec.cat\/ins-dolors-aleu-barcelona\/wp-content\/uploads\/usu1296\/2025\/06\/Quadern-de-Tecnologia-2n-dESO.pdf\">Dossier<\/a><\/td>\n<td style=\"width: 7.55375%; height: 49px; text-align: center;\"><a href=\"https:\/\/agora.xtec.cat\/ins-dolors-aleu-barcelona\/wp-content\/uploads\/usu1296\/2025\/06\/Quadern-de-Tecnologia-3r-dESO.pdf\">Dossier<\/a><\/td>\n<td style=\"width: 10.1117%; text-align: center; height: 49px;\">&#8211;<\/td>\n<td style=\"width: 126.268%; text-align: center; height: 49px;\"><\/td>\n<\/tr>\n<tr style=\"height: 48px;\">\n<td style=\"width: 28.2172%; height: 48px;\">Educaci\u00f3 Visual i Pl\u00e0stica<\/td>\n<td style=\"width: 16.4117%; text-align: center; height: 48px;\">&#8211;<\/td>\n<td style=\"width: 7.4324%; text-align: center; height: 48px;\"><a href=\"https:\/\/agora.xtec.cat\/ins-dolors-aleu-barcelona\/wp-content\/uploads\/usu1296\/2022\/06\/Quadern-destiu-1-VP.pdf\">Dossier<\/a><\/td>\n<td style=\"width: 9.9128%; height: 48px; text-align: center;\"><a href=\"https:\/\/agora.xtec.cat\/ins-dolors-aleu-barcelona\/wp-content\/uploads\/usu1296\/2022\/06\/Quadern-destiu-2-VP_compressed.pdf\">Dossier<\/a><\/td>\n<td style=\"width: 7.55375%; height: 48px; text-align: center;\">&#8211;<\/td>\n<td style=\"width: 10.1117%; text-align: center; height: 48px;\">&#8211;<\/td>\n<td style=\"width: 126.268%; text-align: center; height: 48px;\"><\/td>\n<\/tr>\n<tr style=\"height: 33px;\">\n<td style=\"width: 28.2172%; height: 33px;\">M\u00fasica<\/td>\n<td style=\"width: 16.4117%; text-align: center; height: 33px;\">&#8211;<\/td>\n<td style=\"width: 7.4324%; text-align: center; height: 33px;\"><a href=\"https:\/\/agora.xtec.cat\/ins-dolors-aleu-barcelona\/wp-content\/uploads\/usu1296\/2025\/06\/Activitats-destiu-musica-2025.pdf\">Dossier<\/a><\/td>\n<td style=\"width: 9.9128%; text-align: center; height: 33px;\">&#8211;<\/td>\n<td style=\"width: 7.55375%; text-align: center; height: 33px;\"><a href=\"https:\/\/agora.xtec.cat\/ins-dolors-aleu-barcelona\/wp-content\/uploads\/usu1296\/2025\/06\/Activitats-destiu-musica-2025.pdf\">Dossier<\/a><\/td>\n<td style=\"width: 10.1117%; text-align: center; height: 33px;\"><a href=\"https:\/\/agora.xtec.cat\/ins-dolors-aleu-barcelona\/wp-content\/uploads\/usu1296\/2025\/06\/Activitats-destiu-musica-2025.pdf\">Dossier<\/a><\/td>\n<td style=\"width: 126.268%; text-align: center; height: 33px;\"><\/td>\n<\/tr>\n<tr style=\"height: 33px;\">\n<td style=\"width: 28.2172%; height: 33px;\">Economia<\/td>\n<td style=\"width: 16.4117%; text-align: center; height: 33px;\">&#8211;<\/td>\n<td style=\"width: 7.4324%; text-align: center; height: 33px;\">&#8211;<\/td>\n<td style=\"width: 9.9128%; text-align: center; height: 33px;\">&#8211;<\/td>\n<td style=\"width: 7.55375%; text-align: center; height: 33px;\">&#8211;<\/td>\n<td style=\"width: 10.1117%; text-align: center; height: 33px;\">&#8211;<\/td>\n<td style=\"width: 126.268%; text-align: center; height: 33px;\"><a href=\"https:\/\/agora.xtec.cat\/ins-dolors-aleu-barcelona\/wp-content\/uploads\/usu1296\/2025\/06\/Tasques_Estiu_Economia_1r_Batxillerat.pdf\">Dossier<\/a><\/td>\n<\/tr>\n<tr style=\"height: 33px;\">\n<td style=\"width: 28.2172%; height: 33px;\">Funcionament de l&#8217;empresa<\/td>\n<td style=\"width: 16.4117%; text-align: center; height: 33px;\">&#8211;<\/td>\n<td style=\"width: 7.4324%; text-align: center; height: 33px;\">&#8211;<\/td>\n<td style=\"width: 9.9128%; text-align: center; height: 33px;\">&#8211;<\/td>\n<td style=\"width: 7.55375%; text-align: center; height: 33px;\">&#8211;<\/td>\n<td style=\"width: 10.1117%; text-align: center; height: 33px;\">&#8211;<\/td>\n<td style=\"width: 126.268%; text-align: center; height: 33px;\"><a href=\"https:\/\/agora.xtec.cat\/ins-dolors-aleu-barcelona\/wp-content\/uploads\/usu1296\/2025\/06\/Tasques_Estiu_Funcionament_Empresa_1r_Batxillerat.pdf\">Dossier<\/a><\/td>\n<\/tr>\n<\/tbody>\n<\/table>\n<p>&nbsp;<\/p>\n","protected":false},"excerpt":{"rendered":"<p>Aqu\u00ed hi trobareu les tasques que el\u00a0professorat\u00a0us recomana\u00a0durant el per\u00edode de vacances. Recordeu que s\u00f3n activitats molt aconsellables, especialment per millorar i\/o recuperar alguna mat\u00e8ria.<\/p>\n<p>\u00a0<br \/>\nNivell educatiu del curs 2025-2026<\/p>\n<p>Assignatura<br \/>\n6\u00e8 de prim\u00e0ria<br \/>\n1r d&#8217;ESO<br \/>\n2n d&#8217;ESO<br \/>\n3r d&#8217;ESO<br \/>\n4t d&#8217;ESO<br \/>\n1r de batxillerat<\/p>\n<p>Catal\u00e0 (lectures)<br \/>\n<a href=\"https:\/\/agora.xtec.cat\/ins-dolors-aleu-barcelona\/wp-content\/uploads\/usu1296\/2025\/06\/Lectura-destiu-catala-6e-primaria.pdf\">Lectures i fitxa<\/a><br \/>\n<a href=\"https:\/\/agora.xtec.cat\/ins-dolors-aleu-barcelona\/wp-content\/uploads\/usu1296\/2022\/06\/Activitats-Estiu-ESO-2022.pdf\">Lectures i fitxa<\/a><\/p>\n<p>Catal\u00e0<\/p>\n<p><a href=\"https:\/\/agora.xtec.cat\/ins-dolors-aleu-barcelona\/wp-content\/uploads\/usu1296\/2025\/06\/LLengua-catalana-i-literatura-BASIC-6e-Treball-estiu.pdf\">Dossier&hellip;  <a href=\"https:\/\/agora.xtec.cat\/ins-dolors-aleu-barcelona\/estudis\/activitats-estiu\/\" title=\"Read Feines en per\u00edode de vacances\">Llegeix m\u00e9s\u00bb<\/a><\/p>\n","protected":false},"author":1,"featured_media":0,"parent":195,"menu_order":0,"comment_status":"closed","ping_status":"closed","template":"","meta":{"_bbp_topic_count":0,"_bbp_reply_count":0,"_bbp_total_topic_count":0,"_bbp_total_reply_count":0,"_bbp_voice_count":0,"_bbp_anonymous_reply_count":0,"_bbp_topic_count_hidden":0,"_bbp_reply_count_hidden":0,"_bbp_forum_subforum_count":0,"footnotes":""},"class_list":["post-8141","page","type-page","status-publish","hentry"],"post_mailing_queue_ids":[],"_links":{"self":[{"href":"https:\/\/agora.xtec.cat\/ins-dolors-aleu-barcelona\/wp-json\/wp\/v2\/pages\/8141","targetHints":{"allow":["GET"]}}],"collection":[{"href":"https:\/\/agora.xtec.cat\/ins-dolors-aleu-barcelona\/wp-json\/wp\/v2\/pages"}],"about":[{"href":"https:\/\/agora.xtec.cat\/ins-dolors-aleu-barcelona\/wp-json\/wp\/v2\/types\/page"}],"author":[{"embeddable":true,"href":"https:\/\/agora.xtec.cat\/ins-dolors-aleu-barcelona\/wp-json\/wp\/v2\/users\/1"}],"replies":[{"embeddable":true,"href":"https:\/\/agora.xtec.cat\/ins-dolors-aleu-barcelona\/wp-json\/wp\/v2\/comments?post=8141"}],"version-history":[{"count":6,"href":"https:\/\/agora.xtec.cat\/ins-dolors-aleu-barcelona\/wp-json\/wp\/v2\/pages\/8141\/revisions"}],"predecessor-version":[{"id":15203,"href":"https:\/\/agora.xtec.cat\/ins-dolors-aleu-barcelona\/wp-json\/wp\/v2\/pages\/8141\/revisions\/15203"}],"up":[{"embeddable":true,"href":"https:\/\/agora.xtec.cat\/ins-dolors-aleu-barcelona\/wp-json\/wp\/v2\/pages\/195"}],"wp:attachment":[{"href":"https:\/\/agora.xtec.cat\/ins-dolors-aleu-barcelona\/wp-json\/wp\/v2\/media?parent=8141"}],"curies":[{"name":"wp","href":"https:\/\/api.w.org\/{rel}","templated":true}]}}