{"id":8072,"date":"2021-06-21T17:59:39","date_gmt":"2021-06-21T15:59:39","guid":{"rendered":"https:\/\/agora.xtec.cat\/insjoanfuster\/?page_id=8072"},"modified":"2026-02-04T19:16:52","modified_gmt":"2026-02-04T18:16:52","slug":"ecobooks-iddink","status":"publish","type":"page","link":"https:\/\/agora.xtec.cat\/ins-dolors-aleu-barcelona\/ecobooks-iddink\/","title":{"rendered":"EcoBooks amb Iddink"},"content":{"rendered":"<p>Aquest curs continuem oferint el Projecte de Reutilitzaci\u00f3 de llibres amb IDDINK i el seu sistema d&#8217;EcoBooks. Els avantatges d&#8217;aquest sistema s\u00f3n:<\/p>\n<p>\u2022 Estalvi del <strong>55%<\/strong> respecte al PVP en l&#8217;adquisici\u00f3 dels llibres reutilitzables (EcoBooks).<br \/>\n\u2022 Comanda unificada amb sistema flexible. Podeu triar qu\u00e8 compreu: llibres nous, reutilitzables, de lectura, quotes, dossiers, material de papereria, etc.<br \/>\n\u2022 Les comandes es lliuraran a domicili a partir de la tercera setmana de juliol.<\/p>\n<p>Tingueu en compte que les comandes abans del 21 de juliol s&#8217;estalviaran 3\u202f\u20ac de despeses de gesti\u00f3. Us animem a utilitzar aquest sistema que redueix els costos mediambientals i aconsegueix un gran estalvi econ\u00f2mic.<\/p>\n<p>Per qualsevol dubte podeu contactar amb IDDINK a trav\u00e9s dels seg\u00fcents canals:<\/p>\n<ul>\n<li>P\u00e0gina web: <a href=\"https:\/\/eur03.safelinks.protection.outlook.com\/?url=http%3A%2F%2Fwww.iddink.cat%2F&amp;data=05%7C01%7Craquel.fernandez%40iddinkgroup.es%7Cd6ea83a6eabb46bcf74808db60ff6743%7C4d5a48993bae4dc59ea0ba540b354430%7C0%7C0%7C638210422294431040%7CUnknown%7CTWFpbGZsb3d8eyJWIjoiMC4wLjAwMDAiLCJQIjoiV2luMzIiLCJBTiI6Ik1haWwiLCJXVCI6Mn0%3D%7C3000%7C%7C%7C&amp;sdata=dG%2F4D1bMO2hIdetkUg9F4hQmd6ZUmdzLAnrJypgDUNg%3D&amp;reserved=0\" target=\"_blank\" rel=\"noopener noreferrer\" data-saferedirecturl=\"https:\/\/www.google.com\/url?q=https:\/\/eur03.safelinks.protection.outlook.com\/?url%3Dhttp%253A%252F%252Fwww.iddink.cat%252F%26data%3D05%257C01%257Craquel.fernandez%2540iddinkgroup.es%257Cd6ea83a6eabb46bcf74808db60ff6743%257C4d5a48993bae4dc59ea0ba540b354430%257C0%257C0%257C638210422294431040%257CUnknown%257CTWFpbGZsb3d8eyJWIjoiMC4wLjAwMDAiLCJQIjoiV2luMzIiLCJBTiI6Ik1haWwiLCJXVCI6Mn0%253D%257C3000%257C%257C%257C%26sdata%3DdG%252F4D1bMO2hIdetkUg9F4hQmd6ZUmdzLAnrJypgDUNg%253D%26reserved%3D0&amp;source=gmail&amp;ust=1686745464414000&amp;usg=AOvVaw2jHbK8VVi4RUk7fjrcTTI7\">www.iddink.cat<\/a><\/li>\n<li>Tel.: 93 238 88 33<\/li>\n<li>Correu electr\u00f2nic: <a href=\"mailto:info@iddink.cat\" target=\"_blank\" rel=\"noopener noreferrer\"><span dir=\"ltr\">info@iddink.cat<\/span><\/a><\/li>\n<\/ul>\n<p>Cliqueu <a href=\"https:\/\/microsites.iddink.es\/ca\/238_institut_joan_fuster\/\" target=\"_blank\" rel=\"noopener\">aqu\u00ed<\/a> per a m\u00e9s informaci\u00f3 i consultar els seg\u00fcents tutorials:<\/p>\n<p><a href=\"https:\/\/vimeo.com\/721037983\" target=\"_blank\" rel=\"noopener\">Proc\u00e9s de compra i instruccions d\u2019\u00fas.<\/a><\/p>\n<p><a href=\"http:\/\/agora.xtec.cat\/insjoanfuster\/wp-content\/uploads\/usu1296\/2014\/09\/Com-tractar-els-ecobooks.pdf\" target=\"_blank\" rel=\"noopener\">Com tractar els ecobooks.<\/a><\/p>\n<p>Aqu\u00ed a sota teniu les infografies que resumeixen els procediments per adquirir llibres i fer \u00fas dels vals escolars a trav\u00e9s d&#8217;Iddink. Les podeu descarregar en format pdf als seg\u00fcents enlla\u00e7os: <a href=\"https:\/\/agora.xtec.cat\/ins-dolors-aleu-barcelona\/wp-content\/uploads\/usu1296\/2025\/06\/2025-Val-escolar.pdf\" target=\"_blank\" rel=\"noopener\">\u00das dels Vals Escolars a Iddink<\/a> i <a href=\"https:\/\/agora.xtec.cat\/ins-dolors-aleu-barcelona\/wp-content\/uploads\/usu1296\/2026\/02\/238_PO2026.pdf\" target=\"_blank\" rel=\"noopener\">Com fer una comanda a Iddink<\/a>.<\/p>\n<p><a href=\"https:\/\/agora.xtec.cat\/ins-dolors-aleu-barcelona\/wp-content\/uploads\/usu1296\/2026\/02\/238_PO2026_pages-to-jpg-0001.jpg\"><img loading=\"lazy\" decoding=\"async\" class=\" wp-image-15391 aligncenter\" src=\"https:\/\/agora.xtec.cat\/ins-dolors-aleu-barcelona\/wp-content\/uploads\/usu1296\/2026\/02\/238_PO2026_pages-to-jpg-0001.jpg\" alt=\"\" width=\"892\" height=\"1267\" srcset=\"https:\/\/agora.xtec.cat\/ins-dolors-aleu-barcelona\/wp-content\/uploads\/usu1296\/2026\/02\/238_PO2026_pages-to-jpg-0001.jpg 874w, https:\/\/agora.xtec.cat\/ins-dolors-aleu-barcelona\/wp-content\/uploads\/usu1296\/2026\/02\/238_PO2026_pages-to-jpg-0001-211x300.jpg 211w, https:\/\/agora.xtec.cat\/ins-dolors-aleu-barcelona\/wp-content\/uploads\/usu1296\/2026\/02\/238_PO2026_pages-to-jpg-0001-721x1024.jpg 721w, https:\/\/agora.xtec.cat\/ins-dolors-aleu-barcelona\/wp-content\/uploads\/usu1296\/2026\/02\/238_PO2026_pages-to-jpg-0001-768x1090.jpg 768w\" sizes=\"auto, (max-width: 892px) 100vw, 892px\" \/><\/a> <a href=\"https:\/\/agora.xtec.cat\/ins-dolors-aleu-barcelona\/wp-content\/uploads\/usu1296\/2026\/02\/238_PO2026_pages-to-jpg-0002.jpg\"><img loading=\"lazy\" decoding=\"async\" class=\" wp-image-15392 aligncenter\" src=\"https:\/\/agora.xtec.cat\/ins-dolors-aleu-barcelona\/wp-content\/uploads\/usu1296\/2026\/02\/238_PO2026_pages-to-jpg-0002.jpg\" alt=\"\" width=\"893\" height=\"1268\" srcset=\"https:\/\/agora.xtec.cat\/ins-dolors-aleu-barcelona\/wp-content\/uploads\/usu1296\/2026\/02\/238_PO2026_pages-to-jpg-0002.jpg 874w, https:\/\/agora.xtec.cat\/ins-dolors-aleu-barcelona\/wp-content\/uploads\/usu1296\/2026\/02\/238_PO2026_pages-to-jpg-0002-211x300.jpg 211w, https:\/\/agora.xtec.cat\/ins-dolors-aleu-barcelona\/wp-content\/uploads\/usu1296\/2026\/02\/238_PO2026_pages-to-jpg-0002-721x1024.jpg 721w, https:\/\/agora.xtec.cat\/ins-dolors-aleu-barcelona\/wp-content\/uploads\/usu1296\/2026\/02\/238_PO2026_pages-to-jpg-0002-768x1090.jpg 768w\" sizes=\"auto, (max-width: 893px) 100vw, 893px\" \/><\/a><br \/>\n<a href=\"https:\/\/agora.xtec.cat\/ins-dolors-aleu-barcelona\/wp-content\/uploads\/usu1296\/2025\/06\/2025-Val-escolar.pdf\" target=\"_blank\" rel=\"noopener\"><img loading=\"lazy\" decoding=\"async\" class=\"aligncenter wp-image-14356\" src=\"https:\/\/agora.xtec.cat\/ins-dolors-aleu-barcelona\/wp-content\/uploads\/usu1296\/2025\/06\/2025-Val-escolar-709x1024.jpg\" alt=\"\" width=\"1024\" height=\"1479\" srcset=\"https:\/\/agora.xtec.cat\/ins-dolors-aleu-barcelona\/wp-content\/uploads\/usu1296\/2025\/06\/2025-Val-escolar-709x1024.jpg 709w, https:\/\/agora.xtec.cat\/ins-dolors-aleu-barcelona\/wp-content\/uploads\/usu1296\/2025\/06\/2025-Val-escolar-208x300.jpg 208w, https:\/\/agora.xtec.cat\/ins-dolors-aleu-barcelona\/wp-content\/uploads\/usu1296\/2025\/06\/2025-Val-escolar-768x1109.jpg 768w, https:\/\/agora.xtec.cat\/ins-dolors-aleu-barcelona\/wp-content\/uploads\/usu1296\/2025\/06\/2025-Val-escolar-1064x1536.jpg 1064w, https:\/\/agora.xtec.cat\/ins-dolors-aleu-barcelona\/wp-content\/uploads\/usu1296\/2025\/06\/2025-Val-escolar-1418x2048.jpg 1418w, https:\/\/agora.xtec.cat\/ins-dolors-aleu-barcelona\/wp-content\/uploads\/usu1296\/2025\/06\/2025-Val-escolar-scaled.jpg 1773w\" sizes=\"auto, (max-width: 1024px) 100vw, 1024px\" \/><\/a><\/p>\n","protected":false},"excerpt":{"rendered":"<p>Aquest curs continuem oferint el Projecte de Reutilitzaci\u00f3 de llibres amb IDDINK i el seu sistema d&#8217;EcoBooks. Els avantatges d&#8217;aquest sistema s\u00f3n:<br \/>\n\u2022 Estalvi del 55% respecte al PVP en l&#8217;adquisici\u00f3 dels llibres reutilitzables (EcoBooks).<br \/>\n\u2022 Comanda unificada amb sistema flexible. Podeu triar qu\u00e8 compreu: llibres nous,&hellip;  <a href=\"https:\/\/agora.xtec.cat\/ins-dolors-aleu-barcelona\/ecobooks-iddink\/\" title=\"Read EcoBooks amb Iddink\">Llegeix m\u00e9s\u00bb<\/a><\/p>\n","protected":false},"author":1,"featured_media":0,"parent":0,"menu_order":0,"comment_status":"closed","ping_status":"closed","template":"","meta":{"_bbp_topic_count":0,"_bbp_reply_count":0,"_bbp_total_topic_count":0,"_bbp_total_reply_count":0,"_bbp_voice_count":0,"_bbp_anonymous_reply_count":0,"_bbp_topic_count_hidden":0,"_bbp_reply_count_hidden":0,"_bbp_forum_subforum_count":0,"footnotes":""},"class_list":["post-8072","page","type-page","status-publish","hentry"],"post_mailing_queue_ids":[],"_links":{"self":[{"href":"https:\/\/agora.xtec.cat\/ins-dolors-aleu-barcelona\/wp-json\/wp\/v2\/pages\/8072","targetHints":{"allow":["GET"]}}],"collection":[{"href":"https:\/\/agora.xtec.cat\/ins-dolors-aleu-barcelona\/wp-json\/wp\/v2\/pages"}],"about":[{"href":"https:\/\/agora.xtec.cat\/ins-dolors-aleu-barcelona\/wp-json\/wp\/v2\/types\/page"}],"author":[{"embeddable":true,"href":"https:\/\/agora.xtec.cat\/ins-dolors-aleu-barcelona\/wp-json\/wp\/v2\/users\/1"}],"replies":[{"embeddable":true,"href":"https:\/\/agora.xtec.cat\/ins-dolors-aleu-barcelona\/wp-json\/wp\/v2\/comments?post=8072"}],"version-history":[{"count":6,"href":"https:\/\/agora.xtec.cat\/ins-dolors-aleu-barcelona\/wp-json\/wp\/v2\/pages\/8072\/revisions"}],"predecessor-version":[{"id":9604,"href":"https:\/\/agora.xtec.cat\/ins-dolors-aleu-barcelona\/wp-json\/wp\/v2\/pages\/8072\/revisions\/9604"}],"wp:attachment":[{"href":"https:\/\/agora.xtec.cat\/ins-dolors-aleu-barcelona\/wp-json\/wp\/v2\/media?parent=8072"}],"curies":[{"name":"wp","href":"https:\/\/api.w.org\/{rel}","templated":true}]}}