{"id":7381,"date":"2021-03-08T10:28:43","date_gmt":"2021-03-08T09:28:43","guid":{"rendered":"https:\/\/agora.xtec.cat\/insjoanfuster\/?page_id=7381"},"modified":"2024-06-25T12:17:21","modified_gmt":"2024-06-25T10:17:21","slug":"projecte-tecnologia-en-angles","status":"publish","type":"page","link":"https:\/\/agora.xtec.cat\/ins-dolors-aleu-barcelona\/innovacio-i-creativitat\/projecte-tecnologia-en-angles\/","title":{"rendered":"Projecte tecnologia en angl\u00e8s"},"content":{"rendered":"<p>Els alumnes de l&#8217;Institut Dolors Aleu treballen la tecnologia per projectes amb un \u00e0mbit l&#8217;idioma en angl\u00e8s.<\/p>\n<p>Han practicat bastants exercicis per exemple:<\/p>\n<p>1920 TE2 SketchUp &amp; Scratch<\/p>\n<p><a href=\"https:\/\/agora.xtec.cat\/insjoanfuster\/wp-content\/uploads\/usu1296\/2021\/03\/sketchup.jpg\"><img loading=\"lazy\" decoding=\"async\" class=\"aligncenter size-full wp-image-7383\" src=\"https:\/\/agora.xtec.cat\/insjoanfuster\/wp-content\/uploads\/usu1296\/2021\/03\/sketchup.jpg\" alt=\"\" width=\"704\" height=\"584\" srcset=\"https:\/\/agora.xtec.cat\/ins-dolors-aleu-barcelona\/wp-content\/uploads\/usu1296\/2021\/03\/sketchup.jpg 704w, https:\/\/agora.xtec.cat\/ins-dolors-aleu-barcelona\/wp-content\/uploads\/usu1296\/2021\/03\/sketchup-300x250.jpg 300w\" sizes=\"auto, (max-width: 704px) 100vw, 704px\" \/><\/a><\/p>\n<p>2021 TE3 XLS v\u00eddeo resum<\/p>\n<div style=\"width: 1440px;\" class=\"wp-video\"><!--[if lt IE 9]><script>document.createElement('video');<\/script><![endif]-->\n<video class=\"wp-video-shortcode\" id=\"video-7381-1\" width=\"1440\" height=\"900\" preload=\"metadata\" controls=\"controls\"><source type=\"video\/mp4\" src=\"https:\/\/agora.xtec.cat\/insjoanfuster\/wp-content\/uploads\/usu1296\/2021\/03\/2021_TE3-XLS-GEP.mp4?_=1\" \/><a href=\"https:\/\/agora.xtec.cat\/insjoanfuster\/wp-content\/uploads\/usu1296\/2021\/03\/2021_TE3-XLS-GEP.mp4\">https:\/\/agora.xtec.cat\/insjoanfuster\/wp-content\/uploads\/usu1296\/2021\/03\/2021_TE3-XLS-GEP.mp4<\/a><\/video><\/div>\n<p>2021 TE3 WEB amb HTML<\/p>\n<p><a href=\"https:\/\/agora.xtec.cat\/insjoanfuster\/wp-content\/uploads\/usu1296\/2021\/03\/p\u00e1gina-web-en-ingl\u00e9s.jpg\"><img loading=\"lazy\" decoding=\"async\" class=\"aligncenter wp-image-7382\" src=\"https:\/\/agora.xtec.cat\/insjoanfuster\/wp-content\/uploads\/usu1296\/2021\/03\/p\u00e1gina-web-en-ingl\u00e9s.jpg\" alt=\"\" width=\"814\" height=\"466\" srcset=\"https:\/\/agora.xtec.cat\/ins-dolors-aleu-barcelona\/wp-content\/uploads\/usu1296\/2021\/03\/p\u00e1gina-web-en-ingl\u00e9s.jpg 936w, https:\/\/agora.xtec.cat\/ins-dolors-aleu-barcelona\/wp-content\/uploads\/usu1296\/2021\/03\/p\u00e1gina-web-en-ingl\u00e9s-300x172.jpg 300w, https:\/\/agora.xtec.cat\/ins-dolors-aleu-barcelona\/wp-content\/uploads\/usu1296\/2021\/03\/p\u00e1gina-web-en-ingl\u00e9s-768x440.jpg 768w\" sizes=\"auto, (max-width: 814px) 100vw, 814px\" \/><\/a><\/p>\n<p>&nbsp;<\/p>\n","protected":false},"excerpt":{"rendered":"<p>Els alumnes de l&#8217;Institut Dolors Aleu treballen la tecnologia per projectes amb un \u00e0mbit l&#8217;idioma en angl\u00e8s.<br \/>\nHan practicat bastants exercicis per exemple:<br \/>\n1920 TE2 SketchUp &amp; Scratch<br \/>\n<a href=\"https:\/\/agora.xtec.cat\/insjoanfuster\/wp-content\/uploads\/usu1296\/2021\/03\/sketchup.jpg\"><\/a><br \/>\n2021 TE3 XLS v\u00eddeo resum<br \/>\n<a href=\"https:\/\/agora.xtec.cat\/insjoanfuster\/wp-content\/uploads\/usu1296\/2021\/03\/2021_TE3-XLS-GEP.mp4\">https:\/\/agora.xtec.cat\/insjoanfuster\/wp-content\/uploads\/usu1296\/2021\/03\/2021_TE3-XLS-GEP.mp4<\/a><br \/>\n2021 TE3 WEB amb HTML<br \/>\n<a href=\"https:\/\/agora.xtec.cat\/insjoanfuster\/wp-content\/uploads\/usu1296\/2021\/03\/p\u00e1gina-web-en-ingl\u00e9s.jpg\"><\/a><br \/>\n&nbsp;<\/p>\n","protected":false},"author":1,"featured_media":0,"parent":6320,"menu_order":0,"comment_status":"closed","ping_status":"closed","template":"","meta":{"_bbp_topic_count":0,"_bbp_reply_count":0,"_bbp_total_topic_count":0,"_bbp_total_reply_count":0,"_bbp_voice_count":0,"_bbp_anonymous_reply_count":0,"_bbp_topic_count_hidden":0,"_bbp_reply_count_hidden":0,"_bbp_forum_subforum_count":0,"footnotes":""},"class_list":["post-7381","page","type-page","status-publish","hentry"],"post_mailing_queue_ids":[],"_links":{"self":[{"href":"https:\/\/agora.xtec.cat\/ins-dolors-aleu-barcelona\/wp-json\/wp\/v2\/pages\/7381","targetHints":{"allow":["GET"]}}],"collection":[{"href":"https:\/\/agora.xtec.cat\/ins-dolors-aleu-barcelona\/wp-json\/wp\/v2\/pages"}],"about":[{"href":"https:\/\/agora.xtec.cat\/ins-dolors-aleu-barcelona\/wp-json\/wp\/v2\/types\/page"}],"author":[{"embeddable":true,"href":"https:\/\/agora.xtec.cat\/ins-dolors-aleu-barcelona\/wp-json\/wp\/v2\/users\/1"}],"replies":[{"embeddable":true,"href":"https:\/\/agora.xtec.cat\/ins-dolors-aleu-barcelona\/wp-json\/wp\/v2\/comments?post=7381"}],"version-history":[{"count":2,"href":"https:\/\/agora.xtec.cat\/ins-dolors-aleu-barcelona\/wp-json\/wp\/v2\/pages\/7381\/revisions"}],"predecessor-version":[{"id":13004,"href":"https:\/\/agora.xtec.cat\/ins-dolors-aleu-barcelona\/wp-json\/wp\/v2\/pages\/7381\/revisions\/13004"}],"up":[{"embeddable":true,"href":"https:\/\/agora.xtec.cat\/ins-dolors-aleu-barcelona\/wp-json\/wp\/v2\/pages\/6320"}],"wp:attachment":[{"href":"https:\/\/agora.xtec.cat\/ins-dolors-aleu-barcelona\/wp-json\/wp\/v2\/media?parent=7381"}],"curies":[{"name":"wp","href":"https:\/\/api.w.org\/{rel}","templated":true}]}}