{"id":7378,"date":"2021-03-08T08:51:05","date_gmt":"2021-03-08T07:51:05","guid":{"rendered":"https:\/\/agora.xtec.cat\/insjoanfuster\/?page_id=7378"},"modified":"2024-01-22T14:27:28","modified_gmt":"2024-01-22T13:27:28","slug":"projecte-mural","status":"publish","type":"page","link":"https:\/\/agora.xtec.cat\/ins-dolors-aleu-barcelona\/innovacio-i-creativitat\/projecte-mural\/","title":{"rendered":"Projecte Mural"},"content":{"rendered":"<h3><span style=\"color: #3366ff;\"><strong>Mural a la zona de pistes del pati <\/strong><strong>en col\u00b7laboraci\u00f3 amb l&#8217;Escola d&#8217;Art i Disseny La Llotja <\/strong><\/span><\/h3>\n<p>Durant el curs 2022-2023 vam comptar amb un projecte conjunt amb professionals i estudiants de l\u2019Escola d\u2019Art i Disseny La Llotja <span class=\"\">per <\/span>dissenyar i pintar un mural pel pati de les pistes esportives. Alumnes i docents <a href=\"https:\/\/agora.xtec.cat\/ins-dolors-aleu-barcelona\/general\/hem-escollit-un-nou-mural-per-al-pati\/\">vam escollir el mural<\/a> que \u00e9s visible des de bona part dels habitatges de l\u2019illa de cases. Pr\u00e8viament l\u2019alumnat, a trav\u00e9s d\u2019una enquesta, havia mostrat el seu inter\u00e8s pels paisatges naturals com a tem\u00e0tica general per als murals candidats.<\/p>\n<p><a href=\"https:\/\/agora.xtec.cat\/ins-dolors-aleu-barcelona\/wp-content\/uploads\/usu1296\/2023\/05\/20230427_113310.jpg\"><img loading=\"lazy\" decoding=\"async\" class=\"size-large wp-image-10975 aligncenter\" src=\"https:\/\/agora.xtec.cat\/ins-dolors-aleu-barcelona\/wp-content\/uploads\/usu1296\/2023\/05\/20230427_113310-1024x1024.jpg\" alt=\"\" width=\"1024\" height=\"1024\" srcset=\"https:\/\/agora.xtec.cat\/ins-dolors-aleu-barcelona\/wp-content\/uploads\/usu1296\/2023\/05\/20230427_113310-1024x1024.jpg 1024w, https:\/\/agora.xtec.cat\/ins-dolors-aleu-barcelona\/wp-content\/uploads\/usu1296\/2023\/05\/20230427_113310-300x300.jpg 300w, https:\/\/agora.xtec.cat\/ins-dolors-aleu-barcelona\/wp-content\/uploads\/usu1296\/2023\/05\/20230427_113310-150x150.jpg 150w, https:\/\/agora.xtec.cat\/ins-dolors-aleu-barcelona\/wp-content\/uploads\/usu1296\/2023\/05\/20230427_113310-768x768.jpg 768w, https:\/\/agora.xtec.cat\/ins-dolors-aleu-barcelona\/wp-content\/uploads\/usu1296\/2023\/05\/20230427_113310-1536x1536.jpg 1536w, https:\/\/agora.xtec.cat\/ins-dolors-aleu-barcelona\/wp-content\/uploads\/usu1296\/2023\/05\/20230427_113310.jpg 1840w\" sizes=\"auto, (max-width: 1024px) 100vw, 1024px\" \/><\/a><\/p>\n<p>La intenci\u00f3 d\u2019aquest projecte educatiu art\u00edstic \u00e9s crear una finestra pict\u00f2rica a la natura que contribueixi a un ambient agradable i que doni una bona imatge art\u00edstica que ens identifiqui com a comunitat educativa. Els mateixos alumnes de la Llotja amb la col\u00b7laboraci\u00f3 de l\u2019alumnat de l\u2019Institut van ser els encarregats de materialitzar aquest fant\u00e0stic mural.<\/p>\n<p><a href=\"https:\/\/agora.xtec.cat\/ins-dolors-aleu-barcelona\/wp-content\/uploads\/usu1296\/2023\/05\/IMG_20230518_093451_red-scaled.jpg\"><img loading=\"lazy\" decoding=\"async\" class=\"size-large wp-image-10980 aligncenter\" src=\"https:\/\/agora.xtec.cat\/ins-dolors-aleu-barcelona\/wp-content\/uploads\/usu1296\/2023\/05\/IMG_20230518_093451_red-1024x768.jpg\" alt=\"\" width=\"1024\" height=\"768\" \/><\/a><\/p>\n<h3><strong><span style=\"color: #3366ff;\">Mural seguint l&#8217;estil i la composici\u00f3 del pintor Piet Mondrian<\/span><\/strong><\/h3>\n<p>Durant aquest curs s&#8217;ha implementat, vari\u00efs projectes al centre des de diferents departaments aix\u00ed generant una obertura significativa cap al que s&#8217;ent\u00e9n per aprenentatge i coneixement actualment.<br \/>\nDes del departament d&#8217;Expressi\u00f3 hem volgut participar i ajudar a la imatge de l&#8217;edifici perqu\u00e8 sigui m\u00e9s unit\u00e0ria, especialment la planta baixa.<br \/>\nSeguint l&#8217;estil del pintor Piet Mondrian, un dels pioners de l&#8217;abstracci\u00f3 pura a l&#8217;art pl\u00e0stic, hem volgut transportar la seva idea d&#8217;equilibri a les nostres parets. Forma \u00fanicament i meticulosament pensada d&#8217;utilitzar el color creant un ritme, composici\u00f3 i harmonia que a la vegada generen tant equilibri com for\u00e7a vital.<br \/>\nHem de tenir en compte que la planta baixa \u00e9s el primer lloc despr\u00e9s de la fa\u00e7ana de l&#8217;edifici per donar una imatge. I la planta baixa \u00e9s especial de ser lloc d&#8217;inevitable de pas i de recepci\u00f3.<\/p>\n<p><a href=\"https:\/\/agora.xtec.cat\/insjoanfuster\/wp-content\/uploads\/usu1296\/2021\/03\/IMG_20210304_114311.jpg\"><img loading=\"lazy\" decoding=\"async\" class=\"aligncenter size-large wp-image-7375\" src=\"https:\/\/agora.xtec.cat\/insjoanfuster\/wp-content\/uploads\/usu1296\/2021\/03\/IMG_20210304_114311-1024x863.jpg\" alt=\"\" width=\"1024\" height=\"863\" srcset=\"https:\/\/agora.xtec.cat\/ins-dolors-aleu-barcelona\/wp-content\/uploads\/usu1296\/2021\/03\/IMG_20210304_114311-1024x863.jpg 1024w, https:\/\/agora.xtec.cat\/ins-dolors-aleu-barcelona\/wp-content\/uploads\/usu1296\/2021\/03\/IMG_20210304_114311-300x253.jpg 300w, https:\/\/agora.xtec.cat\/ins-dolors-aleu-barcelona\/wp-content\/uploads\/usu1296\/2021\/03\/IMG_20210304_114311-768x648.jpg 768w\" sizes=\"auto, (max-width: 1024px) 100vw, 1024px\" \/><\/a><\/p>\n<p>La nostra contribuci\u00f3 a les compet\u00e8ncies b\u00e0siques:<br \/>\nAmb la compet\u00e8ncia ling\u00fc\u00edstica mitjan\u00e7ant l&#8217;\u00fas del llenguatge t\u00e8cnic pict\u00f2ric propi necessari per realitzar aquest mural en especial.<br \/>\nLa compet\u00e8ncia matem\u00e0tica en haver de mesurar correctament cada espai dintre de la composici\u00f3 global geom\u00e8trica.<br \/>\nCompet\u00e8ncia social i c\u00edvica amb la cooperaci\u00f3 i la feina en grup, potenciant els valors de toler\u00e0ncia, empatia i comprom\u00eds, aix\u00ed com tenir cura dels materials i la seva neteja i conservaci\u00f3.<br \/>\nTamb\u00e9 hem contribu\u00eft a la consci\u00e8ncia d&#8217;expressi\u00f3 cultural quan s&#8217;experimenta i investiga les diversitats t\u00e8cniques pl\u00e0stiques i visuals d&#8217;expressi\u00f3 a trav\u00e9s d&#8217;unes imatges i forma de fer internacionalment reconegudes i valorades.<\/p>\n<p><a href=\"https:\/\/agora.xtec.cat\/insjoanfuster\/wp-content\/uploads\/usu1296\/2021\/03\/IMG_20210304_114345.jpg\"><img loading=\"lazy\" decoding=\"async\" class=\"aligncenter size-large wp-image-7376\" src=\"https:\/\/agora.xtec.cat\/insjoanfuster\/wp-content\/uploads\/usu1296\/2021\/03\/IMG_20210304_114345-1024x953.jpg\" alt=\"\" width=\"1024\" height=\"953\" srcset=\"https:\/\/agora.xtec.cat\/ins-dolors-aleu-barcelona\/wp-content\/uploads\/usu1296\/2021\/03\/IMG_20210304_114345-1024x953.jpg 1024w, https:\/\/agora.xtec.cat\/ins-dolors-aleu-barcelona\/wp-content\/uploads\/usu1296\/2021\/03\/IMG_20210304_114345-300x279.jpg 300w, https:\/\/agora.xtec.cat\/ins-dolors-aleu-barcelona\/wp-content\/uploads\/usu1296\/2021\/03\/IMG_20210304_114345-768x715.jpg 768w\" sizes=\"auto, (max-width: 1024px) 100vw, 1024px\" \/><\/a><\/p>\n<p>&nbsp;<\/p>\n","protected":false},"excerpt":{"rendered":"<p>Mural a la zona de pistes del pati en col\u00b7laboraci\u00f3 amb l&#8217;Escola d&#8217;Art i Disseny La Llotja<br \/>\nDurant el curs 2022-2023 vam comptar amb un projecte conjunt amb professionals i estudiants de l\u2019Escola d\u2019Art i Disseny La Llotja per dissenyar i pintar un mural pel&hellip;  <a href=\"https:\/\/agora.xtec.cat\/ins-dolors-aleu-barcelona\/innovacio-i-creativitat\/projecte-mural\/\" title=\"Read Projecte Mural\">Llegeix m\u00e9s\u00bb<\/a><\/p>\n","protected":false},"author":1,"featured_media":0,"parent":6320,"menu_order":0,"comment_status":"closed","ping_status":"closed","template":"","meta":{"_bbp_topic_count":0,"_bbp_reply_count":0,"_bbp_total_topic_count":0,"_bbp_total_reply_count":0,"_bbp_voice_count":0,"_bbp_anonymous_reply_count":0,"_bbp_topic_count_hidden":0,"_bbp_reply_count_hidden":0,"_bbp_forum_subforum_count":0,"footnotes":""},"class_list":["post-7378","page","type-page","status-publish","hentry"],"post_mailing_queue_ids":[],"_links":{"self":[{"href":"https:\/\/agora.xtec.cat\/ins-dolors-aleu-barcelona\/wp-json\/wp\/v2\/pages\/7378","targetHints":{"allow":["GET"]}}],"collection":[{"href":"https:\/\/agora.xtec.cat\/ins-dolors-aleu-barcelona\/wp-json\/wp\/v2\/pages"}],"about":[{"href":"https:\/\/agora.xtec.cat\/ins-dolors-aleu-barcelona\/wp-json\/wp\/v2\/types\/page"}],"author":[{"embeddable":true,"href":"https:\/\/agora.xtec.cat\/ins-dolors-aleu-barcelona\/wp-json\/wp\/v2\/users\/1"}],"replies":[{"embeddable":true,"href":"https:\/\/agora.xtec.cat\/ins-dolors-aleu-barcelona\/wp-json\/wp\/v2\/comments?post=7378"}],"version-history":[{"count":3,"href":"https:\/\/agora.xtec.cat\/ins-dolors-aleu-barcelona\/wp-json\/wp\/v2\/pages\/7378\/revisions"}],"predecessor-version":[{"id":11975,"href":"https:\/\/agora.xtec.cat\/ins-dolors-aleu-barcelona\/wp-json\/wp\/v2\/pages\/7378\/revisions\/11975"}],"up":[{"embeddable":true,"href":"https:\/\/agora.xtec.cat\/ins-dolors-aleu-barcelona\/wp-json\/wp\/v2\/pages\/6320"}],"wp:attachment":[{"href":"https:\/\/agora.xtec.cat\/ins-dolors-aleu-barcelona\/wp-json\/wp\/v2\/media?parent=7378"}],"curies":[{"name":"wp","href":"https:\/\/api.w.org\/{rel}","templated":true}]}}