{"id":7254,"date":"2021-02-19T11:13:32","date_gmt":"2021-02-19T10:13:32","guid":{"rendered":"https:\/\/agora.xtec.cat\/insjoanfuster\/?page_id=7254"},"modified":"2022-11-16T19:00:15","modified_gmt":"2022-11-16T18:00:15","slug":"consergeria","status":"publish","type":"page","link":"https:\/\/agora.xtec.cat\/ins-dolors-aleu-barcelona\/families\/serveis\/secretaria-3\/consergeria\/","title":{"rendered":"Consergeria"},"content":{"rendered":"<h3><span style=\"color: #00ccff;\">Horari de consergeria:<\/span><\/h3>\n<p><span style=\"color: #333333;\">De dilluns a divendres de 8:00 a 15 h<\/span><br \/>\n<span style=\"color: #333333;\">Dimarts i dijous de 15:30 a 18:00 h<\/span><\/p>\n<p><span style=\"color: #333333;\">A la consergeria de l&#8217;Institut Dolors Aleu teniu a disposici\u00f3, entre d\u2019altres, els seg\u00fcents serveis:<\/span><\/p>\n<h4><span style=\"color: #00ccff;\">Servei de vigil\u00e0ncia d\u2019entrades i sortides de l\u2019institut<\/span><\/h4>\n<p><span style=\"color: #333333;\">&#8211; Rebuda i atenci\u00f3 de les persones que accedeixen a l\u2019institut<\/span><br \/>\n<span style=\"color: #333333;\">&#8211; Encarregar-se de l&#8217;obertura i tancament de l\u2019institut i de les seves depend\u00e8ncies.<\/span><br \/>\n<span style=\"color: #333333;\">&#8211; Controlar entrades i sortides de l\u2019alumnat, custodiar les instal\u00b7lacions, mobiliari,<\/span><br \/>\n<span style=\"color: #333333;\">maquin\u00e0ria, equipament i material.<\/span><br \/>\n<span style=\"color: #333333;\">&#8211; Vigilar l&#8217;acc\u00e9s d\u2019altres persones a l&#8217;edifici.<\/span><\/p>\n<h4><span style=\"color: #00ccff;\">Servei de lliurament de materials i documents<\/span><\/h4>\n<p><span style=\"color: #333333;\">&#8211; Models de justificants de retards i d\u2019abs\u00e8ncies i d\u2019impresos (en format paper)<\/span><br \/>\n<span style=\"color: #333333;\">&#8211; Retoladors de pissarra, esborradors i altres materials fungibles<\/span><br \/>\n<span style=\"color: #333333;\">&#8211; Rebre, conservar i distribuir documents, objectes i correspond\u00e8ncia.<\/span><br \/>\n<span style=\"color: #333333;\">Servei de reprografia<\/span><br \/>\n<span style=\"color: #333333;\">&#8211; Servei de m\u00e0quines reproductores, fotocopiadores, enquadernadores, ensobradores i similars.<\/span><br \/>\n<span style=\"color: #333333;\">Servei de telefonia<\/span><br \/>\n<span style=\"color: #333333;\">&#8211; Primera atenci\u00f3 telef\u00f2nica i derivaci\u00f3 de trucades (per a informacions, concertaci\u00f3 de<\/span><br \/>\n<span style=\"color: #333333;\">cites, gesti\u00f3 de visites, trasllat de peticions, etc.)<\/span><br \/>\n<span style=\"color: #333333;\">Servei de pr\u00e9stec<\/span><br \/>\n<span style=\"color: #333333;\">&#8211; Pilotes i material de joc d\u2019\u00fas diari per a les pistes;<\/span><br \/>\n<span style=\"color: #333333;\">&#8211; Materials de neteja i desinfecci\u00f3<\/span><br \/>\n<span style=\"color: #333333;\">&#8211; Altre material pr\u00e8via autoritzaci\u00f3 de secretaria o direcci\u00f3.<\/span><\/p>\n<h4><span style=\"color: #00ccff;\">Servei de reprografia<\/span><\/h4>\n<p>&#8211; Servei de m\u00e0quines reproductores, fotocopiadores, enquadernadores, ensobradores i<br \/>\nsimilars.<\/p>\n<h4><span style=\"color: #00ccff;\">Servei de telefonia<\/span><\/h4>\n<p>&#8211; Primera atenci\u00f3 telef\u00f2nica i derivaci\u00f3 de trucades (per a informacions, concertaci\u00f3 de<br \/>\ncites, gesti\u00f3 de visites, trasllat de peticions, etc.)<\/p>\n<h4><span style=\"color: #00ccff;\">Servei de pr\u00e9stec<\/span><\/h4>\n<p>&#8211; Pilotes i material de joc d\u2019\u00fas diari per a les pistes;<br \/>\n&#8211; Materials de neteja i desinfecci\u00f3<br \/>\n&#8211; Altre material pr\u00e8via autoritzaci\u00f3 de secretaria o direcci\u00f3.<\/p>\n","protected":false},"excerpt":{"rendered":"<p>Horari de consergeria:<br \/>\nDe dilluns a divendres de 8:00 a 15 h<br \/>\nDimarts i dijous de 15:30 a 18:00 h<br \/>\nA la consergeria de l&#8217;Institut Dolors Aleu teniu a disposici\u00f3, entre d\u2019altres, els seg\u00fcents serveis:<br \/>\nServei de vigil\u00e0ncia d\u2019entrades i sortides de l\u2019institut<br \/>\n&#8211; Rebuda i atenci\u00f3 de les persones&hellip;  <a href=\"https:\/\/agora.xtec.cat\/ins-dolors-aleu-barcelona\/families\/serveis\/secretaria-3\/consergeria\/\" title=\"Read Consergeria\">Llegeix m\u00e9s\u00bb<\/a><\/p>\n","protected":false},"author":1,"featured_media":0,"parent":632,"menu_order":0,"comment_status":"closed","ping_status":"closed","template":"","meta":{"_bbp_topic_count":0,"_bbp_reply_count":0,"_bbp_total_topic_count":0,"_bbp_total_reply_count":0,"_bbp_voice_count":0,"_bbp_anonymous_reply_count":0,"_bbp_topic_count_hidden":0,"_bbp_reply_count_hidden":0,"_bbp_forum_subforum_count":0,"footnotes":""},"class_list":["post-7254","page","type-page","status-publish","hentry"],"post_mailing_queue_ids":[],"_links":{"self":[{"href":"https:\/\/agora.xtec.cat\/ins-dolors-aleu-barcelona\/wp-json\/wp\/v2\/pages\/7254","targetHints":{"allow":["GET"]}}],"collection":[{"href":"https:\/\/agora.xtec.cat\/ins-dolors-aleu-barcelona\/wp-json\/wp\/v2\/pages"}],"about":[{"href":"https:\/\/agora.xtec.cat\/ins-dolors-aleu-barcelona\/wp-json\/wp\/v2\/types\/page"}],"author":[{"embeddable":true,"href":"https:\/\/agora.xtec.cat\/ins-dolors-aleu-barcelona\/wp-json\/wp\/v2\/users\/1"}],"replies":[{"embeddable":true,"href":"https:\/\/agora.xtec.cat\/ins-dolors-aleu-barcelona\/wp-json\/wp\/v2\/comments?post=7254"}],"version-history":[{"count":3,"href":"https:\/\/agora.xtec.cat\/ins-dolors-aleu-barcelona\/wp-json\/wp\/v2\/pages\/7254\/revisions"}],"predecessor-version":[{"id":9896,"href":"https:\/\/agora.xtec.cat\/ins-dolors-aleu-barcelona\/wp-json\/wp\/v2\/pages\/7254\/revisions\/9896"}],"up":[{"embeddable":true,"href":"https:\/\/agora.xtec.cat\/ins-dolors-aleu-barcelona\/wp-json\/wp\/v2\/pages\/632"}],"wp:attachment":[{"href":"https:\/\/agora.xtec.cat\/ins-dolors-aleu-barcelona\/wp-json\/wp\/v2\/media?parent=7254"}],"curies":[{"name":"wp","href":"https:\/\/api.w.org\/{rel}","templated":true}]}}