{"id":7194,"date":"2021-02-10T11:15:44","date_gmt":"2021-02-10T10:15:44","guid":{"rendered":"https:\/\/agora.xtec.cat\/insjoanfuster\/?page_id=7194"},"modified":"2022-12-12T17:02:14","modified_gmt":"2022-12-12T16:02:14","slug":"projecte-educatiu-12-18-anys","status":"publish","type":"page","link":"https:\/\/agora.xtec.cat\/ins-dolors-aleu-barcelona\/linstitut\/projecte-educatiu-12-18-anys\/","title":{"rendered":"Projecte educatiu 12-18 anys"},"content":{"rendered":"<h3><span style=\"color: #008080;\">La nostra experi\u00e8ncia a primer d&#8217;ESO<\/span><\/h3>\n<p><iframe loading=\"lazy\" src=\"\/\/www.youtube.com\/embed\/MbDZCKJwiYY\" width=\"999\" height=\"560\"><\/iframe><\/p>\n<p>Apostem per la participaci\u00f3, la motivaci\u00f3 i la innovaci\u00f3 educativa dels alumnes des de primer d&#8217;ESO fins a segon de batxillerat.<\/p>\n<p>Basem el projecte educatiu en l&#8217;acompanyament constant dels alumnes en el seu proc\u00e9s de maduraci\u00f3 i projecte de vida mitjan\u00e7ant la pr\u00e0ctica d\u2019idiomes, l&#8217;aplicaci\u00f3 de les tecnologies, l&#8217;experimentaci\u00f3 permanent, l&#8217;aprofundiment en el coneixement de les ci\u00e8ncies, la creativitat, el foment del comprom\u00eds, el treball dels valors, les preses de decisions, el treball per projectes&#8230; en totes les etapes i cursos.<\/p>\n<p>Fem xarxa, col\u00b7laborem amb l&#8217;entorn, impulsem la sostenibilitat i la qualitat com a eixos del nostre sistema educatiu dels 12 als 18 anys.<\/p>\n","protected":false},"excerpt":{"rendered":"<p>La nostra experi\u00e8ncia a primer d&#8217;ESO<\/p>\n<p>Apostem per la participaci\u00f3, la motivaci\u00f3 i la innovaci\u00f3 educativa dels alumnes des de primer d&#8217;ESO fins a segon de batxillerat.<br \/>\nBasem el projecte educatiu en l&#8217;acompanyament constant dels alumnes en el seu proc\u00e9s de maduraci\u00f3 i projecte de vida mitjan\u00e7ant&hellip;  <a href=\"https:\/\/agora.xtec.cat\/ins-dolors-aleu-barcelona\/linstitut\/projecte-educatiu-12-18-anys\/\" title=\"Read Projecte educatiu 12-18 anys\">Llegeix m\u00e9s\u00bb<\/a><\/p>\n","protected":false},"author":1,"featured_media":0,"parent":19,"menu_order":0,"comment_status":"closed","ping_status":"closed","template":"","meta":{"_bbp_topic_count":0,"_bbp_reply_count":0,"_bbp_total_topic_count":0,"_bbp_total_reply_count":0,"_bbp_voice_count":0,"_bbp_anonymous_reply_count":0,"_bbp_topic_count_hidden":0,"_bbp_reply_count_hidden":0,"_bbp_forum_subforum_count":0,"footnotes":""},"class_list":["post-7194","page","type-page","status-publish","hentry"],"post_mailing_queue_ids":[],"_links":{"self":[{"href":"https:\/\/agora.xtec.cat\/ins-dolors-aleu-barcelona\/wp-json\/wp\/v2\/pages\/7194","targetHints":{"allow":["GET"]}}],"collection":[{"href":"https:\/\/agora.xtec.cat\/ins-dolors-aleu-barcelona\/wp-json\/wp\/v2\/pages"}],"about":[{"href":"https:\/\/agora.xtec.cat\/ins-dolors-aleu-barcelona\/wp-json\/wp\/v2\/types\/page"}],"author":[{"embeddable":true,"href":"https:\/\/agora.xtec.cat\/ins-dolors-aleu-barcelona\/wp-json\/wp\/v2\/users\/1"}],"replies":[{"embeddable":true,"href":"https:\/\/agora.xtec.cat\/ins-dolors-aleu-barcelona\/wp-json\/wp\/v2\/comments?post=7194"}],"version-history":[{"count":3,"href":"https:\/\/agora.xtec.cat\/ins-dolors-aleu-barcelona\/wp-json\/wp\/v2\/pages\/7194\/revisions"}],"predecessor-version":[{"id":10004,"href":"https:\/\/agora.xtec.cat\/ins-dolors-aleu-barcelona\/wp-json\/wp\/v2\/pages\/7194\/revisions\/10004"}],"up":[{"embeddable":true,"href":"https:\/\/agora.xtec.cat\/ins-dolors-aleu-barcelona\/wp-json\/wp\/v2\/pages\/19"}],"wp:attachment":[{"href":"https:\/\/agora.xtec.cat\/ins-dolors-aleu-barcelona\/wp-json\/wp\/v2\/media?parent=7194"}],"curies":[{"name":"wp","href":"https:\/\/api.w.org\/{rel}","templated":true}]}}