{"id":7173,"date":"2021-02-09T08:58:45","date_gmt":"2021-02-09T07:58:45","guid":{"rendered":"https:\/\/agora.xtec.cat\/insjoanfuster\/?page_id=7173"},"modified":"2026-01-20T19:07:05","modified_gmt":"2026-01-20T18:07:05","slug":"enllacos-dinteres-families","status":"publish","type":"page","link":"https:\/\/agora.xtec.cat\/ins-dolors-aleu-barcelona\/enllacos\/enllacos-dinteres-families\/","title":{"rendered":"Enlla\u00e7os d&#8217;inter\u00e8s fam\u00edlies"},"content":{"rendered":"<p><a href=\"https:\/\/app.dinantia.com\/\" target=\"_blank\" rel=\"noopener\">&#8211; Dinantia<\/a><br \/>\n<a href=\"http:\/\/xtec.gencat.cat\/ca\/inici\">&#8211; Xtec<\/a><br \/>\n<a href=\"https:\/\/inici.espai.educacio.gencat.cat\/\">&#8211; Portal de centre<\/a><br \/>\n<a href=\"http:\/\/educacio.gencat.cat\/ca\/inici\">&#8211; Departament d\u2019Educaci\u00f3<\/a><br \/>\n<a href=\"https:\/\/www.edubcn.cat\/ca\">&#8211; Consorci d\u2019Educaci\u00f3 de Barcelona<\/a><\/p>\n","protected":false},"excerpt":{"rendered":"<p><a href=\"https:\/\/app.dinantia.com\/\" target=\"_blank\" rel=\"noopener\">&#8211; Dinantia<\/a><br \/>\n<a href=\"http:\/\/xtec.gencat.cat\/ca\/inici\">&#8211; Xtec<\/a><br \/>\n<a href=\"https:\/\/inici.espai.educacio.gencat.cat\/\">&#8211; Portal de centre<\/a><br \/>\n<a href=\"http:\/\/educacio.gencat.cat\/ca\/inici\">&#8211; Departament d\u2019Educaci\u00f3<\/a><br \/>\n<a href=\"https:\/\/www.edubcn.cat\/ca\">&#8211; Consorci d\u2019Educaci\u00f3 de Barcelona<\/a><\/p>\n","protected":false},"author":1,"featured_media":0,"parent":7,"menu_order":0,"comment_status":"closed","ping_status":"closed","template":"","meta":{"_bbp_topic_count":0,"_bbp_reply_count":0,"_bbp_total_topic_count":0,"_bbp_total_reply_count":0,"_bbp_voice_count":0,"_bbp_anonymous_reply_count":0,"_bbp_topic_count_hidden":0,"_bbp_reply_count_hidden":0,"_bbp_forum_subforum_count":0,"footnotes":""},"class_list":["post-7173","page","type-page","status-publish","hentry"],"post_mailing_queue_ids":[],"_links":{"self":[{"href":"https:\/\/agora.xtec.cat\/ins-dolors-aleu-barcelona\/wp-json\/wp\/v2\/pages\/7173","targetHints":{"allow":["GET"]}}],"collection":[{"href":"https:\/\/agora.xtec.cat\/ins-dolors-aleu-barcelona\/wp-json\/wp\/v2\/pages"}],"about":[{"href":"https:\/\/agora.xtec.cat\/ins-dolors-aleu-barcelona\/wp-json\/wp\/v2\/types\/page"}],"author":[{"embeddable":true,"href":"https:\/\/agora.xtec.cat\/ins-dolors-aleu-barcelona\/wp-json\/wp\/v2\/users\/1"}],"replies":[{"embeddable":true,"href":"https:\/\/agora.xtec.cat\/ins-dolors-aleu-barcelona\/wp-json\/wp\/v2\/comments?post=7173"}],"version-history":[{"count":2,"href":"https:\/\/agora.xtec.cat\/ins-dolors-aleu-barcelona\/wp-json\/wp\/v2\/pages\/7173\/revisions"}],"predecessor-version":[{"id":15219,"href":"https:\/\/agora.xtec.cat\/ins-dolors-aleu-barcelona\/wp-json\/wp\/v2\/pages\/7173\/revisions\/15219"}],"up":[{"embeddable":true,"href":"https:\/\/agora.xtec.cat\/ins-dolors-aleu-barcelona\/wp-json\/wp\/v2\/pages\/7"}],"wp:attachment":[{"href":"https:\/\/agora.xtec.cat\/ins-dolors-aleu-barcelona\/wp-json\/wp\/v2\/media?parent=7173"}],"curies":[{"name":"wp","href":"https:\/\/api.w.org\/{rel}","templated":true}]}}