{"id":7126,"date":"2021-02-01T09:07:39","date_gmt":"2021-02-01T08:07:39","guid":{"rendered":"https:\/\/agora.xtec.cat\/insjoanfuster\/?page_id=7126"},"modified":"2026-04-27T09:19:00","modified_gmt":"2026-04-27T07:19:00","slug":"batxpro","status":"publish","type":"page","link":"https:\/\/agora.xtec.cat\/ins-dolors-aleu-barcelona\/batxillerat\/batxpro\/","title":{"rendered":"Batx PRO"},"content":{"rendered":"<h3 style=\"font-weight: 400;\"><span style=\"color: #33cccc;\"><strong>Un batxillerat flexible<\/strong><\/span><\/h3>\n<p>Al centre oferim el BatxPro, un itinerari de Batxillerat dissenyat espec\u00edficament per a l&#8217;alumnat que t\u00e9 com a objectiu continuar la seva formaci\u00f3 en un cicle formatiu de grau superior (CFGS)<\/p>\n<p><strong>A qui s&#8217;adre\u00e7a?<\/strong><\/p>\n<p>Aquest programa est\u00e0 pensat per a alumnes que:<\/p>\n<ul>\n<li>Tenen un inter\u00e8s clar a accedir a un CFGS<\/li>\n<li>Inicialment, no tenen previst presentar-se a les proves PAU (Selectivitat).<\/li>\n<\/ul>\n<p><strong>Qu\u00e8 ofereix el BatxPro?<\/strong><\/p>\n<p>El programa permet obtenir el t\u00edtol de Batxillerat amb un enfocament adaptat:<\/p>\n<ul>\n<li>Mateixos continguts: Es treballa el mateix temari que a la resta del Batxillerat, garantint una base s\u00f2lida.<\/li>\n<li>Avaluaci\u00f3 adaptada: S\u2019apliquen criteris d&#8217;avaluaci\u00f3 espec\u00edfics a totes les mat\u00e8ries.<\/li>\n<li>Acompanyament personalitzat: Seguiment constant a trav\u00e9s de la tutoria i el suport del Departament d&#8217;Orientaci\u00f3 Educativa.<\/li>\n<\/ul>\n<p>&nbsp;<\/p>\n<p>Vols m\u00e9s informaci\u00f3? Si creus que aquest itinerari encaixa amb els teus objectius, posa&#8217;t en contacte amb la coordinaci\u00f3 de Batxillerat.<\/p>\n<p>&nbsp;<\/p>\n<h3><span style=\"color: #008080;\"><em><a style=\"color: #008080;\" href=\"https:\/\/agora.xtec.cat\/ins-dolors-aleu-barcelona\/wp-content\/uploads\/usu1296\/2022\/05\/1r-de-batxillerat-nou-curriculum.pptx\">Nou curr\u00edculum de 1r de Batxillerat<\/a><\/em><\/span><\/h3>\n<h3><em><a href=\"https:\/\/agora.xtec.cat\/ins-dolors-aleu-barcelona\/wp-content\/uploads\/usu1296\/2023\/05\/CURRICULUM-DE-2n-DE-BATXILLERAT.pdf\">Nou curr\u00edculum de 2n de Batxillerat<\/a><\/em><\/h3>\n<p>&nbsp;<\/p>\n<p style=\"font-weight: 400;\"><a href=\"https:\/\/agora.xtec.cat\/insjoanfuster\/wp-content\/uploads\/usu1296\/2021\/02\/estudiar-casa-ilustracion-fondo_188398-294.jpg\"><img loading=\"lazy\" decoding=\"async\" class=\"aligncenter wp-image-7128\" src=\"https:\/\/agora.xtec.cat\/insjoanfuster\/wp-content\/uploads\/usu1296\/2021\/02\/estudiar-casa-ilustracion-fondo_188398-294.jpg\" alt=\"\" width=\"278\" height=\"185\" srcset=\"https:\/\/agora.xtec.cat\/ins-dolors-aleu-barcelona\/wp-content\/uploads\/usu1296\/2021\/02\/estudiar-casa-ilustracion-fondo_188398-294.jpg 626w, https:\/\/agora.xtec.cat\/ins-dolors-aleu-barcelona\/wp-content\/uploads\/usu1296\/2021\/02\/estudiar-casa-ilustracion-fondo_188398-294-300x200.jpg 300w\" sizes=\"auto, (max-width: 278px) 100vw, 278px\" \/><\/a><\/p>\n<p style=\"font-weight: 400;\">\n<p>&nbsp;<\/p>\n","protected":false},"excerpt":{"rendered":"<p>Un batxillerat flexible<br \/>\nAl centre oferim el BatxPro, un itinerari de Batxillerat dissenyat espec\u00edficament per a l&#8217;alumnat que t\u00e9 com a objectiu continuar la seva formaci\u00f3 en un cicle formatiu de grau superior (CFGS)<br \/>\nA qui s&#8217;adre\u00e7a?<br \/>\nAquest programa est\u00e0 pensat per a alumnes que:<\/p>\n<ul>\n<li>Tenen un inter\u00e8s clar&hellip;  <a href=\"https:\/\/agora.xtec.cat\/ins-dolors-aleu-barcelona\/batxillerat\/batxpro\/\" title=\"Read Batx PRO\">Llegeix m\u00e9s\u00bb<\/a><br \/>\n","protected":false},"author":1,"featured_media":0,"parent":6366,"menu_order":0,"comment_status":"closed","ping_status":"closed","template":"","meta":{"_bbp_topic_count":0,"_bbp_reply_count":0,"_bbp_total_topic_count":0,"_bbp_total_reply_count":0,"_bbp_voice_count":0,"_bbp_anonymous_reply_count":0,"_bbp_topic_count_hidden":0,"_bbp_reply_count_hidden":0,"_bbp_forum_subforum_count":0,"footnotes":""},"class_list":["post-7126","page","type-page","status-publish","hentry"],"post_mailing_queue_ids":[],"_links":{"self":[{"href":"https:\/\/agora.xtec.cat\/ins-dolors-aleu-barcelona\/wp-json\/wp\/v2\/pages\/7126","targetHints":{"allow":["GET"]}}],"collection":[{"href":"https:\/\/agora.xtec.cat\/ins-dolors-aleu-barcelona\/wp-json\/wp\/v2\/pages"}],"about":[{"href":"https:\/\/agora.xtec.cat\/ins-dolors-aleu-barcelona\/wp-json\/wp\/v2\/types\/page"}],"author":[{"embeddable":true,"href":"https:\/\/agora.xtec.cat\/ins-dolors-aleu-barcelona\/wp-json\/wp\/v2\/users\/1"}],"replies":[{"embeddable":true,"href":"https:\/\/agora.xtec.cat\/ins-dolors-aleu-barcelona\/wp-json\/wp\/v2\/comments?post=7126"}],"version-history":[{"count":5,"href":"https:\/\/agora.xtec.cat\/ins-dolors-aleu-barcelona\/wp-json\/wp\/v2\/pages\/7126\/revisions"}],"predecessor-version":[{"id":15685,"href":"https:\/\/agora.xtec.cat\/ins-dolors-aleu-barcelona\/wp-json\/wp\/v2\/pages\/7126\/revisions\/15685"}],"up":[{"embeddable":true,"href":"https:\/\/agora.xtec.cat\/ins-dolors-aleu-barcelona\/wp-json\/wp\/v2\/pages\/6366"}],"wp:attachment":[{"href":"https:\/\/agora.xtec.cat\/ins-dolors-aleu-barcelona\/wp-json\/wp\/v2\/media?parent=7126"}],"curies":[{"name":"wp","href":"https:\/\/api.w.org\/{rel}","templated":true}]}}