{"id":6658,"date":"2020-12-01T09:31:36","date_gmt":"2020-12-01T08:31:36","guid":{"rendered":"https:\/\/agora.xtec.cat\/insjoanfuster\/?page_id=6658"},"modified":"2025-02-13T18:34:57","modified_gmt":"2025-02-13T17:34:57","slug":"organitzacio-curriculum","status":"publish","type":"page","link":"https:\/\/agora.xtec.cat\/ins-dolors-aleu-barcelona\/eso-2\/organitzacio-curriculum\/","title":{"rendered":"Projecte Educatiu ESO"},"content":{"rendered":"<div style=\"width: 100%;\">\n<div><\/div>\n<div>\n<p style=\"font-weight: 400;\"><span style=\"color: #00ccff;\"><strong>Apostem\u00a0<\/strong><\/span>per la participaci\u00f3, la motivaci\u00f3 i la innovaci\u00f3 educativa dels alumnes des de primer d&#8217;ESO fins a segon de batxillerat.<\/p>\n<p style=\"font-weight: 400;\"><span style=\"color: #00ccff;\"><strong>L\u2019ESO <\/strong><strong>et facilitar\u00e0<\/strong><\/span><\/p>\n<p style=\"font-weight: 400;\">&#8211;\u00a0\u00a0\u00a0\u00a0\u00a0\u00a0\u00a0\u00a0\u00a0\u00a0La <strong>cerca<\/strong>, la <strong>descoberta<\/strong> i <strong>l\u2019aprenentatge<\/strong> constant.<\/p>\n<p style=\"font-weight: 400;\">&#8211;\u00a0\u00a0\u00a0\u00a0\u00a0\u00a0\u00a0\u00a0\u00a0\u00a0La <strong>tria<\/strong> i la <strong>construcci\u00f3 de coneixements<\/strong> que t\u2019orientin i et gui\u00efn mitjan\u00e7ant el<strong> treball participatiu<\/strong>, <strong>experi\u00e8ncies<\/strong> <strong>innovadores<\/strong>, <strong>visites<\/strong>, <strong>viatges<\/strong>, <strong>intercanvis<\/strong>, obtenci\u00f3 <strong>d\u2019acreditacions<\/strong> <span style=\"color: #00ccff;\">(FIRST i DELF)\u00a0<\/span><strong>i<\/strong>\u00a0el foment de l\u2019<span style=\"color: #00ccff;\">STEAM.<\/span><\/p>\n<\/div>\n<p>&nbsp;<\/p>\n<div style=\"width: 100%;\">\n<div style=\"position: relative; padding-bottom: 56.25%; padding-top: 0; height: 0;\"><iframe loading=\"lazy\" style=\"position: absolute; top: 0; left: 0; width: 100%; height: 100%;\" src=\"https:\/\/view.genial.ly\/6087db2ef0fd100d362443f2\" width=\"1200\" height=\"675\" frameborder=\"0\" scrolling=\"yes\" allowfullscreen=\"allowfullscreen\"><\/iframe><\/div>\n<\/div>\n<\/div>\n<div style=\"width: 100%;\">\n<div>\n<div style=\"width: 100%;\">\n<div style=\"position: relative; padding-bottom: 56.25%; padding-top: 0; height: 0;\"><a style=\"font-family: inherit; font-size: 1em;\" href=\"https:\/\/agora.xtec.cat\/insjoanfuster\/wp-content\/uploads\/usu1296\/2020\/12\/WEB.-LESO-al-Fuster.pdf\">Organitzaci\u00f3 curr\u00edculum<\/a><\/div>\n<\/div>\n<\/div>\n<\/div>\n","protected":false},"excerpt":{"rendered":"<p>Apostem\u00a0per la participaci\u00f3, la motivaci\u00f3 i la innovaci\u00f3 educativa dels alumnes des de primer d&#8217;ESO fins a segon de batxillerat.<br \/>\nL\u2019ESO et facilitar\u00e0<br \/>\n&#8211;\u00a0\u00a0\u00a0\u00a0\u00a0\u00a0\u00a0\u00a0\u00a0\u00a0La cerca, la descoberta i l\u2019aprenentatge constant.<br \/>\n&#8211;\u00a0\u00a0\u00a0\u00a0\u00a0\u00a0\u00a0\u00a0\u00a0\u00a0La tria i la construcci\u00f3 de coneixements que t\u2019orientin i et gui\u00efn mitjan\u00e7ant el treball participatiu, experi\u00e8ncies innovadores,&hellip;  <a href=\"https:\/\/agora.xtec.cat\/ins-dolors-aleu-barcelona\/eso-2\/organitzacio-curriculum\/\" title=\"Read Projecte Educatiu ESO\">Llegeix m\u00e9s\u00bb<\/a><\/p>\n","protected":false},"author":1,"featured_media":0,"parent":6360,"menu_order":0,"comment_status":"closed","ping_status":"closed","template":"","meta":{"_bbp_topic_count":0,"_bbp_reply_count":0,"_bbp_total_topic_count":0,"_bbp_total_reply_count":0,"_bbp_voice_count":0,"_bbp_anonymous_reply_count":0,"_bbp_topic_count_hidden":0,"_bbp_reply_count_hidden":0,"_bbp_forum_subforum_count":0,"footnotes":""},"class_list":["post-6658","page","type-page","status-publish","hentry"],"post_mailing_queue_ids":[],"_links":{"self":[{"href":"https:\/\/agora.xtec.cat\/ins-dolors-aleu-barcelona\/wp-json\/wp\/v2\/pages\/6658","targetHints":{"allow":["GET"]}}],"collection":[{"href":"https:\/\/agora.xtec.cat\/ins-dolors-aleu-barcelona\/wp-json\/wp\/v2\/pages"}],"about":[{"href":"https:\/\/agora.xtec.cat\/ins-dolors-aleu-barcelona\/wp-json\/wp\/v2\/types\/page"}],"author":[{"embeddable":true,"href":"https:\/\/agora.xtec.cat\/ins-dolors-aleu-barcelona\/wp-json\/wp\/v2\/users\/1"}],"replies":[{"embeddable":true,"href":"https:\/\/agora.xtec.cat\/ins-dolors-aleu-barcelona\/wp-json\/wp\/v2\/comments?post=6658"}],"version-history":[{"count":5,"href":"https:\/\/agora.xtec.cat\/ins-dolors-aleu-barcelona\/wp-json\/wp\/v2\/pages\/6658\/revisions"}],"predecessor-version":[{"id":13594,"href":"https:\/\/agora.xtec.cat\/ins-dolors-aleu-barcelona\/wp-json\/wp\/v2\/pages\/6658\/revisions\/13594"}],"up":[{"embeddable":true,"href":"https:\/\/agora.xtec.cat\/ins-dolors-aleu-barcelona\/wp-json\/wp\/v2\/pages\/6360"}],"wp:attachment":[{"href":"https:\/\/agora.xtec.cat\/ins-dolors-aleu-barcelona\/wp-json\/wp\/v2\/media?parent=6658"}],"curies":[{"name":"wp","href":"https:\/\/api.w.org\/{rel}","templated":true}]}}