{"id":6631,"date":"2020-11-30T08:19:48","date_gmt":"2020-11-30T07:19:48","guid":{"rendered":"https:\/\/agora.xtec.cat\/insjoanfuster\/?page_id=6631"},"modified":"2022-12-12T17:11:11","modified_gmt":"2022-12-12T16:11:11","slug":"linies-estrategiques","status":"publish","type":"page","link":"https:\/\/agora.xtec.cat\/ins-dolors-aleu-barcelona\/linstitut\/linies-estrategiques\/","title":{"rendered":"M\u00e8tode Aleu"},"content":{"rendered":"<p style=\"font-weight: 400;\"><span style=\"color: #00ccff;\"><strong>A l&#8217;Aleu trobar\u00e0s:<\/strong><\/span><\/p>\n<ul>\n<li style=\"font-weight: 400;\">Un ambient acollidor, de treball i d\u2019estudi Itineraris especialitzats<\/li>\n<li style=\"font-weight: 400;\">Professionals preparats que acompanyem el teu cam\u00ed<\/li>\n<li style=\"font-weight: 400;\">La m\u00e0xima flu\u00efdesa comunicativa<\/li>\n<\/ul>\n<p style=\"font-weight: 400;\"><span style=\"color: #00ccff;\"><strong>A l&#8217;Aleu pensem en el teu futur i et proporcionem:<\/strong><\/span><\/p>\n<ul>\n<li style=\"font-weight: 400;\">Tutories d\u2019orientaci\u00f3<\/li>\n<li style=\"font-weight: 400;\">Itineraris especialitzats\u00a0per cercar i descobrir la teva vocaci\u00f3<\/li>\n<li style=\"font-weight: 400;\">Suport, acompanyament per formar-te en all\u00f2 que t\u2019apassiona<\/li>\n<\/ul>\n<p style=\"font-weight: 400;\"><span style=\"color: #00ccff;\"><strong>A l&#8217;Aleu pots triar el teu propi cam\u00ed:<\/strong><\/span><\/p>\n<ul>\n<li style=\"font-weight: 400;\">Experimenta i desenvolupa les teves compet\u00e8ncies a l\u2019ESO<\/li>\n<li style=\"font-weight: 400;\">Potencia i fomenta les teves capacitats al batxillerat [Cient\u00edfic-Tecnol\u00f2gic, Human\u00edstic-Social o al Batx PRO (Novetat!!)]<\/li>\n<li style=\"font-weight: 400;\">Assoleix la plena consci\u00e8ncia de quin \u00e9s el teu repte, la teva passi\u00f3, la teva vocaci\u00f3<\/li>\n<\/ul>\n<p style=\"font-weight: 400;\"><span style=\"color: #00ccff;\"><strong>Vine i fes cam\u00ed&#8230; Fem cam\u00ed<\/strong><\/span><\/p>\n","protected":false},"excerpt":{"rendered":"<p>A l&#8217;Aleu trobar\u00e0s:<\/p>\n<ul>\n<li style=\"font-weight: 400;\">Un ambient acollidor, de treball i d\u2019estudi Itineraris especialitzats<\/li>\n<li style=\"font-weight: 400;\">Professionals preparats que acompanyem el teu cam\u00ed<\/li>\n<li style=\"font-weight: 400;\">La m\u00e0xima flu\u00efdesa comunicativa<\/li>\n<\/ul>\n<p>A l&#8217;Aleu pensem en el teu futur i et proporcionem:<\/p>\n<ul>\n<li style=\"font-weight: 400;\">Tutories d\u2019orientaci\u00f3<\/li>\n<li style=\"font-weight: 400;\">Itineraris especialitzats\u00a0per cercar i descobrir la&hellip;  <a href=\"https:\/\/agora.xtec.cat\/ins-dolors-aleu-barcelona\/linstitut\/linies-estrategiques\/\" title=\"Read M\u00e8tode Aleu\">Llegeix m\u00e9s\u00bb<\/a><br \/>\n","protected":false},"author":1,"featured_media":0,"parent":19,"menu_order":0,"comment_status":"closed","ping_status":"closed","template":"","meta":{"_bbp_topic_count":0,"_bbp_reply_count":0,"_bbp_total_topic_count":0,"_bbp_total_reply_count":0,"_bbp_voice_count":0,"_bbp_anonymous_reply_count":0,"_bbp_topic_count_hidden":0,"_bbp_reply_count_hidden":0,"_bbp_forum_subforum_count":0,"footnotes":""},"class_list":["post-6631","page","type-page","status-publish","hentry"],"post_mailing_queue_ids":[],"_links":{"self":[{"href":"https:\/\/agora.xtec.cat\/ins-dolors-aleu-barcelona\/wp-json\/wp\/v2\/pages\/6631","targetHints":{"allow":["GET"]}}],"collection":[{"href":"https:\/\/agora.xtec.cat\/ins-dolors-aleu-barcelona\/wp-json\/wp\/v2\/pages"}],"about":[{"href":"https:\/\/agora.xtec.cat\/ins-dolors-aleu-barcelona\/wp-json\/wp\/v2\/types\/page"}],"author":[{"embeddable":true,"href":"https:\/\/agora.xtec.cat\/ins-dolors-aleu-barcelona\/wp-json\/wp\/v2\/users\/1"}],"replies":[{"embeddable":true,"href":"https:\/\/agora.xtec.cat\/ins-dolors-aleu-barcelona\/wp-json\/wp\/v2\/comments?post=6631"}],"version-history":[{"count":3,"href":"https:\/\/agora.xtec.cat\/ins-dolors-aleu-barcelona\/wp-json\/wp\/v2\/pages\/6631\/revisions"}],"predecessor-version":[{"id":10005,"href":"https:\/\/agora.xtec.cat\/ins-dolors-aleu-barcelona\/wp-json\/wp\/v2\/pages\/6631\/revisions\/10005"}],"up":[{"embeddable":true,"href":"https:\/\/agora.xtec.cat\/ins-dolors-aleu-barcelona\/wp-json\/wp\/v2\/pages\/19"}],"wp:attachment":[{"href":"https:\/\/agora.xtec.cat\/ins-dolors-aleu-barcelona\/wp-json\/wp\/v2\/media?parent=6631"}],"curies":[{"name":"wp","href":"https:\/\/api.w.org\/{rel}","templated":true}]}}