{"id":6490,"date":"2020-11-23T10:45:24","date_gmt":"2020-11-23T09:45:24","guid":{"rendered":"https:\/\/agora.xtec.cat\/insjoanfuster\/?page_id=6490"},"modified":"2021-04-20T08:02:13","modified_gmt":"2021-04-20T06:02:13","slug":"tg-1r-eso","status":"publish","type":"page","link":"https:\/\/agora.xtec.cat\/ins-dolors-aleu-barcelona\/innovacio-i-creativitat\/tg-1r-eso\/","title":{"rendered":"Projecte 1R ESO (La Ciutat)"},"content":{"rendered":"<h3><iframe loading=\"lazy\" src=\"\/\/www.youtube.com\/embed\/1HOmilHiokU\" width=\"560\" height=\"314\"><\/iframe><\/h3>\n<h3><span style=\"color: #000080;\">Primera Part del projecte<\/span><\/h3>\n<p>El projecte girar\u00e0 entorn de la nostra ciutat, Barcelona.<\/p>\n<p>Al llarg del curs realitzarem una s\u00e8rie de projectes que ens ajudaran a con\u00e8ixer millor la ciutat on vivim, comen\u00e7arem pel nostre entorn m\u00e9s immediat, observarem, passejarem, fotografiarem i gaudirem dels espais que ens s\u00f3n m\u00e9s propers, com el nostre carrer, la nostra pla\u00e7a, la nostra escola&#8230; i a mesura que avan\u00e7ar\u00e0 el curs ens endinsarem en aspectes m\u00e9s diversos, com la gent que hi viu, all\u00f2 que podem aportar nosaltres per millorar la ciutat&#8230;<\/p>\n<p><img loading=\"lazy\" decoding=\"async\" class=\"size-full wp-image-6574 alignnone\" src=\"https:\/\/agora.xtec.cat\/insjoanfuster\/wp-content\/uploads\/usu1296\/2020\/11\/Foto-1.jpg\" alt=\"\" width=\"364\" height=\"203\" srcset=\"https:\/\/agora.xtec.cat\/ins-dolors-aleu-barcelona\/wp-content\/uploads\/usu1296\/2020\/11\/Foto-1.jpg 364w, https:\/\/agora.xtec.cat\/ins-dolors-aleu-barcelona\/wp-content\/uploads\/usu1296\/2020\/11\/Foto-1-300x167.jpg 300w\" sizes=\"auto, (max-width: 364px) 100vw, 364px\" \/><img loading=\"lazy\" decoding=\"async\" class=\" wp-image-6575 alignnone\" src=\"https:\/\/agora.xtec.cat\/insjoanfuster\/wp-content\/uploads\/usu1296\/2020\/11\/Foto-2.jpg\" alt=\"\" width=\"310\" height=\"203\" \/><img loading=\"lazy\" decoding=\"async\" class=\"size-full wp-image-6576 alignnone\" src=\"https:\/\/agora.xtec.cat\/insjoanfuster\/wp-content\/uploads\/usu1296\/2020\/11\/Foto-3.jpg\" alt=\"\" width=\"292\" height=\"195\" \/><img loading=\"lazy\" decoding=\"async\" class=\" wp-image-6577 alignnone\" src=\"https:\/\/agora.xtec.cat\/insjoanfuster\/wp-content\/uploads\/usu1296\/2020\/11\/Foto-4.jpg\" alt=\"\" width=\"261\" height=\"196\" srcset=\"https:\/\/agora.xtec.cat\/ins-dolors-aleu-barcelona\/wp-content\/uploads\/usu1296\/2020\/11\/Foto-4.jpg 319w, https:\/\/agora.xtec.cat\/ins-dolors-aleu-barcelona\/wp-content\/uploads\/usu1296\/2020\/11\/Foto-4-300x226.jpg 300w, https:\/\/agora.xtec.cat\/ins-dolors-aleu-barcelona\/wp-content\/uploads\/usu1296\/2020\/11\/Foto-4-200x150.jpg 200w\" sizes=\"auto, (max-width: 261px) 100vw, 261px\" \/><\/p>\n<h3><\/h3>\n<h3><span style=\"color: #000080;\">Segona part del Projecte<\/span><\/h3>\n<p>En la segona part del projecte, els alumnes de primer d&#8217;ESO comencen a pintar i a muntar tot el decorat per poder representar l&#8217;obra que faran posteriorment.<\/p>\n<h2><a href=\"https:\/\/agora.xtec.cat\/insjoanfuster\/wp-content\/uploads\/usu1296\/2021\/02\/IMG_20210120_105215.jpg\"><img loading=\"lazy\" decoding=\"async\" class=\" wp-image-7199 alignleft\" src=\"https:\/\/agora.xtec.cat\/insjoanfuster\/wp-content\/uploads\/usu1296\/2021\/02\/IMG_20210120_105215-1024x861.jpg\" alt=\"\" width=\"393\" height=\"330\" srcset=\"https:\/\/agora.xtec.cat\/ins-dolors-aleu-barcelona\/wp-content\/uploads\/usu1296\/2021\/02\/IMG_20210120_105215-1024x861.jpg 1024w, https:\/\/agora.xtec.cat\/ins-dolors-aleu-barcelona\/wp-content\/uploads\/usu1296\/2021\/02\/IMG_20210120_105215-300x252.jpg 300w, https:\/\/agora.xtec.cat\/ins-dolors-aleu-barcelona\/wp-content\/uploads\/usu1296\/2021\/02\/IMG_20210120_105215-768x646.jpg 768w\" sizes=\"auto, (max-width: 393px) 100vw, 393px\" \/><\/a><\/h2>\n<h3><\/h3>\n<h3><a href=\"https:\/\/agora.xtec.cat\/insjoanfuster\/wp-content\/uploads\/usu1296\/2021\/04\/IMG_20210120_100744.jpg\"><img loading=\"lazy\" decoding=\"async\" class=\"wp-image-7560 alignnone\" src=\"https:\/\/agora.xtec.cat\/insjoanfuster\/wp-content\/uploads\/usu1296\/2021\/04\/IMG_20210120_100744-1024x653.jpg\" alt=\"\" width=\"439\" height=\"280\" srcset=\"https:\/\/agora.xtec.cat\/ins-dolors-aleu-barcelona\/wp-content\/uploads\/usu1296\/2021\/04\/IMG_20210120_100744-1024x653.jpg 1024w, https:\/\/agora.xtec.cat\/ins-dolors-aleu-barcelona\/wp-content\/uploads\/usu1296\/2021\/04\/IMG_20210120_100744-300x191.jpg 300w, https:\/\/agora.xtec.cat\/ins-dolors-aleu-barcelona\/wp-content\/uploads\/usu1296\/2021\/04\/IMG_20210120_100744-768x490.jpg 768w\" sizes=\"auto, (max-width: 439px) 100vw, 439px\" \/><\/a><\/h3>\n<p>&nbsp;<\/p>\n<h3><\/h3>\n<h3><span style=\"color: #0000ff;\">Tercera part del projecte<\/span><\/h3>\n<p>En aquesta tercera part del treball per projectes, els nostres alumnes han utilitzat una eina a l&#8217;hora de treballar aquesta part, l&#8217;eina ha sigut utilitzar infografies. Aquestes infografies serveixen per mostrar la recerca dels punts d&#8217;inter\u00e8s cercats per als alumnes.<\/p>\n<p><a href=\"https:\/\/agora.xtec.cat\/insjoanfuster\/wp-content\/uploads\/usu1296\/2021\/04\/infografia-1.jpg\"><img loading=\"lazy\" decoding=\"async\" class=\"size-full wp-image-7567 alignleft\" src=\"https:\/\/agora.xtec.cat\/insjoanfuster\/wp-content\/uploads\/usu1296\/2021\/04\/infografia-1.jpg\" alt=\"\" width=\"199\" height=\"503\" srcset=\"https:\/\/agora.xtec.cat\/ins-dolors-aleu-barcelona\/wp-content\/uploads\/usu1296\/2021\/04\/infografia-1.jpg 199w, https:\/\/agora.xtec.cat\/ins-dolors-aleu-barcelona\/wp-content\/uploads\/usu1296\/2021\/04\/infografia-1-119x300.jpg 119w\" sizes=\"auto, (max-width: 199px) 100vw, 199px\" \/><\/a><\/p>\n<p><a href=\"https:\/\/agora.xtec.cat\/insjoanfuster\/wp-content\/uploads\/usu1296\/2021\/04\/Leire.png\"><img loading=\"lazy\" decoding=\"async\" class=\" wp-image-7568 alignnone\" src=\"https:\/\/agora.xtec.cat\/insjoanfuster\/wp-content\/uploads\/usu1296\/2021\/04\/Leire.png\" alt=\"\" width=\"198\" height=\"485\" srcset=\"https:\/\/agora.xtec.cat\/ins-dolors-aleu-barcelona\/wp-content\/uploads\/usu1296\/2021\/04\/Leire.png 202w, https:\/\/agora.xtec.cat\/ins-dolors-aleu-barcelona\/wp-content\/uploads\/usu1296\/2021\/04\/Leire-122x300.png 122w\" sizes=\"auto, (max-width: 198px) 100vw, 198px\" \/><\/a><\/p>\n<p>&nbsp;<\/p>\n<h3><span style=\"color: #0000ff;\">\u00daltima part del projecte<\/span><\/h3>\n<p>En aquesta \u00faltima part del projecte, els alumnes de primer d&#8217;ESO han pogut fer el seu itinerari, mostrant els punts d&#8217;inter\u00e8s que han escollit.<\/p>\n<p><a href=\"https:\/\/agora.xtec.cat\/insjoanfuster\/wp-content\/uploads\/usu1296\/2021\/04\/FotoJet.jpg\"><img loading=\"lazy\" decoding=\"async\" class=\"aligncenter size-large wp-image-7635\" src=\"https:\/\/agora.xtec.cat\/insjoanfuster\/wp-content\/uploads\/usu1296\/2021\/04\/FotoJet-1024x1024.jpg\" alt=\"\" width=\"1024\" height=\"1024\" srcset=\"https:\/\/agora.xtec.cat\/ins-dolors-aleu-barcelona\/wp-content\/uploads\/usu1296\/2021\/04\/FotoJet-1024x1024.jpg 1024w, https:\/\/agora.xtec.cat\/ins-dolors-aleu-barcelona\/wp-content\/uploads\/usu1296\/2021\/04\/FotoJet-150x150.jpg 150w, https:\/\/agora.xtec.cat\/ins-dolors-aleu-barcelona\/wp-content\/uploads\/usu1296\/2021\/04\/FotoJet-300x300.jpg 300w, https:\/\/agora.xtec.cat\/ins-dolors-aleu-barcelona\/wp-content\/uploads\/usu1296\/2021\/04\/FotoJet-768x768.jpg 768w, https:\/\/agora.xtec.cat\/ins-dolors-aleu-barcelona\/wp-content\/uploads\/usu1296\/2021\/04\/FotoJet.jpg 1200w\" sizes=\"auto, (max-width: 1024px) 100vw, 1024px\" \/><\/a><\/p>\n<p>&nbsp;<\/p>\n","protected":false},"excerpt":{"rendered":"<p>Primera Part del projecte<br \/>\nEl projecte girar\u00e0 entorn de la nostra ciutat, Barcelona.<br \/>\nAl llarg del curs realitzarem una s\u00e8rie de projectes que ens ajudaran a con\u00e8ixer millor la ciutat on vivim, comen\u00e7arem pel nostre entorn m\u00e9s immediat, observarem, passejarem, fotografiarem i gaudirem dels espais que ens&hellip;  <a href=\"https:\/\/agora.xtec.cat\/ins-dolors-aleu-barcelona\/innovacio-i-creativitat\/tg-1r-eso\/\" title=\"Read Projecte 1R ESO (La Ciutat)\">Llegeix m\u00e9s\u00bb<\/a><\/p>\n","protected":false},"author":1,"featured_media":0,"parent":6320,"menu_order":0,"comment_status":"closed","ping_status":"closed","template":"","meta":{"_bbp_topic_count":0,"_bbp_reply_count":0,"_bbp_total_topic_count":0,"_bbp_total_reply_count":0,"_bbp_voice_count":0,"_bbp_anonymous_reply_count":0,"_bbp_topic_count_hidden":0,"_bbp_reply_count_hidden":0,"_bbp_forum_subforum_count":0,"footnotes":""},"class_list":["post-6490","page","type-page","status-publish","hentry"],"post_mailing_queue_ids":[],"_links":{"self":[{"href":"https:\/\/agora.xtec.cat\/ins-dolors-aleu-barcelona\/wp-json\/wp\/v2\/pages\/6490","targetHints":{"allow":["GET"]}}],"collection":[{"href":"https:\/\/agora.xtec.cat\/ins-dolors-aleu-barcelona\/wp-json\/wp\/v2\/pages"}],"about":[{"href":"https:\/\/agora.xtec.cat\/ins-dolors-aleu-barcelona\/wp-json\/wp\/v2\/types\/page"}],"author":[{"embeddable":true,"href":"https:\/\/agora.xtec.cat\/ins-dolors-aleu-barcelona\/wp-json\/wp\/v2\/users\/1"}],"replies":[{"embeddable":true,"href":"https:\/\/agora.xtec.cat\/ins-dolors-aleu-barcelona\/wp-json\/wp\/v2\/comments?post=6490"}],"version-history":[{"count":3,"href":"https:\/\/agora.xtec.cat\/ins-dolors-aleu-barcelona\/wp-json\/wp\/v2\/pages\/6490\/revisions"}],"predecessor-version":[{"id":7636,"href":"https:\/\/agora.xtec.cat\/ins-dolors-aleu-barcelona\/wp-json\/wp\/v2\/pages\/6490\/revisions\/7636"}],"up":[{"embeddable":true,"href":"https:\/\/agora.xtec.cat\/ins-dolors-aleu-barcelona\/wp-json\/wp\/v2\/pages\/6320"}],"wp:attachment":[{"href":"https:\/\/agora.xtec.cat\/ins-dolors-aleu-barcelona\/wp-json\/wp\/v2\/media?parent=6490"}],"curies":[{"name":"wp","href":"https:\/\/api.w.org\/{rel}","templated":true}]}}