{"id":6468,"date":"2020-11-23T08:43:35","date_gmt":"2020-11-23T07:43:35","guid":{"rendered":"https:\/\/agora.xtec.cat\/insjoanfuster\/?page_id=6468"},"modified":"2021-05-28T09:28:53","modified_gmt":"2021-05-28T07:28:53","slug":"tg2-les-ciutats-del-mon","status":"publish","type":"page","link":"https:\/\/agora.xtec.cat\/ins-dolors-aleu-barcelona\/treball-globalitzat\/tg2-les-ciutats-del-mon\/","title":{"rendered":"Projecte 2 ESO (Maqueta medieval, Ciutats del m\u00f3n, Multiculturalitat)"},"content":{"rendered":"<h1><span style=\"color: #008080;\">Projecte 2 Maqueta d&#8217;un edifici medieval<\/span><\/h1>\n<p>L&#8217;alumnat de 2n d&#8217;ESO ha iniciat un nou projecte en el marc del Treball per projectes. Aquest t\u00e9 com a objectiu final la construcci\u00f3 de la maqueta d&#8217;un edifici medieval. Per arribar al producte final, l&#8217;alumnat investigar\u00e0 sobre l&#8217;art rom\u00e0nic i g\u00f2tic, calcular\u00e0 les escales d&#8217;un edifici i escriur\u00e0 les seves caracter\u00edstiques en angl\u00e8s.<\/p>\n<p><a href=\"https:\/\/agora.xtec.cat\/insjoanfuster\/wp-content\/uploads\/usu1296\/2021\/03\/20210211_100503-1.jpg\"><img loading=\"lazy\" decoding=\"async\" class=\"aligncenter size-large wp-image-7424\" src=\"https:\/\/agora.xtec.cat\/insjoanfuster\/wp-content\/uploads\/usu1296\/2021\/03\/20210211_100503-1-1024x828.jpg\" alt=\"\" width=\"1024\" height=\"828\" srcset=\"https:\/\/agora.xtec.cat\/ins-dolors-aleu-barcelona\/wp-content\/uploads\/usu1296\/2021\/03\/20210211_100503-1-1024x828.jpg 1024w, https:\/\/agora.xtec.cat\/ins-dolors-aleu-barcelona\/wp-content\/uploads\/usu1296\/2021\/03\/20210211_100503-1-300x243.jpg 300w, https:\/\/agora.xtec.cat\/ins-dolors-aleu-barcelona\/wp-content\/uploads\/usu1296\/2021\/03\/20210211_100503-1-768x621.jpg 768w\" sizes=\"auto, (max-width: 1024px) 100vw, 1024px\" \/><\/a><\/p>\n<p>L&#8217;activitat que presentem en aquestes fotografies \u00e9s una din\u00e0mica que vam fer servir per presentar el nou projecte. Cada grup disposava de 5 fulls en blanc i d&#8217;un rotlle de cel\u00b7lo per a fer una construcci\u00f3 que s&#8217;aixequ\u00e9s un pam de la taula i que pogu\u00e9s suportar el pes del seu ordinador port\u00e0til.<\/p>\n<p>Tots els grups van implicar-se molt per assolir aquest repte.<\/p>\n<p><a href=\"https:\/\/agora.xtec.cat\/insjoanfuster\/wp-content\/uploads\/usu1296\/2021\/03\/20210211_100014-1.jpg\"><img loading=\"lazy\" decoding=\"async\" class=\"aligncenter size-large wp-image-7425\" src=\"https:\/\/agora.xtec.cat\/insjoanfuster\/wp-content\/uploads\/usu1296\/2021\/03\/20210211_100014-1-1024x726.jpg\" alt=\"\" width=\"1024\" height=\"726\" srcset=\"https:\/\/agora.xtec.cat\/ins-dolors-aleu-barcelona\/wp-content\/uploads\/usu1296\/2021\/03\/20210211_100014-1-1024x726.jpg 1024w, https:\/\/agora.xtec.cat\/ins-dolors-aleu-barcelona\/wp-content\/uploads\/usu1296\/2021\/03\/20210211_100014-1-300x213.jpg 300w, https:\/\/agora.xtec.cat\/ins-dolors-aleu-barcelona\/wp-content\/uploads\/usu1296\/2021\/03\/20210211_100014-1-768x544.jpg 768w\" sizes=\"auto, (max-width: 1024px) 100vw, 1024px\" \/><\/a><br \/>\n#treballglobalitzat #treballperprojectes #tg #segoneso #din\u00e1mica #femfuster<\/p>\n<p>&nbsp;<\/p>\n<h1><span style=\"color: #008080;\">Projecte 2 Ciutats del m\u00f3n<\/span><\/h1>\n<p>Els alumnes de 2n d&#8217;ESO de l&#8217;Institut Joan Fuster, a les hores de Treball Globalitzat i dintre del marc de la Pauta de Treball Com\u00fa (PTC) dedicada al joc durant aquesta setmana, han jugat al Joc de les Ciutats del M\u00f3n. Una primera aproximaci\u00f3 al joc que, durant les pr\u00f2ximes setmanes elles mateixes elaboraran i que despr\u00e9s ens presentaran.<br \/>\nEl joc tenia una mec\u00e0nica ben senzilla, cadasc\u00fa del grup escrivia el nom d&#8217;una ciutat del m\u00f3n en una targeta, fins a tres targetes. Despr\u00e9s competien contra un altre grup. La competici\u00f3 consisteix a fer que, un cop barrejades les targetes d&#8217;ambd\u00f3s grups i, ubicats de manera alterna, un membre del grup havia de fer encertar a la resta del seu grup el m\u00e0xim nombre de ciutats en 30 segons de temps. Hi havia 4 rondes, una per a cada manera de fer encertar les ciutats. La primera ronda a trav\u00e9s d&#8217;una definici\u00f3, la segona a trav\u00e9s d&#8217;una sola paraula, la tercera amb m\u00edmica i la quarta a trav\u00e9s d&#8217;un soroll o can\u00e7\u00f3. Al final de cada ronda en recompten els punts i, un cop finalitzades les quatre rondes, guanya qui m\u00e9s punts (ciutats encertades) tingui.<\/p>\n<p><a href=\"https:\/\/agora.xtec.cat\/insjoanfuster\/wp-content\/uploads\/usu1296\/2020\/12\/photo5951571272406251136.jpg\"><img loading=\"lazy\" decoding=\"async\" class=\" wp-image-6837 alignleft\" src=\"https:\/\/agora.xtec.cat\/insjoanfuster\/wp-content\/uploads\/usu1296\/2020\/12\/photo5951571272406251136-1024x768.jpg\" alt=\"\" width=\"369\" height=\"277\" srcset=\"https:\/\/agora.xtec.cat\/ins-dolors-aleu-barcelona\/wp-content\/uploads\/usu1296\/2020\/12\/photo5951571272406251136-1024x768.jpg 1024w, https:\/\/agora.xtec.cat\/ins-dolors-aleu-barcelona\/wp-content\/uploads\/usu1296\/2020\/12\/photo5951571272406251136-300x225.jpg 300w, https:\/\/agora.xtec.cat\/ins-dolors-aleu-barcelona\/wp-content\/uploads\/usu1296\/2020\/12\/photo5951571272406251136-768x576.jpg 768w, https:\/\/agora.xtec.cat\/ins-dolors-aleu-barcelona\/wp-content\/uploads\/usu1296\/2020\/12\/photo5951571272406251136-200x150.jpg 200w, https:\/\/agora.xtec.cat\/ins-dolors-aleu-barcelona\/wp-content\/uploads\/usu1296\/2020\/12\/photo5951571272406251136.jpg 1280w\" sizes=\"auto, (max-width: 369px) 100vw, 369px\" \/><\/a> <a href=\"https:\/\/agora.xtec.cat\/insjoanfuster\/wp-content\/uploads\/usu1296\/2020\/12\/photo5951571272406251142.jpg\"><img loading=\"lazy\" decoding=\"async\" class=\"wp-image-6838 alignnone\" src=\"https:\/\/agora.xtec.cat\/insjoanfuster\/wp-content\/uploads\/usu1296\/2020\/12\/photo5951571272406251142-1024x768.jpg\" alt=\"\" width=\"384\" height=\"288\" srcset=\"https:\/\/agora.xtec.cat\/ins-dolors-aleu-barcelona\/wp-content\/uploads\/usu1296\/2020\/12\/photo5951571272406251142-1024x768.jpg 1024w, https:\/\/agora.xtec.cat\/ins-dolors-aleu-barcelona\/wp-content\/uploads\/usu1296\/2020\/12\/photo5951571272406251142-300x225.jpg 300w, https:\/\/agora.xtec.cat\/ins-dolors-aleu-barcelona\/wp-content\/uploads\/usu1296\/2020\/12\/photo5951571272406251142-768x576.jpg 768w, https:\/\/agora.xtec.cat\/ins-dolors-aleu-barcelona\/wp-content\/uploads\/usu1296\/2020\/12\/photo5951571272406251142-200x150.jpg 200w, https:\/\/agora.xtec.cat\/ins-dolors-aleu-barcelona\/wp-content\/uploads\/usu1296\/2020\/12\/photo5951571272406251142.jpg 1280w\" sizes=\"auto, (max-width: 384px) 100vw, 384px\" \/><\/a><\/p>\n<header class=\"entry-header\">\n<h1 class=\"entry-title\"><span style=\"color: #008080;\">Projecte 2 Multiculturalitat<\/span><\/h1>\n<\/header>\n<div class=\"entry-content\">\n<p>L\u2019alumnat de 2n d\u2019ESO ha finalitzat el seu primer projecte en el marc del treball globalitzat. Aquest ha consistit a escriure una escaleta, un\u00a0<em>storyboard<\/em>\u00a0i un gui\u00f3 per despr\u00e9s gravar un curtmetratge sobre alguna conducta discriminat\u00f2ria en relaci\u00f3 amb la interculturalitat, amb el suport de l\u2019entitat externa de <em>El Parlante<\/em>.<\/p>\n<p>En aquest v\u00eddeo podeu veure algunes imatges del proc\u00e9s de creaci\u00f3 de l\u2019escaleta, del gui\u00f3 i del proc\u00e9s de gravaci\u00f3 dels curts, aix\u00ed com algunes impressions del seu professorat.<\/p>\n<p>Des d\u2019aqu\u00ed volem felicitar el nostre alumnat i a <a href=\"https:\/\/elparlante.es\/ca\/\">El Parlante Bcn<\/a>\u00a0per la bona feina!<\/p>\n<p><iframe loading=\"lazy\" src=\"\/\/www.youtube.com\/embed\/0Iw-dcF1BkQ\" width=\"560\" height=\"314\"><\/iframe><\/p>\n<h2><span style=\"color: #008080;\">Sortida per a la Barcelona antiga<\/span><\/h2>\n<p>El passat 27 de Maig els alumnes de segon d\u2019ESO vam realitzar una sortida, per al treball per projectes i era investigar i fer com un itinerari de com era Barcelona en l\u2019edat Medieval, observant tots els tipus de monuments que hi havia per al centre de Barcelona.<\/p>\n<p>Tot seguit visitant des de pla\u00e7a Universitat, passejant pels antics carrers de Barcelona, observant l\u2019estil g\u00f2tic i medieval de cada monument, observant la catedral de Barcelona, entre altres monuments mes.<\/p>\n<p><a href=\"https:\/\/agora.xtec.cat\/insjoanfuster\/wp-content\/uploads\/usu1296\/2021\/05\/IMG_20210527_104656-min.jpg\"><img loading=\"lazy\" decoding=\"async\" class=\"aligncenter size-large wp-image-7848\" src=\"https:\/\/agora.xtec.cat\/insjoanfuster\/wp-content\/uploads\/usu1296\/2021\/05\/IMG_20210527_104656-min-1024x768.jpg\" alt=\"\" width=\"1024\" height=\"768\" srcset=\"https:\/\/agora.xtec.cat\/ins-dolors-aleu-barcelona\/wp-content\/uploads\/usu1296\/2021\/05\/IMG_20210527_104656-min-1024x768.jpg 1024w, https:\/\/agora.xtec.cat\/ins-dolors-aleu-barcelona\/wp-content\/uploads\/usu1296\/2021\/05\/IMG_20210527_104656-min-300x225.jpg 300w, https:\/\/agora.xtec.cat\/ins-dolors-aleu-barcelona\/wp-content\/uploads\/usu1296\/2021\/05\/IMG_20210527_104656-min-768x576.jpg 768w, https:\/\/agora.xtec.cat\/ins-dolors-aleu-barcelona\/wp-content\/uploads\/usu1296\/2021\/05\/IMG_20210527_104656-min-200x150.jpg 200w\" sizes=\"auto, (max-width: 1024px) 100vw, 1024px\" \/><\/a><\/p>\n<p><a href=\"https:\/\/agora.xtec.cat\/insjoanfuster\/wp-content\/uploads\/usu1296\/2021\/05\/IMG_20210527_112110-min.jpg\"><img loading=\"lazy\" decoding=\"async\" class=\"aligncenter size-large wp-image-7849\" src=\"https:\/\/agora.xtec.cat\/insjoanfuster\/wp-content\/uploads\/usu1296\/2021\/05\/IMG_20210527_112110-min-1024x768.jpg\" alt=\"\" width=\"1024\" height=\"768\" srcset=\"https:\/\/agora.xtec.cat\/ins-dolors-aleu-barcelona\/wp-content\/uploads\/usu1296\/2021\/05\/IMG_20210527_112110-min-1024x768.jpg 1024w, https:\/\/agora.xtec.cat\/ins-dolors-aleu-barcelona\/wp-content\/uploads\/usu1296\/2021\/05\/IMG_20210527_112110-min-300x225.jpg 300w, https:\/\/agora.xtec.cat\/ins-dolors-aleu-barcelona\/wp-content\/uploads\/usu1296\/2021\/05\/IMG_20210527_112110-min-768x576.jpg 768w, https:\/\/agora.xtec.cat\/ins-dolors-aleu-barcelona\/wp-content\/uploads\/usu1296\/2021\/05\/IMG_20210527_112110-min-200x150.jpg 200w\" sizes=\"auto, (max-width: 1024px) 100vw, 1024px\" \/><\/a><\/p>\n<p><a href=\"https:\/\/agora.xtec.cat\/insjoanfuster\/wp-content\/uploads\/usu1296\/2021\/05\/IMG_20210527_104506-min.jpg\"><img loading=\"lazy\" decoding=\"async\" class=\"aligncenter size-large wp-image-7850\" src=\"https:\/\/agora.xtec.cat\/insjoanfuster\/wp-content\/uploads\/usu1296\/2021\/05\/IMG_20210527_104506-min-1024x768.jpg\" alt=\"\" width=\"1024\" height=\"768\" srcset=\"https:\/\/agora.xtec.cat\/ins-dolors-aleu-barcelona\/wp-content\/uploads\/usu1296\/2021\/05\/IMG_20210527_104506-min-1024x768.jpg 1024w, https:\/\/agora.xtec.cat\/ins-dolors-aleu-barcelona\/wp-content\/uploads\/usu1296\/2021\/05\/IMG_20210527_104506-min-300x225.jpg 300w, https:\/\/agora.xtec.cat\/ins-dolors-aleu-barcelona\/wp-content\/uploads\/usu1296\/2021\/05\/IMG_20210527_104506-min-768x576.jpg 768w, https:\/\/agora.xtec.cat\/ins-dolors-aleu-barcelona\/wp-content\/uploads\/usu1296\/2021\/05\/IMG_20210527_104506-min-200x150.jpg 200w\" sizes=\"auto, (max-width: 1024px) 100vw, 1024px\" \/><\/a><\/p>\n<p><a href=\"https:\/\/agora.xtec.cat\/insjoanfuster\/wp-content\/uploads\/usu1296\/2021\/05\/IMG_20210527_120024-min.jpg\"><img loading=\"lazy\" decoding=\"async\" class=\"aligncenter size-large wp-image-7852\" src=\"https:\/\/agora.xtec.cat\/insjoanfuster\/wp-content\/uploads\/usu1296\/2021\/05\/IMG_20210527_120024-min-1024x768.jpg\" alt=\"\" width=\"1024\" height=\"768\" srcset=\"https:\/\/agora.xtec.cat\/ins-dolors-aleu-barcelona\/wp-content\/uploads\/usu1296\/2021\/05\/IMG_20210527_120024-min-1024x768.jpg 1024w, https:\/\/agora.xtec.cat\/ins-dolors-aleu-barcelona\/wp-content\/uploads\/usu1296\/2021\/05\/IMG_20210527_120024-min-300x225.jpg 300w, https:\/\/agora.xtec.cat\/ins-dolors-aleu-barcelona\/wp-content\/uploads\/usu1296\/2021\/05\/IMG_20210527_120024-min-768x576.jpg 768w, https:\/\/agora.xtec.cat\/ins-dolors-aleu-barcelona\/wp-content\/uploads\/usu1296\/2021\/05\/IMG_20210527_120024-min-200x150.jpg 200w\" sizes=\"auto, (max-width: 1024px) 100vw, 1024px\" \/><\/a><\/p>\n<\/div>\n","protected":false},"excerpt":{"rendered":"<p>Projecte 2 Maqueta d&#8217;un edifici medieval<br \/>\nL&#8217;alumnat de 2n d&#8217;ESO ha iniciat un nou projecte en el marc del Treball per projectes. Aquest t\u00e9 com a objectiu final la construcci\u00f3 de la maqueta d&#8217;un edifici medieval. Per arribar al producte final, l&#8217;alumnat investigar\u00e0 sobre l&#8217;art rom\u00e0nic&hellip;  <a href=\"https:\/\/agora.xtec.cat\/ins-dolors-aleu-barcelona\/treball-globalitzat\/tg2-les-ciutats-del-mon\/\" title=\"Read Projecte 2 ESO (Maqueta medieval, Ciutats del m\u00f3n, Multiculturalitat)\">Llegeix m\u00e9s\u00bb<\/a><\/p>\n","protected":false},"author":1,"featured_media":0,"parent":6127,"menu_order":0,"comment_status":"closed","ping_status":"closed","template":"","meta":{"_bbp_topic_count":0,"_bbp_reply_count":0,"_bbp_total_topic_count":0,"_bbp_total_reply_count":0,"_bbp_voice_count":0,"_bbp_anonymous_reply_count":0,"_bbp_topic_count_hidden":0,"_bbp_reply_count_hidden":0,"_bbp_forum_subforum_count":0,"footnotes":""},"class_list":["post-6468","page","type-page","status-publish","hentry"],"post_mailing_queue_ids":[],"_links":{"self":[{"href":"https:\/\/agora.xtec.cat\/ins-dolors-aleu-barcelona\/wp-json\/wp\/v2\/pages\/6468","targetHints":{"allow":["GET"]}}],"collection":[{"href":"https:\/\/agora.xtec.cat\/ins-dolors-aleu-barcelona\/wp-json\/wp\/v2\/pages"}],"about":[{"href":"https:\/\/agora.xtec.cat\/ins-dolors-aleu-barcelona\/wp-json\/wp\/v2\/types\/page"}],"author":[{"embeddable":true,"href":"https:\/\/agora.xtec.cat\/ins-dolors-aleu-barcelona\/wp-json\/wp\/v2\/users\/1"}],"replies":[{"embeddable":true,"href":"https:\/\/agora.xtec.cat\/ins-dolors-aleu-barcelona\/wp-json\/wp\/v2\/comments?post=6468"}],"version-history":[{"count":3,"href":"https:\/\/agora.xtec.cat\/ins-dolors-aleu-barcelona\/wp-json\/wp\/v2\/pages\/6468\/revisions"}],"predecessor-version":[{"id":7855,"href":"https:\/\/agora.xtec.cat\/ins-dolors-aleu-barcelona\/wp-json\/wp\/v2\/pages\/6468\/revisions\/7855"}],"up":[{"embeddable":true,"href":"https:\/\/agora.xtec.cat\/ins-dolors-aleu-barcelona\/wp-json\/wp\/v2\/pages\/6127"}],"wp:attachment":[{"href":"https:\/\/agora.xtec.cat\/ins-dolors-aleu-barcelona\/wp-json\/wp\/v2\/media?parent=6468"}],"curies":[{"name":"wp","href":"https:\/\/api.w.org\/{rel}","templated":true}]}}