{"id":6320,"date":"2020-11-17T09:18:02","date_gmt":"2020-11-17T08:18:02","guid":{"rendered":"https:\/\/agora.xtec.cat\/insjoanfuster\/?page_id=6320"},"modified":"2021-01-26T09:54:58","modified_gmt":"2021-01-26T08:54:58","slug":"innovacio-i-creativitat","status":"publish","type":"page","link":"https:\/\/agora.xtec.cat\/ins-dolors-aleu-barcelona\/innovacio-i-creativitat\/","title":{"rendered":"Innovaci\u00f3 Pedag\u00f2gica"},"content":{"rendered":"<p><iframe loading=\"lazy\" src=\"\/\/www.youtube.com\/embed\/6W2ezdEPrC8?feature=emb_title\" width=\"560\" height=\"314\"><\/iframe><\/p>\n<p>La innovaci\u00f3 \u00e9s un dels motors de progr\u00e9s i un element important per millorar la qualitat i la progressiva adequaci\u00f3 als reptes que planteja l&#8217;evoluci\u00f3 social. A l\u2019institut Joan Fuster tractem la innovaci\u00f3 pedag\u00f2gica com un element de millora de la qualitat, de la inclusi\u00f3 educativa i de l&#8217;equitat social. A partir d\u2019aquesta innovaci\u00f3 cerquem que cada alumne o alumna desenvolupi al m\u00e0xim les seves capacitats i compet\u00e8ncies.<\/p>\n<p>En aquest proc\u00e9s d&#8217;innovaci\u00f3 pedag\u00f2gica s\u00f3n importants el comprom\u00eds, l\u2019esfor\u00e7, la col\u00b7laboraci\u00f3 i la reflexi\u00f3. L\u2019aprenentatge es centra en l&#8217;alumnat i en un lideratge pedag\u00f2gic distribu\u00eft en els diferents equips docents. Es pret\u00e9n crear espais generadors de cultura i de riquesa intel\u00b7lectual, d\u2019ac\u00ed que l\u2019institut participa en els seg\u00fcents programes d\u2019innovaci\u00f3 i millora, entre d\u2019altres projectes:<\/p>\n<ul style=\"list-style-type: disc;\">\n<li><a href=\"https:\/\/opendata-ajuntament.barcelona.cat\/ca\/repte-barcelona-dades-obertes\">Repte Barcelona Dades Obertes<\/a>, per con\u00e8ixer una economia digital plural i un nou model d&#8217;innovaci\u00f3 urbana basat en la transformaci\u00f3 i la innovaci\u00f3 digital.<\/li>\n<li>Les <a href=\"https:\/\/www.edubcn.cat\/ca\/suport_educatiu_recursos\/plans_programes\/eines_per_al_canvi\/el_programa\">Xarxa pel Canvi<\/a>, per treballar l\u2019excel\u00b7l\u00e8ncia, la cohesi\u00f3 i l\u2019equitat.<\/li>\n<li><a href=\"http:\/\/xtec.gencat.cat\/ca\/projectes\/plurilinguisme\/programes\/institucionals\/gep\">GEP<\/a> (Generaci\u00f3 pluriling\u00fce), per aprendre lleng\u00fces a trav\u00e9s de les mat\u00e8ries.<\/li>\n<li><a href=\"https:\/\/ajuntament.barcelona.cat\/ciutatdelaliteratura\/ca\/accio-lectora\/programa-daccio-lectora-1920\/lectures-explosives-clubs-de-lectura-augmentada\">Lectures explosives<\/a>, per fomentar la lectura entre els joves estudiants.<\/li>\n<li><a href=\"https:\/\/www.edubcn.cat\/rcs_gene\/extra\/05_convocatoria_unificada_programes\/2020_2021\/C0801_Recerca_per_la_ciutadania_global_DESCRIPTIVA_2020_2021.pdf\">Recerca per la ciutadania global<\/a>, per orientar, acompanyar i promoure els treballs de recerca al batxillerat des del rigor metodol\u00f2gic.<\/li>\n<li><a href=\"https:\/\/www.edubcn.cat\/ca\/suport_educatiu_recursos\/plans_programes\/educacio_artistica\/projecte_creadors_en_residencia\">Creadors en Resid\u00e8ncia<\/a>, per sensibilitzar i educar en la percepci\u00f3, comprensi\u00f3 i gaudi de les arts, com a factor clau pel desenvolupament. <a href=\"https:\/\/vimeo.com\/167074796\">V\u00eddeo<\/a>.<\/li>\n<li>Programa Enginy. <a href=\"https:\/\/www.edubcn.cat\/rcs_gene\/extra\/05_convocatoria_unificada_programes\/2020_2021\/I0101_Enginy_DESCRIPTIVA_2020_2021.pdf\">Taller escola d\u2019aprenents<\/a> (joieria, confecci\u00f3, fusteria, etc). Projectes art\u00edstico-professionals que fomenten entorns d\u2019aprenentatge per a l\u2019adquisici\u00f3 de coneixements que facilita la promoci\u00f3 i l\u2019\u00e8xit escolar.<\/li>\n<li><a href=\"https:\/\/www.edubcn.cat\/rcs_gene\/extra\/05_convocatoria_unificada_programes\/2020_2021\/V1001_pangea_CONVOCATORIA_2020_2021.pdf\">Programa Pangea<\/a>. Transformant el m\u00f3n. Valors i ciutadania.<\/li>\n<li><a href=\"https:\/\/www.edubcn.cat\/rcs_gene\/extra\/05_convocatoria_unificada_programes\/2020_2021\/V0301_mediacio_entre_iguals_DESCRIPTIVA.pdf\">Mediaci\u00f3 entre iguals<\/a>. El Programa de Mediaci\u00f3 entre iguals promou i acompanya els projectes de mediaci\u00f3 dels centres educatius, com a estrat\u00e8gia per a impulsar compet\u00e8ncies socials constructives i la resoluci\u00f3 positiva de conflictes dins el marc escolar.<\/li>\n<li><a href=\"https:\/\/www.barcelona.cat\/barcelonasostenible\/ca\/escoles-sostenibles\/pginabsicaambdesplegables\/que-es-escoles-sostenibles\">Escoles m\u00e9s sostenibles<\/a>. El \u00a0Programa \u00a0Escoles + Sostenibles \u00a0va \u00a0n\u00e9ixer \u00a0l\u2019any \u00a02001\u00a0 en \u00a0el \u00a0marc \u00a0del\u00a0<a href=\"http:\/\/lameva.barcelona.cat\/barcelonasostenible\/sites\/default\/files\/compromis_22_redicio.pdf\">Comprom\u00eds Ciutad\u00e0 per la Sostenibilitat de Barcelona<\/a>, amb l\u2019objectiu de contribuir a la sostenibilitat des de l\u2019educaci\u00f3 i amb el reconeixement de les escoles com a\u00a0 agents de canvi a la ciutat.<\/li>\n<li><a href=\"https:\/\/www.edubcn.cat\/rcs_gene\/extra\/05_convocatoria_unificada_programes\/2020_2021\/I0101_Enginy_DESCRIPTIVA_2020_2021.pdf\">L\u2019aula en joc<\/a>. Projecte de gamificaci\u00f3. Gamiifcar l\u2019aprenentatge a l\u2019aula t\u00e9 el prop\u00f2sit de desenvolupar compet\u00e8ncies transversals com la comunicaci\u00f3 i el llenguatge, la socialitzaci\u00f3, la resoluci\u00f3 de problemes, entre d\u2019altres<\/li>\n<\/ul>\n","protected":false},"excerpt":{"rendered":"<p>La innovaci\u00f3 \u00e9s un dels motors de progr\u00e9s i un element important per millorar la qualitat i la progressiva adequaci\u00f3 als reptes que planteja l&#8217;evoluci\u00f3 social. A l\u2019institut Joan Fuster tractem la innovaci\u00f3 pedag\u00f2gica com un element de millora de la qualitat, de la inclusi\u00f3&hellip;  <a href=\"https:\/\/agora.xtec.cat\/ins-dolors-aleu-barcelona\/innovacio-i-creativitat\/\" title=\"Read Innovaci\u00f3 Pedag\u00f2gica\">Llegeix m\u00e9s\u00bb<\/a><\/p>\n","protected":false},"author":1,"featured_media":0,"parent":0,"menu_order":1,"comment_status":"closed","ping_status":"closed","template":"","meta":{"_bbp_topic_count":0,"_bbp_reply_count":0,"_bbp_total_topic_count":0,"_bbp_total_reply_count":0,"_bbp_voice_count":0,"_bbp_anonymous_reply_count":0,"_bbp_topic_count_hidden":0,"_bbp_reply_count_hidden":0,"_bbp_forum_subforum_count":0,"footnotes":""},"class_list":["post-6320","page","type-page","status-publish","hentry"],"post_mailing_queue_ids":[],"_links":{"self":[{"href":"https:\/\/agora.xtec.cat\/ins-dolors-aleu-barcelona\/wp-json\/wp\/v2\/pages\/6320","targetHints":{"allow":["GET"]}}],"collection":[{"href":"https:\/\/agora.xtec.cat\/ins-dolors-aleu-barcelona\/wp-json\/wp\/v2\/pages"}],"about":[{"href":"https:\/\/agora.xtec.cat\/ins-dolors-aleu-barcelona\/wp-json\/wp\/v2\/types\/page"}],"author":[{"embeddable":true,"href":"https:\/\/agora.xtec.cat\/ins-dolors-aleu-barcelona\/wp-json\/wp\/v2\/users\/1"}],"replies":[{"embeddable":true,"href":"https:\/\/agora.xtec.cat\/ins-dolors-aleu-barcelona\/wp-json\/wp\/v2\/comments?post=6320"}],"version-history":[{"count":3,"href":"https:\/\/agora.xtec.cat\/ins-dolors-aleu-barcelona\/wp-json\/wp\/v2\/pages\/6320\/revisions"}],"predecessor-version":[{"id":7102,"href":"https:\/\/agora.xtec.cat\/ins-dolors-aleu-barcelona\/wp-json\/wp\/v2\/pages\/6320\/revisions\/7102"}],"wp:attachment":[{"href":"https:\/\/agora.xtec.cat\/ins-dolors-aleu-barcelona\/wp-json\/wp\/v2\/media?parent=6320"}],"curies":[{"name":"wp","href":"https:\/\/api.w.org\/{rel}","templated":true}]}}