{"id":632,"date":"2016-06-14T14:52:19","date_gmt":"2016-06-14T13:52:19","guid":{"rendered":"http:\/\/agora.xtec.cat\/insjoanfuster\/?page_id=632"},"modified":"2025-11-17T12:25:13","modified_gmt":"2025-11-17T11:25:13","slug":"secretaria-3","status":"publish","type":"page","link":"https:\/\/agora.xtec.cat\/ins-dolors-aleu-barcelona\/families\/serveis\/secretaria-3\/","title":{"rendered":"Secretaria"},"content":{"rendered":"<p style=\"color: #666666;\"><strong>Institut\u00a0Dolors Aleu<\/strong><\/p>\n<p>Pla\u00e7a Ferran Reyes, 2-3<br \/>\n08027 Barcelona<br \/>\n93 243 15 60<br \/>\nAtenci\u00f3 directa a secretaria: 656 471 748<\/p>\n<p>Per q\u00fcestions econ\u00f2miques i de gesti\u00f3: <a href=\"mailto:secretaria@insdolorsaleu.cat\" target=\"_blank\" rel=\"noopener\">secretaria<span class=\"\">@insdolorsaleu.cat<\/span><\/a><\/p>\n<p>Per a demanar informaci\u00f3 de certificats, t\u00edtols i similars: <a href=\"mailto:administracio@insdolorsaleu.cat\" target=\"_blank\" rel=\"noopener\">administracio@insdolorsaleu.<wbr \/>cat<\/a><\/p>\n<p>Horari d&#8217;atenci\u00f3 de la secretaria \u00e9s de dilluns a divendres de <strong>9<\/strong> a <strong>14<\/strong> i dimarts de <strong>16<\/strong> a <strong>17:30<\/strong><\/p>\n<p><strong>Com arribar-hi:<br \/>\n<\/strong><\/p>\n<ul>\n<li>Per metro: L\u00ednea L1 (Navas o La Sagrera), L5, L9 i L10 (La Sagrera)<\/li>\n<li>Per bus:\u00a062, 71, 96, 126, 192<\/li>\n<\/ul>\n<p><iframe loading=\"lazy\" style=\"border: 0;\" src=\"https:\/\/www.google.com\/maps\/embed?pb=!1m18!1m12!1m3!1d2991.952983713214!2d2.1833791752512792!3d41.41853927129601!2m3!1f0!2f0!3f0!3m2!1i1024!2i768!4f13.1!3m3!1m2!1s0x12a4a3a7204e753d%3A0x8ced0a52abffd03c!2sInstitut%20Dolors%20Aleu!5e0!3m2!1sca!2ses!4v1726830352287!5m2!1sca!2ses\" width=\"600\" height=\"450\" allowfullscreen=\"allowfullscreen\"><\/iframe><\/p>\n","protected":false},"excerpt":{"rendered":"<p>Institut\u00a0Dolors Aleu<br \/>\nPla\u00e7a Ferran Reyes, 2-3<br \/>\n08027 Barcelona<br \/>\n93 243 15 60<br \/>\nAtenci\u00f3 directa a secretaria: 656 471 748<br \/>\nPer q\u00fcestions econ\u00f2miques i de gesti\u00f3: <a href=\"mailto:secretaria@insdolorsaleu.cat\" target=\"_blank\" rel=\"noopener\">secretaria@insdolorsaleu.cat<\/a><br \/>\nPer a demanar informaci\u00f3 de certificats, t\u00edtols i similars: <a href=\"mailto:administracio@insdolorsaleu.cat\" target=\"_blank\" rel=\"noopener\">administracio@insdolorsaleu.cat<\/a><br \/>\nHorari d&#8217;atenci\u00f3 de la secretaria \u00e9s de dilluns a divendres&hellip;  <a href=\"https:\/\/agora.xtec.cat\/ins-dolors-aleu-barcelona\/families\/serveis\/secretaria-3\/\" title=\"Read Secretaria\">Llegeix m\u00e9s\u00bb<\/a><\/p>\n","protected":false},"author":1,"featured_media":0,"parent":63,"menu_order":0,"comment_status":"closed","ping_status":"closed","template":"","meta":{"_bbp_topic_count":0,"_bbp_reply_count":0,"_bbp_total_topic_count":0,"_bbp_total_reply_count":0,"_bbp_voice_count":0,"_bbp_anonymous_reply_count":0,"_bbp_topic_count_hidden":0,"_bbp_reply_count_hidden":0,"_bbp_forum_subforum_count":0,"footnotes":""},"class_list":["post-632","page","type-page","status-publish","hentry"],"post_mailing_queue_ids":[],"_links":{"self":[{"href":"https:\/\/agora.xtec.cat\/ins-dolors-aleu-barcelona\/wp-json\/wp\/v2\/pages\/632","targetHints":{"allow":["GET"]}}],"collection":[{"href":"https:\/\/agora.xtec.cat\/ins-dolors-aleu-barcelona\/wp-json\/wp\/v2\/pages"}],"about":[{"href":"https:\/\/agora.xtec.cat\/ins-dolors-aleu-barcelona\/wp-json\/wp\/v2\/types\/page"}],"author":[{"embeddable":true,"href":"https:\/\/agora.xtec.cat\/ins-dolors-aleu-barcelona\/wp-json\/wp\/v2\/users\/1"}],"replies":[{"embeddable":true,"href":"https:\/\/agora.xtec.cat\/ins-dolors-aleu-barcelona\/wp-json\/wp\/v2\/comments?post=632"}],"version-history":[{"count":6,"href":"https:\/\/agora.xtec.cat\/ins-dolors-aleu-barcelona\/wp-json\/wp\/v2\/pages\/632\/revisions"}],"predecessor-version":[{"id":14808,"href":"https:\/\/agora.xtec.cat\/ins-dolors-aleu-barcelona\/wp-json\/wp\/v2\/pages\/632\/revisions\/14808"}],"up":[{"embeddable":true,"href":"https:\/\/agora.xtec.cat\/ins-dolors-aleu-barcelona\/wp-json\/wp\/v2\/pages\/63"}],"wp:attachment":[{"href":"https:\/\/agora.xtec.cat\/ins-dolors-aleu-barcelona\/wp-json\/wp\/v2\/media?parent=632"}],"curies":[{"name":"wp","href":"https:\/\/api.w.org\/{rel}","templated":true}]}}