{"id":6252,"date":"2020-11-16T08:36:41","date_gmt":"2020-11-16T07:36:41","guid":{"rendered":"https:\/\/agora.xtec.cat\/insjoanfuster\/?page_id=6252"},"modified":"2021-01-11T21:56:04","modified_gmt":"2021-01-11T20:56:04","slug":"carte-de-compromis","status":"publish","type":"page","link":"https:\/\/agora.xtec.cat\/ins-dolors-aleu-barcelona\/families\/carte-de-compromis\/","title":{"rendered":"Carta de comprom\u00eds"},"content":{"rendered":"<p><strong>CARTA DE COMPROM\u00cdS EDUCATIU<\/strong><\/p>\n<p>L\u2019institut aposta perqu\u00e8 la relaci\u00f3 entre les fam\u00edlies i el centre es basi en el <strong>respecte i la confian\u00e7a mutus<\/strong>, ja que creiem que sense aquests dos valors l\u2019educaci\u00f3 dels nois i noies no \u00e9s possible.<\/p>\n<p><strong>Mitjan\u00e7ant aquesta carta de comprom\u00eds, promoguda a l\u2019article 20 de la Llei d\u2019Educaci\u00f3, volem aprofundir en la comunicaci\u00f3 entre fam\u00edlia i institut i incidir en la import\u00e0ncia que per a l\u2019educaci\u00f3 dels i de les joves t\u00e9 el treball conjunt<\/strong><\/p>\n<p><a href=\"https:\/\/agora.xtec.cat\/insjoanfuster\/wp-content\/uploads\/usu1296\/2020\/11\/20_CARTA-DE-COMPROMI\u0301S-EDUCATIU.pdf\">Carta de Comprom\u00eds<\/a><\/p>\n","protected":false},"excerpt":{"rendered":"<p>CARTA DE COMPROM\u00cdS EDUCATIU<br \/>\nL\u2019institut aposta perqu\u00e8 la relaci\u00f3 entre les fam\u00edlies i el centre es basi en el respecte i la confian\u00e7a mutus, ja que creiem que sense aquests dos valors l\u2019educaci\u00f3 dels nois i noies no \u00e9s possible.<br \/>\nMitjan\u00e7ant aquesta carta de comprom\u00eds, promoguda a&hellip;  <a href=\"https:\/\/agora.xtec.cat\/ins-dolors-aleu-barcelona\/families\/carte-de-compromis\/\" title=\"Read Carta de comprom\u00eds\">Llegeix m\u00e9s\u00bb<\/a><\/p>\n","protected":false},"author":1,"featured_media":0,"parent":6104,"menu_order":0,"comment_status":"closed","ping_status":"closed","template":"","meta":{"_bbp_topic_count":0,"_bbp_reply_count":0,"_bbp_total_topic_count":0,"_bbp_total_reply_count":0,"_bbp_voice_count":0,"_bbp_anonymous_reply_count":0,"_bbp_topic_count_hidden":0,"_bbp_reply_count_hidden":0,"_bbp_forum_subforum_count":0,"footnotes":""},"class_list":["post-6252","page","type-page","status-publish","hentry"],"post_mailing_queue_ids":[],"_links":{"self":[{"href":"https:\/\/agora.xtec.cat\/ins-dolors-aleu-barcelona\/wp-json\/wp\/v2\/pages\/6252","targetHints":{"allow":["GET"]}}],"collection":[{"href":"https:\/\/agora.xtec.cat\/ins-dolors-aleu-barcelona\/wp-json\/wp\/v2\/pages"}],"about":[{"href":"https:\/\/agora.xtec.cat\/ins-dolors-aleu-barcelona\/wp-json\/wp\/v2\/types\/page"}],"author":[{"embeddable":true,"href":"https:\/\/agora.xtec.cat\/ins-dolors-aleu-barcelona\/wp-json\/wp\/v2\/users\/1"}],"replies":[{"embeddable":true,"href":"https:\/\/agora.xtec.cat\/ins-dolors-aleu-barcelona\/wp-json\/wp\/v2\/comments?post=6252"}],"version-history":[{"count":3,"href":"https:\/\/agora.xtec.cat\/ins-dolors-aleu-barcelona\/wp-json\/wp\/v2\/pages\/6252\/revisions"}],"predecessor-version":[{"id":6983,"href":"https:\/\/agora.xtec.cat\/ins-dolors-aleu-barcelona\/wp-json\/wp\/v2\/pages\/6252\/revisions\/6983"}],"up":[{"embeddable":true,"href":"https:\/\/agora.xtec.cat\/ins-dolors-aleu-barcelona\/wp-json\/wp\/v2\/pages\/6104"}],"wp:attachment":[{"href":"https:\/\/agora.xtec.cat\/ins-dolors-aleu-barcelona\/wp-json\/wp\/v2\/media?parent=6252"}],"curies":[{"name":"wp","href":"https:\/\/api.w.org\/{rel}","templated":true}]}}