{"id":5917,"date":"2020-09-18T12:37:41","date_gmt":"2020-09-18T10:37:41","guid":{"rendered":"https:\/\/agora.xtec.cat\/insjoanfuster\/?page_id=5917"},"modified":"2026-02-07T10:17:26","modified_gmt":"2026-02-07T09:17:26","slug":"professorat","status":"publish","type":"page","link":"https:\/\/agora.xtec.cat\/ins-dolors-aleu-barcelona\/families\/professorat\/","title":{"rendered":"Professorat"},"content":{"rendered":"<p>Aqu\u00ed podeu trobar les adreces electr\u00f2niques per posar-vos en contacte del professorat.<\/p>\n<table style=\"width: 47.4503%;\" border=\"0\" cellspacing=\"0\">\n<colgroup width=\"342\"><\/colgroup>\n<colgroup span=\"2\" width=\"416\"><\/colgroup>\n<tbody>\n<tr>\n<td style=\"width: 57.6667%;\" align=\"left\" valign=\"bottom\"><strong>Nom i Cognom<\/strong><\/td>\n<td style=\"width: 45.6522%;\"><strong>\u00a0Adre\u00e7a electr\u00f2nica<\/strong><\/td>\n<\/tr>\n<tr>\n<td style=\"width: 57.6667%;\" width=\"266\">Antonia Ruiz<\/td>\n<td style=\"width: 45.6522%;\" width=\"247\">antonia.ruiz@insdolorsaleu.cat<\/td>\n<\/tr>\n<tr>\n<td style=\"width: 57.6667%;\">Maria Dolors Perramon<\/td>\n<td style=\"width: 45.6522%;\">mdolors.perramon@insdolorsaleu.cat<\/td>\n<\/tr>\n<tr>\n<td style=\"width: 57.6667%;\">Laila Oulad Larbi<\/td>\n<td style=\"width: 45.6522%;\">laila.oulad@insdolorsaleu.cat<\/td>\n<\/tr>\n<tr>\n<td style=\"width: 57.6667%;\">Neus Perez<\/td>\n<td style=\"width: 45.6522%;\">neus.perez@insdolorsaleu.cat<\/td>\n<\/tr>\n<tr>\n<td style=\"width: 57.6667%;\">Maria L\u00f3pez Plaza<\/td>\n<td style=\"width: 45.6522%;\">maria.lopez@insdolorsaleu.cat<\/td>\n<\/tr>\n<tr>\n<td style=\"width: 57.6667%;\">Elisabet\u00a0 Suarez Herranz<\/td>\n<td style=\"width: 45.6522%;\">elisabet.suarez@insdolorsaleu.cat<\/td>\n<\/tr>\n<tr>\n<td style=\"width: 57.6667%;\">Lidia Couto Carrasco<\/td>\n<td style=\"width: 45.6522%;\">lidia.couto@insdolorsaleu.cat<\/td>\n<\/tr>\n<tr>\n<td style=\"width: 57.6667%;\">Mireia Bolinches Climent<\/td>\n<td style=\"width: 45.6522%;\">mireia.bolinches@insdolorsaleu.cat<\/td>\n<\/tr>\n<tr>\n<td style=\"width: 57.6667%;\">Al\u00edcia Muniente<\/td>\n<td style=\"width: 45.6522%;\">alicia.muniente@insdolorsaleu.cat<\/td>\n<\/tr>\n<tr>\n<td style=\"width: 57.6667%;\">Eva Lled\u00f3 Fonollosa<\/td>\n<td style=\"width: 45.6522%;\">eva.lledo@insdolorsaleu.cat<\/td>\n<\/tr>\n<tr>\n<td style=\"width: 57.6667%;\">Maria Fuensanta Mar\u00edn<\/td>\n<td style=\"width: 45.6522%;\">mmarin@insdolorsaleu.cat<\/td>\n<\/tr>\n<tr>\n<td style=\"width: 57.6667%;\">Joel Armengol Pag\u00e8s<\/td>\n<td style=\"width: 45.6522%;\">joelarmengol@insdolorsaleu.cat<\/td>\n<\/tr>\n<tr>\n<td style=\"width: 57.6667%;\">Paula Rodr\u00edguez Pel\u00e1ez<\/td>\n<td style=\"width: 45.6522%;\">paula.rodriguez@insdolorsaleu.cat<\/td>\n<\/tr>\n<tr>\n<td style=\"width: 57.6667%;\">Luis Castel<\/td>\n<td style=\"width: 45.6522%;\">luis.castel@insdolosaleu.cat<\/td>\n<\/tr>\n<tr>\n<td style=\"width: 57.6667%;\">Xavier Villalba, Economia<\/td>\n<td style=\"width: 45.6522%;\">xavier.villalba@insdolorsaleu.cat<\/td>\n<\/tr>\n<tr>\n<td style=\"width: 57.6667%;\">Ruben Torras Ortiz<\/td>\n<td style=\"width: 45.6522%;\">ruben.torras@insdolorsaleu.cat<\/td>\n<\/tr>\n<tr>\n<td style=\"width: 57.6667%;\">Raquel Bogatell<\/td>\n<td style=\"width: 45.6522%;\">raquel.bogatell@insdolorsaleu.cat<\/td>\n<\/tr>\n<tr>\n<td style=\"width: 57.6667%;\">Aina Peris<\/td>\n<td style=\"width: 45.6522%;\">aina.peris2@insdolorsaleu.cat<\/td>\n<\/tr>\n<tr>\n<td style=\"width: 57.6667%;\">Rosario Chena<\/td>\n<td style=\"width: 45.6522%;\">rchena@insdolorsaleu.cat<\/td>\n<\/tr>\n<tr>\n<td style=\"width: 57.6667%;\">David Ferrando Ferrando<\/td>\n<td style=\"width: 45.6522%;\">david.ferrando@insdolorsaleu.cat<\/td>\n<\/tr>\n<tr>\n<td style=\"width: 57.6667%;\">Anna Duesa<\/td>\n<td style=\"width: 45.6522%;\">anna.duesa@insdolorsaleu.cat<\/td>\n<\/tr>\n<tr>\n<td style=\"width: 57.6667%;\">Vera Serra Vallmitjana<\/td>\n<td style=\"width: 45.6522%;\">vera.serra@insdolorsaleu.cat<\/td>\n<\/tr>\n<tr>\n<td style=\"width: 57.6667%;\">Pablo Fresneda Gaspar<\/td>\n<td style=\"width: 45.6522%;\">pablo.fresneda@insdolorsaleu.cat<\/td>\n<\/tr>\n<tr>\n<td style=\"width: 57.6667%;\">Joan Ramon P\u00e1jaro Crespo<\/td>\n<td style=\"width: 45.6522%;\">joan.pajaro@insdolorsaleu.cat<\/td>\n<\/tr>\n<tr>\n<td style=\"width: 57.6667%;\">Carlo Monai<\/td>\n<td style=\"width: 45.6522%;\">carlo.monai@insdolorsaleu.cat<\/td>\n<\/tr>\n<tr>\n<td style=\"width: 57.6667%;\">Paco Carbajo Molina<\/td>\n<td style=\"width: 45.6522%;\">paco.carbajo@insdolorsaleu.cat<\/td>\n<\/tr>\n<tr>\n<td style=\"width: 57.6667%;\">Montserrat Vila Fisas<\/td>\n<td style=\"width: 45.6522%;\">montserrat.vila@insdolorsaleu.cat<\/td>\n<\/tr>\n<tr>\n<td style=\"width: 57.6667%;\">David Mateu Gracia<\/td>\n<td style=\"width: 45.6522%;\">david.mateu@insdolorsaleu.cat<\/td>\n<\/tr>\n<tr>\n<td style=\"width: 57.6667%;\">Luna Haro Mancera<\/td>\n<td style=\"width: 45.6522%;\">luna.haro@insdolorsaleu.cat<\/td>\n<\/tr>\n<tr>\n<td style=\"width: 57.6667%;\">Carolina Kohan L\u00f3pez<\/td>\n<td style=\"width: 45.6522%;\">carolina.kohan@insdolorsaleu.cat<\/td>\n<\/tr>\n<tr>\n<td style=\"width: 57.6667%;\">Carlos Marty<\/td>\n<td style=\"width: 45.6522%;\">carlos.marty@insdolorsaleu.cat<\/td>\n<\/tr>\n<tr>\n<td style=\"width: 57.6667%;\">M\u00f2nica Maicas Arenys<\/td>\n<td style=\"width: 45.6522%;\">monica.maicas@insdolorsaleu.cat<\/td>\n<\/tr>\n<tr>\n<td style=\"width: 57.6667%;\">Rosa Calvo<\/td>\n<td style=\"width: 45.6522%;\">rosa.calvo@insdolorsaleu.cat<\/td>\n<\/tr>\n<tr>\n<td style=\"width: 57.6667%;\">Pablo A.K. Monerris Galva\u00f1<\/td>\n<td style=\"width: 45.6522%;\">pablo.ak@insdolorsaleu.cat<\/td>\n<\/tr>\n<tr>\n<td style=\"width: 57.6667%;\">Nadia Varo Moral<\/td>\n<td style=\"width: 45.6522%;\">nadia.varo@insdolorsaleu.cat<\/td>\n<\/tr>\n<tr>\n<td style=\"width: 57.6667%;\">Lu\u00eds Cambr\u00f3n Mart\u00ednez<\/td>\n<td style=\"width: 45.6522%;\">luis.cambron@insdolorsaleu.cat<\/td>\n<\/tr>\n<tr>\n<td style=\"width: 57.6667%;\">Joan Biada Canales<\/td>\n<td style=\"width: 45.6522%;\">joan.biada@insdolorsaleu.cat<\/td>\n<\/tr>\n<tr>\n<td style=\"width: 57.6667%;\">David Framis<\/td>\n<td style=\"width: 45.6522%;\">david.framis@insdolorsaleu.cat<\/td>\n<\/tr>\n<tr>\n<td style=\"width: 57.6667%;\">Gerard Morcillo Grau<\/td>\n<td style=\"width: 45.6522%;\">gerard.morcillo@insdolorsaleu.cat<\/td>\n<\/tr>\n<tr>\n<td style=\"width: 57.6667%;\">Adri\u00e0 Mel\u00e9ndez Catal\u00e1n<\/td>\n<td style=\"width: 45.6522%;\">adria.melendez@insdolorsaleu.cat<\/td>\n<\/tr>\n<tr>\n<td style=\"width: 57.6667%;\">Jos\u00e9 Lloret, M\u00fasica<\/td>\n<td style=\"width: 45.6522%;\">jlloret@insdolorsaleu.cat<\/td>\n<\/tr>\n<tr>\n<td style=\"width: 57.6667%;\">S\u00edgfrid Domingo Mart\u00edn<\/td>\n<td style=\"width: 45.6522%;\">sigfrid.domingo@insdolorsaleu.cat<\/td>\n<\/tr>\n<tr>\n<td style=\"width: 57.6667%;\">Alba Escuer Pifarr\u00e9<\/td>\n<td style=\"width: 45.6522%;\">alba.escuer@insdolorsaleu.cat<\/td>\n<\/tr>\n<tr>\n<td style=\"width: 57.6667%;\">Daniel Mar\u00ed (administratiu)<\/td>\n<td style=\"width: 45.6522%;\">administracio@insdolorsaleu.cat<\/td>\n<\/tr>\n<tr>\n<td style=\"width: 57.6667%;\">Alejandro Garcia (substitut Maria F. Mar\u00edn)<\/td>\n<td style=\"width: 45.6522%;\">alejandro.garcia@insdolorsaleu.cat<\/td>\n<\/tr>\n<\/tbody>\n<\/table>\n","protected":false},"excerpt":{"rendered":"<p>Aqu\u00ed podeu trobar les adreces electr\u00f2niques per posar-vos en contacte del professorat.<\/p>\n<p>Nom i Cognom<br \/>\n\u00a0Adre\u00e7a electr\u00f2nica<\/p>\n<p>Antonia Ruiz<br \/>\nantonia.ruiz@insdolorsaleu.cat<\/p>\n<p>Maria Dolors Perramon<br \/>\nmdolors.perramon@insdolorsaleu.cat<\/p>\n<p>Laila Oulad Larbi<br \/>\nlaila.oulad@insdolorsaleu.cat<\/p>\n<p>Neus Perez<br \/>\nneus.perez@insdolorsaleu.cat<\/p>\n<p>Maria L\u00f3pez Plaza<br \/>\nmaria.lopez@insdolorsaleu.cat<\/p>\n<p>Elisabet\u00a0 Suarez Herranz<br \/>\nelisabet.suarez@insdolorsaleu.cat<\/p>\n<p>Lidia Couto Carrasco<br \/>\nlidia.couto@insdolorsaleu.cat<\/p>\n<p>Mireia Bolinches Climent<br \/>\nmireia.bolinches@insdolorsaleu.cat<\/p>\n<p>Al\u00edcia Muniente<br \/>\nalicia.muniente@insdolorsaleu.cat<\/p>\n<p>Eva Lled\u00f3 Fonollosa<br \/>\neva.lledo@insdolorsaleu.cat<\/p>\n<p>Maria Fuensanta Mar\u00edn<br \/>\nmmarin@insdolorsaleu.cat<\/p>\n<p>Joel Armengol Pag\u00e8s<br \/>\njoelarmengol@insdolorsaleu.cat<\/p>\n<p>Paula Rodr\u00edguez Pel\u00e1ez<br \/>\npaula.rodriguez@insdolorsaleu.cat<\/p>\n<p>Luis Castel<br \/>\nluis.castel@insdolosaleu.cat<\/p>\n<p>Xavier Villalba, Economia<br \/>\nxavier.villalba@insdolorsaleu.cat<\/p>\n<p>Ruben Torras Ortiz<br \/>\nruben.torras@insdolorsaleu.cat<\/p>\n<p>Raquel Bogatell<br \/>\nraquel.bogatell@insdolorsaleu.cat<\/p>\n<p>Aina Peris<br \/>\naina.peris2@insdolorsaleu.cat<\/p>\n<p>Rosario&hellip;  <a href=\"https:\/\/agora.xtec.cat\/ins-dolors-aleu-barcelona\/families\/professorat\/\" title=\"Read Professorat\">Llegeix m\u00e9s\u00bb<\/a><\/p>\n","protected":false},"author":1,"featured_media":0,"parent":6104,"menu_order":0,"comment_status":"closed","ping_status":"closed","template":"","meta":{"_bbp_topic_count":0,"_bbp_reply_count":0,"_bbp_total_topic_count":0,"_bbp_total_reply_count":0,"_bbp_voice_count":0,"_bbp_anonymous_reply_count":0,"_bbp_topic_count_hidden":0,"_bbp_reply_count_hidden":0,"_bbp_forum_subforum_count":0,"footnotes":""},"class_list":["post-5917","page","type-page","status-publish","hentry"],"post_mailing_queue_ids":[],"_links":{"self":[{"href":"https:\/\/agora.xtec.cat\/ins-dolors-aleu-barcelona\/wp-json\/wp\/v2\/pages\/5917","targetHints":{"allow":["GET"]}}],"collection":[{"href":"https:\/\/agora.xtec.cat\/ins-dolors-aleu-barcelona\/wp-json\/wp\/v2\/pages"}],"about":[{"href":"https:\/\/agora.xtec.cat\/ins-dolors-aleu-barcelona\/wp-json\/wp\/v2\/types\/page"}],"author":[{"embeddable":true,"href":"https:\/\/agora.xtec.cat\/ins-dolors-aleu-barcelona\/wp-json\/wp\/v2\/users\/1"}],"replies":[{"embeddable":true,"href":"https:\/\/agora.xtec.cat\/ins-dolors-aleu-barcelona\/wp-json\/wp\/v2\/comments?post=5917"}],"version-history":[{"count":6,"href":"https:\/\/agora.xtec.cat\/ins-dolors-aleu-barcelona\/wp-json\/wp\/v2\/pages\/5917\/revisions"}],"predecessor-version":[{"id":14805,"href":"https:\/\/agora.xtec.cat\/ins-dolors-aleu-barcelona\/wp-json\/wp\/v2\/pages\/5917\/revisions\/14805"}],"up":[{"embeddable":true,"href":"https:\/\/agora.xtec.cat\/ins-dolors-aleu-barcelona\/wp-json\/wp\/v2\/pages\/6104"}],"wp:attachment":[{"href":"https:\/\/agora.xtec.cat\/ins-dolors-aleu-barcelona\/wp-json\/wp\/v2\/media?parent=5917"}],"curies":[{"name":"wp","href":"https:\/\/api.w.org\/{rel}","templated":true}]}}