{"id":4766,"date":"2019-09-27T13:31:10","date_gmt":"2019-09-27T11:31:10","guid":{"rendered":"https:\/\/agora.xtec.cat\/insjoanfuster\/?page_id=4766"},"modified":"2025-02-13T18:45:33","modified_gmt":"2025-02-13T17:45:33","slug":"batxillerat","status":"publish","type":"page","link":"https:\/\/agora.xtec.cat\/ins-dolors-aleu-barcelona\/estudis\/batxillerat\/","title":{"rendered":"Projecte educatiu Batxillerat"},"content":{"rendered":"<p><span style=\"color: #00ccff;\"><strong>Apostem<\/strong> <\/span>per la participaci\u00f3, la motivaci\u00f3 i la innovaci\u00f3 educativa dels alumnes des de primer d&#8217;ESO fins a segon de batxillerat.<\/p>\n<p><strong><span style=\"color: #00ccff;\">El <\/span><span style=\"color: #00ccff;\"><a href=\"https:\/\/agora.xtec.cat\/ins-dolors-aleu-barcelona\/wp-content\/uploads\/usu1296\/2025\/02\/Presentacio_Batxillerat-24-25-vf.pdf\" target=\"_blank\" rel=\"noopener\"><strong>batxillerat<\/strong><\/a><\/span><span style=\"color: #00ccff;\"> et permetr\u00e0 triar un itinerari formatiu adaptat a les teves inquietuds vers<\/span><\/strong><\/p>\n<p>&#8211; Les noves tecnologies interactives<\/p>\n<p>&#8211; Les ci\u00e8ncies, la investigaci\u00f3 i l\u2019experimentaci\u00f3 (es recomana portar una bata blanca de cot\u00f3 i unes ulleres protectores <span class=\"hiddenGrammarError\">per<\/span>\u00a0a les pr\u00e0ctiques del laboratori)<\/p>\n<p>&#8211; Les compet\u00e8ncies socials, comunicatives i del m\u00f3n contemporani<\/p>\n<p>&#8211; El foment de les lleng\u00fces estrangeres<\/p>\n<p>&#8211; La professionalitzaci\u00f3 i les metodologies pr\u00e0ctiques (novetat)<\/p>\n<p>Si en vols saber m\u00e9s, <a href=\"https:\/\/agora.xtec.cat\/ins-dolors-aleu-barcelona\/estudis\/batxillerat\/descobreix-el-batxillerat-a-linstitut-dolors-aleu-visites-concertades\/\" target=\"_blank\" rel=\"noopener\"><strong>visita&#8217;ns<\/strong><\/a>!<\/p>\n<h5><strong>Altres enlla\u00e7os d&#8217;inter\u00e8s<br \/>\n<\/strong><\/h5>\n<ul>\n<li><a href=\"https:\/\/ioc.xtec.cat\/educacio\/\" target=\"_blank\" rel=\"noopener\">Institut Obert de Catalunya per cursar diferents mat\u00e8ries de Batxillerat a dist\u00e0ncia<\/a>.<\/li>\n<li>PAU\n<ul>\n<li><a href=\"https:\/\/accesnet.gencat.cat\/accesnet\/AppJava\/html\/index-es.html\" target=\"_blank\" rel=\"noopener\">Portal Accesnet<\/a>: Portal de la Generalitat per accedir a les PAU (inscripci\u00f3, notes de tall, taules de ponderacions, etc.)<\/li>\n<li><a href=\"http:\/\/selectes.cat\/\" target=\"_blank\" rel=\"noopener\">Exemples ex\u00e0mens<\/a>.<\/li>\n<\/ul>\n<\/li>\n<\/ul>\n","protected":false},"excerpt":{"rendered":"<p>Apostem per la participaci\u00f3, la motivaci\u00f3 i la innovaci\u00f3 educativa dels alumnes des de primer d&#8217;ESO fins a segon de batxillerat.<br \/>\nEl <a href=\"https:\/\/agora.xtec.cat\/ins-dolors-aleu-barcelona\/wp-content\/uploads\/usu1296\/2025\/02\/Presentacio_Batxillerat-24-25-vf.pdf\" target=\"_blank\" rel=\"noopener\">batxillerat<\/a> et permetr\u00e0 triar un itinerari formatiu adaptat a les teves inquietuds vers<br \/>\n&#8211; Les noves tecnologies interactives<br \/>\n&#8211; Les ci\u00e8ncies, la investigaci\u00f3&hellip;  <a href=\"https:\/\/agora.xtec.cat\/ins-dolors-aleu-barcelona\/estudis\/batxillerat\/\" title=\"Read Projecte educatiu Batxillerat\">Llegeix m\u00e9s\u00bb<\/a><\/p>\n","protected":false},"author":1,"featured_media":0,"parent":195,"menu_order":0,"comment_status":"closed","ping_status":"closed","template":"","meta":{"_bbp_topic_count":0,"_bbp_reply_count":0,"_bbp_total_topic_count":0,"_bbp_total_reply_count":0,"_bbp_voice_count":0,"_bbp_anonymous_reply_count":0,"_bbp_topic_count_hidden":0,"_bbp_reply_count_hidden":0,"_bbp_forum_subforum_count":0,"footnotes":""},"class_list":["post-4766","page","type-page","status-publish","hentry"],"post_mailing_queue_ids":[],"_links":{"self":[{"href":"https:\/\/agora.xtec.cat\/ins-dolors-aleu-barcelona\/wp-json\/wp\/v2\/pages\/4766","targetHints":{"allow":["GET"]}}],"collection":[{"href":"https:\/\/agora.xtec.cat\/ins-dolors-aleu-barcelona\/wp-json\/wp\/v2\/pages"}],"about":[{"href":"https:\/\/agora.xtec.cat\/ins-dolors-aleu-barcelona\/wp-json\/wp\/v2\/types\/page"}],"author":[{"embeddable":true,"href":"https:\/\/agora.xtec.cat\/ins-dolors-aleu-barcelona\/wp-json\/wp\/v2\/users\/1"}],"replies":[{"embeddable":true,"href":"https:\/\/agora.xtec.cat\/ins-dolors-aleu-barcelona\/wp-json\/wp\/v2\/comments?post=4766"}],"version-history":[{"count":7,"href":"https:\/\/agora.xtec.cat\/ins-dolors-aleu-barcelona\/wp-json\/wp\/v2\/pages\/4766\/revisions"}],"predecessor-version":[{"id":13600,"href":"https:\/\/agora.xtec.cat\/ins-dolors-aleu-barcelona\/wp-json\/wp\/v2\/pages\/4766\/revisions\/13600"}],"up":[{"embeddable":true,"href":"https:\/\/agora.xtec.cat\/ins-dolors-aleu-barcelona\/wp-json\/wp\/v2\/pages\/195"}],"wp:attachment":[{"href":"https:\/\/agora.xtec.cat\/ins-dolors-aleu-barcelona\/wp-json\/wp\/v2\/media?parent=4766"}],"curies":[{"name":"wp","href":"https:\/\/api.w.org\/{rel}","templated":true}]}}