{"id":195,"date":"2018-06-28T05:20:39","date_gmt":"2018-06-28T03:20:39","guid":{"rendered":"http:\/\/agora.xtec.cat\/insjoanfuster\/?page_id=195"},"modified":"2026-01-20T18:50:29","modified_gmt":"2026-01-20T17:50:29","slug":"estudis","status":"publish","type":"page","link":"https:\/\/agora.xtec.cat\/ins-dolors-aleu-barcelona\/estudis\/","title":{"rendered":"Alumnat"},"content":{"rendered":"<div style=\"text-align: justify;\">Apostem per la participaci\u00f3, la motivaci\u00f3 i la innovaci\u00f3 educativa dels nostres alumnes, des de 1r d&#8217;ESO fins a 2n de Batxillerat.<\/div>\n<div style=\"text-align: justify; margin-top: 1em;\">Basem el projecte educatiu en l&#8217;acompanyament constant de l&#8217;alumnat en el seu proc\u00e9s de maduraci\u00f3 i en el desenvolupament del seu projecte de vida, promovent:<\/div>\n<p><!-- doble espai abans de la llista seg\u00fcent --><\/p>\n<ul style=\"list-style-type: square;\">\n&#8211; El multiling\u00fcisme i l&#8217;aplicaci\u00f3 de les tecnologies.<\/p>\n<p>&#8211; L&#8217;experimentaci\u00f3 permanent.<\/p>\n<p>&#8211; L&#8217;aprofundiment en el coneixement de les ci\u00e8ncies.<\/p>\n<p>&#8211; La creativitat i el foment del comprom\u00eds.<\/p>\n<p>&#8211; El treball dels valors.<\/p>\n<p>&#8211; Les posades en com\u00fa.<\/p>\n<p>&#8211; La presa de decisions en totes les etapes i cursos.<\/p>\n<div style=\"text-align: justify; margin-top: 1em;\">Fem xarxa, col\u00b7laborem amb l&#8217;entorn i impulsem la sostenibilitat i la qualitat com a eixos fonamentals del nostre sistema educatiu, per a l\u2019alumnat de 12 a 18 anys.<\/div>\n<p><!-- doble espai abans de la llista seg\u00fcent --><\/p>\n<ul style=\"list-style-type: square;\">\n<li><a href=\"https:\/\/agora.xtec.cat\/ins-dolors-aleu-barcelona\/linstitut\/calendari-del-curs\/\">Horari marc i calendari<\/a><\/li>\n<li><a href=\"https:\/\/agora.xtec.cat\/ins-dolors-aleu-barcelona\/obtencio-del-titol-de-batxillerat\/\">Duplicat del t\u00edtol de l\u2019ESO o del batxillerat<\/a><\/li>\n<li><a href=\"https:\/\/agora.xtec.cat\/ins-dolors-aleu-barcelona\/estudis\/activitats-estiu\/\">Deures i activitats d\u2019estiu<\/a><\/li>\n<li><a href=\"https:\/\/agora.xtec.cat\/ins-dolors-aleu-barcelona\/estudis\/llibres-i-llicencies\/\">Llibres, llic\u00e8ncies i altres materials<\/a><\/li>\n<li><a href=\"https:\/\/agora.xtec.cat\/ins-dolors-aleu-barcelona\/ecobooks-iddink\/\">EcoBooks amb Iddink<\/a><\/li>\n<li><a href=\"https:\/\/agora.xtec.cat\/ins-dolors-aleu-barcelona\/estudis\/criteris-davaluacio-eso-batxillerat\/\">Criteris d\u2019avaluaci\u00f3 ESO-Batxillerat<\/a><\/li>\n<\/ul>\n","protected":false},"excerpt":{"rendered":"<p>Apostem per la participaci\u00f3, la motivaci\u00f3 i la innovaci\u00f3 educativa dels nostres alumnes, des de 1r d&#8217;ESO fins a 2n de Batxillerat.<br \/>\nBasem el projecte educatiu en l&#8217;acompanyament constant de l&#8217;alumnat en el seu proc\u00e9s de maduraci\u00f3 i en el desenvolupament del seu projecte de vida,&hellip;  <a href=\"https:\/\/agora.xtec.cat\/ins-dolors-aleu-barcelona\/estudis\/\" title=\"Read Alumnat\">Llegeix m\u00e9s\u00bb<\/a><\/p>\n","protected":false},"author":1,"featured_media":0,"parent":0,"menu_order":0,"comment_status":"closed","ping_status":"closed","template":"","meta":{"_bbp_topic_count":0,"_bbp_reply_count":0,"_bbp_total_topic_count":0,"_bbp_total_reply_count":0,"_bbp_voice_count":0,"_bbp_anonymous_reply_count":0,"_bbp_topic_count_hidden":0,"_bbp_reply_count_hidden":0,"_bbp_forum_subforum_count":0,"footnotes":""},"class_list":["post-195","page","type-page","status-publish","hentry"],"post_mailing_queue_ids":[],"_links":{"self":[{"href":"https:\/\/agora.xtec.cat\/ins-dolors-aleu-barcelona\/wp-json\/wp\/v2\/pages\/195","targetHints":{"allow":["GET"]}}],"collection":[{"href":"https:\/\/agora.xtec.cat\/ins-dolors-aleu-barcelona\/wp-json\/wp\/v2\/pages"}],"about":[{"href":"https:\/\/agora.xtec.cat\/ins-dolors-aleu-barcelona\/wp-json\/wp\/v2\/types\/page"}],"author":[{"embeddable":true,"href":"https:\/\/agora.xtec.cat\/ins-dolors-aleu-barcelona\/wp-json\/wp\/v2\/users\/1"}],"replies":[{"embeddable":true,"href":"https:\/\/agora.xtec.cat\/ins-dolors-aleu-barcelona\/wp-json\/wp\/v2\/comments?post=195"}],"version-history":[{"count":6,"href":"https:\/\/agora.xtec.cat\/ins-dolors-aleu-barcelona\/wp-json\/wp\/v2\/pages\/195\/revisions"}],"predecessor-version":[{"id":15216,"href":"https:\/\/agora.xtec.cat\/ins-dolors-aleu-barcelona\/wp-json\/wp\/v2\/pages\/195\/revisions\/15216"}],"wp:attachment":[{"href":"https:\/\/agora.xtec.cat\/ins-dolors-aleu-barcelona\/wp-json\/wp\/v2\/media?parent=195"}],"curies":[{"name":"wp","href":"https:\/\/api.w.org\/{rel}","templated":true}]}}