{"id":19,"date":"2014-09-17T14:56:56","date_gmt":"2014-09-17T14:56:56","guid":{"rendered":"http:\/\/agora.xtec.cat\/insjoanfuster\/?page_id=19"},"modified":"2024-05-14T16:53:03","modified_gmt":"2024-05-14T14:53:03","slug":"linstitut","status":"publish","type":"page","link":"https:\/\/agora.xtec.cat\/ins-dolors-aleu-barcelona\/linstitut\/","title":{"rendered":"L&#8217;Institut"},"content":{"rendered":"<p style=\"font-weight: 400;\">L\u2019Institut Dolors Aleu us d\u00f3na la benvinguda des del seu espai web.<\/p>\n<p style=\"font-weight: 400;\">Desitgem de grat que aquesta eina ens ajudi a tots a millorar en el nostre quefer diari. Us volem agrair el fet que doneu i mantingueu la confian\u00e7a en la tasca educativa i de doc\u00e8ncia que realitzem amb els vostres fills\/es.<\/p>\n<p style=\"font-weight: 400;\">Amb empenta i voluntat esperem que tots plegats siguem capa\u00e7os d\u2019afrontar els reptes que la societat actual es presenta. Sabem del cert que treballant plegats aconseguirem l\u2019objectiu com\u00fa i compartit de comprometre\u2019ns en l\u2019educaci\u00f3 dels\u00a0adolescents i dels\u00a0joves.<\/p>\n<p style=\"font-weight: 400;\">La nostra feina se centra en educar, formar, orientar al nostre alumnat, en un entorn de treball participatiu, de manera que l\u2019alumnat assoleixi les compet\u00e8ncies b\u00e0siques que els permetin el seu desenvolupament com a individus en la societat.<\/p>\n<p style=\"font-weight: 400;\">El nostre comprom\u00eds es fonamenta en valors com la solidaritat, el respecte als drets individuals i col\u00b7lectius i la toler\u00e0ncia.<\/p>\n<ul>\n<li style=\"font-weight: 400;\">Fomentem la participaci\u00f3, l\u2019equitat, la no-exclusi\u00f3, a fi d\u2019evitar qualsevol tipus de marginaci\u00f3, i cerquem la cohesi\u00f3 social i el respecte a la diversitat de cultures i el medi ambient, en un marc de di\u00e0leg i de conviv\u00e8ncia.<\/li>\n<li style=\"font-weight: 400;\">Volem que els\/les nostres alumnes esdevinguin ciutadans de ra\u00f3, responsables, competents i amb esperit cr\u00edtic capa\u00e7os de contribuir al progr\u00e9s i desenvolupament de la nostra societat, a l\u2019empara de valors c\u00edvics de llibertat, igualtat, solidaritat i respecte al medi ambient, la diversitat cultural i la difer\u00e8ncia.<\/li>\n<li style=\"font-weight: 400;\">Valorem l\u2019exercici de la responsabilitat, aix\u00ed com la cultura de l\u2019esfor\u00e7 i del treball ben fet com pe\u00e7a cabdal i necess\u00e0ria per aconseguir qualsevol fita, tant personal com acad\u00e8mica.<\/li>\n<li style=\"font-weight: 400;\">Vetllem, tamb\u00e9, pel manteniment d\u2019un bon clima d\u2019entesa, di\u00e0leg, col\u00b7laboraci\u00f3 i participaci\u00f3 amb les fam\u00edlies.<\/li>\n<\/ul>\n<p><iframe loading=\"lazy\" src=\"\/\/www.youtube.com\/embed\/TfwSo_LCob4\" width=\"999\" height=\"560\"><\/iframe><\/p>\n","protected":false},"excerpt":{"rendered":"<p>L\u2019Institut Dolors Aleu us d\u00f3na la benvinguda des del seu espai web.<br \/>\nDesitgem de grat que aquesta eina ens ajudi a tots a millorar en el nostre quefer diari. Us volem agrair el fet que doneu i mantingueu la confian\u00e7a en la tasca educativa i de&hellip;  <a href=\"https:\/\/agora.xtec.cat\/ins-dolors-aleu-barcelona\/linstitut\/\" title=\"Read L&#8217;Institut\">Llegeix m\u00e9s\u00bb<\/a><\/p>\n","protected":false},"author":1,"featured_media":0,"parent":0,"menu_order":0,"comment_status":"closed","ping_status":"closed","template":"","meta":{"_bbp_topic_count":0,"_bbp_reply_count":0,"_bbp_total_topic_count":0,"_bbp_total_reply_count":0,"_bbp_voice_count":0,"_bbp_anonymous_reply_count":0,"_bbp_topic_count_hidden":0,"_bbp_reply_count_hidden":0,"_bbp_forum_subforum_count":0,"footnotes":""},"class_list":["post-19","page","type-page","status-publish","hentry"],"post_mailing_queue_ids":[],"_links":{"self":[{"href":"https:\/\/agora.xtec.cat\/ins-dolors-aleu-barcelona\/wp-json\/wp\/v2\/pages\/19","targetHints":{"allow":["GET"]}}],"collection":[{"href":"https:\/\/agora.xtec.cat\/ins-dolors-aleu-barcelona\/wp-json\/wp\/v2\/pages"}],"about":[{"href":"https:\/\/agora.xtec.cat\/ins-dolors-aleu-barcelona\/wp-json\/wp\/v2\/types\/page"}],"author":[{"embeddable":true,"href":"https:\/\/agora.xtec.cat\/ins-dolors-aleu-barcelona\/wp-json\/wp\/v2\/users\/1"}],"replies":[{"embeddable":true,"href":"https:\/\/agora.xtec.cat\/ins-dolors-aleu-barcelona\/wp-json\/wp\/v2\/comments?post=19"}],"version-history":[{"count":4,"href":"https:\/\/agora.xtec.cat\/ins-dolors-aleu-barcelona\/wp-json\/wp\/v2\/pages\/19\/revisions"}],"predecessor-version":[{"id":12732,"href":"https:\/\/agora.xtec.cat\/ins-dolors-aleu-barcelona\/wp-json\/wp\/v2\/pages\/19\/revisions\/12732"}],"wp:attachment":[{"href":"https:\/\/agora.xtec.cat\/ins-dolors-aleu-barcelona\/wp-json\/wp\/v2\/media?parent=19"}],"curies":[{"name":"wp","href":"https:\/\/api.w.org\/{rel}","templated":true}]}}