{"id":15795,"date":"2026-05-12T23:01:12","date_gmt":"2026-05-12T21:01:12","guid":{"rendered":"https:\/\/agora.xtec.cat\/ins-dolors-aleu-barcelona\/?page_id=15795"},"modified":"2026-05-12T23:11:22","modified_gmt":"2026-05-12T21:11:22","slug":"auques-de-la-dolors-aleu-treballs-fets-per-alumnat-de-1r-eso","status":"publish","type":"page","link":"https:\/\/agora.xtec.cat\/ins-dolors-aleu-barcelona\/aula-museu-dolors-aleu\/auques-de-la-dolors-aleu-treballs-fets-per-alumnat-de-1r-eso\/","title":{"rendered":"Auques de la Dolors Aleu &#8211; Treballs fets per alumnat de 1r ESO"},"content":{"rendered":"<p style=\"text-align: justify;\">Despr\u00e9s de treballar la biografia de la doctora Dolors Aleu, l&#8217;alumnat de 1r d&#8217;ESO ha creat aquestes auques i v\u00eddeos per resumir-ne la traject\u00f2ria.<\/p>\n<p><a href=\"https:\/\/agora.xtec.cat\/ins-dolors-aleu-barcelona\/wp-content\/uploads\/usu1296\/2026\/05\/CC286F82-7992-4080-B98F-D2E76AC2FA49_comprimida.jpg\"><img loading=\"lazy\" decoding=\"async\" class=\"size-full wp-image-15797 aligncenter\" src=\"https:\/\/agora.xtec.cat\/ins-dolors-aleu-barcelona\/wp-content\/uploads\/usu1296\/2026\/05\/CC286F82-7992-4080-B98F-D2E76AC2FA49_comprimida.jpg\" alt=\"\" width=\"1024\" height=\"576\" srcset=\"https:\/\/agora.xtec.cat\/ins-dolors-aleu-barcelona\/wp-content\/uploads\/usu1296\/2026\/05\/CC286F82-7992-4080-B98F-D2E76AC2FA49_comprimida.jpg 1024w, https:\/\/agora.xtec.cat\/ins-dolors-aleu-barcelona\/wp-content\/uploads\/usu1296\/2026\/05\/CC286F82-7992-4080-B98F-D2E76AC2FA49_comprimida-300x169.jpg 300w, https:\/\/agora.xtec.cat\/ins-dolors-aleu-barcelona\/wp-content\/uploads\/usu1296\/2026\/05\/CC286F82-7992-4080-B98F-D2E76AC2FA49_comprimida-768x432.jpg 768w\" sizes=\"auto, (max-width: 1024px) 100vw, 1024px\" \/><\/a> <a href=\"https:\/\/agora.xtec.cat\/ins-dolors-aleu-barcelona\/wp-content\/uploads\/usu1296\/2026\/05\/IMG_8845_comprimida.jpg\"><img loading=\"lazy\" decoding=\"async\" class=\"size-full wp-image-15798 aligncenter\" src=\"https:\/\/agora.xtec.cat\/ins-dolors-aleu-barcelona\/wp-content\/uploads\/usu1296\/2026\/05\/IMG_8845_comprimida.jpg\" alt=\"\" width=\"768\" height=\"1024\" srcset=\"https:\/\/agora.xtec.cat\/ins-dolors-aleu-barcelona\/wp-content\/uploads\/usu1296\/2026\/05\/IMG_8845_comprimida.jpg 768w, https:\/\/agora.xtec.cat\/ins-dolors-aleu-barcelona\/wp-content\/uploads\/usu1296\/2026\/05\/IMG_8845_comprimida-225x300.jpg 225w\" sizes=\"auto, (max-width: 768px) 100vw, 768px\" \/><\/a> <a href=\"https:\/\/agora.xtec.cat\/ins-dolors-aleu-barcelona\/wp-content\/uploads\/usu1296\/2026\/05\/IMG_8844_comprimida.jpg\"><img loading=\"lazy\" decoding=\"async\" class=\"size-full wp-image-15799 aligncenter\" src=\"https:\/\/agora.xtec.cat\/ins-dolors-aleu-barcelona\/wp-content\/uploads\/usu1296\/2026\/05\/IMG_8844_comprimida.jpg\" alt=\"\" width=\"768\" height=\"1024\" srcset=\"https:\/\/agora.xtec.cat\/ins-dolors-aleu-barcelona\/wp-content\/uploads\/usu1296\/2026\/05\/IMG_8844_comprimida.jpg 768w, https:\/\/agora.xtec.cat\/ins-dolors-aleu-barcelona\/wp-content\/uploads\/usu1296\/2026\/05\/IMG_8844_comprimida-225x300.jpg 225w\" sizes=\"auto, (max-width: 768px) 100vw, 768px\" \/><\/a> <a href=\"https:\/\/agora.xtec.cat\/ins-dolors-aleu-barcelona\/wp-content\/uploads\/usu1296\/2026\/05\/IMG_8843_comprimida.jpg\"><img loading=\"lazy\" decoding=\"async\" class=\"size-full wp-image-15800 aligncenter\" src=\"https:\/\/agora.xtec.cat\/ins-dolors-aleu-barcelona\/wp-content\/uploads\/usu1296\/2026\/05\/IMG_8843_comprimida.jpg\" alt=\"\" width=\"768\" height=\"1024\" srcset=\"https:\/\/agora.xtec.cat\/ins-dolors-aleu-barcelona\/wp-content\/uploads\/usu1296\/2026\/05\/IMG_8843_comprimida.jpg 768w, https:\/\/agora.xtec.cat\/ins-dolors-aleu-barcelona\/wp-content\/uploads\/usu1296\/2026\/05\/IMG_8843_comprimida-225x300.jpg 225w\" sizes=\"auto, (max-width: 768px) 100vw, 768px\" \/><\/a> <a href=\"https:\/\/agora.xtec.cat\/ins-dolors-aleu-barcelona\/wp-content\/uploads\/usu1296\/2026\/05\/IMG_8840_comprimida.jpg\"><img loading=\"lazy\" decoding=\"async\" class=\"size-full wp-image-15801 aligncenter\" src=\"https:\/\/agora.xtec.cat\/ins-dolors-aleu-barcelona\/wp-content\/uploads\/usu1296\/2026\/05\/IMG_8840_comprimida.jpg\" alt=\"\" width=\"1024\" height=\"768\" srcset=\"https:\/\/agora.xtec.cat\/ins-dolors-aleu-barcelona\/wp-content\/uploads\/usu1296\/2026\/05\/IMG_8840_comprimida.jpg 1024w, https:\/\/agora.xtec.cat\/ins-dolors-aleu-barcelona\/wp-content\/uploads\/usu1296\/2026\/05\/IMG_8840_comprimida-300x225.jpg 300w, https:\/\/agora.xtec.cat\/ins-dolors-aleu-barcelona\/wp-content\/uploads\/usu1296\/2026\/05\/IMG_8840_comprimida-768x576.jpg 768w, https:\/\/agora.xtec.cat\/ins-dolors-aleu-barcelona\/wp-content\/uploads\/usu1296\/2026\/05\/IMG_8840_comprimida-200x150.jpg 200w\" sizes=\"auto, (max-width: 1024px) 100vw, 1024px\" \/><\/a> <a href=\"https:\/\/agora.xtec.cat\/ins-dolors-aleu-barcelona\/wp-content\/uploads\/usu1296\/2026\/05\/IMG_8838_comprimida.jpg\"><img loading=\"lazy\" decoding=\"async\" class=\"size-full wp-image-15802 aligncenter\" src=\"https:\/\/agora.xtec.cat\/ins-dolors-aleu-barcelona\/wp-content\/uploads\/usu1296\/2026\/05\/IMG_8838_comprimida.jpg\" alt=\"\" width=\"768\" height=\"1024\" srcset=\"https:\/\/agora.xtec.cat\/ins-dolors-aleu-barcelona\/wp-content\/uploads\/usu1296\/2026\/05\/IMG_8838_comprimida.jpg 768w, https:\/\/agora.xtec.cat\/ins-dolors-aleu-barcelona\/wp-content\/uploads\/usu1296\/2026\/05\/IMG_8838_comprimida-225x300.jpg 225w\" sizes=\"auto, (max-width: 768px) 100vw, 768px\" \/><\/a> <a href=\"https:\/\/agora.xtec.cat\/ins-dolors-aleu-barcelona\/wp-content\/uploads\/usu1296\/2026\/05\/IMG_8837_comprimida.jpg\"><img loading=\"lazy\" decoding=\"async\" class=\"size-full wp-image-15803 aligncenter\" src=\"https:\/\/agora.xtec.cat\/ins-dolors-aleu-barcelona\/wp-content\/uploads\/usu1296\/2026\/05\/IMG_8837_comprimida.jpg\" alt=\"\" width=\"768\" height=\"1024\" srcset=\"https:\/\/agora.xtec.cat\/ins-dolors-aleu-barcelona\/wp-content\/uploads\/usu1296\/2026\/05\/IMG_8837_comprimida.jpg 768w, https:\/\/agora.xtec.cat\/ins-dolors-aleu-barcelona\/wp-content\/uploads\/usu1296\/2026\/05\/IMG_8837_comprimida-225x300.jpg 225w\" sizes=\"auto, (max-width: 768px) 100vw, 768px\" \/><\/a> <a href=\"https:\/\/agora.xtec.cat\/ins-dolors-aleu-barcelona\/wp-content\/uploads\/usu1296\/2026\/05\/IMG_8836_comprimida.jpg\"><img loading=\"lazy\" decoding=\"async\" class=\"size-full wp-image-15804 aligncenter\" src=\"https:\/\/agora.xtec.cat\/ins-dolors-aleu-barcelona\/wp-content\/uploads\/usu1296\/2026\/05\/IMG_8836_comprimida.jpg\" alt=\"\" width=\"768\" height=\"1024\" srcset=\"https:\/\/agora.xtec.cat\/ins-dolors-aleu-barcelona\/wp-content\/uploads\/usu1296\/2026\/05\/IMG_8836_comprimida.jpg 768w, https:\/\/agora.xtec.cat\/ins-dolors-aleu-barcelona\/wp-content\/uploads\/usu1296\/2026\/05\/IMG_8836_comprimida-225x300.jpg 225w\" sizes=\"auto, (max-width: 768px) 100vw, 768px\" \/><\/a> <a href=\"https:\/\/agora.xtec.cat\/ins-dolors-aleu-barcelona\/wp-content\/uploads\/usu1296\/2026\/05\/IMG_8835_comprimida.jpg\"><img loading=\"lazy\" decoding=\"async\" class=\"size-full wp-image-15805 aligncenter\" src=\"https:\/\/agora.xtec.cat\/ins-dolors-aleu-barcelona\/wp-content\/uploads\/usu1296\/2026\/05\/IMG_8835_comprimida.jpg\" alt=\"\" width=\"768\" height=\"1024\" srcset=\"https:\/\/agora.xtec.cat\/ins-dolors-aleu-barcelona\/wp-content\/uploads\/usu1296\/2026\/05\/IMG_8835_comprimida.jpg 768w, https:\/\/agora.xtec.cat\/ins-dolors-aleu-barcelona\/wp-content\/uploads\/usu1296\/2026\/05\/IMG_8835_comprimida-225x300.jpg 225w\" sizes=\"auto, (max-width: 768px) 100vw, 768px\" \/><\/a> <a href=\"https:\/\/agora.xtec.cat\/ins-dolors-aleu-barcelona\/wp-content\/uploads\/usu1296\/2026\/05\/IMG_8833_comprimida.jpg\"><img loading=\"lazy\" decoding=\"async\" class=\"size-full wp-image-15806 aligncenter\" src=\"https:\/\/agora.xtec.cat\/ins-dolors-aleu-barcelona\/wp-content\/uploads\/usu1296\/2026\/05\/IMG_8833_comprimida.jpg\" alt=\"\" width=\"1024\" height=\"768\" srcset=\"https:\/\/agora.xtec.cat\/ins-dolors-aleu-barcelona\/wp-content\/uploads\/usu1296\/2026\/05\/IMG_8833_comprimida.jpg 1024w, https:\/\/agora.xtec.cat\/ins-dolors-aleu-barcelona\/wp-content\/uploads\/usu1296\/2026\/05\/IMG_8833_comprimida-300x225.jpg 300w, https:\/\/agora.xtec.cat\/ins-dolors-aleu-barcelona\/wp-content\/uploads\/usu1296\/2026\/05\/IMG_8833_comprimida-768x576.jpg 768w, https:\/\/agora.xtec.cat\/ins-dolors-aleu-barcelona\/wp-content\/uploads\/usu1296\/2026\/05\/IMG_8833_comprimida-200x150.jpg 200w\" sizes=\"auto, (max-width: 1024px) 100vw, 1024px\" \/><\/a> <a href=\"https:\/\/agora.xtec.cat\/ins-dolors-aleu-barcelona\/wp-content\/uploads\/usu1296\/2026\/05\/C0400005-7F98-4A3D-927A-4D510DF4F181_comprimida.jpg\"><img loading=\"lazy\" decoding=\"async\" class=\"size-full wp-image-15807 aligncenter\" src=\"https:\/\/agora.xtec.cat\/ins-dolors-aleu-barcelona\/wp-content\/uploads\/usu1296\/2026\/05\/C0400005-7F98-4A3D-927A-4D510DF4F181_comprimida.jpg\" alt=\"\" width=\"576\" height=\"1024\" srcset=\"https:\/\/agora.xtec.cat\/ins-dolors-aleu-barcelona\/wp-content\/uploads\/usu1296\/2026\/05\/C0400005-7F98-4A3D-927A-4D510DF4F181_comprimida.jpg 576w, https:\/\/agora.xtec.cat\/ins-dolors-aleu-barcelona\/wp-content\/uploads\/usu1296\/2026\/05\/C0400005-7F98-4A3D-927A-4D510DF4F181_comprimida-169x300.jpg 169w\" sizes=\"auto, (max-width: 576px) 100vw, 576px\" \/><\/a> <a href=\"https:\/\/agora.xtec.cat\/ins-dolors-aleu-barcelona\/wp-content\/uploads\/usu1296\/2026\/05\/IMG_8949_comprimida.jpg\"><img loading=\"lazy\" decoding=\"async\" class=\"size-full wp-image-15808 aligncenter\" src=\"https:\/\/agora.xtec.cat\/ins-dolors-aleu-barcelona\/wp-content\/uploads\/usu1296\/2026\/05\/IMG_8949_comprimida.jpg\" alt=\"\" width=\"768\" height=\"1024\" srcset=\"https:\/\/agora.xtec.cat\/ins-dolors-aleu-barcelona\/wp-content\/uploads\/usu1296\/2026\/05\/IMG_8949_comprimida.jpg 768w, https:\/\/agora.xtec.cat\/ins-dolors-aleu-barcelona\/wp-content\/uploads\/usu1296\/2026\/05\/IMG_8949_comprimida-225x300.jpg 225w\" sizes=\"auto, (max-width: 768px) 100vw, 768px\" \/><\/a> <a href=\"https:\/\/agora.xtec.cat\/ins-dolors-aleu-barcelona\/wp-content\/uploads\/usu1296\/2026\/05\/1A015FAF-7FA5-4951-AC95-1E2BCE4A0526_comprimida.jpg\"><img loading=\"lazy\" decoding=\"async\" class=\"size-full wp-image-15809 aligncenter\" src=\"https:\/\/agora.xtec.cat\/ins-dolors-aleu-barcelona\/wp-content\/uploads\/usu1296\/2026\/05\/1A015FAF-7FA5-4951-AC95-1E2BCE4A0526_comprimida.jpg\" alt=\"\" width=\"1024\" height=\"576\" srcset=\"https:\/\/agora.xtec.cat\/ins-dolors-aleu-barcelona\/wp-content\/uploads\/usu1296\/2026\/05\/1A015FAF-7FA5-4951-AC95-1E2BCE4A0526_comprimida.jpg 1024w, https:\/\/agora.xtec.cat\/ins-dolors-aleu-barcelona\/wp-content\/uploads\/usu1296\/2026\/05\/1A015FAF-7FA5-4951-AC95-1E2BCE4A0526_comprimida-300x169.jpg 300w, https:\/\/agora.xtec.cat\/ins-dolors-aleu-barcelona\/wp-content\/uploads\/usu1296\/2026\/05\/1A015FAF-7FA5-4951-AC95-1E2BCE4A0526_comprimida-768x432.jpg 768w\" sizes=\"auto, (max-width: 1024px) 100vw, 1024px\" \/><\/a> <a href=\"https:\/\/agora.xtec.cat\/ins-dolors-aleu-barcelona\/wp-content\/uploads\/usu1296\/2026\/05\/IMG_8948_comprimida.jpg\"><img loading=\"lazy\" decoding=\"async\" class=\"size-full wp-image-15810 aligncenter\" src=\"https:\/\/agora.xtec.cat\/ins-dolors-aleu-barcelona\/wp-content\/uploads\/usu1296\/2026\/05\/IMG_8948_comprimida.jpg\" alt=\"\" width=\"768\" height=\"1024\" srcset=\"https:\/\/agora.xtec.cat\/ins-dolors-aleu-barcelona\/wp-content\/uploads\/usu1296\/2026\/05\/IMG_8948_comprimida.jpg 768w, https:\/\/agora.xtec.cat\/ins-dolors-aleu-barcelona\/wp-content\/uploads\/usu1296\/2026\/05\/IMG_8948_comprimida-225x300.jpg 225w\" sizes=\"auto, (max-width: 768px) 100vw, 768px\" \/><\/a><\/p>\n<p>&nbsp;<\/p>\n<p><iframe loading=\"lazy\" title=\"IMG 8839\" width=\"422\" height=\"750\" src=\"https:\/\/www.youtube.com\/embed\/rS-XVtTXjvA?feature=oembed\" frameborder=\"0\" allow=\"accelerometer; autoplay; clipboard-write; encrypted-media; gyroscope; picture-in-picture; web-share\" referrerpolicy=\"strict-origin-when-cross-origin\" allowfullscreen><\/iframe><\/p>\n<p><iframe loading=\"lazy\" title=\"IMG 8834\" width=\"422\" height=\"750\" src=\"https:\/\/www.youtube.com\/embed\/Uhm0ZX4TOBI?feature=oembed\" frameborder=\"0\" allow=\"accelerometer; autoplay; clipboard-write; encrypted-media; gyroscope; picture-in-picture; web-share\" referrerpolicy=\"strict-origin-when-cross-origin\" allowfullscreen><\/iframe><\/p>\n<p><iframe loading=\"lazy\" title=\"IMG 8954\" width=\"422\" height=\"750\" src=\"https:\/\/www.youtube.com\/embed\/N38VA83uJkk?feature=oembed\" frameborder=\"0\" allow=\"accelerometer; autoplay; clipboard-write; encrypted-media; gyroscope; picture-in-picture; web-share\" referrerpolicy=\"strict-origin-when-cross-origin\" allowfullscreen><\/iframe><\/p>\n<p><iframe loading=\"lazy\" title=\"IMG 8953\" width=\"422\" height=\"750\" src=\"https:\/\/www.youtube.com\/embed\/zh1BqbsMApo?feature=oembed\" frameborder=\"0\" allow=\"accelerometer; autoplay; clipboard-write; encrypted-media; gyroscope; picture-in-picture; web-share\" referrerpolicy=\"strict-origin-when-cross-origin\" allowfullscreen><\/iframe><\/p>\n<p><iframe loading=\"lazy\" title=\"IMG 8952\" width=\"422\" height=\"750\" src=\"https:\/\/www.youtube.com\/embed\/jOMeVOrYi7Q?feature=oembed\" frameborder=\"0\" allow=\"accelerometer; autoplay; clipboard-write; encrypted-media; gyroscope; picture-in-picture; web-share\" referrerpolicy=\"strict-origin-when-cross-origin\" allowfullscreen><\/iframe><\/p>\n<p><iframe loading=\"lazy\" title=\"IMG 8958\" width=\"500\" height=\"281\" src=\"https:\/\/www.youtube.com\/embed\/7kk0byj0j-k?feature=oembed\" frameborder=\"0\" allow=\"accelerometer; autoplay; clipboard-write; encrypted-media; gyroscope; picture-in-picture; web-share\" referrerpolicy=\"strict-origin-when-cross-origin\" allowfullscreen><\/iframe><\/p>\n<p><iframe loading=\"lazy\" title=\"IMG 8959\" width=\"500\" height=\"281\" src=\"https:\/\/www.youtube.com\/embed\/zpYVX-UOFOE?feature=oembed\" frameborder=\"0\" allow=\"accelerometer; autoplay; clipboard-write; encrypted-media; gyroscope; picture-in-picture; web-share\" referrerpolicy=\"strict-origin-when-cross-origin\" allowfullscreen><\/iframe><\/p>\n","protected":false},"excerpt":{"rendered":"<p>Despr\u00e9s de treballar la biografia de la doctora Dolors Aleu, l&#8217;alumnat de 1r d&#8217;ESO ha creat aquestes auques i v\u00eddeos per resumir-ne la traject\u00f2ria.<br \/>\n<a href=\"https:\/\/agora.xtec.cat\/ins-dolors-aleu-barcelona\/wp-content\/uploads\/usu1296\/2026\/05\/CC286F82-7992-4080-B98F-D2E76AC2FA49_comprimida.jpg\"><\/a> <a href=\"https:\/\/agora.xtec.cat\/ins-dolors-aleu-barcelona\/wp-content\/uploads\/usu1296\/2026\/05\/IMG_8845_comprimida.jpg\"><\/a> <a href=\"https:\/\/agora.xtec.cat\/ins-dolors-aleu-barcelona\/wp-content\/uploads\/usu1296\/2026\/05\/IMG_8844_comprimida.jpg\"><\/a> <a href=\"https:\/\/agora.xtec.cat\/ins-dolors-aleu-barcelona\/wp-content\/uploads\/usu1296\/2026\/05\/IMG_8843_comprimida.jpg\"><\/a> <a href=\"https:\/\/agora.xtec.cat\/ins-dolors-aleu-barcelona\/wp-content\/uploads\/usu1296\/2026\/05\/IMG_8840_comprimida.jpg\"><\/a> <a href=\"https:\/\/agora.xtec.cat\/ins-dolors-aleu-barcelona\/wp-content\/uploads\/usu1296\/2026\/05\/IMG_8838_comprimida.jpg\"><\/a> <a href=\"https:\/\/agora.xtec.cat\/ins-dolors-aleu-barcelona\/wp-content\/uploads\/usu1296\/2026\/05\/IMG_8837_comprimida.jpg\"><\/a> <a href=\"https:\/\/agora.xtec.cat\/ins-dolors-aleu-barcelona\/wp-content\/uploads\/usu1296\/2026\/05\/IMG_8836_comprimida.jpg\"><\/a> <a href=\"https:\/\/agora.xtec.cat\/ins-dolors-aleu-barcelona\/wp-content\/uploads\/usu1296\/2026\/05\/IMG_8835_comprimida.jpg\"><\/a> <a href=\"https:\/\/agora.xtec.cat\/ins-dolors-aleu-barcelona\/wp-content\/uploads\/usu1296\/2026\/05\/IMG_8833_comprimida.jpg\"><\/a> <a href=\"https:\/\/agora.xtec.cat\/ins-dolors-aleu-barcelona\/wp-content\/uploads\/usu1296\/2026\/05\/C0400005-7F98-4A3D-927A-4D510DF4F181_comprimida.jpg\"><\/a>&hellip;  <a href=\"https:\/\/agora.xtec.cat\/ins-dolors-aleu-barcelona\/aula-museu-dolors-aleu\/auques-de-la-dolors-aleu-treballs-fets-per-alumnat-de-1r-eso\/\" title=\"Read Auques de la Dolors Aleu &#8211; Treballs fets per alumnat de 1r ESO\">Llegeix m\u00e9s\u00bb<\/a><\/p>\n","protected":false},"author":1,"featured_media":0,"parent":14897,"menu_order":0,"comment_status":"closed","ping_status":"closed","template":"","meta":{"_bbp_topic_count":0,"_bbp_reply_count":0,"_bbp_total_topic_count":0,"_bbp_total_reply_count":0,"_bbp_voice_count":0,"_bbp_anonymous_reply_count":0,"_bbp_topic_count_hidden":0,"_bbp_reply_count_hidden":0,"_bbp_forum_subforum_count":0,"footnotes":""},"class_list":["post-15795","page","type-page","status-publish","hentry"],"post_mailing_queue_ids":[],"_links":{"self":[{"href":"https:\/\/agora.xtec.cat\/ins-dolors-aleu-barcelona\/wp-json\/wp\/v2\/pages\/15795","targetHints":{"allow":["GET"]}}],"collection":[{"href":"https:\/\/agora.xtec.cat\/ins-dolors-aleu-barcelona\/wp-json\/wp\/v2\/pages"}],"about":[{"href":"https:\/\/agora.xtec.cat\/ins-dolors-aleu-barcelona\/wp-json\/wp\/v2\/types\/page"}],"author":[{"embeddable":true,"href":"https:\/\/agora.xtec.cat\/ins-dolors-aleu-barcelona\/wp-json\/wp\/v2\/users\/1"}],"replies":[{"embeddable":true,"href":"https:\/\/agora.xtec.cat\/ins-dolors-aleu-barcelona\/wp-json\/wp\/v2\/comments?post=15795"}],"version-history":[{"count":3,"href":"https:\/\/agora.xtec.cat\/ins-dolors-aleu-barcelona\/wp-json\/wp\/v2\/pages\/15795\/revisions"}],"predecessor-version":[{"id":15815,"href":"https:\/\/agora.xtec.cat\/ins-dolors-aleu-barcelona\/wp-json\/wp\/v2\/pages\/15795\/revisions\/15815"}],"up":[{"embeddable":true,"href":"https:\/\/agora.xtec.cat\/ins-dolors-aleu-barcelona\/wp-json\/wp\/v2\/pages\/14897"}],"wp:attachment":[{"href":"https:\/\/agora.xtec.cat\/ins-dolors-aleu-barcelona\/wp-json\/wp\/v2\/media?parent=15795"}],"curies":[{"name":"wp","href":"https:\/\/api.w.org\/{rel}","templated":true}]}}