{"id":15092,"date":"2026-01-16T19:16:03","date_gmt":"2026-01-16T18:16:03","guid":{"rendered":"https:\/\/agora.xtec.cat\/ins-dolors-aleu-barcelona\/?page_id=15092"},"modified":"2026-01-22T17:43:40","modified_gmt":"2026-01-22T16:43:40","slug":"jardi-dolors-aleu","status":"publish","type":"page","link":"https:\/\/agora.xtec.cat\/ins-dolors-aleu-barcelona\/jardi-dolors-aleu\/","title":{"rendered":"El jard\u00ed Dolors Aleu: un espai que floreix amb el saber i la veu de l\u2019alumnat"},"content":{"rendered":"<p style=\"text-align: justify;\">En travessar el vest\u00edbul del nostre institut,\u00a0 entrem a un espai de pas: i accedim al jard\u00ed de la doctora Dolors Aleu. Un jard\u00ed simb\u00f2lic que creix, floreix i es transforma gr\u00e0cies a l\u2019alumnat.<\/p>\n<p style=\"text-align: justify;\">Aquest jard\u00ed \u00e9s una met\u00e0fora viva del coneixement, del benestar i de la innovaci\u00f3. Ha estat constru\u00eft col\u00b7lectivament per nois i noies de totes les etapes educatives.<\/p>\n<p style=\"text-align: justify;\">\r\n\t<div class=\"slideshow_container slideshow_container_style-light\" style=\"height: 600px; \" data-slideshow-id=\"15270\" data-style-name=\"style-light\" data-style-version=\"2.3.1\" >\r\n\r\n\t\t\t\t\t<div class=\"slideshow_loading_icon\"><\/div>\r\n\t\t\r\n\t\t<div class=\"slideshow_content\" style=\"display: none;\">\r\n\r\n\t\t\t<div class=\"slideshow_view\">\r\n\t\t\t\t<div class=\"slideshow_slide slideshow_slide_image\">\r\n\t\t\t\t\t\t\t\t\t\t\t<img src=\"https:\/\/agora.xtec.cat\/ins-dolors-aleu-barcelona\/wp-content\/uploads\/usu1296\/2026\/01\/IMG_9180-1-scaled.jpg\" alt=\"IMG_9180\" width=\"2560\" height=\"1920\" \/>\r\n\t\t\t\t\t\t\t\t\t\t<div class=\"slideshow_description_box slideshow_transparent\">\r\n\t\t\t\t\t\t<div class=\"slideshow_title\">IMG_9180<\/div>\t\t\t\t\t\t\t\t\t\t\t<\/div>\r\n\t\t\t\t<\/div>\r\n\r\n\t\t\t\t\t\t<div style=\"clear: both;\"><\/div><\/div><div class=\"slideshow_view\">\r\n\t\t\t\t<div class=\"slideshow_slide slideshow_slide_image\">\r\n\t\t\t\t\t\t\t\t\t\t\t<img src=\"https:\/\/agora.xtec.cat\/ins-dolors-aleu-barcelona\/wp-content\/uploads\/usu1296\/2026\/01\/IMG_9181-1-scaled.jpg\" alt=\"IMG_9181\" width=\"2560\" height=\"1920\" \/>\r\n\t\t\t\t\t\t\t\t\t\t<div class=\"slideshow_description_box slideshow_transparent\">\r\n\t\t\t\t\t\t<div class=\"slideshow_title\">IMG_9181<\/div>\t\t\t\t\t\t\t\t\t\t\t<\/div>\r\n\t\t\t\t<\/div>\r\n\r\n\t\t\t\t\t\t<div style=\"clear: both;\"><\/div><\/div><div class=\"slideshow_view\">\r\n\t\t\t\t<div class=\"slideshow_slide slideshow_slide_image\">\r\n\t\t\t\t\t\t\t\t\t\t\t<img src=\"https:\/\/agora.xtec.cat\/ins-dolors-aleu-barcelona\/wp-content\/uploads\/usu1296\/2026\/01\/IMG_9182-1-scaled.jpg\" alt=\"IMG_9182\" width=\"2560\" height=\"1920\" \/>\r\n\t\t\t\t\t\t\t\t\t\t<div class=\"slideshow_description_box slideshow_transparent\">\r\n\t\t\t\t\t\t<div class=\"slideshow_title\">IMG_9182<\/div>\t\t\t\t\t\t\t\t\t\t\t<\/div>\r\n\t\t\t\t<\/div>\r\n\r\n\t\t\t\t\t\t<div style=\"clear: both;\"><\/div><\/div>\r\n\t\t<\/div>\r\n\r\n\t\t<div class=\"slideshow_controlPanel slideshow_transparent\" style=\"display: none;\"><ul><li class=\"slideshow_togglePlay\" data-play-text=\"Visualitza\" data-pause-text=\"Pausa\"><\/li><\/ul><\/div>\r\n\r\n\t\t<div class=\"slideshow_button slideshow_previous slideshow_transparent\" role=\"button\" data-previous-text=\"Anterior\" style=\"display: none;\"><\/div>\r\n\t\t<div class=\"slideshow_button slideshow_next slideshow_transparent\" role=\"button\" data-next-text=\"Seg\u00fcent\" style=\"display: none;\"><\/div>\r\n\r\n\t\t<div class=\"slideshow_pagination\" style=\"display: none;\" data-go-to-text=\"V\u00e9s a la diapositiva\"><div class=\"slideshow_pagination_center\"><\/div><\/div>\r\n\r\n\t\t<!-- WordPress Slideshow Version 2.3.1 -->\r\n\r\n\t\t\t<\/div>\r\n\r\n<\/p>\n<p style=\"text-align: justify;\">L\u2019alumnat de\u00a01r i 2n d\u2019ESO\u00a0ha omplert la\u00a0pomera\u00a0de missatges de benestar. Cada poma guarda una paraula amable, un aprenentatge emocional, un record que parla de cuidar-se i cuidar els altres. Amb la voluntat de deixar petjada, cada alumne i alumna ha escrit all\u00f2 que els ajuda a cr\u00e9ixer forts per dins.<\/p>\n<p style=\"text-align: justify;\">Els nois i noies de\u00a03r i 4t d\u2019ESO\u00a0han fet cr\u00e9ixer l\u2019altre gran arbre del jard\u00ed cobrint-lo de\u00a0fulles plenes de saviesa. En cadascuna hi han deixat escrit un coneixement: alguns inspirats en la figura de la doctora Dolors Aleu, pionera de la medicina, d\u2019altres sorgits del seu propi pensament i experi\u00e8ncia. S\u00f3n fulles que parlen de saber, d\u2019esperit cr\u00edtic i de comprom\u00eds amb el m\u00f3n.<\/p>\n<p style=\"text-align: justify;\">Finalment, l\u2019alumnat de\u00a0batxillerat\u00a0ha fet\u00a0florir el jard\u00ed. Cada flor representa una idea nova, una mirada innovadora, una proposta que apunta cap al futur. S\u00f3n flors que simbolitzen la creativitat, l\u2019ambici\u00f3 intel\u00b7lectual i el desig de transformar la realitat.<\/p>\n<p style=\"text-align: justify;\">El jard\u00ed Dolors Aleu \u00e9s un homenatge a una dona excepcional, un reflex del nostre institut: un espai on l\u2019alumnat arrela, creix i floreix, deixant-hi la seva veu, el seu saber i la seva empremta.<\/p>\n","protected":false},"excerpt":{"rendered":"<p>En travessar el vest\u00edbul del nostre institut,\u00a0 entrem a un espai de pas: i accedim al jard\u00ed de la doctora Dolors Aleu. Un jard\u00ed simb\u00f2lic que creix, floreix i es transforma gr\u00e0cies a l\u2019alumnat.<br \/>\nAquest jard\u00ed \u00e9s una met\u00e0fora viva del coneixement, del benestar i de&hellip;  <a href=\"https:\/\/agora.xtec.cat\/ins-dolors-aleu-barcelona\/jardi-dolors-aleu\/\" title=\"Read El jard\u00ed Dolors Aleu: un espai que floreix amb el saber i la veu de l\u2019alumnat\">Llegeix m\u00e9s\u00bb<\/a><\/p>\n","protected":false},"author":1,"featured_media":0,"parent":0,"menu_order":0,"comment_status":"closed","ping_status":"closed","template":"","meta":{"_bbp_topic_count":0,"_bbp_reply_count":0,"_bbp_total_topic_count":0,"_bbp_total_reply_count":0,"_bbp_voice_count":0,"_bbp_anonymous_reply_count":0,"_bbp_topic_count_hidden":0,"_bbp_reply_count_hidden":0,"_bbp_forum_subforum_count":0,"footnotes":""},"class_list":["post-15092","page","type-page","status-publish","hentry"],"post_mailing_queue_ids":[],"_links":{"self":[{"href":"https:\/\/agora.xtec.cat\/ins-dolors-aleu-barcelona\/wp-json\/wp\/v2\/pages\/15092","targetHints":{"allow":["GET"]}}],"collection":[{"href":"https:\/\/agora.xtec.cat\/ins-dolors-aleu-barcelona\/wp-json\/wp\/v2\/pages"}],"about":[{"href":"https:\/\/agora.xtec.cat\/ins-dolors-aleu-barcelona\/wp-json\/wp\/v2\/types\/page"}],"author":[{"embeddable":true,"href":"https:\/\/agora.xtec.cat\/ins-dolors-aleu-barcelona\/wp-json\/wp\/v2\/users\/1"}],"replies":[{"embeddable":true,"href":"https:\/\/agora.xtec.cat\/ins-dolors-aleu-barcelona\/wp-json\/wp\/v2\/comments?post=15092"}],"version-history":[{"count":6,"href":"https:\/\/agora.xtec.cat\/ins-dolors-aleu-barcelona\/wp-json\/wp\/v2\/pages\/15092\/revisions"}],"predecessor-version":[{"id":15277,"href":"https:\/\/agora.xtec.cat\/ins-dolors-aleu-barcelona\/wp-json\/wp\/v2\/pages\/15092\/revisions\/15277"}],"wp:attachment":[{"href":"https:\/\/agora.xtec.cat\/ins-dolors-aleu-barcelona\/wp-json\/wp\/v2\/media?parent=15092"}],"curies":[{"name":"wp","href":"https:\/\/api.w.org\/{rel}","templated":true}]}}