{"id":15083,"date":"2026-01-16T18:49:48","date_gmt":"2026-01-16T17:49:48","guid":{"rendered":"https:\/\/agora.xtec.cat\/ins-dolors-aleu-barcelona\/?page_id=15083"},"modified":"2026-04-27T09:15:41","modified_gmt":"2026-04-27T07:15:41","slug":"inscripcio-al-servei-de-menjador","status":"publish","type":"page","link":"https:\/\/agora.xtec.cat\/ins-dolors-aleu-barcelona\/inscripcio-al-servei-de-menjador\/","title":{"rendered":"Servei de Menjador"},"content":{"rendered":"<ul style=\"list-style-type: square;\">\n<li><a href=\"https:\/\/agora.xtec.cat\/ins-dolors-aleu-barcelona\/wp-content\/uploads\/usu1296\/2026\/01\/I.-DOLORS-ALEU-INSCRIPCIO-AL-MENJADOR.pdf\">Informaci\u00f3 general<\/a><br \/>\nEl menjador escolar de l&#8217;institut Dolors Aleu respon a unes necessitats b\u00e0siques i treballa l\u2019adquisici\u00f3 d\u2019uns h\u00e0bits adequats ja que vetlla per:<\/p>\n<div>\u25cf Impulsar un acompanyament positiu durant tot el Servei de Menjador.<\/div>\n<div>\u25cf Proporcionar als i les comensals un menjar de qualitat tant des del punt<\/div>\n<div>de vista nutricional com des de criteris higi\u00e8nics, sensorials i educatius.<\/div>\n<div>\u25cf Promoure h\u00e0bits d\u2019higiene, d\u2019alimentaci\u00f3 i de comportament adequats aix\u00ed com els aspectes socials i de conviv\u00e8ncia en els \u00e0pats<\/div>\n<div>\u25cf Potenciar la varietat i la identitat gastron\u00f2mica de la zona. amb diferents tipologies de men\u00fas<\/div>\n<div>\u25cf Proposar la col\u00b7laboraci\u00f3 de l\u2019alumnat en feines senzilles. Social: (forma part del proc\u00e9s educatiu dels alumnes: conviv\u00e8ncia, comunicaci\u00f3, esbargiment)<\/div>\n<div>\u25cf Col\u00b7laborar amb les administracions competents perqu\u00e8 es tramitin i concedeixin els ajuts a l\u2019alumnat que ho requereixi.<\/div>\n<div>\n<p style=\"margin-top: 1.5em;\">Podr\u00e0 <a href=\"https:\/\/activitats.fundesplai.org\/public\/landing\/app-7itria\"><u>sol\u00b7licitar el servei de menjador<\/u><\/a> tot l\u2019alumnat del centre, professorat i el personal d\u2019administraci\u00f3 i serveis. El servei es podr\u00e0 sol\u00b7licitar en dues modalitats:<\/p>\n<\/div>\n<div>&#8211; Fixa: quan es t\u00e9 l\u2019\u00e0pat encarregat cada dia<\/div>\n<div>&#8211; Eventual: quan s\u2019encarrega l\u2019\u00e0pat de forma puntual. Cal avisar el dia abans com a m\u00ednim.<\/div>\n<p>&nbsp;<\/p>\n<div><u>Calendari<\/u><\/div>\n<div>El servei de menjador s\u2019iniciar\u00e0 segons acord entre l\u2019institut i l\u2019empresa, procurant que sigui el m\u00e9s aviat possible a l&#8217;inici del curs, i finalitzar\u00e0 el darrer dia escolar del mes de juny segons l\u2019aprovaci\u00f3 del calendari de cada curs escolar per part de l\u2019Administraci\u00f3. Hi haur\u00e0 servei de menjador cada dia de dilluns a divendres, llevat del per\u00edode de vacances.<\/div>\n<p>&nbsp;<\/p>\n<div><a href=\"https:\/\/setdaventura.com\/inici\/menjadors\/dolorsaleu\/\"><u>La inscripci\u00f3<\/u><\/a><br \/>\nEs fa de forma telem\u00e0tica seguint les indicacions marcades per l\u2019empresa, que ser\u00e0 l\u2019encarregada dels cobraments a les fam\u00edlies no becades, al professorat i al PAS. La baixa definitiva s\u2019ha de comunicar per correu electr\u00f2nic a l\u2019empresa del servei de menjador amb 10 dies d\u2019antelaci\u00f3 a la data final de baixa, i es tramitar\u00e0 per mesos sencers, al final de cada mes. En el cas de l\u2019alumnat becat, \u00e9s d\u2019esperar que rebi l\u2019import dels men\u00fas per part de l\u2019Administraci\u00f3 i haur\u00e0 de fer el pagament a l\u2019empresa que presta el servei.<\/div>\n<p>&nbsp;<\/p>\n<div>M\u00e9s informaci\u00f3 a la secretaria de l&#8217;institut.<\/div>\n<\/li>\n<\/ul>\n<p>&nbsp;<\/p>\n<ul style=\"list-style-type: square;\">\n<li><a href=\"https:\/\/agora.xtec.cat\/ins-dolors-aleu-barcelona\/wp-content\/uploads\/usu1296\/2026\/04\/Pla-Menjador-13-01-26-1.pdf\">Pla de Funcionament del Menjador<\/a><\/li>\n<li><a href=\"https:\/\/www.edubcn.cat\/ca\/alumnat_i_familia\/ajuts_beques_i_subvencions\/ajuts_de_menjador_escolar\">Ajuts de menjador escolar<\/a><\/li>\n<li><a href=\"https:\/\/activitats.fundesplai.org\/public\/landing\/app-7itria\">Inscripci\u00f3 al Servei de Menjador<\/a><\/li>\n<li><a href=\"https:\/\/agora.xtec.cat\/ins-dolors-aleu-barcelona\/wp-content\/uploads\/usu1296\/2026\/01\/APP-7iTria-o-Fundesplai-Manual-families.pptx\">Manual per a fam\u00edlies<\/a><\/li>\n<li><a href=\"https:\/\/agora.xtec.cat\/ins-dolors-aleu-barcelona\/wp-content\/uploads\/usu1296\/2026\/01\/CARTA-PREUS-INSTITUT-DOLORS-ALEU-2025-2026.pdf\">Carta de preus 2025-26<\/a><\/li>\n<li><a href=\"https:\/\/agora.xtec.cat\/ins-dolors-aleu-barcelona\/wp-content\/uploads\/usu1296\/2026\/01\/Dolors-Aleu-AUTORITZACIO-Infants-marxar-despres-de-dinar.pdf\">Autoritzaci\u00f3 &#8211; Sortida del centre despr\u00e9s de dinar<\/a><\/li>\n<li><a href=\"https:\/\/agora.xtec.cat\/ins-dolors-aleu-barcelona\/wp-content\/uploads\/usu1296\/2026\/01\/I.-DOLORS-ALEU-INSCRIPCIO-AL-MENJADOR.pdf\">Altra informaci\u00f3 de car\u00e0cter rellevant<\/a><\/li>\n<\/ul>\n","protected":false},"excerpt":{"rendered":"<ul style=\"list-style-type: square;\">\n<li><a href=\"https:\/\/agora.xtec.cat\/ins-dolors-aleu-barcelona\/wp-content\/uploads\/usu1296\/2026\/01\/I.-DOLORS-ALEU-INSCRIPCIO-AL-MENJADOR.pdf\">Informaci\u00f3 general<\/a><br \/>\nEl menjador escolar de l&#8217;institut Dolors Aleu respon a unes necessitats b\u00e0siques i treballa l\u2019adquisici\u00f3 d\u2019uns h\u00e0bits adequats ja que vetlla per:<br \/>\n\u25cf Impulsar un acompanyament positiu durant tot el Servei de Menjador.<br \/>\n\u25cf Proporcionar als i les comensals un menjar de qualitat&hellip;  <a href=\"https:\/\/agora.xtec.cat\/ins-dolors-aleu-barcelona\/inscripcio-al-servei-de-menjador\/\" title=\"Read Servei de Menjador\">Llegeix m\u00e9s\u00bb<\/a><\/p>\n","protected":false},"author":1,"featured_media":0,"parent":0,"menu_order":0,"comment_status":"closed","ping_status":"closed","template":"","meta":{"_bbp_topic_count":0,"_bbp_reply_count":0,"_bbp_total_topic_count":0,"_bbp_total_reply_count":0,"_bbp_voice_count":0,"_bbp_anonymous_reply_count":0,"_bbp_topic_count_hidden":0,"_bbp_reply_count_hidden":0,"_bbp_forum_subforum_count":0,"footnotes":""},"class_list":["post-15083","page","type-page","status-publish","hentry"],"post_mailing_queue_ids":[],"_links":{"self":[{"href":"https:\/\/agora.xtec.cat\/ins-dolors-aleu-barcelona\/wp-json\/wp\/v2\/pages\/15083","targetHints":{"allow":["GET"]}}],"collection":[{"href":"https:\/\/agora.xtec.cat\/ins-dolors-aleu-barcelona\/wp-json\/wp\/v2\/pages"}],"about":[{"href":"https:\/\/agora.xtec.cat\/ins-dolors-aleu-barcelona\/wp-json\/wp\/v2\/types\/page"}],"author":[{"embeddable":true,"href":"https:\/\/agora.xtec.cat\/ins-dolors-aleu-barcelona\/wp-json\/wp\/v2\/users\/1"}],"replies":[{"embeddable":true,"href":"https:\/\/agora.xtec.cat\/ins-dolors-aleu-barcelona\/wp-json\/wp\/v2\/comments?post=15083"}],"version-history":[{"count":6,"href":"https:\/\/agora.xtec.cat\/ins-dolors-aleu-barcelona\/wp-json\/wp\/v2\/pages\/15083\/revisions"}],"predecessor-version":[{"id":15682,"href":"https:\/\/agora.xtec.cat\/ins-dolors-aleu-barcelona\/wp-json\/wp\/v2\/pages\/15083\/revisions\/15682"}],"wp:attachment":[{"href":"https:\/\/agora.xtec.cat\/ins-dolors-aleu-barcelona\/wp-json\/wp\/v2\/media?parent=15083"}],"curies":[{"name":"wp","href":"https:\/\/api.w.org\/{rel}","templated":true}]}}