{"id":14929,"date":"2025-12-09T10:47:21","date_gmt":"2025-12-09T09:47:21","guid":{"rendered":"https:\/\/agora.xtec.cat\/ins-dolors-aleu-barcelona\/?page_id=14929"},"modified":"2025-12-09T11:08:28","modified_gmt":"2025-12-09T10:08:28","slug":"ajuts-economics-per-a-activitats-destiu-i-extraescolars","status":"publish","type":"page","link":"https:\/\/agora.xtec.cat\/ins-dolors-aleu-barcelona\/families\/beques\/ajuts-economics-per-a-activitats-destiu-i-extraescolars\/","title":{"rendered":"Ajuts econ\u00f2mics per a activitats d\u2019estiu i extraescolars"},"content":{"rendered":"<p data-start=\"282\" data-end=\"609\">L\u2019Ajuntament de Barcelona ha posat en marxa un nou model de gesti\u00f3 integrada d\u2019ajuts econ\u00f2mics per a infants i joves d\u20191 a 17 anys, destinat a activitats de vacances d\u2019estiu, extraescolars esportives i tardes educatives. L\u2019objectiu \u00e9s simplificar la sol\u00b7licitud i garantir que les ajudes arribin a totes les fam\u00edlies.<\/p>\n<p data-start=\"611\" data-end=\"631\">Qu\u00e8 cal saber:<\/p>\n<p data-start=\"611\" data-end=\"631\">&#8211; A partir de gener de 2026, les fam\u00edlies nom\u00e9s hauran de fer una \u00fanica sol\u00b7licitud per a tots els fills\/es de la unitat de conviv\u00e8ncia.<\/p>\n<p data-start=\"777\" data-end=\"944\">&#8211; Aquesta sol\u00b7licitud assignar\u00e0 el nivell d\u2019ajut, que ser\u00e0 v\u00e0lid per a totes les activitats de l\u2019any: casals d\u2019estiu, extraescolars esportives i tardes educatives.<\/p>\n<p data-start=\"947\" data-end=\"1043\">&#8211; L\u2019ajut pot ser del 30%, 60% o 90% del cost de l\u2019activitat, segons els ingressos familiars.<\/p>\n<p data-start=\"1046\" data-end=\"1130\">&#8211; Termini per tramitar la sol\u00b7licitud: del 15 de gener a l\u201911 de febrer de 2026.<\/p>\n<p data-start=\"1046\" data-end=\"1130\"><strong data-start=\"1160\" data-end=\"1191\">M\u00e9s informaci\u00f3 i materials:<\/strong><br data-start=\"1191\" data-end=\"1194\" \/>L\u2019Ajuntament proporcionar\u00e0 cartells i tr\u00edptics als centres educatius. Podeu consultar tota la informaci\u00f3 actualitzada, aix\u00ed com fer els tr\u00e0mits pertinents, a la web municipal: <strong data-start=\"1339\" data-end=\"1397\"><a class=\"decorated-link\" href=\"https:\/\/ajuntament.barcelona.cat\/ajutsextraescolars\/ca\" target=\"_new\" rel=\"noopener\" data-start=\"1341\" data-end=\"1395\">https:\/\/ajuntament.barcelona.cat\/ajutsextraescolars\/ca<\/a><\/strong><\/p>\n<p data-start=\"1046\" data-end=\"1130\"><a href=\"https:\/\/agora.xtec.cat\/ins-dolors-aleu-barcelona\/wp-content\/uploads\/usu1296\/2025\/12\/20251203_Triptic_ajuts_page-0001.jpg\"><img loading=\"lazy\" decoding=\"async\" class=\"alignright size-large wp-image-14942\" src=\"https:\/\/agora.xtec.cat\/ins-dolors-aleu-barcelona\/wp-content\/uploads\/usu1296\/2025\/12\/20251203_Triptic_ajuts_page-0001-1024x978.jpg\" alt=\"\" width=\"1024\" height=\"978\" srcset=\"https:\/\/agora.xtec.cat\/ins-dolors-aleu-barcelona\/wp-content\/uploads\/usu1296\/2025\/12\/20251203_Triptic_ajuts_page-0001-1024x978.jpg 1024w, https:\/\/agora.xtec.cat\/ins-dolors-aleu-barcelona\/wp-content\/uploads\/usu1296\/2025\/12\/20251203_Triptic_ajuts_page-0001-300x287.jpg 300w, https:\/\/agora.xtec.cat\/ins-dolors-aleu-barcelona\/wp-content\/uploads\/usu1296\/2025\/12\/20251203_Triptic_ajuts_page-0001-768x733.jpg 768w, https:\/\/agora.xtec.cat\/ins-dolors-aleu-barcelona\/wp-content\/uploads\/usu1296\/2025\/12\/20251203_Triptic_ajuts_page-0001-1536x1467.jpg 1536w, https:\/\/agora.xtec.cat\/ins-dolors-aleu-barcelona\/wp-content\/uploads\/usu1296\/2025\/12\/20251203_Triptic_ajuts_page-0001.jpg 1981w\" sizes=\"auto, (max-width: 1024px) 100vw, 1024px\" \/><\/a><\/p>\n<p><a href=\"https:\/\/agora.xtec.cat\/ins-dolors-aleu-barcelona\/wp-content\/uploads\/usu1296\/2025\/12\/20251203_Triptic_ajuts_page-0002.jpg\"><img loading=\"lazy\" decoding=\"async\" class=\"alignright size-large wp-image-14941\" src=\"https:\/\/agora.xtec.cat\/ins-dolors-aleu-barcelona\/wp-content\/uploads\/usu1296\/2025\/12\/20251203_Triptic_ajuts_page-0002-1024x978.jpg\" alt=\"\" width=\"1024\" height=\"978\" srcset=\"https:\/\/agora.xtec.cat\/ins-dolors-aleu-barcelona\/wp-content\/uploads\/usu1296\/2025\/12\/20251203_Triptic_ajuts_page-0002-1024x978.jpg 1024w, https:\/\/agora.xtec.cat\/ins-dolors-aleu-barcelona\/wp-content\/uploads\/usu1296\/2025\/12\/20251203_Triptic_ajuts_page-0002-300x287.jpg 300w, https:\/\/agora.xtec.cat\/ins-dolors-aleu-barcelona\/wp-content\/uploads\/usu1296\/2025\/12\/20251203_Triptic_ajuts_page-0002-768x733.jpg 768w, https:\/\/agora.xtec.cat\/ins-dolors-aleu-barcelona\/wp-content\/uploads\/usu1296\/2025\/12\/20251203_Triptic_ajuts_page-0002-1536x1467.jpg 1536w, https:\/\/agora.xtec.cat\/ins-dolors-aleu-barcelona\/wp-content\/uploads\/usu1296\/2025\/12\/20251203_Triptic_ajuts_page-0002.jpg 1981w\" sizes=\"auto, (max-width: 1024px) 100vw, 1024px\" \/><\/a><\/p>\n<p data-start=\"1133\" data-end=\"1272\">\n<p data-start=\"1133\" data-end=\"1272\">\n<p data-start=\"1133\" data-end=\"1272\">\n<p data-start=\"1133\" data-end=\"1272\">\n<p data-start=\"1133\" data-end=\"1272\">\n<p data-start=\"1133\" data-end=\"1272\">\n<p data-start=\"1133\" data-end=\"1272\">\n<p data-start=\"1133\" data-end=\"1272\">\n<p>Important: si no es realitza aquest tr\u00e0mit en les dates indicades, no ser\u00e0 possible sol\u00b7licitar l\u2019ajut quan s\u2019obrin les inscripcions.<\/p>\n","protected":false},"excerpt":{"rendered":"<p>L\u2019Ajuntament de Barcelona ha posat en marxa un nou model de gesti\u00f3 integrada d\u2019ajuts econ\u00f2mics per a infants i joves d\u20191 a 17 anys, destinat a activitats de vacances d\u2019estiu, extraescolars esportives i tardes educatives. L\u2019objectiu \u00e9s simplificar la sol\u00b7licitud i garantir que les ajudes&hellip;  <a href=\"https:\/\/agora.xtec.cat\/ins-dolors-aleu-barcelona\/families\/beques\/ajuts-economics-per-a-activitats-destiu-i-extraescolars\/\" title=\"Read Ajuts econ\u00f2mics per a activitats d\u2019estiu i extraescolars\">Llegeix m\u00e9s\u00bb<\/a><\/p>\n","protected":false},"author":1,"featured_media":0,"parent":4732,"menu_order":0,"comment_status":"closed","ping_status":"closed","template":"","meta":{"_bbp_topic_count":0,"_bbp_reply_count":0,"_bbp_total_topic_count":0,"_bbp_total_reply_count":0,"_bbp_voice_count":0,"_bbp_anonymous_reply_count":0,"_bbp_topic_count_hidden":0,"_bbp_reply_count_hidden":0,"_bbp_forum_subforum_count":0,"footnotes":""},"class_list":["post-14929","page","type-page","status-publish","hentry"],"post_mailing_queue_ids":[],"_links":{"self":[{"href":"https:\/\/agora.xtec.cat\/ins-dolors-aleu-barcelona\/wp-json\/wp\/v2\/pages\/14929","targetHints":{"allow":["GET"]}}],"collection":[{"href":"https:\/\/agora.xtec.cat\/ins-dolors-aleu-barcelona\/wp-json\/wp\/v2\/pages"}],"about":[{"href":"https:\/\/agora.xtec.cat\/ins-dolors-aleu-barcelona\/wp-json\/wp\/v2\/types\/page"}],"author":[{"embeddable":true,"href":"https:\/\/agora.xtec.cat\/ins-dolors-aleu-barcelona\/wp-json\/wp\/v2\/users\/1"}],"replies":[{"embeddable":true,"href":"https:\/\/agora.xtec.cat\/ins-dolors-aleu-barcelona\/wp-json\/wp\/v2\/comments?post=14929"}],"version-history":[{"count":4,"href":"https:\/\/agora.xtec.cat\/ins-dolors-aleu-barcelona\/wp-json\/wp\/v2\/pages\/14929\/revisions"}],"predecessor-version":[{"id":14944,"href":"https:\/\/agora.xtec.cat\/ins-dolors-aleu-barcelona\/wp-json\/wp\/v2\/pages\/14929\/revisions\/14944"}],"up":[{"embeddable":true,"href":"https:\/\/agora.xtec.cat\/ins-dolors-aleu-barcelona\/wp-json\/wp\/v2\/pages\/4732"}],"wp:attachment":[{"href":"https:\/\/agora.xtec.cat\/ins-dolors-aleu-barcelona\/wp-json\/wp\/v2\/media?parent=14929"}],"curies":[{"name":"wp","href":"https:\/\/api.w.org\/{rel}","templated":true}]}}