{"id":13589,"date":"2025-02-13T18:24:33","date_gmt":"2025-02-13T17:24:33","guid":{"rendered":"https:\/\/agora.xtec.cat\/ins-dolors-aleu-barcelona\/?page_id=13589"},"modified":"2025-05-12T08:39:40","modified_gmt":"2025-05-12T06:39:40","slug":"obtencio-del-titol-de-batxillerat","status":"publish","type":"page","link":"https:\/\/agora.xtec.cat\/ins-dolors-aleu-barcelona\/obtencio-del-titol-de-batxillerat\/","title":{"rendered":"Obtenci\u00f3 del t\u00edtol de batxillerat"},"content":{"rendered":"<p>Amb aquest <a href=\"https:\/\/web.gencat.cat\/ca\/tramits\/tramits-temes\/titols-academics-no-universitaris?category=742b7874-a82c-11e3-a972-000c29052e2c\" target=\"_blank\" rel=\"noopener\">tr\u00e0mit<\/a> pots demanar una primera expedici\u00f3 del teu t\u00edtol de batxillerat, un duplicat o una actualitzaci\u00f3:<\/p>\n<ul>\n<li>Una primera expedici\u00f3 \u00e9s la sol\u00b7licitud d&#8217;un t\u00edtol per primera vegada.<\/li>\n<li>Un duplicat de t\u00edtol \u00e9s un t\u00edtol exactament igual al t\u00edtol que se&#8217;t va lliurar inicialment.<\/li>\n<li>Una actualitzaci\u00f3 de t\u00edtol \u00e9s una c\u00f2pia del t\u00edtol expedit inicialment per\u00f2 amb modificaci\u00f3 d&#8217;una o m\u00e9s dades personals. Per poder reflectir una modificaci\u00f3 de les teves dades personals en un t\u00edtol acad\u00e8mic, cal que aquestes noves dades constin al teu document d&#8217;identitat.<\/li>\n<\/ul>\n","protected":false},"excerpt":{"rendered":"<p>Amb aquest <a href=\"https:\/\/web.gencat.cat\/ca\/tramits\/tramits-temes\/titols-academics-no-universitaris?category=742b7874-a82c-11e3-a972-000c29052e2c\" target=\"_blank\" rel=\"noopener\">tr\u00e0mit<\/a> pots demanar una primera expedici\u00f3 del teu t\u00edtol de batxillerat, un duplicat o una actualitzaci\u00f3:<\/p>\n<ul>\n<li>Una primera expedici\u00f3 \u00e9s la sol\u00b7licitud d&#8217;un t\u00edtol per primera vegada.<\/li>\n<li>Un duplicat de t\u00edtol \u00e9s un t\u00edtol exactament igual al t\u00edtol que se&#8217;t va lliurar&hellip;  <a href=\"https:\/\/agora.xtec.cat\/ins-dolors-aleu-barcelona\/obtencio-del-titol-de-batxillerat\/\" title=\"Read Obtenci\u00f3 del t\u00edtol de batxillerat\">Llegeix m\u00e9s\u00bb<\/a><br \/>\n","protected":false},"author":1,"featured_media":0,"parent":0,"menu_order":0,"comment_status":"closed","ping_status":"closed","template":"","meta":{"_bbp_topic_count":0,"_bbp_reply_count":0,"_bbp_total_topic_count":0,"_bbp_total_reply_count":0,"_bbp_voice_count":0,"_bbp_anonymous_reply_count":0,"_bbp_topic_count_hidden":0,"_bbp_reply_count_hidden":0,"_bbp_forum_subforum_count":0,"footnotes":""},"class_list":["post-13589","page","type-page","status-publish","hentry"],"post_mailing_queue_ids":[],"_links":{"self":[{"href":"https:\/\/agora.xtec.cat\/ins-dolors-aleu-barcelona\/wp-json\/wp\/v2\/pages\/13589","targetHints":{"allow":["GET"]}}],"collection":[{"href":"https:\/\/agora.xtec.cat\/ins-dolors-aleu-barcelona\/wp-json\/wp\/v2\/pages"}],"about":[{"href":"https:\/\/agora.xtec.cat\/ins-dolors-aleu-barcelona\/wp-json\/wp\/v2\/types\/page"}],"author":[{"embeddable":true,"href":"https:\/\/agora.xtec.cat\/ins-dolors-aleu-barcelona\/wp-json\/wp\/v2\/users\/1"}],"replies":[{"embeddable":true,"href":"https:\/\/agora.xtec.cat\/ins-dolors-aleu-barcelona\/wp-json\/wp\/v2\/comments?post=13589"}],"version-history":[{"count":5,"href":"https:\/\/agora.xtec.cat\/ins-dolors-aleu-barcelona\/wp-json\/wp\/v2\/pages\/13589\/revisions"}],"predecessor-version":[{"id":14008,"href":"https:\/\/agora.xtec.cat\/ins-dolors-aleu-barcelona\/wp-json\/wp\/v2\/pages\/13589\/revisions\/14008"}],"wp:attachment":[{"href":"https:\/\/agora.xtec.cat\/ins-dolors-aleu-barcelona\/wp-json\/wp\/v2\/media?parent=13589"}],"curies":[{"name":"wp","href":"https:\/\/api.w.org\/{rel}","templated":true}]}}