{"id":13476,"date":"2025-01-23T10:42:55","date_gmt":"2025-01-23T09:42:55","guid":{"rendered":"https:\/\/agora.xtec.cat\/ins-dolors-aleu-barcelona\/?page_id=13476"},"modified":"2025-01-24T12:37:18","modified_gmt":"2025-01-24T11:37:18","slug":"licitacio-del-servei-de-menjador","status":"publish","type":"page","link":"https:\/\/agora.xtec.cat\/ins-dolors-aleu-barcelona\/families\/serveis\/secretaria-3\/licitacio-del-servei-de-menjador\/","title":{"rendered":"Licitaci\u00f3 del servei de menjador"},"content":{"rendered":"<p>En aquest <a href=\"https:\/\/contractaciopublica.cat\/ca\/detall-publicacio\/50abe86b-3262-42c8-9714-4d3a0284436d\/300349616\">enlla\u00e7<\/a> hi trobareu tota la informaci\u00f3 referent a la licitaci\u00f3 del servei de menjador.<\/p>\n<p>La visita t\u00e8cnica al centre ser\u00e0 el divendres 31 de gener a les 9h del mat\u00ed.<\/p>\n","protected":false},"excerpt":{"rendered":"<p>En aquest <a href=\"https:\/\/contractaciopublica.cat\/ca\/detall-publicacio\/50abe86b-3262-42c8-9714-4d3a0284436d\/300349616\">enlla\u00e7<\/a> hi trobareu tota la informaci\u00f3 referent a la licitaci\u00f3 del servei de menjador.<br \/>\nLa visita t\u00e8cnica al centre ser\u00e0 el divendres 31 de gener a les 9h del mat\u00ed.<\/p>\n","protected":false},"author":1,"featured_media":0,"parent":632,"menu_order":0,"comment_status":"closed","ping_status":"closed","template":"","meta":{"_bbp_topic_count":0,"_bbp_reply_count":0,"_bbp_total_topic_count":0,"_bbp_total_reply_count":0,"_bbp_voice_count":0,"_bbp_anonymous_reply_count":0,"_bbp_topic_count_hidden":0,"_bbp_reply_count_hidden":0,"_bbp_forum_subforum_count":0,"footnotes":""},"class_list":["post-13476","page","type-page","status-publish","hentry"],"post_mailing_queue_ids":[],"_links":{"self":[{"href":"https:\/\/agora.xtec.cat\/ins-dolors-aleu-barcelona\/wp-json\/wp\/v2\/pages\/13476","targetHints":{"allow":["GET"]}}],"collection":[{"href":"https:\/\/agora.xtec.cat\/ins-dolors-aleu-barcelona\/wp-json\/wp\/v2\/pages"}],"about":[{"href":"https:\/\/agora.xtec.cat\/ins-dolors-aleu-barcelona\/wp-json\/wp\/v2\/types\/page"}],"author":[{"embeddable":true,"href":"https:\/\/agora.xtec.cat\/ins-dolors-aleu-barcelona\/wp-json\/wp\/v2\/users\/1"}],"replies":[{"embeddable":true,"href":"https:\/\/agora.xtec.cat\/ins-dolors-aleu-barcelona\/wp-json\/wp\/v2\/comments?post=13476"}],"version-history":[{"count":3,"href":"https:\/\/agora.xtec.cat\/ins-dolors-aleu-barcelona\/wp-json\/wp\/v2\/pages\/13476\/revisions"}],"predecessor-version":[{"id":13480,"href":"https:\/\/agora.xtec.cat\/ins-dolors-aleu-barcelona\/wp-json\/wp\/v2\/pages\/13476\/revisions\/13480"}],"up":[{"embeddable":true,"href":"https:\/\/agora.xtec.cat\/ins-dolors-aleu-barcelona\/wp-json\/wp\/v2\/pages\/632"}],"wp:attachment":[{"href":"https:\/\/agora.xtec.cat\/ins-dolors-aleu-barcelona\/wp-json\/wp\/v2\/media?parent=13476"}],"curies":[{"name":"wp","href":"https:\/\/api.w.org\/{rel}","templated":true}]}}