{"id":13095,"date":"2024-09-02T13:30:33","date_gmt":"2024-09-02T11:30:33","guid":{"rendered":"https:\/\/agora.xtec.cat\/ins-dolors-aleu-barcelona\/?page_id=13095"},"modified":"2024-09-02T13:30:40","modified_gmt":"2024-09-02T11:30:40","slug":"projecte-teatre","status":"publish","type":"page","link":"https:\/\/agora.xtec.cat\/ins-dolors-aleu-barcelona\/projecte-teatre\/","title":{"rendered":"Projecte Teatre"},"content":{"rendered":"<p>L\u2019institut Dolors Aleu aposta pel projectes del teatre amb l\u2019objectiu principal de treballar l\u2019oralitat a l\u2019aula en els diferents formats possibles, tot partint de din\u00e0miques l\u00fadiques basades en l\u2019ess\u00e8ncia de l\u2019art dram\u00e0tic. Pret\u00e9n ser un eix vertebrador de l\u2019expressi\u00f3 oral en catal\u00e0.<\/p>\n<p>D\u2019altres objectius d\u2019aquest projecte s\u00f3n: potenciar la lectura, treballar de manera col\u00b7laborativa, millorar les habilitats comunicatives i crear un marc de conviv\u00e8ncia agradable a l\u2019aula.<\/p>\n<p>En aquest sentit, el teatre aplicat \u00e9s l\u2019eina b\u00e0sica pel que fa al treball a l\u2019aula ja que el seu \u00fas permet generar aprenentatge de tem\u00e0tiques i continguts propis del curr\u00edculum tot despertant l\u2019inter\u00e8s de l\u2019alumnat.<\/p>\n<p>Conjuntament s\u2019utilitzen, tamb\u00e9, d\u2019altres tipus de t\u00e8cniques teatrals: teatre de text, teatre de creaci\u00f3, teatre de l\u2019oprimit, i improvisaci\u00f3, donant especial import\u00e0ncia a la viv\u00e8ncia i a l\u2019aprenentatge del dia a dia.<\/p>\n<p>El projecte es desenvolupa en tres blocs:<\/p>\n<p><strong>Teatre I<\/strong> (1r ESO \u2013 optativa): introducci\u00f3 al fet teatral, treball de l\u2019oralitat, exercicis, din\u00e0miques i improvisacions.<\/p>\n<p><strong>Teatre II<\/strong> (2n ESO \u2013 optativa): pr\u00e0ctica d\u2019exercicis teatrals i improvisacions, dramat\u00fargia, i resultat final.<\/p>\n<p><strong>Teatre aplicat<\/strong> (3r ESO): el teatre s\u2019aplica a l\u2019assignatura de Llengua i Literatura Catalana per tal d\u2019ajudar a l\u2019\u00fas de la llengua.<\/p>\n<p>Amb aquest projecte es vol ajudar a l\u2019alumnat a millorar els resultats acad\u00e8mics tot oferint noves estrat\u00e8gies, amb el teatre com a eina de desenvolupament de diferents habilitats i compet\u00e8ncies en l\u2019\u00e0mbit del llenguatge i la comunicaci\u00f3 oral, i com a eina d\u2019integraci\u00f3 d\u2019altres mat\u00e8ries curriculars.<\/p>\n<p>Afegim, doncs, el <em>Teatre<\/em> al nostre projecte educatiu de centre per tal d\u2019oferir noves oportunitats d\u2019aprenentatge al nostre alumnat.<\/p>\n","protected":false},"excerpt":{"rendered":"<p>L\u2019institut Dolors Aleu aposta pel projectes del teatre amb l\u2019objectiu principal de treballar l\u2019oralitat a l\u2019aula en els diferents formats possibles, tot partint de din\u00e0miques l\u00fadiques basades en l\u2019ess\u00e8ncia de l\u2019art dram\u00e0tic. Pret\u00e9n ser un eix vertebrador de l\u2019expressi\u00f3 oral en catal\u00e0.<br \/>\nD\u2019altres objectius d\u2019aquest projecte&hellip;  <a href=\"https:\/\/agora.xtec.cat\/ins-dolors-aleu-barcelona\/projecte-teatre\/\" title=\"Read Projecte Teatre\">Llegeix m\u00e9s\u00bb<\/a><\/p>\n","protected":false},"author":1,"featured_media":0,"parent":0,"menu_order":0,"comment_status":"closed","ping_status":"closed","template":"","meta":{"_bbp_topic_count":0,"_bbp_reply_count":0,"_bbp_total_topic_count":0,"_bbp_total_reply_count":0,"_bbp_voice_count":0,"_bbp_anonymous_reply_count":0,"_bbp_topic_count_hidden":0,"_bbp_reply_count_hidden":0,"_bbp_forum_subforum_count":0,"footnotes":""},"class_list":["post-13095","page","type-page","status-publish","hentry"],"post_mailing_queue_ids":[],"_links":{"self":[{"href":"https:\/\/agora.xtec.cat\/ins-dolors-aleu-barcelona\/wp-json\/wp\/v2\/pages\/13095","targetHints":{"allow":["GET"]}}],"collection":[{"href":"https:\/\/agora.xtec.cat\/ins-dolors-aleu-barcelona\/wp-json\/wp\/v2\/pages"}],"about":[{"href":"https:\/\/agora.xtec.cat\/ins-dolors-aleu-barcelona\/wp-json\/wp\/v2\/types\/page"}],"author":[{"embeddable":true,"href":"https:\/\/agora.xtec.cat\/ins-dolors-aleu-barcelona\/wp-json\/wp\/v2\/users\/1"}],"replies":[{"embeddable":true,"href":"https:\/\/agora.xtec.cat\/ins-dolors-aleu-barcelona\/wp-json\/wp\/v2\/comments?post=13095"}],"version-history":[{"count":1,"href":"https:\/\/agora.xtec.cat\/ins-dolors-aleu-barcelona\/wp-json\/wp\/v2\/pages\/13095\/revisions"}],"predecessor-version":[{"id":13097,"href":"https:\/\/agora.xtec.cat\/ins-dolors-aleu-barcelona\/wp-json\/wp\/v2\/pages\/13095\/revisions\/13097"}],"wp:attachment":[{"href":"https:\/\/agora.xtec.cat\/ins-dolors-aleu-barcelona\/wp-json\/wp\/v2\/media?parent=13095"}],"curies":[{"name":"wp","href":"https:\/\/api.w.org\/{rel}","templated":true}]}}