{"id":11961,"date":"2024-01-22T11:33:13","date_gmt":"2024-01-22T10:33:13","guid":{"rendered":"https:\/\/agora.xtec.cat\/ins-dolors-aleu-barcelona\/?page_id=11961"},"modified":"2024-01-22T11:33:13","modified_gmt":"2024-01-22T10:33:13","slug":"projecte-en-directe-musica-als-instituts","status":"publish","type":"page","link":"https:\/\/agora.xtec.cat\/ins-dolors-aleu-barcelona\/innovacio-i-creativitat\/projecte-en-directe-musica-als-instituts\/","title":{"rendered":"Projecte En Directe &#8211; M\u00fasica als Instituts"},"content":{"rendered":"<p>El nostre Institut ha estat seleccionat per participar al projecte<a href=\"https:\/\/ajuntament.barcelona.cat\/premsa\/2023\/10\/26\/la-nova-edicio-den-directe-incorpora-un-viver-de-bandes-i-tallers-de-musiques-electroniques-de-la-ma-de-sonar\/\"> &#8220;En Directe. M\u00fasica als instituts&#8221;<\/a> junt amb 14 altres centres de Barcelona. Aquest projecte vol afavorir l\u2019acc\u00e9s equitatiu a la pr\u00e0ctica musical dins i fora de l\u2019horari lectiu. El programa \u00e9s un motor per a la innovaci\u00f3 educativa i la compensaci\u00f3 de les desigualtats a trav\u00e9s del potencial transformador de la m\u00fasica, i en concret la pr\u00e0ctica instrumental, que contribueix a l\u2019adquisici\u00f3 d\u2019habilitats i compet\u00e8ncies a curt i llarg termini. En Directe realitza una tasca d\u2019acompanyament, motivadora i de suport a l\u2019alumnat, a m\u00e9s de ser un refor\u00e7 de l\u2019atenci\u00f3 educativa i per a l\u2019assoliment de destreses expressives.<\/p>\n<p>Els centres educatius es converteixen aix\u00ed en espais de creaci\u00f3 musical i pr\u00e0ctica musical amb un clara visi\u00f3 comunit\u00e0ria. En definitiva, la m\u00fasica acosta cultures i contextos i esdev\u00e9 un component vertebrador en el dia a dia de l\u2019activitat educativa, sent un exemple d&#8217;aplicaci\u00f3 del nou curr\u00edculum d\u2019educaci\u00f3 en qu\u00e8 es busca que l\u2019alumnat aprengui amb sentit per aconseguir una societat m\u00e9s justa i democr\u00e0tica, cohesionada, inclusiva que contempli totes les persones i en qu\u00e8 sigui possible la igualtat d\u2019oportunitats, real i efectiva a partir de situacions d\u2019aprenentatge competencials.<\/p>\n<p><a href=\"https:\/\/agora.xtec.cat\/ins-dolors-aleu-barcelona\/wp-content\/uploads\/usu1296\/2023\/03\/DOLORS_ALEU\u00a9IreneFernandez_76_red-scaled.jpg\"><img loading=\"lazy\" decoding=\"async\" class=\"alignright wp-image-10589\" src=\"https:\/\/agora.xtec.cat\/ins-dolors-aleu-barcelona\/wp-content\/uploads\/usu1296\/2023\/03\/DOLORS_ALEU\u00a9IreneFernandez_76_red-1024x683.jpg\" alt=\"\" width=\"505\" height=\"337\" srcset=\"https:\/\/agora.xtec.cat\/ins-dolors-aleu-barcelona\/wp-content\/uploads\/usu1296\/2023\/03\/DOLORS_ALEU\u00a9IreneFernandez_76_red-1024x683.jpg 1024w, https:\/\/agora.xtec.cat\/ins-dolors-aleu-barcelona\/wp-content\/uploads\/usu1296\/2023\/03\/DOLORS_ALEU\u00a9IreneFernandez_76_red-300x200.jpg 300w, https:\/\/agora.xtec.cat\/ins-dolors-aleu-barcelona\/wp-content\/uploads\/usu1296\/2023\/03\/DOLORS_ALEU\u00a9IreneFernandez_76_red-768x512.jpg 768w, https:\/\/agora.xtec.cat\/ins-dolors-aleu-barcelona\/wp-content\/uploads\/usu1296\/2023\/03\/DOLORS_ALEU\u00a9IreneFernandez_76_red-1536x1024.jpg 1536w, https:\/\/agora.xtec.cat\/ins-dolors-aleu-barcelona\/wp-content\/uploads\/usu1296\/2023\/03\/DOLORS_ALEU\u00a9IreneFernandez_76_red-2048x1366.jpg 2048w\" sizes=\"auto, (max-width: 505px) 100vw, 505px\" \/><\/a><\/p>\n<blockquote class=\"wp-embedded-content\" data-secret=\"U1cgk9wHwg\"><p><a href=\"https:\/\/ajuntament.barcelona.cat\/premsa\/2023\/10\/26\/la-nova-edicio-den-directe-incorpora-un-viver-de-bandes-i-tallers-de-musiques-electroniques-de-la-ma-de-sonar\/\">La nova edici\u00f3 d\u2019En Directe incorpora un viver de bandes i tallers de m\u00fasiques electr\u00f2niques de la m\u00e0 de S\u00f3nar<\/a><\/p><\/blockquote>\n<p><iframe loading=\"lazy\" class=\"wp-embedded-content\" sandbox=\"allow-scripts\" security=\"restricted\" style=\"position: absolute; clip: rect(1px, 1px, 1px, 1px);\" title=\"&#8220;La nova edici\u00f3 d\u2019En Directe incorpora un viver de bandes i tallers de m\u00fasiques electr\u00f2niques de la m\u00e0 de S\u00f3nar&#8221; &#8212; Servei de Premsa\" src=\"https:\/\/ajuntament.barcelona.cat\/premsa\/2023\/10\/26\/la-nova-edicio-den-directe-incorpora-un-viver-de-bandes-i-tallers-de-musiques-electroniques-de-la-ma-de-sonar\/embed\/#?secret=y64fAAD3lU#?secret=U1cgk9wHwg\" data-secret=\"U1cgk9wHwg\" width=\"500\" height=\"282\" frameborder=\"0\" marginwidth=\"0\" marginheight=\"0\" scrolling=\"no\"><\/iframe><\/p>\n<p>&nbsp;<\/p>\n","protected":false},"excerpt":{"rendered":"<p>El nostre Institut ha estat seleccionat per participar al projecte<a href=\"https:\/\/ajuntament.barcelona.cat\/premsa\/2023\/10\/26\/la-nova-edicio-den-directe-incorpora-un-viver-de-bandes-i-tallers-de-musiques-electroniques-de-la-ma-de-sonar\/\"> &#8220;En Directe. M\u00fasica als instituts&#8221;<\/a> junt amb 14 altres centres de Barcelona. Aquest projecte vol afavorir l\u2019acc\u00e9s equitatiu a la pr\u00e0ctica musical dins i fora de l\u2019horari lectiu. El programa \u00e9s un motor per&hellip;  <a href=\"https:\/\/agora.xtec.cat\/ins-dolors-aleu-barcelona\/innovacio-i-creativitat\/projecte-en-directe-musica-als-instituts\/\" title=\"Read Projecte En Directe &#8211; M\u00fasica als Instituts\">Llegeix m\u00e9s\u00bb<\/a><\/p>\n","protected":false},"author":1,"featured_media":0,"parent":6320,"menu_order":0,"comment_status":"closed","ping_status":"closed","template":"","meta":{"_bbp_topic_count":0,"_bbp_reply_count":0,"_bbp_total_topic_count":0,"_bbp_total_reply_count":0,"_bbp_voice_count":0,"_bbp_anonymous_reply_count":0,"_bbp_topic_count_hidden":0,"_bbp_reply_count_hidden":0,"_bbp_forum_subforum_count":0,"footnotes":""},"class_list":["post-11961","page","type-page","status-publish","hentry"],"post_mailing_queue_ids":[],"_links":{"self":[{"href":"https:\/\/agora.xtec.cat\/ins-dolors-aleu-barcelona\/wp-json\/wp\/v2\/pages\/11961","targetHints":{"allow":["GET"]}}],"collection":[{"href":"https:\/\/agora.xtec.cat\/ins-dolors-aleu-barcelona\/wp-json\/wp\/v2\/pages"}],"about":[{"href":"https:\/\/agora.xtec.cat\/ins-dolors-aleu-barcelona\/wp-json\/wp\/v2\/types\/page"}],"author":[{"embeddable":true,"href":"https:\/\/agora.xtec.cat\/ins-dolors-aleu-barcelona\/wp-json\/wp\/v2\/users\/1"}],"replies":[{"embeddable":true,"href":"https:\/\/agora.xtec.cat\/ins-dolors-aleu-barcelona\/wp-json\/wp\/v2\/comments?post=11961"}],"version-history":[{"count":1,"href":"https:\/\/agora.xtec.cat\/ins-dolors-aleu-barcelona\/wp-json\/wp\/v2\/pages\/11961\/revisions"}],"predecessor-version":[{"id":11962,"href":"https:\/\/agora.xtec.cat\/ins-dolors-aleu-barcelona\/wp-json\/wp\/v2\/pages\/11961\/revisions\/11962"}],"up":[{"embeddable":true,"href":"https:\/\/agora.xtec.cat\/ins-dolors-aleu-barcelona\/wp-json\/wp\/v2\/pages\/6320"}],"wp:attachment":[{"href":"https:\/\/agora.xtec.cat\/ins-dolors-aleu-barcelona\/wp-json\/wp\/v2\/media?parent=11961"}],"curies":[{"name":"wp","href":"https:\/\/api.w.org\/{rel}","templated":true}]}}