{"id":10355,"date":"2023-02-05T12:29:02","date_gmt":"2023-02-05T11:29:02","guid":{"rendered":"https:\/\/agora.xtec.cat\/ins-dolors-aleu-barcelona\/?page_id=10355"},"modified":"2023-05-23T19:16:01","modified_gmt":"2023-05-23T17:16:01","slug":"objectius","status":"publish","type":"page","link":"https:\/\/agora.xtec.cat\/ins-dolors-aleu-barcelona\/edc\/part-estrategica\/objectius\/","title":{"rendered":"Objectius"},"content":{"rendered":"<p>1. Fomentar la implementaci\u00f3 de recursos digitals per a millorar la inclusi\u00f3 de l&#8217;alumnat.<\/p>\n<p><a href=\"https:\/\/agora.xtec.cat\/ins-dolors-aleu-barcelona\/wp-content\/uploads\/usu1296\/2023\/05\/objectiu-1ok.png\"><img loading=\"lazy\" decoding=\"async\" class=\"size-large wp-image-11062 aligncenter\" src=\"https:\/\/agora.xtec.cat\/ins-dolors-aleu-barcelona\/wp-content\/uploads\/usu1296\/2023\/05\/objectiu-1ok-1024x294.png\" alt=\"\" width=\"1024\" height=\"294\" srcset=\"https:\/\/agora.xtec.cat\/ins-dolors-aleu-barcelona\/wp-content\/uploads\/usu1296\/2023\/05\/objectiu-1ok-1024x294.png 1024w, https:\/\/agora.xtec.cat\/ins-dolors-aleu-barcelona\/wp-content\/uploads\/usu1296\/2023\/05\/objectiu-1ok-300x86.png 300w, https:\/\/agora.xtec.cat\/ins-dolors-aleu-barcelona\/wp-content\/uploads\/usu1296\/2023\/05\/objectiu-1ok-768x221.png 768w, https:\/\/agora.xtec.cat\/ins-dolors-aleu-barcelona\/wp-content\/uploads\/usu1296\/2023\/05\/objectiu-1ok-1536x442.png 1536w, https:\/\/agora.xtec.cat\/ins-dolors-aleu-barcelona\/wp-content\/uploads\/usu1296\/2023\/05\/objectiu-1ok.png 1701w\" sizes=\"auto, (max-width: 1024px) 100vw, 1024px\" \/><\/a><\/p>\n<p>2. Fomentar l&#8217;\u00fas de tecnologies digitals per a avaluar i facilitar la retroalimentaci\u00f3 adequada a l&#8217;alumnat.<\/p>\n<p>3. Detectar les necessitats formatives en l&#8217;\u00e0mbit digital del professorat respecte l&#8217;EDC i proposar el cursos de formaci\u00f3 necessaris.<\/p>\n<p><a href=\"https:\/\/agora.xtec.cat\/ins-dolors-aleu-barcelona\/wp-content\/uploads\/usu1296\/2023\/05\/OBJECTIU-2-I-3.png\"><img loading=\"lazy\" decoding=\"async\" class=\"size-large wp-image-11063 aligncenter\" src=\"https:\/\/agora.xtec.cat\/ins-dolors-aleu-barcelona\/wp-content\/uploads\/usu1296\/2023\/05\/OBJECTIU-2-I-3-1024x360.png\" alt=\"\" width=\"1024\" height=\"360\" srcset=\"https:\/\/agora.xtec.cat\/ins-dolors-aleu-barcelona\/wp-content\/uploads\/usu1296\/2023\/05\/OBJECTIU-2-I-3-1024x360.png 1024w, https:\/\/agora.xtec.cat\/ins-dolors-aleu-barcelona\/wp-content\/uploads\/usu1296\/2023\/05\/OBJECTIU-2-I-3-300x105.png 300w, https:\/\/agora.xtec.cat\/ins-dolors-aleu-barcelona\/wp-content\/uploads\/usu1296\/2023\/05\/OBJECTIU-2-I-3-768x270.png 768w, https:\/\/agora.xtec.cat\/ins-dolors-aleu-barcelona\/wp-content\/uploads\/usu1296\/2023\/05\/OBJECTIU-2-I-3.png 1431w\" sizes=\"auto, (max-width: 1024px) 100vw, 1024px\" \/><\/a><\/p>\n<p>4. Potenciar l&#8217;\u00fas del portal web i xarxes socials del centre com a instrument d&#8217;informaci\u00f3, comunicaci\u00f3 amb l&#8217;entorn i participaci\u00f3 activa de la comunitat educativa en la vida del centre.<\/p>\n<p><a href=\"https:\/\/agora.xtec.cat\/ins-dolors-aleu-barcelona\/wp-content\/uploads\/usu1296\/2023\/05\/objectiu-4ok.png\"><img loading=\"lazy\" decoding=\"async\" class=\"size-large wp-image-11065 aligncenter\" src=\"https:\/\/agora.xtec.cat\/ins-dolors-aleu-barcelona\/wp-content\/uploads\/usu1296\/2023\/05\/objectiu-4ok-1024x232.png\" alt=\"\" width=\"1024\" height=\"232\" srcset=\"https:\/\/agora.xtec.cat\/ins-dolors-aleu-barcelona\/wp-content\/uploads\/usu1296\/2023\/05\/objectiu-4ok-1024x232.png 1024w, https:\/\/agora.xtec.cat\/ins-dolors-aleu-barcelona\/wp-content\/uploads\/usu1296\/2023\/05\/objectiu-4ok-300x68.png 300w, https:\/\/agora.xtec.cat\/ins-dolors-aleu-barcelona\/wp-content\/uploads\/usu1296\/2023\/05\/objectiu-4ok-768x174.png 768w, https:\/\/agora.xtec.cat\/ins-dolors-aleu-barcelona\/wp-content\/uploads\/usu1296\/2023\/05\/objectiu-4ok.png 1277w\" sizes=\"auto, (max-width: 1024px) 100vw, 1024px\" \/><\/a><\/p>\n<p>5. Garantir els h\u00e0bits de salut digital en el dia a dia del centre, educant en ciberseguretat i en el bon \u00fas de mitjans tecnol\u00f2gics i de comunicaci\u00f3 en situacions adients.<\/p>\n<p>6. Concretar els diversos documents que integren la cultura digital del centre.<\/p>\n<p><a href=\"https:\/\/agora.xtec.cat\/ins-dolors-aleu-barcelona\/wp-content\/uploads\/usu1296\/2023\/05\/objectiu-5-6ok.png\"><img loading=\"lazy\" decoding=\"async\" class=\"size-large wp-image-11066 aligncenter\" src=\"https:\/\/agora.xtec.cat\/ins-dolors-aleu-barcelona\/wp-content\/uploads\/usu1296\/2023\/05\/objectiu-5-6ok-1024x492.png\" alt=\"\" width=\"1024\" height=\"492\" srcset=\"https:\/\/agora.xtec.cat\/ins-dolors-aleu-barcelona\/wp-content\/uploads\/usu1296\/2023\/05\/objectiu-5-6ok-1024x492.png 1024w, https:\/\/agora.xtec.cat\/ins-dolors-aleu-barcelona\/wp-content\/uploads\/usu1296\/2023\/05\/objectiu-5-6ok-300x144.png 300w, https:\/\/agora.xtec.cat\/ins-dolors-aleu-barcelona\/wp-content\/uploads\/usu1296\/2023\/05\/objectiu-5-6ok-768x369.png 768w, https:\/\/agora.xtec.cat\/ins-dolors-aleu-barcelona\/wp-content\/uploads\/usu1296\/2023\/05\/objectiu-5-6ok.png 1177w\" sizes=\"auto, (max-width: 1024px) 100vw, 1024px\" \/><\/a><\/p>\n","protected":false},"excerpt":{"rendered":"<p>1. Fomentar la implementaci\u00f3 de recursos digitals per a millorar la inclusi\u00f3 de l&#8217;alumnat.<br \/>\n<a href=\"https:\/\/agora.xtec.cat\/ins-dolors-aleu-barcelona\/wp-content\/uploads\/usu1296\/2023\/05\/objectiu-1ok.png\"><\/a><br \/>\n2. Fomentar l&#8217;\u00fas de tecnologies digitals per a avaluar i facilitar la retroalimentaci\u00f3 adequada a l&#8217;alumnat.<br \/>\n3. Detectar les necessitats formatives en l&#8217;\u00e0mbit digital del professorat respecte l&#8217;EDC i proposar el cursos&hellip;  <a href=\"https:\/\/agora.xtec.cat\/ins-dolors-aleu-barcelona\/edc\/part-estrategica\/objectius\/\" title=\"Read Objectius\">Llegeix m\u00e9s\u00bb<\/a><\/p>\n","protected":false},"author":1,"featured_media":0,"parent":10342,"menu_order":2,"comment_status":"closed","ping_status":"closed","template":"","meta":{"_bbp_topic_count":0,"_bbp_reply_count":0,"_bbp_total_topic_count":0,"_bbp_total_reply_count":0,"_bbp_voice_count":0,"_bbp_anonymous_reply_count":0,"_bbp_topic_count_hidden":0,"_bbp_reply_count_hidden":0,"_bbp_forum_subforum_count":0,"footnotes":""},"class_list":["post-10355","page","type-page","status-publish","hentry"],"post_mailing_queue_ids":[],"_links":{"self":[{"href":"https:\/\/agora.xtec.cat\/ins-dolors-aleu-barcelona\/wp-json\/wp\/v2\/pages\/10355","targetHints":{"allow":["GET"]}}],"collection":[{"href":"https:\/\/agora.xtec.cat\/ins-dolors-aleu-barcelona\/wp-json\/wp\/v2\/pages"}],"about":[{"href":"https:\/\/agora.xtec.cat\/ins-dolors-aleu-barcelona\/wp-json\/wp\/v2\/types\/page"}],"author":[{"embeddable":true,"href":"https:\/\/agora.xtec.cat\/ins-dolors-aleu-barcelona\/wp-json\/wp\/v2\/users\/1"}],"replies":[{"embeddable":true,"href":"https:\/\/agora.xtec.cat\/ins-dolors-aleu-barcelona\/wp-json\/wp\/v2\/comments?post=10355"}],"version-history":[{"count":3,"href":"https:\/\/agora.xtec.cat\/ins-dolors-aleu-barcelona\/wp-json\/wp\/v2\/pages\/10355\/revisions"}],"predecessor-version":[{"id":11067,"href":"https:\/\/agora.xtec.cat\/ins-dolors-aleu-barcelona\/wp-json\/wp\/v2\/pages\/10355\/revisions\/11067"}],"up":[{"embeddable":true,"href":"https:\/\/agora.xtec.cat\/ins-dolors-aleu-barcelona\/wp-json\/wp\/v2\/pages\/10342"}],"wp:attachment":[{"href":"https:\/\/agora.xtec.cat\/ins-dolors-aleu-barcelona\/wp-json\/wp\/v2\/media?parent=10355"}],"curies":[{"name":"wp","href":"https:\/\/api.w.org\/{rel}","templated":true}]}}