{"id":10327,"date":"2023-02-03T09:21:05","date_gmt":"2023-02-03T08:21:05","guid":{"rendered":"https:\/\/agora.xtec.cat\/ins-dolors-aleu-barcelona\/?page_id=10327"},"modified":"2023-06-28T17:37:35","modified_gmt":"2023-06-28T15:37:35","slug":"edc","status":"publish","type":"page","link":"https:\/\/agora.xtec.cat\/ins-dolors-aleu-barcelona\/edc\/","title":{"rendered":"EDC"},"content":{"rendered":"<p><a href=\"https:\/\/agora.xtec.cat\/ins-dolors-aleu-barcelona\/wp-content\/uploads\/usu1296\/2023\/06\/OK08054228-Institut-Dolors-Aleu-Resum-de-lEDC.pdf\"><img loading=\"lazy\" decoding=\"async\" class=\"alignright wp-image-10329\" style=\"border: 1px solid black;\" src=\"https:\/\/agora.xtec.cat\/ins-dolors-aleu-barcelona\/wp-content\/uploads\/usu1296\/2023\/06\/EDC_Resum-doc-definitiu-signat-digitalment_p1-scaled.jpg\" alt=\"\" width=\"185\" height=\"262\" \/><\/a>L\u2019<a href=\"https:\/\/agora.xtec.cat\/ins-dolors-aleu-barcelona\/wp-content\/uploads\/usu1296\/2023\/06\/OK08054228-Institut-Dolors-Aleu-Resum-de-lEDC.pdf\">Estrat\u00e8gia Digital de Centre<\/a> (EDC) defineix i concreta les l\u00ednies d\u2019actuaci\u00f3 d\u2019un centre que fan possible que docents, alumnat i centre assoleixin la compet\u00e8ncia digital. Per aconseguir aquesta compet\u00e8ncia digital, l\u2019EDC compr\u00e8n tots els \u00e0mbits del centre: organitzatius, metodol\u00f2gics, curriculars i comunicatius, els quals s\u2019han de veure necess\u00e0riament implicats i, si escau, transformats, des d\u2019una perspectiva d\u2019innovaci\u00f3 i de millora cont\u00ednua.<\/p>\n<p>Davant dels desafiaments tecnol\u00f2gics que planteja la societat, la ciutadania actual requereix un bon domini de les compet\u00e8ncies en un context pluriling\u00fce i pluricultural, sostenible, digitalitzat, equitatiu, feminista i m\u00e9s democr\u00e0tic.<\/p>\n<p>Ent\u00e8s aix\u00ed, el curr\u00edculum es conforma com un instrument del model educatiu per fomentar una conviv\u00e8ncia democr\u00e0tica, cohesionada i inclusiva, que integri totes les persones a la comunitat educativa i en la qual sigui possible la igualtat d&#8217;oportunitats. Una entesa fonamentada en una ciutadania cr\u00edtica, informada, activa i responsable que \u00e9s pugui desenvolupar personalment, socialment i econ\u00f2micament.<\/p>\n<p>L\u2019assoliment d\u2019aquest repte requereix d\u2019una mirada vers les tecnologies que incorporin aspectes pedag\u00f2gics, formatius, \u00e8tics i organitzatius en el mateix centre, sempre complint amb criteris d\u2019 accessibilitat i usabilitat. Un instrument per formalitzar aquesta mirada, en el marc del Decret 102\/2010, de 3 d&#8217;agost, d&#8217;autonomia dels centres educatius, i del projecte educatiu del centre, \u00e9s la planificaci\u00f3 a curt, mitj\u00e0 i llarg termini perqu\u00e8 el proc\u00e9s de desplegament de la compet\u00e8ncia digital es desenvolupi de manera harm\u00f2nica.<\/p>\n<p>Podeu accedir a tota la informaci\u00f3 sobre la nostra EDC mitjan\u00e7ant el men\u00fa de navegaci\u00f3 de l\u2019esquerra. A la infografia que trobareu a continuaci\u00f3 s&#8217;hi expliquen els aspectes generals que defineixen l&#8217;Estrat\u00e8gia Digital de Centre. Podeu ampliar aquesta informaci\u00f3 fent clic a la mateixa imatge.<\/p>\n<p><a href=\"https:\/\/agora.xtec.cat\/ins-dolors-aleu-barcelona\/wp-content\/uploads\/usu1296\/2023\/06\/EDC_Infografia_20230519-p1-2.pdf\"><img loading=\"lazy\" decoding=\"async\" class=\"aligncenter wp-image-11156\" src=\"https:\/\/agora.xtec.cat\/ins-dolors-aleu-barcelona\/wp-content\/uploads\/usu1296\/2023\/06\/EDC_Infografia_20230519-p1-725x1024.jpg\" alt=\"\" width=\"964\" height=\"1362\" srcset=\"https:\/\/agora.xtec.cat\/ins-dolors-aleu-barcelona\/wp-content\/uploads\/usu1296\/2023\/06\/EDC_Infografia_20230519-p1-725x1024.jpg 725w, https:\/\/agora.xtec.cat\/ins-dolors-aleu-barcelona\/wp-content\/uploads\/usu1296\/2023\/06\/EDC_Infografia_20230519-p1-212x300.jpg 212w, https:\/\/agora.xtec.cat\/ins-dolors-aleu-barcelona\/wp-content\/uploads\/usu1296\/2023\/06\/EDC_Infografia_20230519-p1-768x1085.jpg 768w, https:\/\/agora.xtec.cat\/ins-dolors-aleu-barcelona\/wp-content\/uploads\/usu1296\/2023\/06\/EDC_Infografia_20230519-p1-1087x1536.jpg 1087w, https:\/\/agora.xtec.cat\/ins-dolors-aleu-barcelona\/wp-content\/uploads\/usu1296\/2023\/06\/EDC_Infografia_20230519-p1-1450x2048.jpg 1450w, https:\/\/agora.xtec.cat\/ins-dolors-aleu-barcelona\/wp-content\/uploads\/usu1296\/2023\/06\/EDC_Infografia_20230519-p1-scaled.jpg 1812w\" sizes=\"auto, (max-width: 964px) 100vw, 964px\" \/><\/a><\/p>\n","protected":false},"excerpt":{"rendered":"<p><a href=\"https:\/\/agora.xtec.cat\/ins-dolors-aleu-barcelona\/wp-content\/uploads\/usu1296\/2023\/06\/OK08054228-Institut-Dolors-Aleu-Resum-de-lEDC.pdf\"><\/a>L\u2019<a href=\"https:\/\/agora.xtec.cat\/ins-dolors-aleu-barcelona\/wp-content\/uploads\/usu1296\/2023\/06\/OK08054228-Institut-Dolors-Aleu-Resum-de-lEDC.pdf\">Estrat\u00e8gia Digital de Centre<\/a> (EDC) defineix i concreta les l\u00ednies d\u2019actuaci\u00f3 d\u2019un centre que fan possible que docents, alumnat i centre assoleixin la compet\u00e8ncia digital. Per aconseguir aquesta compet\u00e8ncia digital, l\u2019EDC compr\u00e8n tots els \u00e0mbits del centre: organitzatius, metodol\u00f2gics, curriculars i comunicatius, els&hellip;  <a href=\"https:\/\/agora.xtec.cat\/ins-dolors-aleu-barcelona\/edc\/\" title=\"Read EDC\">Llegeix m\u00e9s\u00bb<\/a><\/p>\n","protected":false},"author":1,"featured_media":0,"parent":0,"menu_order":0,"comment_status":"closed","ping_status":"closed","template":"page-templates\/side-menu.php","meta":{"_bbp_topic_count":0,"_bbp_reply_count":0,"_bbp_total_topic_count":0,"_bbp_total_reply_count":0,"_bbp_voice_count":0,"_bbp_anonymous_reply_count":0,"_bbp_topic_count_hidden":0,"_bbp_reply_count_hidden":0,"_bbp_forum_subforum_count":0,"footnotes":""},"class_list":["post-10327","page","type-page","status-publish","hentry"],"post_mailing_queue_ids":[],"_links":{"self":[{"href":"https:\/\/agora.xtec.cat\/ins-dolors-aleu-barcelona\/wp-json\/wp\/v2\/pages\/10327","targetHints":{"allow":["GET"]}}],"collection":[{"href":"https:\/\/agora.xtec.cat\/ins-dolors-aleu-barcelona\/wp-json\/wp\/v2\/pages"}],"about":[{"href":"https:\/\/agora.xtec.cat\/ins-dolors-aleu-barcelona\/wp-json\/wp\/v2\/types\/page"}],"author":[{"embeddable":true,"href":"https:\/\/agora.xtec.cat\/ins-dolors-aleu-barcelona\/wp-json\/wp\/v2\/users\/1"}],"replies":[{"embeddable":true,"href":"https:\/\/agora.xtec.cat\/ins-dolors-aleu-barcelona\/wp-json\/wp\/v2\/comments?post=10327"}],"version-history":[{"count":4,"href":"https:\/\/agora.xtec.cat\/ins-dolors-aleu-barcelona\/wp-json\/wp\/v2\/pages\/10327\/revisions"}],"predecessor-version":[{"id":11591,"href":"https:\/\/agora.xtec.cat\/ins-dolors-aleu-barcelona\/wp-json\/wp\/v2\/pages\/10327\/revisions\/11591"}],"wp:attachment":[{"href":"https:\/\/agora.xtec.cat\/ins-dolors-aleu-barcelona\/wp-json\/wp\/v2\/media?parent=10327"}],"curies":[{"name":"wp","href":"https:\/\/api.w.org\/{rel}","templated":true}]}}