{"id":848,"date":"2022-03-05T18:29:52","date_gmt":"2022-03-05T17:29:52","guid":{"rendered":"https:\/\/agora.xtec.cat\/ilb\/?page_id=848"},"modified":"2025-12-17T16:52:04","modified_gmt":"2025-12-17T15:52:04","slug":"cfgs-administracio-i-finances","status":"publish","type":"page","link":"https:\/\/agora.xtec.cat\/ilb\/cicles-formatius-de-grau-superior-3\/cfgs-administracio-i-finances\/","title":{"rendered":"CFGS Administraci\u00f3 i Finances"},"content":{"rendered":"<p><a href=\"https:\/\/agora.xtec.cat\/ilb\/wp-content\/uploads\/usu2296\/2022\/03\/Foto_12_finanzas.jpg\"><img loading=\"lazy\" decoding=\"async\" class=\"size-large wp-image-813 aligncenter\" src=\"https:\/\/agora.xtec.cat\/ilb\/wp-content\/uploads\/usu2296\/2022\/03\/Foto_12_finanzas-1024x645.jpg\" alt=\"\" width=\"1024\" height=\"645\" srcset=\"https:\/\/agora.xtec.cat\/ilb\/wp-content\/uploads\/usu2296\/2022\/03\/Foto_12_finanzas-1024x645.jpg 1024w, https:\/\/agora.xtec.cat\/ilb\/wp-content\/uploads\/usu2296\/2022\/03\/Foto_12_finanzas-300x189.jpg 300w, https:\/\/agora.xtec.cat\/ilb\/wp-content\/uploads\/usu2296\/2022\/03\/Foto_12_finanzas-768x484.jpg 768w, https:\/\/agora.xtec.cat\/ilb\/wp-content\/uploads\/usu2296\/2022\/03\/Foto_12_finanzas-1536x968.jpg 1536w, https:\/\/agora.xtec.cat\/ilb\/wp-content\/uploads\/usu2296\/2022\/03\/Foto_12_finanzas.jpg 1920w\" sizes=\"auto, (max-width: 1024px) 100vw, 1024px\" \/><\/a><\/p>\n<p><b>T\u00e8cnic\/a superior en administraci\u00f3 i finances<\/b><\/p>\n<p><b><i>Cicle formatiu de grau superior<\/i><\/b><\/p>\n<p><b>FAM\u00cdLIA: <\/b><span style=\"font-weight: 400;\">administraci\u00f3 i gesti\u00f3<\/span> <span style=\"font-weight: 400;\"> \u00a0 <strong>DURADA<\/strong>: 2000 hores<\/span><span style=\"font-family: inherit; font-size: 1em;\">\u00a0 (en el centre i l\u2019empresa)<\/span><\/p>\n<p><b>N\u00daM. DE CURSOS:<\/b><span style=\"font-weight: 400;\"> 2 cursos<\/span><\/p>\n<p><b>METODOLOGIA:<\/b><span style=\"font-weight: 400;\"> metodologies actives d\u2019aprenentatge<\/span><\/p>\n<p><strong>HORARI: <\/strong>Mat\u00ed (Primer curs) &#8211; Tarda (Segon curs)<\/p>\n<p><strong>PREU EN CONCEPTE DE MATR\u00cdCULA I MATERIAL:\u00a0<\/strong>360 \u20ac de matr\u00edcula + 80 \u20ac de material (pagament \u00fanic a principi de curs, no hi ha quota mensual)<\/p>\n<p dir=\"ltr\"><strong>MODALITATS MATR\u00cdCULA:<\/strong><\/p>\n<p dir=\"ltr\">Es pot fer la matr\u00edcula del cicle complet o b\u00e9 matricular-se de m\u00f2duls solts o unitats formatives soltes. Tamb\u00e9 es pot realitzar matr\u00edcula en <a href=\"https:\/\/triaeducativa.gencat.cat\/ca\/fp\/cataleg-serveis\/matricula-semipresencial\/\">modalitat semipresencial<\/a> per tal de facilitar l\u2019assist\u00e8ncia a les persones que no poden assistir presencialment a totes les hores lectives (per feina, per tenir cura d&#8217;altres persones o per qualsevol altra circumst\u00e0ncia excepcional). La incompatibilitat amb l&#8217;horari lectiu s&#8217;ha d&#8217;acreditar documentalment.<\/p>\n<p dir=\"ltr\">Per a m\u00e9s informaci\u00f3 consulteu el <a href=\"https:\/\/xtec.gencat.cat\/ca\/curriculum\/professionals\/fp\/comcursar\/\">web del Departament d\u2019Educaci\u00f3<\/a>.<\/p>\n<p><b>CONDICIONS D\u2019ACC\u00c9S:<\/b><\/p>\n<p><span style=\"font-weight: 400;\">Tenen acc\u00e9s directe al cicle les persones que compleixen algun dels requisits seg\u00fcents:<\/span><\/p>\n<ul>\n<li style=\"font-weight: 400;\" aria-level=\"1\"><span style=\"font-weight: 400;\">tenir el t\u00edtol de batxillerat,<\/span><\/li>\n<li style=\"font-weight: 400;\" aria-level=\"1\"><span style=\"font-weight: 400;\">tenir el t\u00edtol de t\u00e8cnic de formaci\u00f3 professional o d\u2019arts pl\u00e0stiques i disseny, t\u00e8cnic superior de formaci\u00f3 professional o d&#8217;arts pl\u00e0stiques i disseny o t\u00e8cnic especialista,<\/span><\/li>\n<li style=\"font-weight: 400;\" aria-level=\"1\"><span style=\"font-weight: 400;\">haver superat el segon curs de batxillerat de qualsevol modalitat de batxillerat experimental,<\/span><\/li>\n<li style=\"font-weight: 400;\" aria-level=\"1\"><span style=\"font-weight: 400;\">haver superat el curs d&#8217;orientaci\u00f3 universit\u00e0ria (COU) o el preuniversitari,<\/span><\/li>\n<li style=\"font-weight: 400;\" aria-level=\"1\"><span style=\"font-weight: 400;\">tenir el t\u00edtol de batxillerat per haver cursat el batxillerat unificat polivalent (BUP),<\/span><\/li>\n<li style=\"font-weight: 400;\" aria-level=\"1\"><span style=\"font-weight: 400;\">tenir qualsevol titulaci\u00f3 universit\u00e0ria o una d&#8217;equivalent, o<\/span><\/li>\n<li style=\"font-weight: 400;\" aria-level=\"1\"><span style=\"font-weight: 400;\">haver superat la prova d&#8217;acc\u00e9s a la universitat per a m\u00e9s grans de 25 anys o de 45 anys, o haver accedit a la universitat per haver acreditat experi\u00e8ncia laboral o professional tenint complerts 40 anys d&#8217;edat.<\/span><\/li>\n<\/ul>\n<p><span style=\"font-weight: 400;\">Les persones que no compleixen cap dels requisits esmentats han de superar una <\/span><a href=\"https:\/\/educacio.gencat.cat\/ca\/serveis-tramits\/proves\/proves-acces\/gs-fp\/\"><span style=\"font-weight: 400;\">prova d&#8217;acc\u00e9s<\/span><\/a><span style=\"font-weight: 400;\">. Per presentar-s&#8217;hi cal tenir complerts 19 anys o b\u00e9 complir-los durant l&#8217;any natural en qu\u00e8 es realitza la prova.<\/span><\/p>\n<p><b>PLA D\u2019ESTUDIS:<\/b><\/p>\n<table style=\"width: 45.4333%; height: 363px;\">\n<tbody>\n<tr style=\"height: 33px;\">\n<td style=\"width: 56.5627%; height: 33px;\" colspan=\"2\"><b>Curs 1r<em> (Curr\u00edculum nou)<\/em><\/b><\/td>\n<\/tr>\n<tr style=\"height: 33px;\">\n<td style=\"width: 44.9076%; height: 33px;\"><b>M\u00f2duls professionals<\/b><\/td>\n<td style=\"width: 11.6551%; height: 33px;\"><b><i>Hores totals<\/i><\/b><\/td>\n<\/tr>\n<tr style=\"height: 33px;\">\n<td style=\"width: 44.9076%; height: 33px;\">0647 Gesti\u00f3 de la documentaci\u00f3 empresarial<\/td>\n<td style=\"width: 11.6551%; text-align: center; height: 33px;\">66<\/td>\n<\/tr>\n<tr style=\"height: 33px;\">\n<td style=\"width: 44.9076%; height: 33px;\">0648 Recursos humans i responsabilitat social corporativa<\/td>\n<td style=\"width: 11.6551%; text-align: center; height: 33px;\">33<\/td>\n<\/tr>\n<tr style=\"height: 33px;\">\n<td style=\"width: 44.9076%; height: 33px;\">0649 Ofim\u00e0tica i proc\u00e9s de la informaci\u00f3<\/td>\n<td style=\"width: 11.6551%; text-align: center; height: 33px;\">132<\/td>\n<\/tr>\n<tr style=\"height: 33px;\">\n<td style=\"width: 44.9076%; height: 33px;\">0650 Proc\u00e9s integral de l&#8217;activitat comercial<\/td>\n<td style=\"width: 11.6551%; text-align: center; height: 33px;\">132<\/td>\n<\/tr>\n<tr style=\"height: 33px;\">\n<td style=\"width: 44.9076%; height: 33px;\">0651 Comunicaci\u00f3 i atenci\u00f3 al client<\/td>\n<td style=\"width: 11.6551%; text-align: center; height: 33px;\">132<\/td>\n<\/tr>\n<tr style=\"height: 33px;\">\n<td style=\"width: 44.9076%; height: 33px;\">0179 Angl\u00e8s<\/td>\n<td style=\"width: 11.6551%; text-align: center; height: 33px;\">66<\/td>\n<\/tr>\n<tr style=\"height: 33px;\">\n<td style=\"width: 44.9076%; height: 33px;\">C076 Catal\u00e0 Professional<\/td>\n<td style=\"width: 11.6551%; text-align: center; height: 33px;\">66<\/td>\n<\/tr>\n<tr>\n<td style=\"width: 44.9076%;\">1665 Digitalitzaci\u00f3 aplicada als sectors productius<\/td>\n<td style=\"width: 11.6551%; text-align: center;\">33<\/td>\n<\/tr>\n<tr>\n<td style=\"width: 44.9076%;\">1708 Sostenibilitat aplicada al sistema productiu<\/td>\n<td style=\"width: 11.6551%; text-align: center;\">33<\/td>\n<\/tr>\n<tr>\n<td style=\"width: 44.9076%;\">1709 IPO I<\/td>\n<td style=\"width: 11.6551%; text-align: center;\">99<\/td>\n<\/tr>\n<tr style=\"height: 33px;\">\n<td style=\"width: 44.9076%; height: 33px;\">Tutoria<\/td>\n<td style=\"width: 11.6551%; text-align: center; height: 33px;\">33<\/td>\n<\/tr>\n<tr style=\"height: 33px;\">\n<td style=\"width: 44.9076%; height: 33px;\"><b>Total primer curs<\/b><\/td>\n<td style=\"width: 11.6551%; text-align: center; height: 33px;\"><b>825<\/b><\/td>\n<\/tr>\n<\/tbody>\n<\/table>\n<p><b>\u00a0<\/b><\/p>\n<table>\n<tbody>\n<tr>\n<td colspan=\"4\"><b>Curs 2n<em> (Curr\u00edculum antic)<\/em><\/b><\/td>\n<\/tr>\n<tr>\n<td><b>M\u00f2duls professionals<\/b><\/td>\n<td><b><i>Hores m\u00edn.<\/i><\/b><\/td>\n<td><b><i>HLD<\/i><\/b><\/td>\n<td><b><i>Hores totals<\/i><\/b><\/td>\n<\/tr>\n<tr>\n<td><b>MP7 Gesti\u00f3 de recursos humans<\/b><\/td>\n<td style=\"text-align: center;\"><b>66<\/b><\/td>\n<td style=\"text-align: center;\"><b>\u00a0<\/b><\/td>\n<td style=\"text-align: center;\"><b>66<\/b><\/td>\n<\/tr>\n<tr>\n<td><b>MP8 Gesti\u00f3 financera<\/b><\/td>\n<td style=\"text-align: center;\"><b>132<\/b><\/td>\n<td style=\"text-align: center;\"><b>\u00a0<\/b><\/td>\n<td style=\"text-align: center;\"><b>132<\/b><\/td>\n<\/tr>\n<tr>\n<td><b>MP9 Comptabilitat i fiscalitat<\/b><\/td>\n<td style=\"text-align: center;\"><b>99<\/b><\/td>\n<td style=\"text-align: center;\"><b>\u00a0<\/b><\/td>\n<td style=\"text-align: center;\"><b>99<\/b><\/td>\n<\/tr>\n<tr>\n<td><b>MP10 Gesti\u00f3 log\u00edstica i comercial<\/b><\/td>\n<td style=\"text-align: center;\"><b>66<\/b><\/td>\n<td style=\"text-align: center;\"><b>33<\/b><\/td>\n<td style=\"text-align: center;\"><b>99<\/b><\/td>\n<\/tr>\n<tr>\n<td><b>MP11 Simulaci\u00f3 empresarial<\/b><\/td>\n<td style=\"text-align: center;\"><b>88<\/b><\/td>\n<td style=\"text-align: center;\"><b>11<\/b><\/td>\n<td style=\"text-align: center;\"><b>99<\/b><\/td>\n<\/tr>\n<tr>\n<td><b>MP13 Projecte d&#8217;administraci\u00f3 i finances<\/b><\/td>\n<td style=\"text-align: center;\"><b>264<\/b><\/td>\n<td style=\"text-align: center;\"><b>\u00a0<\/b><\/td>\n<td style=\"text-align: center;\"><b>264<\/b><\/td>\n<\/tr>\n<tr>\n<td><b>Total<\/b><\/td>\n<td style=\"text-align: center;\"><b>715<\/b><\/td>\n<td style=\"text-align: center;\"><b>44<\/b><\/td>\n<td style=\"text-align: center;\"><b>759<\/b><\/td>\n<\/tr>\n<tr>\n<td><b>Tutoria<\/b><\/td>\n<td style=\"text-align: center;\"><b>33<\/b><\/td>\n<td style=\"text-align: center;\"><b>\u00a0<\/b><\/td>\n<td style=\"text-align: center;\"><b>33<\/b><\/td>\n<\/tr>\n<tr>\n<td><b>Total segon curs<\/b><\/td>\n<td style=\"text-align: center;\"><b>748<\/b><\/td>\n<td style=\"text-align: center;\"><b>44<\/b><\/td>\n<td style=\"text-align: center;\"><b>792<\/b><\/td>\n<\/tr>\n<tr>\n<td><b>MP14. Formaci\u00f3 en centres de treball<\/b><\/td>\n<td style=\"text-align: center;\"><b>416<\/b><\/td>\n<td style=\"text-align: center;\"><b>\u00a0<\/b><\/td>\n<td style=\"text-align: center;\"><b>416<\/b><\/td>\n<\/tr>\n<\/tbody>\n<\/table>\n<p><b>\u00a0<\/b><\/p>\n<p><b>POTS OPTAR PER:<\/b><\/p>\n<p><span style=\"font-weight: 400;\">Una formaci\u00f3 professional d\u2019excel\u00b7l\u00e8ncia i d\u2019un alt nivell de qualitat.<\/span><\/p>\n<p><b>QUINA SER\u00c0 LA MEVA FORMACI\u00d3?:<\/b><\/p>\n<p><span style=\"font-weight: 400;\">Aquest\/a professional tindr\u00e0 la capacitat d&#8217;o<\/span>rganitzar i executar les operacions de gesti\u00f3 i administraci\u00f3 en els processos comercials, laborals, comptables, fiscals i financers d&#8217;una empresa p\u00fablica o privada, aplicant la normativa vigent i els protocols de gesti\u00f3 de qualitat, gestionant la informaci\u00f3, assegurant la satisfacci\u00f3 del client i\/o usuari i actuant segons les normes de prevenci\u00f3 de riscos laborals i protecci\u00f3 mediambiental. Es formar\u00e0 professionalment en:<\/p>\n<ol>\n<li style=\"list-style-type: none;\">\n<ol style=\"list-style-type: lower-alpha;\">\n<li><span style=\"font-weight: 400;\">Analitzar i confeccionar els documents o comunicacions que s\u2019utilitzen en l\u2019empresa, identificant-ne la tipologia i la finalitat, per gestionar-los.<\/span><\/li>\n<li><span style=\"font-weight: 400;\">Analitzar les documents o comunicacions que s\u2019utilitzen en l\u2019empresa reconeixent-ne l\u2019estructura, elements i caracter\u00edstiques per elaborar-los.<\/span><\/li>\n<li><span style=\"font-weight: 400;\">Identificar i seleccionar les expressions de llengua anglesa, pr\u00f2pies de l\u2019empresa, per elaborar documents i comunicacions.<\/span><\/li>\n<li><span style=\"font-weight: 400;\">Analitzar les possibilitats de les aplicacions i equips inform\u00e0tics, relacionant-les amb la seva utilitzaci\u00f3 m\u00e9s efica\u00e7 en el tractament de la informaci\u00f3 per elaborar documents i comunicacions.<\/span><\/li>\n<li><span style=\"font-weight: 400;\">Analitzar la informaci\u00f3 disponible per detectar necessitats relacionades amb la gesti\u00f3 empresarial.<\/span><\/li>\n<li><span style=\"font-weight: 400;\">Organitzar les tasques administratives de les \u00e0rees funcionals de l\u2019empresa per proposar l\u00ednies d\u2019actuaci\u00f3 i de millora.<\/span><\/li>\n<li><span style=\"font-weight: 400;\">Identificar les t\u00e8cniques i par\u00e0metres que determinen les empreses per classificar, registrar i arxivar comunicacions i documents.<\/span><\/li>\n<li><span style=\"font-weight: 400;\">Recon\u00e8ixer la interrelaci\u00f3 entre les \u00e0rees comercial, financera, comptable i fiscal per gestionar els processos de gesti\u00f3 empresarial de forma integrada.<\/span><\/li>\n<li><span style=\"font-weight: 400;\">Interpretar la normativa i la metodologia aplicable per realitzar la gesti\u00f3 comptable i fiscal.<\/span><\/li>\n<li><span style=\"font-weight: 400;\">Elaborar informes sobre els par\u00e0metres de viabilitat d\u2019una empresa, recon\u00e8ixer els productes financers i els seus prove\u00efdors, i analitzar els m\u00e8todes de c\u00e0lcul financers per supervisar la gesti\u00f3 de tresoreria, la captaci\u00f3 de recursos financers i l\u2019estudi de viabilitat de projectes d\u2019inversi\u00f3.<\/span><\/li>\n<li><span style=\"font-weight: 400;\">Preparar la documentaci\u00f3 aix\u00ed com les actuacions que s\u2019han de desenvolupar, interpretant la pol\u00edtica de l\u2019empresa per aplicar els processos administratius establerts en la selecci\u00f3, contractaci\u00f3, formaci\u00f3 i desenvolupament dels recursos humans.<\/span><\/li>\n<li><span style=\"font-weight: 400;\">Recon\u00e8ixer la normativa legal, les t\u00e8cniques associades i els protocols relacionats amb el departament de recursos humans, analitzant la problem\u00e0tica laboral i la documentaci\u00f3 derivada, per organitzar i supervisar la gesti\u00f3 administrativa del personal de l\u2019empresa.<\/span><\/li>\n<li><span style=\"font-weight: 400;\">Identificar la normativa vigent, realitzar c\u00e0lculs, seleccionar dades, emplenar documents i recon\u00e8ixer les t\u00e8cniques i procediments de negociaci\u00f3 amb prove\u00efdors i d\u2019assessorament a clients, per realitzar la gesti\u00f3 administrativa dels processos comercials.<\/span><\/li>\n<li><span style=\"font-weight: 400;\">Recon\u00e8ixer les t\u00e8cniques d\u2019atenci\u00f3 al client\/usuari, adequant-les a cada cas i analitzant els protocols de qualitat i imatge empresarial o institucional per l\u2019acompliment de les activitats relacionades.\u00a0<\/span><\/li>\n<li><span style=\"font-weight: 400;\">Identificar models, terminis i requisits per tramitar i realitzar la gesti\u00f3 administrativa en la presentaci\u00f3 de documents en organismes i administracions p\u00fabliques.<\/span><\/li>\n<li><span style=\"font-weight: 400;\">Analitzar i utilitzar els recursos i oportunitats d\u2019aprenentatge relacionats amb l\u2019evoluci\u00f3 cient\u00edfica, tecnol\u00f2gica i organitzativa del sector i les tecnologies de la informaci\u00f3 i la comunicaci\u00f3, per mantenir l\u2019esperit d\u2019actualitzaci\u00f3 i adaptar-se a noves situacions laborals i personals.<\/span><\/li>\n<li><span style=\"font-weight: 400;\">Desenvolupar la creativitat i l\u2019esperit d\u2019innovaci\u00f3 per respondre als reptes que es presenten en els processos i en l\u2019organitzaci\u00f3 del treball i de la vida personal.<\/span><\/li>\n<li><span style=\"font-weight: 400;\">Prendre decisions de forma fonamentada analitzant les variables implicades, integrant sabers d\u2019\u00e0mbits distints i acceptant els riscos i la possibilitat d\u2019equivocaci\u00f3 en aquestes decisions, per fer front i resoldre situacions diferents, problemes o conting\u00e8ncies.<\/span><\/li>\n<li><span style=\"font-weight: 400;\">Desenvolupar t\u00e8cniques de lideratge, motivaci\u00f3, supervisi\u00f3 i comunicaci\u00f3 en contextos de treball en grup, per facilitar l\u2019organitzaci\u00f3 i coordinaci\u00f3 d\u2019equips de treball.<\/span><\/li>\n<li><span style=\"font-weight: 400;\">Aplicar estrat\u00e8gies i t\u00e8cniques de comunicaci\u00f3, adaptant-se als continguts que es transmetran, a la finalitat i a les caracter\u00edstiques dels receptors, per assegurar l\u2019efic\u00e0cia en els processos de comunicaci\u00f3.<\/span><\/li>\n<\/ol>\n<\/li>\n<\/ol>\n<p><b>AL FINALITZAR ELS MEUS ESTUDIS, QU\u00c8 PUC FER?:<\/b><\/p>\n<ol>\n<li style=\"font-weight: 400;\" aria-level=\"1\"><span style=\"font-weight: 400;\">Continuar estudiant:<\/span><\/li>\n<\/ol>\n<p><span style=\"font-weight: 400;\">Amb aquests estudis s\u2019obt\u00e9 el t\u00edtol de t\u00e8cnic o t\u00e8cnica superior, que permet accedir:<\/span><\/p>\n<ul>\n<li style=\"list-style-type: none;\">\n<ul>\n<li style=\"font-weight: 400;\" aria-level=\"1\"><span style=\"font-weight: 400;\">a qualsevol estudi universitari oficial de grau o<\/span><\/li>\n<li style=\"font-weight: 400;\" aria-level=\"1\"><span style=\"font-weight: 400;\">al m\u00f3n laboral.\u00a0<\/span><\/li>\n<\/ul>\n<\/li>\n<\/ul>\n<p><span style=\"font-weight: 400;\">Amb aquests estudis s&#8217;obt\u00e9 el t\u00edtol de t\u00e8cnic superior o t\u00e8cnica superior, que permet accedir a qualsevol estudi universitari oficial de grau. Les persones que s&#8217;han graduat en un cicle formatiu de grau superior poden obtenir la convalidaci\u00f3 de cr\u00e8dits universitaris ECTS.<\/span><\/p>\n<p><span style=\"font-weight: 400;\">Per a m\u00e9s informaci\u00f3, consulteu el <\/span><span style=\"font-weight: 400;\"><a href=\"https:\/\/universitats.gencat.cat\/ca\/acces-universitat\/acces-segons-perfils-estudiants\/estudiant-cicle-formatiu\/\">Canal Universitats<\/a>.<\/span><\/p>\n<p><span style=\"font-weight: 400;\">2. Optar per les seg\u00fcents sortides professionals:<\/span><\/p>\n<p><span style=\"font-weight: 400;\">La superaci\u00f3 d&#8217;aquest cicle formatiu permet accedir al m\u00f3n laboral com a:<\/span><\/p>\n<ul>\n<li style=\"list-style-type: none;\">\n<ul>\n<li style=\"font-weight: 400;\" aria-level=\"1\"><span style=\"font-weight: 400;\">Administratiu d&#8217;oficina.<\/span><\/li>\n<li style=\"font-weight: 400;\" aria-level=\"1\"><span style=\"font-weight: 400;\">Administratiu comercial.<\/span><\/li>\n<li style=\"font-weight: 400;\" aria-level=\"1\"><span style=\"font-weight: 400;\">Administratiu financer.<\/span><\/li>\n<li style=\"font-weight: 400;\" aria-level=\"1\"><span style=\"font-weight: 400;\">Administratiu comptable.<\/span><\/li>\n<li style=\"font-weight: 400;\" aria-level=\"1\"><span style=\"font-weight: 400;\">Administratiu de log\u00edstica.<\/span><\/li>\n<li style=\"font-weight: 400;\" aria-level=\"1\"><span style=\"font-weight: 400;\">Administratiu de banca i assegurances.<\/span><\/li>\n<li style=\"font-weight: 400;\" aria-level=\"1\"><span style=\"font-weight: 400;\">Administratiu de recursos humans.<\/span><\/li>\n<li style=\"font-weight: 400;\" aria-level=\"1\"><span style=\"font-weight: 400;\">Administratiu de l&#8217;Administraci\u00f3 p\u00fablica.<\/span><\/li>\n<li style=\"font-weight: 400;\" aria-level=\"1\"><span style=\"font-weight: 400;\">Administratiu d\u2019assessories jur\u00eddiques, comptables, laborals, fiscals o gestories.<\/span><\/li>\n<li style=\"font-weight: 400;\" aria-level=\"1\"><span style=\"font-weight: 400;\">T\u00e8cnic en gesti\u00f3 de cobraments.<\/span><\/li>\n<li style=\"font-weight: 400;\" aria-level=\"1\"><span style=\"font-weight: 400;\">Responsable d&#8217;atenci\u00f3 al client.<\/span><\/li>\n<\/ul>\n<\/li>\n<\/ul>\n<p style=\"text-align: right;\"><em><span style=\"color: #0000ff;\"><strong>Rumb al teu futur<\/strong><\/span><\/em><\/p>\n<p style=\"text-align: right;\"><em><span style=\"color: #0000ff;\"><strong>ILB \u2013 connected to change<\/strong><\/span><\/em><\/p>\n","protected":false},"excerpt":{"rendered":"<p><a href=\"https:\/\/agora.xtec.cat\/ilb\/wp-content\/uploads\/usu2296\/2022\/03\/Foto_12_finanzas.jpg\"><\/a><br \/>\nT\u00e8cnic\/a superior en administraci\u00f3 i finances<br \/>\nCicle formatiu de grau superior<br \/>\nFAM\u00cdLIA: administraci\u00f3 i gesti\u00f3  \u00a0 DURADA: 2000 hores\u00a0 (en el centre i l\u2019empresa)<br \/>\nN\u00daM. DE CURSOS: 2 cursos<br \/>\nMETODOLOGIA: metodologies actives d\u2019aprenentatge<br \/>\nHORARI: Mat\u00ed (Primer curs) &#8211; Tarda (Segon curs)<br \/>\nPREU EN CONCEPTE DE MATR\u00cdCULA I MATERIAL:\u00a0360 \u20ac&hellip;  <a href=\"https:\/\/agora.xtec.cat\/ilb\/cicles-formatius-de-grau-superior-3\/cfgs-administracio-i-finances\/\" title=\"Read CFGS Administraci\u00f3 i Finances\">Llegeix m\u00e9s\u00bb<\/a><\/p>\n","protected":false},"author":1,"featured_media":0,"parent":799,"menu_order":0,"comment_status":"closed","ping_status":"closed","template":"","meta":{"_bbp_topic_count":0,"_bbp_reply_count":0,"_bbp_total_topic_count":0,"_bbp_total_reply_count":0,"_bbp_voice_count":0,"_bbp_anonymous_reply_count":0,"_bbp_topic_count_hidden":0,"_bbp_reply_count_hidden":0,"_bbp_forum_subforum_count":0,"footnotes":""},"class_list":["post-848","page","type-page","status-publish","hentry"],"post_mailing_queue_ids":[],"_links":{"self":[{"href":"https:\/\/agora.xtec.cat\/ilb\/wp-json\/wp\/v2\/pages\/848","targetHints":{"allow":["GET"]}}],"collection":[{"href":"https:\/\/agora.xtec.cat\/ilb\/wp-json\/wp\/v2\/pages"}],"about":[{"href":"https:\/\/agora.xtec.cat\/ilb\/wp-json\/wp\/v2\/types\/page"}],"author":[{"embeddable":true,"href":"https:\/\/agora.xtec.cat\/ilb\/wp-json\/wp\/v2\/users\/1"}],"replies":[{"embeddable":true,"href":"https:\/\/agora.xtec.cat\/ilb\/wp-json\/wp\/v2\/comments?post=848"}],"version-history":[{"count":6,"href":"https:\/\/agora.xtec.cat\/ilb\/wp-json\/wp\/v2\/pages\/848\/revisions"}],"predecessor-version":[{"id":4636,"href":"https:\/\/agora.xtec.cat\/ilb\/wp-json\/wp\/v2\/pages\/848\/revisions\/4636"}],"up":[{"embeddable":true,"href":"https:\/\/agora.xtec.cat\/ilb\/wp-json\/wp\/v2\/pages\/799"}],"wp:attachment":[{"href":"https:\/\/agora.xtec.cat\/ilb\/wp-json\/wp\/v2\/media?parent=848"}],"curies":[{"name":"wp","href":"https:\/\/api.w.org\/{rel}","templated":true}]}}