{"id":772,"date":"2022-03-05T16:59:23","date_gmt":"2022-03-05T15:59:23","guid":{"rendered":"https:\/\/agora.xtec.cat\/ilb\/?page_id=772"},"modified":"2025-12-17T17:06:35","modified_gmt":"2025-12-17T16:06:35","slug":"cfgs-administracio-de-sistemes-informatica-en-xarxa-ciberseguretat","status":"publish","type":"page","link":"https:\/\/agora.xtec.cat\/ilb\/cicles-formatius-de-grau-superior-3\/cfgs-administracio-de-sistemes-informatica-en-xarxa-ciberseguretat\/","title":{"rendered":"CFGS Administraci\u00f3 de Sistemes Inform\u00e0tics en Xarxa &#8211; Perfil ciberseguretat"},"content":{"rendered":"<p><a href=\"https:\/\/agora.xtec.cat\/ilb\/wp-content\/uploads\/usu2296\/2022\/03\/Foto_13_Internet.png\"><img loading=\"lazy\" decoding=\"async\" class=\"size-full wp-image-814 aligncenter\" src=\"https:\/\/agora.xtec.cat\/ilb\/wp-content\/uploads\/usu2296\/2022\/03\/Foto_13_Internet.png\" alt=\"\" width=\"682\" height=\"446\" srcset=\"https:\/\/agora.xtec.cat\/ilb\/wp-content\/uploads\/usu2296\/2022\/03\/Foto_13_Internet.png 682w, https:\/\/agora.xtec.cat\/ilb\/wp-content\/uploads\/usu2296\/2022\/03\/Foto_13_Internet-300x196.png 300w\" sizes=\"auto, (max-width: 682px) 100vw, 682px\" \/><\/a><\/p>\n<p>&nbsp;<\/p>\n<p><b>T\u00e8cnic\/a superior en administraci\u00f3 de sistemes inform\u00e0tics en xarxa, perfil professional ciberseguretat<\/b><\/p>\n<p><b><i>Cicle formatiu de grau superior<\/i><\/b><\/p>\n<p><b>FAM\u00cdLIA: <\/b><span style=\"font-weight: 400;\">inform\u00e0tica i comunicacions<\/span> <span style=\"font-weight: 400;\"> \u00a0 <strong>DURADA<\/strong>: 2000 hores<\/span><span style=\"font-family: inherit; font-size: 1em;\">\u00a0 (en el centre i l\u2019empresa)<\/span><\/p>\n<p><b>N\u00daM. DE CURSOS:<\/b><span style=\"font-weight: 400;\"> 2 cursos<\/span><\/p>\n<p><b>METODOLOGIA:<\/b><span style=\"font-weight: 400;\"> metodologies actives d\u2019aprenentatge<\/span><\/p>\n<p><strong>HORARI: <\/strong>Mat\u00ed (Primer curs) &#8211; Tarda (Segon curs)<\/p>\n<p><strong>PREU EN CONCEPTE DE MATR\u00cdCULA I MATERIAL:\u00a0<\/strong>360 \u20ac de matr\u00edcula + 140 \u20ac de material (pagament \u00fanic a principi de curs, no hi ha quota mensual)<\/p>\n<p dir=\"ltr\"><strong>MODALITATS MATR\u00cdCULA:<\/strong><\/p>\n<p dir=\"ltr\">Es pot fer la matr\u00edcula del cicle complet o b\u00e9 matricular-se de m\u00f2duls solts o unitats formatives soltes. Tamb\u00e9 es pot realitzar matr\u00edcula en <a href=\"https:\/\/triaeducativa.gencat.cat\/ca\/fp\/cataleg-serveis\/matricula-semipresencial\/\">modalitat semipresencial<\/a> per tal de facilitar l\u2019assist\u00e8ncia a les persones que no poden assistir presencialment a totes les hores lectives (per feina, per tenir cura d&#8217;altres persones o per qualsevol altra circumst\u00e0ncia excepcional). La incompatibilitat amb l&#8217;horari lectiu s&#8217;ha d&#8217;acreditar documentalment.<\/p>\n<p dir=\"ltr\">Per a m\u00e9s informaci\u00f3 consulteu el <a href=\"https:\/\/xtec.gencat.cat\/ca\/curriculum\/professionals\/fp\/comcursar\/\">web del Departament d\u2019Educaci\u00f3<\/a>.<\/p>\n<p><b>CONDICIONS D\u2019ACC\u00c9S:<\/b><\/p>\n<p><span style=\"font-weight: 400;\">Tenen acc\u00e9s directe al cicle les persones que compleixen algun dels requisits seg\u00fcents:<\/span><\/p>\n<ul>\n<li style=\"list-style-type: none;\">\n<ul>\n<li style=\"font-weight: 400;\" aria-level=\"1\"><span style=\"font-weight: 400;\">tenir el t\u00edtol de batxillerat,<\/span><\/li>\n<li style=\"font-weight: 400;\" aria-level=\"1\"><span style=\"font-weight: 400;\">tenir el t\u00edtol de t\u00e8cnic de formaci\u00f3 professional o d\u2019arts pl\u00e0stiques i disseny, t\u00e8cnic superior de formaci\u00f3 professional o d&#8217;arts pl\u00e0stiques i disseny o t\u00e8cnic especialista,<\/span><\/li>\n<li style=\"font-weight: 400;\" aria-level=\"1\"><span style=\"font-weight: 400;\">haver superat el segon curs de batxillerat de qualsevol modalitat de batxillerat experimental,<\/span><\/li>\n<li style=\"font-weight: 400;\" aria-level=\"1\"><span style=\"font-weight: 400;\">haver superat el curs d&#8217;orientaci\u00f3 universit\u00e0ria (COU) o el preuniversitari,<\/span><\/li>\n<li style=\"font-weight: 400;\" aria-level=\"1\"><span style=\"font-weight: 400;\">tenir el t\u00edtol de batxillerat per haver cursat el batxillerat unificat polivalent (BUP),<\/span><\/li>\n<li style=\"font-weight: 400;\" aria-level=\"1\"><span style=\"font-weight: 400;\">tenir qualsevol titulaci\u00f3 universit\u00e0ria o una d&#8217;equivalent, o<\/span><\/li>\n<li style=\"font-weight: 400;\" aria-level=\"1\"><span style=\"font-weight: 400;\">haver superat la prova d&#8217;acc\u00e9s a la universitat per a m\u00e9s grans de 25 anys o de 45 anys, o haver accedit a la universitat per haver acreditat experi\u00e8ncia laboral o professional tenint complerts 40 anys d&#8217;edat.<\/span><\/li>\n<\/ul>\n<\/li>\n<\/ul>\n<p><span style=\"font-weight: 400;\">Les persones que no compleixen cap dels requisits esmentats han de superar una <\/span><a href=\"https:\/\/educacio.gencat.cat\/ca\/serveis-tramits\/proves\/proves-acces\/gs-fp\/\"><span style=\"font-weight: 400;\">prova d&#8217;acc\u00e9s<\/span><\/a><span style=\"font-weight: 400;\">. Per presentar-s&#8217;hi cal tenir complerts 19 anys o b\u00e9 complir-los durant l&#8217;any natural en qu\u00e8 es realitza la prova.<\/span><\/p>\n<p><b>PLA D\u2019ESTUDIS:<\/b><\/p>\n<table style=\"width: 47.4944%;\">\n<tbody>\n<tr>\n<td style=\"width: 103.096%;\" colspan=\"2\"><b>Curs 1r <em>(Curr\u00edculum nou)<\/em><\/b><\/td>\n<\/tr>\n<tr>\n<td style=\"width: 79.0528%;\"><b>M\u00f2duls professionals<\/b><\/td>\n<td style=\"width: 24.0437%;\"><b><i>Hores totals<\/i><\/b><\/td>\n<\/tr>\n<tr>\n<td style=\"width: 79.0528%;\">0369 Implantaci\u00f3 de sistemes operatius<\/td>\n<td style=\"text-align: center; width: 24.0437%;\">132<\/td>\n<\/tr>\n<tr>\n<td style=\"width: 79.0528%;\">0370 Planificaci\u00f3 i administraci\u00f3 de xarxes<\/td>\n<td style=\"text-align: center; width: 24.0437%;\">110<\/td>\n<\/tr>\n<tr>\n<td style=\"width: 79.0528%;\">0371 Fonaments de maquinari<\/td>\n<td style=\"text-align: center; width: 24.0437%;\">55<\/td>\n<\/tr>\n<tr>\n<td style=\"width: 79.0528%;\">0372 Gesti\u00f3 de base de dades<\/td>\n<td style=\"text-align: center; width: 24.0437%;\">121<\/td>\n<\/tr>\n<tr>\n<td style=\"width: 79.0528%;\">0373 Llenguatge de marques i sistemes de gesti\u00f3 d&#8217;informaci\u00f3<\/td>\n<td style=\"text-align: center; width: 24.0437%;\">66<\/td>\n<\/tr>\n<tr>\n<td style=\"width: 79.0528%;\">0376 Implantaci\u00f3 d&#8217;aplicacions web<\/td>\n<td style=\"text-align: center; width: 24.0437%;\">66<\/td>\n<\/tr>\n<tr>\n<td style=\"width: 79.0528%;\">0377 Administraci\u00f3 de sistemes gestors de bases de dades<\/td>\n<td style=\"text-align: center; width: 24.0437%;\">33<\/td>\n<\/tr>\n<tr>\n<td style=\"width: 79.0528%;\">0179 Angl\u00e8s Professional<\/td>\n<td style=\"text-align: center; width: 24.0437%;\">66<\/td>\n<\/tr>\n<tr>\n<td style=\"width: 79.0528%;\">1664 Digitalitzaci\u00f3 aplicada als sectors productius<\/td>\n<td style=\"text-align: center; width: 24.0437%;\">33<\/td>\n<\/tr>\n<tr>\n<td style=\"width: 79.0528%;\">1708 Sostenibilitat aplicada al sistema productiu<\/td>\n<td style=\"text-align: center; width: 24.0437%;\">33<\/td>\n<\/tr>\n<tr>\n<td style=\"width: 79.0528%;\">1709 IPO I<\/td>\n<td style=\"text-align: center; width: 24.0437%;\">99<\/td>\n<\/tr>\n<tr>\n<td style=\"width: 79.0528%;\">Tutoria<\/td>\n<td style=\"text-align: center; width: 24.0437%;\">33<\/td>\n<\/tr>\n<tr>\n<td style=\"width: 79.0528%;\"><b>Total primer curs<\/b><\/td>\n<td style=\"text-align: center; width: 24.0437%;\"><b>847<\/b><\/td>\n<\/tr>\n<\/tbody>\n<\/table>\n<p><b>\u00a0<\/b><\/p>\n<table>\n<tbody>\n<tr>\n<td colspan=\"4\"><b>Curs 2n<em> (Curr\u00edculum antic)<\/em><\/b><\/td>\n<\/tr>\n<tr>\n<td><b>M\u00f2duls professionals<\/b><\/td>\n<td><b><i>Hores m\u00edn.<\/i><\/b><\/td>\n<td><b><i>HLD<\/i><\/b><\/td>\n<td><b><i>Hores totals<\/i><\/b><\/td>\n<\/tr>\n<tr>\n<td><b>MP2. Gesti\u00f3 de bases de dades UF3<\/b><\/td>\n<td style=\"text-align: center;\"><b>44<\/b><\/td>\n<td style=\"text-align: center;\"><b>\u00a0<\/b><\/td>\n<td style=\"text-align: center;\"><b>44<\/b><\/td>\n<\/tr>\n<tr>\n<td><b>MP6. Administraci\u00f3 de sistemes operatius<\/b><\/td>\n<td style=\"text-align: center;\"><b>88<\/b><\/td>\n<td style=\"text-align: center;\"><b>\u00a0<\/b><\/td>\n<td style=\"text-align: center;\"><b>88<\/b><\/td>\n<\/tr>\n<tr>\n<td><b>MP16. Ciberseguretat i hacking \u00e8tic<\/b><\/td>\n<td style=\"text-align: center;\"><b>88<\/b><\/td>\n<td style=\"text-align: center;\"><b>\u00a0<\/b><\/td>\n<td style=\"text-align: center;\"><b>88<\/b><\/td>\n<\/tr>\n<tr>\n<td><b>MP8. Serveis de xarxa i internet<\/b><\/td>\n<td style=\"text-align: center;\"><b>88<\/b><\/td>\n<td style=\"text-align: center;\"><b>\u00a0<\/b><\/td>\n<td style=\"text-align: center;\"><b>88<\/b><\/td>\n<\/tr>\n<tr>\n<td><b>MP11. Seguretat i alta disponibilitat<\/b><\/td>\n<td style=\"text-align: center;\"><b>55<\/b><\/td>\n<td style=\"text-align: center;\"><b>\u00a0<\/b><\/td>\n<td style=\"text-align: center;\"><b>55<\/b><\/td>\n<\/tr>\n<tr>\n<td><b>MP17. Seguretat en sistemes, xarxes i serveis<\/b><\/td>\n<td style=\"text-align: center;\"><b>121<\/b><\/td>\n<td style=\"text-align: center;\"><b>\u00a0<\/b><\/td>\n<td style=\"text-align: center;\"><b>121<\/b><\/td>\n<\/tr>\n<tr>\n<td><b>MP14. Projecte<\/b><\/td>\n<td style=\"text-align: center;\"><b>297<\/b><\/td>\n<td style=\"text-align: center;\"><b>\u00a0<\/b><\/td>\n<td style=\"text-align: center;\"><b>297<\/b><\/td>\n<\/tr>\n<tr>\n<td><b>Total<\/b><\/td>\n<td style=\"text-align: center;\"><b>814<\/b><\/td>\n<td style=\"text-align: center;\"><b>\u00a0<\/b><\/td>\n<td style=\"text-align: center;\"><b>814<\/b><\/td>\n<\/tr>\n<tr>\n<td><b>Tutoria<\/b><\/td>\n<td style=\"text-align: center;\"><b>33<\/b><\/td>\n<td style=\"text-align: center;\"><b>\u00a0<\/b><\/td>\n<td style=\"text-align: center;\"><b>33<\/b><\/td>\n<\/tr>\n<tr>\n<td><b>Total segon curs<\/b><\/td>\n<td style=\"text-align: center;\"><b>847<\/b><\/td>\n<td style=\"text-align: center;\"><b>\u00a0<\/b><\/td>\n<td style=\"text-align: center;\"><b>847<\/b><\/td>\n<\/tr>\n<tr>\n<td><b>MP15. Formaci\u00f3 en centres de treball<\/b><\/td>\n<td style=\"text-align: center;\"><b>\u00a0<\/b><\/td>\n<td style=\"text-align: center;\"><b>\u00a0<\/b><\/td>\n<td style=\"text-align: center;\"><b>383<\/b><\/td>\n<\/tr>\n<\/tbody>\n<\/table>\n<p><b>POTS OPTAR PER:<\/b><\/p>\n<p><span style=\"font-weight: 400;\">Una formaci\u00f3 professional d\u2019excel\u00b7l\u00e8ncia i d\u2019un alt nivell de qualitat.<\/span><\/p>\n<p><b>QUINA SER\u00c0 LA MEVA FORMACI\u00d3?:<\/b><\/p>\n<p><span style=\"font-weight: 400;\">Aquest\/a professional tindr\u00e0 la capacitat de c<\/span><span style=\"font-weight: 400;\">onfigurar, administrar i mantenir sistemes inform\u00e0tics, garantint la funcionalitat, la integritat dels recursos i serveis del sistema, amb la qualitat exigida i complint la reglamentaci\u00f3 vigent. Es formar\u00e0 professionalment en:<\/span><\/p>\n<ol>\n<li style=\"list-style-type: none;\">\n<ol style=\"list-style-type: lower-alpha;\">\n<li><span style=\"font-weight: 400;\">Analitzar l\u2019estructura del programari de base, comparant les caracter\u00edstiques i prestacions de sistemes lliures i propietaris, per administrar sistemes operatius de servidor.<\/span><\/li>\n<li><span style=\"font-weight: 400;\">Instal\u00b7lar i configurar el programari de base, seguint documentaci\u00f3 t\u00e8cnica i especificacions donades, per administrar sistemes operatius de servidor.<\/span><\/li>\n<li><span style=\"font-weight: 400;\">Instal\u00b7lar i configurar programari de missatgeria i transfer\u00e8ncia de fitxers, entre d\u2019altres, relacionant-los amb la seva aplicaci\u00f3 i seguint la documentaci\u00f3 i les especificacions donades, per administrar serveis de xarxa.<\/span><\/li>\n<li><span style=\"font-weight: 400;\">Instal\u00b7lar i configurar programari de gesti\u00f3, seguint especificacions i analitzant entorns d\u2019aplicaci\u00f3, per administrar aplicacions.<\/span><\/li>\n<li><span style=\"font-weight: 400;\">Instal\u00b7lar i administrar programari de gesti\u00f3, relacionant-lo amb la seva explotaci\u00f3, per implantar i gestionar bases de dades.<\/span><\/li>\n<li><span style=\"font-weight: 400;\">Configurar dispositius maquinari, analitzant-ne les caracter\u00edstiques funcionals, per optimitzar el rendiment del sistema.<\/span><\/li>\n<li><span style=\"font-weight: 400;\">Configurar maquinari de xarxa, analitzant-ne les caracter\u00edstiques funcionals i relacionant-lo amb el seu camp d\u2019aplicaci\u00f3, per integrar equips de comunicacions.<\/span><\/li>\n<li><span style=\"font-weight: 400;\">Analitzar tecnologies d\u2019interconnexi\u00f3, descrivint-ne les caracter\u00edstiques i les possibilitats d\u2019aplicaci\u00f3, per configurar l\u2019estructura de la xarxa telem\u00e0tica i avaluar-ne el rendiment.<\/span><\/li>\n<li><span style=\"font-weight: 400;\">Elaborar esquemes de xarxes telem\u00e0tiques utilitzant programari espec\u00edfic per configurar l\u2019estructura de la xarxa telem\u00e0tica.<\/span><\/li>\n<li><span style=\"font-weight: 400;\">Seleccionar sistemes de protecci\u00f3 i recuperaci\u00f3, analitzant-ne les caracter\u00edstiques funcionals, per posar en marxa solucions d\u2019alta disponibilitat.<\/span><\/li>\n<li><span style=\"font-weight: 400;\">Identificar condicions d\u2019equips i d\u2019instal\u00b7lacions, interpretant plans de seguretat i especificacions de fabricant, per supervisar la seguretat f\u00edsica.<\/span><\/li>\n<li><span style=\"font-weight: 400;\">Aplicar t\u00e8cniques de protecci\u00f3 contra amenaces externes, tipificant-les i avaluant-les per assegurar el sistema.<\/span><\/li>\n<li><span style=\"font-weight: 400;\">Aplicar t\u00e8cniques de protecci\u00f3 contra p\u00e8rdues d\u2019informaci\u00f3, analitzant plans de seguretat i necessitats d\u2019\u00fas per assegurar les dades.<\/span><\/li>\n<li><span style=\"font-weight: 400;\">Assignar els accessos i recursos del sistema, aplicant les especificacions de l\u2019explotaci\u00f3, per administrar usuaris.<\/span><\/li>\n<li><span style=\"font-weight: 400;\">Aplicar t\u00e8cniques de monitoratge interpretant els resultats i relacionant-los amb les mesures correctives per diagnosticar i corregir les disfuncions.<\/span><\/li>\n<li><span style=\"font-weight: 400;\">Establir la planificaci\u00f3 de tasques, analitzant activitats i c\u00e0rregues de treball del sistema per gestionar el manteniment.<\/span><\/li>\n<li><span style=\"font-weight: 400;\">Identificar els canvis tecnol\u00f2gics, organitzatius, econ\u00f2mics i laborals de l\u2019activitat, analitzant-ne les implicacions en l\u2019\u00e0mbit de treball, per resoldre problemes i mantenir una cultura d\u2019actualitzaci\u00f3 i innovaci\u00f3.<\/span><\/li>\n<li><span style=\"font-weight: 400;\">Identificar formes d\u2019intervenci\u00f3 en situacions col\u00b7lectives, analitzant-ne el proc\u00e9s de presa de decisions i efectuant consultes per liderar.<\/span><\/li>\n<li><span style=\"font-weight: 400;\">Identificar i valorar les oportunitats d\u2019aprenentatge i la seva relaci\u00f3 amb el m\u00f3n laboral, analitzant les ofertes i les demandes del mercat per gestionar la seva carrera professional.<\/span><\/li>\n<li><span style=\"font-weight: 400;\">Recon\u00e8ixer les oportunitats de negoci, identificant i analitzant demandes del mercat per crear i gestionar una petita empresa.<\/span><\/li>\n<li><span style=\"font-weight: 400;\">Recon\u00e8ixer els seus drets i deures com a agent actiu en la societat, analitzant el marc legal que regula les condicions socials i laborals per participar com a ciutad\u00e0 democr\u00e0tic.<\/span><\/li>\n<\/ol>\n<\/li>\n<\/ol>\n<p><b>AL FINALITZAR ELS MEUS ESTUDIS, QU\u00c8 PUC FER?:<\/b><\/p>\n<ol>\n<li style=\"font-weight: 400;\" aria-level=\"1\"><span style=\"font-weight: 400;\">Continuar estudiant:<\/span><\/li>\n<\/ol>\n<p><span style=\"font-weight: 400;\">Amb aquests estudis s\u2019obt\u00e9 el t\u00edtol de t\u00e8cnic o t\u00e8cnica superior, que permet accedir:<\/span><\/p>\n<ul>\n<li style=\"list-style-type: none;\">\n<ul>\n<li style=\"font-weight: 400;\" aria-level=\"1\"><span style=\"font-weight: 400;\">a qualsevol estudi universitari oficial de grau o<\/span><\/li>\n<li style=\"font-weight: 400;\" aria-level=\"1\"><span style=\"font-weight: 400;\">al m\u00f3n laboral.\u00a0<\/span><\/li>\n<\/ul>\n<\/li>\n<\/ul>\n<p><span style=\"font-weight: 400;\">Amb aquests estudis s&#8217;obt\u00e9 el t\u00edtol de t\u00e8cnic superior o t\u00e8cnica superior, que permet accedir a qualsevol estudi universitari oficial de grau. Les persones que s&#8217;han graduat en un cicle formatiu de grau superior poden obtenir la convalidaci\u00f3 de cr\u00e8dits universitaris ECTS.<\/span><\/p>\n<p><span style=\"font-weight: 400;\">Per a m\u00e9s informaci\u00f3, consulteu el <\/span><span style=\"font-weight: 400;\"><a href=\"https:\/\/universitats.gencat.cat\/ca\/acces-universitat\/acces-segons-perfils-estudiants\/estudiant-cicle-formatiu\/\">Canal Universitats<\/a>.<\/span><\/p>\n<p><span style=\"font-weight: 400;\">2. Optar per les seg\u00fcents sortides professionals:<\/span><\/p>\n<p><span style=\"font-weight: 400;\">La superaci\u00f3 d&#8217;aquest cicle formatiu permet accedir al m\u00f3n laboral com a:<\/span><\/p>\n<ul>\n<li style=\"list-style-type: none;\">\n<ul>\n<li style=\"font-weight: 400;\" aria-level=\"1\"><span style=\"font-weight: 400;\">T\u00e8cnic en administraci\u00f3 de sistemes.<\/span><\/li>\n<li style=\"font-weight: 400;\" aria-level=\"1\"><span style=\"font-weight: 400;\">Responsable d&#8217;inform\u00e0tica.<\/span><\/li>\n<li style=\"font-weight: 400;\" aria-level=\"1\"><span style=\"font-weight: 400;\">T\u00e8cnic en serveis d&#8217;Internet.<\/span><\/li>\n<li style=\"font-weight: 400;\" aria-level=\"1\"><span style=\"font-weight: 400;\">T\u00e8cnic en serveis de missatgeria electr\u00f2nica.<\/span><\/li>\n<li style=\"font-weight: 400;\" aria-level=\"1\"><span style=\"font-weight: 400;\">Personal de suport i suport t\u00e8cnic.<\/span><\/li>\n<li style=\"font-weight: 400;\" aria-level=\"1\"><span style=\"font-weight: 400;\">T\u00e8cnic en teleassist\u00e8ncia.<\/span><\/li>\n<li style=\"font-weight: 400;\" aria-level=\"1\"><span style=\"font-weight: 400;\">T\u00e8cnic en administraci\u00f3 de base de dades.<\/span><\/li>\n<li style=\"font-weight: 400;\" aria-level=\"1\"><span style=\"font-weight: 400;\">T\u00e8cnic de xarxes.<\/span><\/li>\n<li style=\"font-weight: 400;\" aria-level=\"1\"><span style=\"font-weight: 400;\">Supervisor de sistemes.<\/span><\/li>\n<li style=\"font-weight: 400;\" aria-level=\"1\"><span style=\"font-weight: 400;\">T\u00e8cnic en serveis de comunicacions.<\/span><\/li>\n<li style=\"font-weight: 400;\" aria-level=\"1\"><span style=\"font-weight: 400;\">T\u00e8cnic en entorns web.<\/span><\/li>\n<\/ul>\n<\/li>\n<\/ul>\n<p style=\"text-align: right;\"><em><span style=\"color: #0000ff;\"><strong>Rumb al teu futur<\/strong><\/span><\/em><\/p>\n<p style=\"text-align: right;\"><em><span style=\"color: #0000ff;\"><strong>ILB \u2013 connected to change<\/strong><\/span><\/em><\/p>\n","protected":false},"excerpt":{"rendered":"<p>&nbsp; T\u00e8cnic\/a superior en administraci\u00f3 de sistemes inform\u00e0tics en xarxa, perfil professional ciberseguretat Cicle formatiu de grau superior FAM\u00cdLIA: inform\u00e0tica i comunicacions \u00a0 DURADA: 2000 hores\u00a0 (en el centre i l\u2019empresa) N\u00daM. DE CURSOS: 2 cursos METODOLOGIA: metodologies actives d\u2019aprenentatge HORARI: Mat\u00ed (Primer curs) &#8211; Tarda (Segon curs) PREU EN CONCEPTE DE MATR\u00cdCULA I MATERIAL:\u00a0360 [&hellip;]<\/p>\n","protected":false},"author":1,"featured_media":0,"parent":799,"menu_order":0,"comment_status":"closed","ping_status":"closed","template":"","meta":{"_bbp_topic_count":0,"_bbp_reply_count":0,"_bbp_total_topic_count":0,"_bbp_total_reply_count":0,"_bbp_voice_count":0,"_bbp_anonymous_reply_count":0,"_bbp_topic_count_hidden":0,"_bbp_reply_count_hidden":0,"_bbp_forum_subforum_count":0,"site-sidebar-layout":"default","site-content-layout":"","ast-site-content-layout":"","site-content-style":"default","site-sidebar-style":"default","ast-global-header-display":"","ast-banner-title-visibility":"","ast-main-header-display":"","ast-hfb-above-header-display":"","ast-hfb-below-header-display":"","ast-hfb-mobile-header-display":"","site-post-title":"","ast-breadcrumbs-content":"","ast-featured-img":"","footer-sml-layout":"","theme-transparent-header-meta":"","adv-header-id-meta":"","stick-header-meta":"","header-above-stick-meta":"","header-main-stick-meta":"","header-below-stick-meta":"","astra-migrate-meta-layouts":"default","ast-page-background-enabled":"default","ast-page-background-meta":{"desktop":{"background-color":"var(--ast-global-color-4)","background-image":"","background-repeat":"repeat","background-position":"center center","background-size":"auto","background-attachment":"scroll","background-type":"","background-media":"","overlay-type":"","overlay-color":"","overlay-opacity":"","overlay-gradient":""},"tablet":{"background-color":"","background-image":"","background-repeat":"repeat","background-position":"center center","background-size":"auto","background-attachment":"scroll","background-type":"","background-media":"","overlay-type":"","overlay-color":"","overlay-opacity":"","overlay-gradient":""},"mobile":{"background-color":"","background-image":"","background-repeat":"repeat","background-position":"center center","background-size":"auto","background-attachment":"scroll","background-type":"","background-media":"","overlay-type":"","overlay-color":"","overlay-opacity":"","overlay-gradient":""}},"ast-content-background-meta":{"desktop":{"background-color":"var(--ast-global-color-5)","background-image":"","background-repeat":"repeat","background-position":"center center","background-size":"auto","background-attachment":"scroll","background-type":"","background-media":"","overlay-type":"","overlay-color":"","overlay-opacity":"","overlay-gradient":""},"tablet":{"background-color":"var(--ast-global-color-5)","background-image":"","background-repeat":"repeat","background-position":"center center","background-size":"auto","background-attachment":"scroll","background-type":"","background-media":"","overlay-type":"","overlay-color":"","overlay-opacity":"","overlay-gradient":""},"mobile":{"background-color":"var(--ast-global-color-5)","background-image":"","background-repeat":"repeat","background-position":"center center","background-size":"auto","background-attachment":"scroll","background-type":"","background-media":"","overlay-type":"","overlay-color":"","overlay-opacity":"","overlay-gradient":""}},"footnotes":""},"class_list":["post-772","page","type-page","status-publish","hentry"],"post_mailing_queue_ids":[],"_links":{"self":[{"href":"https:\/\/agora.xtec.cat\/ilb\/wp-json\/wp\/v2\/pages\/772","targetHints":{"allow":["GET"]}}],"collection":[{"href":"https:\/\/agora.xtec.cat\/ilb\/wp-json\/wp\/v2\/pages"}],"about":[{"href":"https:\/\/agora.xtec.cat\/ilb\/wp-json\/wp\/v2\/types\/page"}],"author":[{"embeddable":true,"href":"https:\/\/agora.xtec.cat\/ilb\/wp-json\/wp\/v2\/users\/1"}],"replies":[{"embeddable":true,"href":"https:\/\/agora.xtec.cat\/ilb\/wp-json\/wp\/v2\/comments?post=772"}],"version-history":[{"count":5,"href":"https:\/\/agora.xtec.cat\/ilb\/wp-json\/wp\/v2\/pages\/772\/revisions"}],"predecessor-version":[{"id":4638,"href":"https:\/\/agora.xtec.cat\/ilb\/wp-json\/wp\/v2\/pages\/772\/revisions\/4638"}],"up":[{"embeddable":true,"href":"https:\/\/agora.xtec.cat\/ilb\/wp-json\/wp\/v2\/pages\/799"}],"wp:attachment":[{"href":"https:\/\/agora.xtec.cat\/ilb\/wp-json\/wp\/v2\/media?parent=772"}],"curies":[{"name":"wp","href":"https:\/\/api.w.org\/{rel}","templated":true}]}}