{"id":770,"date":"2022-03-05T16:59:23","date_gmt":"2022-03-05T15:59:23","guid":{"rendered":"https:\/\/agora.xtec.cat\/ilb\/?page_id=770"},"modified":"2025-12-17T16:51:24","modified_gmt":"2025-12-17T15:51:24","slug":"cfgs-comerc-internacional","status":"publish","type":"page","link":"https:\/\/agora.xtec.cat\/ilb\/cicles-formatius-de-grau-superior-3\/cfgs-comerc-internacional\/","title":{"rendered":"CFGS Comer\u00e7 Internacional"},"content":{"rendered":"<p><a href=\"https:\/\/agora.xtec.cat\/ilb\/wp-content\/uploads\/usu2296\/2022\/03\/Foto_09_mundo.jpg\"><img loading=\"lazy\" decoding=\"async\" class=\"alignnone size-large wp-image-810\" src=\"https:\/\/agora.xtec.cat\/ilb\/wp-content\/uploads\/usu2296\/2022\/03\/Foto_09_mundo-1024x507.jpg\" alt=\"\" width=\"1024\" height=\"507\" srcset=\"https:\/\/agora.xtec.cat\/ilb\/wp-content\/uploads\/usu2296\/2022\/03\/Foto_09_mundo-1024x507.jpg 1024w, https:\/\/agora.xtec.cat\/ilb\/wp-content\/uploads\/usu2296\/2022\/03\/Foto_09_mundo-300x148.jpg 300w, https:\/\/agora.xtec.cat\/ilb\/wp-content\/uploads\/usu2296\/2022\/03\/Foto_09_mundo-768x380.jpg 768w, https:\/\/agora.xtec.cat\/ilb\/wp-content\/uploads\/usu2296\/2022\/03\/Foto_09_mundo-1536x760.jpg 1536w, https:\/\/agora.xtec.cat\/ilb\/wp-content\/uploads\/usu2296\/2022\/03\/Foto_09_mundo.jpg 1920w\" sizes=\"auto, (max-width: 1024px) 100vw, 1024px\" \/><\/a><\/p>\n<p dir=\"ltr\"><strong>T\u00e8cnic\/a superior en comer\u00e7 internacional<\/strong><\/p>\n<p dir=\"ltr\"><em>Cicle formatiu de grau superior<\/em><\/p>\n<p dir=\"ltr\"><strong>FAM\u00cdLIA:<\/strong> comer\u00e7 i m\u00e0rqueting \u00a0 <strong>DURADA<\/strong>: 2000 hores\u00a0 (en el centre i l\u2019empresa)<\/p>\n<p dir=\"ltr\"><strong>N\u00daM. DE CURSOS:<\/strong> 2 cursos<\/p>\n<p dir=\"ltr\"><strong>METODOLOGIA:<\/strong> metodologies actives d\u2019aprenentatge<\/p>\n<p dir=\"ltr\"><strong>HORARI: Mat\u00ed (Primer curs) &#8211; Tarda (Primer curs &#8211; Segon curs)<\/strong><\/p>\n<p dir=\"ltr\">El primer curs es fa en un grup d&#8217;horari de mat\u00ed i un altre grup que es fa en horari de tarda.<\/p>\n<p dir=\"ltr\">De segon curs, hi ha dos grups que s\u00f3n d&#8217;horari de tarda.<\/p>\n<p dir=\"ltr\"><b>PREU EN CONCEPTE DE MATR\u00cdCULA I MATERIAL:\u00a0<\/b>360 \u20ac de matr\u00edcula + 80 \u20ac de material (pagament \u00fanic a principi de curs, no hi ha quota mensual)<\/p>\n<p dir=\"ltr\">El comer\u00e7 internacional s\u2019ha convertit en un fenomen de grans proporcions. En aquests moments hi ha poques empreses que puguin limitar-se al mercat interior, la majoria han hagut d\u2019internacionalitzar-se per tal d\u2019assegurar el seu creixement o, fins i tot, en alguns casos, la seva continu\u00eftat. Totes aquestes empreses necessiten t\u00e8cnics superiors en comer\u00e7 internacional amb coneixements d\u2019idiomes i amb una formaci\u00f3 espec\u00edfica en \u00e0rees com ara la contractaci\u00f3 internacional, el transport, la gesti\u00f3 duanera i els mitjans de pagament d\u2019entre altres.<\/p>\n<p dir=\"ltr\"><strong>FP DUAL:<\/strong><\/p>\n<p dir=\"ltr\">El cicle s\u2019ofereix en modalitat dual. Combina la formaci\u00f3 al centre educatiu amb l\u2019activitat a l\u2019empresa:<\/p>\n<ul>\n<li style=\"list-style-type: none;\">\n<ul style=\"list-style-type: circle;\">\n<li dir=\"ltr\">El temps que l\u2019alumne\/a realitza a l\u2019empresa (1.000 h) t\u00e9 reconeixement acad\u00e8mic.<\/li>\n<li dir=\"ltr\">L&#8217;estada a l&#8217;empresa es realitza en el marc d&#8217;una beca d&#8217;estudis que permet remunerar a l&#8217;alumne\/a per a les hores efectives a l&#8217;empresa.<\/li>\n<li dir=\"ltr\">L\u2019alumne\/a que no fa la formaci\u00f3 dual ha de fer el m\u00f2dul de Formaci\u00f3 en Centres de Treball (FCT) i el de Projecte Comer\u00e7 Internacional.<\/li>\n<\/ul>\n<\/li>\n<\/ul>\n<p dir=\"ltr\">Els futurs t\u00e8cnics han de tenir un domini avan\u00e7at de l&#8217;angl\u00e8s per poder-se comunicar en el m\u00f3n laboral. \u00c9s per aix\u00f2 que en els seg\u00fcents m\u00f2duls es fa servir l\u2019angl\u00e8s com a segona llengua.<\/p>\n<ul>\n<li style=\"list-style-type: none;\">\n<ul style=\"list-style-type: circle;\">\n<li dir=\"ltr\">Negociaci\u00f3 internacional<\/li>\n<li dir=\"ltr\">M\u00e0rqueting internacional<\/li>\n<li dir=\"ltr\">Comer\u00e7 digital internacional<\/li>\n<li dir=\"ltr\">Sistemes d&#8217;informaci\u00f3 de mercats<\/li>\n<\/ul>\n<\/li>\n<\/ul>\n<p dir=\"ltr\"><strong>MODALITATS MATR\u00cdCULA:<\/strong><\/p>\n<p dir=\"ltr\">Es pot fer la matr\u00edcula del cicle complet o b\u00e9 matricular-se de m\u00f2duls solts o unitats formatives soltes. Tamb\u00e9 es pot realitzar matr\u00edcula en <a href=\"https:\/\/triaeducativa.gencat.cat\/ca\/fp\/cataleg-serveis\/matricula-semipresencial\/\">modalitat semipresencial<\/a> per tal de facilitar l\u2019assist\u00e8ncia a les persones que no poden assistir presencialment a totes les hores lectives (per feina, per tenir cura d&#8217;altres persones o per qualsevol altra circumst\u00e0ncia excepcional). La incompatibilitat amb l&#8217;horari lectiu s&#8217;ha d&#8217;acreditar documentalment.<\/p>\n<p dir=\"ltr\">Per a m\u00e9s informaci\u00f3 consulteu el <a href=\"https:\/\/xtec.gencat.cat\/ca\/curriculum\/professionals\/fp\/comcursar\/\">web del Departament d\u2019Educaci\u00f3<\/a>.<\/p>\n<p dir=\"ltr\"><strong>CONDICIONS D&#8217;ACC\u00c9S:<\/strong><\/p>\n<p dir=\"ltr\">Tenen acc\u00e9s directe al cicle les persones que compleixen algun dels requisits seg\u00fcents:<\/p>\n<ul>\n<li style=\"list-style-type: none;\">\n<ul>\n<li dir=\"ltr\" role=\"presentation\">tenir el t\u00edtol de batxillerat,<\/li>\n<li dir=\"ltr\" role=\"presentation\">tenir el t\u00edtol de t\u00e8cnic de formaci\u00f3 professional o d\u2019arts pl\u00e0stiques i disseny, t\u00e8cnic superior de formaci\u00f3 professional o d&#8217;arts pl\u00e0stiques i disseny o t\u00e8cnic especialista,<\/li>\n<li dir=\"ltr\" role=\"presentation\">haver superat el segon curs de batxillerat de qualsevol modalitat de batxillerat experimental,<\/li>\n<li dir=\"ltr\" role=\"presentation\">haver superat el curs d&#8217;orientaci\u00f3 universit\u00e0ria (COU) o el preuniversitari,<\/li>\n<li dir=\"ltr\" role=\"presentation\">tenir el t\u00edtol de batxillerat per haver cursat el batxillerat unificat polivalent (BUP),<\/li>\n<li dir=\"ltr\" role=\"presentation\">tenir qualsevol titulaci\u00f3 universit\u00e0ria o una d&#8217;equivalent, o<\/li>\n<li dir=\"ltr\" role=\"presentation\">haver superat la prova d&#8217;acc\u00e9s a la universitat per a m\u00e9s grans de 25 anys o de 45 anys, o haver accedit a la universitat per haver acreditat experi\u00e8ncia laboral o professional tenint complerts 40 anys d&#8217;edat.<\/li>\n<\/ul>\n<\/li>\n<\/ul>\n<p dir=\"ltr\">Les persones que no compleixen cap dels requisits esmentats han de superar una <a href=\"https:\/\/educacio.gencat.cat\/ca\/serveis-tramits\/proves\/proves-acces\/gs-fp\/\">prova d&#8217;acc\u00e9s<\/a>. Per presentar-s&#8217;hi cal tenir complerts 19 anys o b\u00e9 complir-los durant l&#8217;any natural en qu\u00e8 es realitza la prova.<\/p>\n<p dir=\"ltr\"><strong>PLA D&#8217;ESTUDIS <em>(Curr\u00edculum nou)<\/em>:<\/strong><\/p>\n<p dir=\"ltr\"><strong>Primer curs<\/strong><\/p>\n<table style=\"border-collapse: collapse; width: 62.7685%; height: 320px;\">\n<tbody>\n<tr style=\"height: 32px;\">\n<td style=\"width: 50.376%; height: 32px;\"><strong>M\u00f2dul professional<\/strong><\/td>\n<td style=\"width: 12.3936%; text-align: center; height: 32px;\"><strong>Total<\/strong><\/td>\n<\/tr>\n<tr style=\"height: 32px;\">\n<td style=\"width: 50.376%; height: 32px;\">0622 Transport internacional de mercaderies<\/td>\n<td style=\"width: 12.3936%; height: 32px; text-align: center;\">99<\/td>\n<\/tr>\n<tr style=\"height: 32px;\">\n<td style=\"width: 50.376%; height: 32px;\">0623 Gesti\u00f3 econ\u00f2mica i financera de l&#8217;empresa<\/td>\n<td style=\"width: 12.3936%; height: 32px; text-align: center;\">99<\/td>\n<\/tr>\n<tr style=\"height: 32px;\">\n<td style=\"width: 50.376%; height: 32px;\">0625 Log\u00edstica d&#8217;emmagatzematge<\/td>\n<td style=\"width: 12.3936%; height: 32px; text-align: center;\">66<\/td>\n<\/tr>\n<tr style=\"height: 32px;\">\n<td style=\"width: 50.376%; height: 32px;\">0627 Gesti\u00f3 administrativa del comer\u00e7 internacional<\/td>\n<td style=\"width: 12.3936%; height: 32px; text-align: center;\">132<\/td>\n<\/tr>\n<tr style=\"height: 32px;\">\n<td style=\"width: 50.376%; height: 32px;\">0179 Angl\u00e8s professional<\/td>\n<td style=\"width: 12.3936%; height: 32px; text-align: center;\">66<\/td>\n<\/tr>\n<tr>\n<td style=\"width: 50.376%;\">Angl\u00e8s Professional II<\/td>\n<td style=\"width: 12.3936%; text-align: center;\">66<\/td>\n<\/tr>\n<tr style=\"height: 32px;\">\n<td style=\"width: 50.376%; height: 32px;\">C001 Segona llengua estrangera (Franc\u00e8s)<\/td>\n<td style=\"width: 12.3936%; height: 32px; text-align: center;\">66<\/td>\n<\/tr>\n<tr style=\"height: 32px;\">\n<td style=\"width: 50.376%; height: 32px;\">1665 Digitalitzaci\u00f3 aplicada als sectors productius<\/td>\n<td style=\"width: 12.3936%; height: 32px; text-align: center;\">33<\/td>\n<\/tr>\n<tr style=\"height: 32px;\">\n<td style=\"width: 50.376%; height: 32px;\">1708 Sostenibilitat aplicada al sistema productiu<\/td>\n<td style=\"width: 12.3936%; height: 32px; text-align: center;\">33<\/td>\n<\/tr>\n<tr>\n<td style=\"width: 50.376%;\">1709 IPO I<\/td>\n<td style=\"width: 12.3936%; text-align: center;\">99<\/td>\n<\/tr>\n<tr>\n<td style=\"width: 50.376%;\">Tutoria<\/td>\n<td style=\"width: 12.3936%; text-align: center;\">33<\/td>\n<\/tr>\n<tr style=\"height: 32px;\">\n<td style=\"width: 50.376%; height: 32px;\"><strong>Total primer curs<\/strong><\/td>\n<td style=\"width: 12.3936%; height: 32px; text-align: center;\"><strong>792<\/strong><\/td>\n<\/tr>\n<\/tbody>\n<\/table>\n<p dir=\"ltr\"><strong>PLA D&#8217;ESTUDIS <em>(Curr\u00edculum antic)<\/em>:<\/strong><\/p>\n<div dir=\"ltr\" align=\"left\">\n<table style=\"width: 63.008530112651655%; height: 912px;\">\n<colgroup>\n<col width=\"405\" \/>\n<col width=\"79\" \/>\n<col width=\"83\" \/><\/colgroup>\n<tbody>\n<tr style=\"height: 57px;\">\n<td style=\"width: 70.19064124783363%; height: 57px;\"><\/td>\n<td style=\"width: 13.69150779896014%; height: 57px;\">\n<p dir=\"ltr\">1r curs<\/p>\n<\/td>\n<td style=\"width: 14.384748700173311%; height: 57px;\">\n<p dir=\"ltr\">2n curs<\/p>\n<\/td>\n<\/tr>\n<tr style=\"height: 57px;\">\n<td style=\"width: 70.19064124783363%; height: 57px;\">\n<p dir=\"ltr\">01 Gesti\u00f3 Administrativa comer\u00e7 internacional<\/p>\n<\/td>\n<td style=\"width: 13.69150779896014%; text-align: center; height: 57px;\">\n<p dir=\"ltr\">x<\/p>\n<\/td>\n<td style=\"width: 14.384748700173311%; text-align: center; height: 57px;\">\n<p dir=\"ltr\">\n<\/td>\n<\/tr>\n<tr style=\"height: 57px;\">\n<td style=\"width: 70.19064124783363%; height: 57px;\">\n<p dir=\"ltr\">02 Finan\u00e7ament internacional<\/p>\n<\/td>\n<td style=\"width: 13.69150779896014%; text-align: center; height: 57px;\">\n<p dir=\"ltr\">\n<\/td>\n<td style=\"width: 14.384748700173311%; text-align: center; height: 57px;\">\n<p dir=\"ltr\">x<\/p>\n<\/td>\n<\/tr>\n<tr style=\"height: 57px;\">\n<td style=\"width: 70.19064124783363%; height: 57px;\">\n<p dir=\"ltr\">03 Mitjans de pagament<\/p>\n<\/td>\n<td style=\"width: 13.69150779896014%; text-align: center; height: 57px;\">\n<p dir=\"ltr\">\n<\/td>\n<td style=\"width: 14.384748700173311%; text-align: center; height: 57px;\">\n<p dir=\"ltr\">x<\/p>\n<\/td>\n<\/tr>\n<tr style=\"height: 57px;\">\n<td style=\"width: 70.19064124783363%; height: 57px;\">\n<p dir=\"ltr\">04 Gesti\u00f3 econ\u00f2mica i financera de l\u2019empresa<\/p>\n<\/td>\n<td style=\"width: 13.69150779896014%; text-align: center; height: 57px;\">\n<p dir=\"ltr\">x<\/p>\n<\/td>\n<td style=\"width: 14.384748700173311%; text-align: center; height: 57px;\">\n<p dir=\"ltr\">\n<\/td>\n<\/tr>\n<tr style=\"height: 57px;\">\n<td style=\"width: 70.19064124783363%; height: 57px;\">\n<p dir=\"ltr\">05 Transport internacional de mercaderies<\/p>\n<\/td>\n<td style=\"width: 13.69150779896014%; text-align: center; height: 57px;\">\n<p dir=\"ltr\">x<\/p>\n<\/td>\n<td style=\"width: 14.384748700173311%; text-align: center; height: 57px;\">\n<p dir=\"ltr\">\n<\/td>\n<\/tr>\n<tr style=\"height: 57px;\">\n<td style=\"width: 70.19064124783363%; height: 57px;\">\n<p dir=\"ltr\">06 Log\u00edstica d\u2019emmagatzematge<\/p>\n<\/td>\n<td style=\"width: 13.69150779896014%; height: 57px; text-align: center;\">\n<p dir=\"ltr\">x<\/p>\n<\/td>\n<td style=\"width: 14.384748700173311%; height: 57px; text-align: center;\">\n<p dir=\"ltr\">\n<\/td>\n<\/tr>\n<tr style=\"height: 57px;\">\n<td style=\"width: 70.19064124783363%; height: 57px;\">\n<p dir=\"ltr\">07 M\u00e0rqueting internacional<\/p>\n<\/td>\n<td style=\"width: 13.69150779896014%; height: 57px; text-align: center;\">\n<p dir=\"ltr\">\n<\/td>\n<td style=\"width: 14.384748700173311%; height: 57px; text-align: center;\">\n<p dir=\"ltr\">x<\/p>\n<\/td>\n<\/tr>\n<tr style=\"height: 57px;\">\n<td style=\"width: 70.19064124783363%; height: 57px;\">\n<p dir=\"ltr\">08 Sistemes informaci\u00f3 de mercats<\/p>\n<\/td>\n<td style=\"width: 13.69150779896014%; height: 57px; text-align: center;\">\n<p dir=\"ltr\">\n<\/td>\n<td style=\"width: 14.384748700173311%; height: 57px; text-align: center;\">\n<p dir=\"ltr\">x<\/p>\n<\/td>\n<\/tr>\n<tr style=\"height: 57px;\">\n<td style=\"width: 70.19064124783363%; height: 57px;\">\n<p dir=\"ltr\">09 Negociaci\u00f3 internacional<\/p>\n<\/td>\n<td style=\"width: 13.69150779896014%; height: 57px; text-align: center;\">\n<p dir=\"ltr\">\n<\/td>\n<td style=\"width: 14.384748700173311%; height: 57px; text-align: center;\">\n<p dir=\"ltr\">x<\/p>\n<\/td>\n<\/tr>\n<tr style=\"height: 57px;\">\n<td style=\"width: 70.19064124783363%; height: 57px;\">\n<p dir=\"ltr\">10 Comer\u00e7 digital<\/p>\n<\/td>\n<td style=\"width: 13.69150779896014%; height: 57px; text-align: center;\">\n<p dir=\"ltr\">\n<\/td>\n<td style=\"width: 14.384748700173311%; height: 57px; text-align: center;\">\n<p dir=\"ltr\">x<\/p>\n<\/td>\n<\/tr>\n<tr style=\"height: 57px;\">\n<td style=\"width: 70.19064124783363%; height: 57px;\">\n<p dir=\"ltr\">11 Angl\u00e8s<\/p>\n<\/td>\n<td style=\"width: 13.69150779896014%; height: 57px; text-align: center;\">\n<p dir=\"ltr\">x<\/p>\n<\/td>\n<td style=\"width: 14.384748700173311%; height: 57px; text-align: center;\">\n<p dir=\"ltr\">\n<\/td>\n<\/tr>\n<tr style=\"height: 57px;\">\n<td style=\"width: 70.19064124783363%; height: 57px;\">\n<p dir=\"ltr\">12 Franc\u00e8s<\/p>\n<\/td>\n<td style=\"width: 13.69150779896014%; height: 57px; text-align: center;\">\n<p dir=\"ltr\">x<\/p>\n<\/td>\n<td style=\"width: 14.384748700173311%; height: 57px; text-align: center;\">\n<p dir=\"ltr\">\n<\/td>\n<\/tr>\n<tr style=\"height: 57px;\">\n<td style=\"width: 70.19064124783363%; height: 57px;\">\n<p dir=\"ltr\">13 Formaci\u00f3 i orientaci\u00f3 laboral<\/p>\n<\/td>\n<td style=\"width: 13.69150779896014%; height: 57px; text-align: center;\">\n<p dir=\"ltr\">x<\/p>\n<\/td>\n<td style=\"width: 14.384748700173311%; height: 57px; text-align: center;\">\n<p dir=\"ltr\">\n<\/td>\n<\/tr>\n<tr style=\"height: 57px;\">\n<td style=\"width: 70.19064124783363%; height: 57px;\">\n<p dir=\"ltr\">14 Projecte de comer\u00e7 internacional<\/p>\n<\/td>\n<td style=\"width: 13.69150779896014%; height: 57px; text-align: center;\">\n<p dir=\"ltr\">\n<\/td>\n<td style=\"width: 14.384748700173311%; height: 57px; text-align: center;\">\n<p dir=\"ltr\">x<\/p>\n<\/td>\n<\/tr>\n<tr style=\"height: 57px;\">\n<td style=\"width: 70.19064124783363%; height: 57px;\">\n<p dir=\"ltr\">15 Formaci\u00f3 en centres de treball<\/p>\n<\/td>\n<td style=\"width: 13.69150779896014%; height: 57px; text-align: center;\">\n<p dir=\"ltr\">\n<\/td>\n<td style=\"width: 14.384748700173311%; height: 57px; text-align: center;\">\n<p dir=\"ltr\">x<\/p>\n<\/td>\n<\/tr>\n<\/tbody>\n<\/table>\n<\/div>\n<p dir=\"ltr\">Amb un tercer curs es pot obtenir tamb\u00e9 el t\u00edtol de Transport i log\u00edstica<\/p>\n<div dir=\"ltr\" align=\"left\">\n<table>\n<colgroup>\n<col width=\"411\" \/>\n<col width=\"76\" \/>\n<col width=\"80\" \/><\/colgroup>\n<tbody>\n<tr>\n<td>\n<p dir=\"ltr\">M\u00f2duls professionals<\/p>\n<\/td>\n<td>\n<p dir=\"ltr\">1r curs<\/p>\n<\/td>\n<td>\n<p dir=\"ltr\">2n curs<\/p>\n<\/td>\n<\/tr>\n<tr>\n<td>\n<p dir=\"ltr\">01 Comercialitzaci\u00f3 del servei del transport<\/p>\n<\/td>\n<td>\n<p dir=\"ltr\">\n<\/td>\n<td style=\"text-align: center;\">\n<p dir=\"ltr\">x<\/p>\n<\/td>\n<\/tr>\n<tr>\n<td>\n<p dir=\"ltr\">03 Gesti\u00f3 administrativa del comer\u00e7 i la log\u00edstica<\/p>\n<\/td>\n<td>\n<p dir=\"ltr\">\n<\/td>\n<td style=\"text-align: center;\">\n<p dir=\"ltr\">x<\/p>\n<\/td>\n<\/tr>\n<tr>\n<td>\n<p dir=\"ltr\">05 Log\u00edstica d\u2019aprovisionament<\/p>\n<\/td>\n<td>\n<p dir=\"ltr\">\n<\/td>\n<td style=\"text-align: center;\">\n<p dir=\"ltr\">x<\/p>\n<\/td>\n<\/tr>\n<tr>\n<td>\n<p dir=\"ltr\">07 Organitzaci\u00f3 del transport de mercaderies<\/p>\n<\/td>\n<td>\n<p dir=\"ltr\">\n<\/td>\n<td style=\"text-align: center;\">\n<p dir=\"ltr\">x<\/p>\n<\/td>\n<\/tr>\n<tr>\n<td>\n<p dir=\"ltr\">08 Organitzaci\u00f3 del transport terrestre<\/p>\n<\/td>\n<td>\n<p dir=\"ltr\">\n<\/td>\n<td style=\"text-align: center;\">\n<p dir=\"ltr\">x<\/p>\n<\/td>\n<\/tr>\n<tr>\n<td>\n<p dir=\"ltr\">10 Organitzaci\u00f3 d\u2019altres serveis de transport<\/p>\n<\/td>\n<td>\n<p dir=\"ltr\">\n<\/td>\n<td style=\"text-align: center;\">\n<p dir=\"ltr\">x<\/p>\n<\/td>\n<\/tr>\n<tr>\n<td>\n<p dir=\"ltr\">14 Projecte de transport i log\u00edstica<\/p>\n<\/td>\n<td>\n<p dir=\"ltr\">\n<\/td>\n<td style=\"text-align: center;\">\n<p dir=\"ltr\">x<\/p>\n<\/td>\n<\/tr>\n<tr>\n<td>\n<p dir=\"ltr\">15 Formaci\u00f3 en centres de treball<\/p>\n<\/td>\n<td>\n<p dir=\"ltr\">\n<\/td>\n<td style=\"text-align: center;\">\n<p dir=\"ltr\">x<\/p>\n<\/td>\n<\/tr>\n<\/tbody>\n<\/table>\n<\/div>\n<p dir=\"ltr\"><strong>POTS OPTAR PER:<\/strong><\/p>\n<p dir=\"ltr\">Una formaci\u00f3 professional d\u2019excel\u00b7l\u00e8ncia i d\u2019un alt nivell de qualitat.<\/p>\n<p dir=\"ltr\"><strong>QUINA SER\u00c0 LA MEVA FORMACI\u00d3?:<\/strong><\/p>\n<p dir=\"ltr\">Aquest\/a professional tindr\u00e0 la capacitat de planificar i gestionar els processos d\u2019importaci\u00f3\/exportaci\u00f3 i introducci\u00f3\/expedici\u00f3 de mercaderies, aplicant la legislaci\u00f3 vigent, en el marc dels objectius i els procediments establerts. Es formar\u00e0 professionalment en:<\/p>\n<ol>\n<li style=\"list-style-type: none;\">\n<ol style=\"list-style-type: lower-alpha;\">\n<li dir=\"ltr\">Realitzar les gestions necess\u00e0ries per a la constituci\u00f3 i posada en marxa d\u2019una empresa comercial, planificant i gestionant l\u2019obtenci\u00f3 dels recursos financers necessaris que procurin la rendibilitat econ\u00f2mica i financera de l\u2019empresa.<\/li>\n<li dir=\"ltr\">Obtenir, analitzar i organitzar informaci\u00f3 fiable dels mercats internacionals aplicant les t\u00e8cniques adequades, i establir un sistema d\u2019informaci\u00f3 de mercats (SIM) efica\u00e7, que serveixi de suport en les operacions de compravenda internacional.<\/li>\n<li dir=\"ltr\">Prendre decisions sobre l\u2019entrada dels productes d\u2019una empresa en el mercat exterior, seleccionant les pol\u00edtiques de producte, preu, comunicaci\u00f3 i distribuci\u00f3 m\u00e9s adequades per l\u2019entrada en aquests mercats.<\/li>\n<li dir=\"ltr\">Elaborar un pla de m\u00e0rqueting, seleccionant la informaci\u00f3 de base o br\u00edfing de productes, analitzant les relacions entre les diferents variables que intervenen en el m\u00e0rqueting mix internacional per l\u2019entrada en mercats exteriors.<\/li>\n<li dir=\"ltr\">Identificar i contactar amb clients i prove\u00efdors, gestionant els contractes mercantils internacionals i controlant i supervisant el desenvolupament i l\u2019evoluci\u00f3 de les vendes, per assegurar-se de l\u2019acompliment de les condicions contractuals pactades.<\/li>\n<li dir=\"ltr\">Realitzar la gesti\u00f3 administrativa d\u2019operacions d\u2019importaci\u00f3 i exportaci\u00f3, i introducci\u00f3 i expedici\u00f3 de mercaderies.<\/li>\n<li dir=\"ltr\">Realitzar la gesti\u00f3 financera de les operacions de comer\u00e7 internacional, determinant els costos i gestionant la cobertura adequada dels riscos que es generen per garantir-ne la viabilitat econ\u00f2mica, desenvolupar el proc\u00e9s de forma segura per l\u2019empresa i elaborar la documentaci\u00f3 necess\u00e0ria per a l\u2019obtenci\u00f3 de cr\u00e8dits vinculats a les operacions de compravenda i a projectes i licitacions internacionals, aplicant la normativa vigent.<\/li>\n<li dir=\"ltr\">Organitzar l\u2019emmagatzematge de les mercaderies en les condicions que en garanteixin la integritat i la utilitzaci\u00f3 \u00f2ptima dels mitjans i els espais disponibles, d\u2019acord amb els procediments establerts.<\/li>\n<li dir=\"ltr\">Realitzar les gestions administratives que garanteixin el tr\u00e0nsit o transport internacional de les mercaderies i\/o de viatgers entre diferents pa\u00efsos i mitjans de transport, i controlar els documents que s\u2019exigeix en cada cas, comprovant que s\u2019ajusten a la normativa vigent aplicable i a les especificacions rebudes.<\/li>\n<li dir=\"ltr\">Gestionar els mitjans de cobrament i pagament i les garanties i avals internacionals emplenant i analitzant la documentaci\u00f3 necess\u00e0ria d\u2019acord amb les condicions establertes en els contractes mercantils internacionals basats en la normativa internacional vigent.<\/li>\n<li dir=\"ltr\">Comunicar-se en angl\u00e8s amb flu\u00efdesa, tant de paraula com per escrit, amb tots els operadors i organismes que intervenen en operacions de comer\u00e7 internacional.<\/li>\n<li dir=\"ltr\">Utilitzar internet i qualsevol altre sistema digital, com a plataforma publicit\u00e0ria i aparador obert al m\u00f3n que facilita la realitzaci\u00f3 de vendes a qualsevol client nacional o internacional.<\/li>\n<\/ol>\n<\/li>\n<\/ol>\n<p dir=\"ltr\"><strong>EN FINALITZAR ELS MEUS ESTUDIS, QU\u00c8 PUC FER?:<\/strong><\/p>\n<ol>\n<li dir=\"ltr\" role=\"presentation\">Continuar estudiant. Amb aquests estudis s\u2019obt\u00e9 el t\u00edtol de t\u00e8cnic o t\u00e8cnica superior, que permet accedir:<\/li>\n<\/ol>\n<ul>\n<li style=\"list-style-type: none;\">\n<ul style=\"list-style-type: circle;\">\n<li dir=\"ltr\" role=\"presentation\">a qualsevol estudi universitari oficial de grau o<\/li>\n<li dir=\"ltr\" role=\"presentation\">al m\u00f3n laboral.<\/li>\n<\/ul>\n<\/li>\n<\/ul>\n<p dir=\"ltr\">Amb aquests estudis s&#8217;obt\u00e9 el t\u00edtol de <em>t\u00e8cnic superior o t\u00e8cnica superior<\/em>, que permet accedir a qualsevol estudi universitari oficial de grau. L&#8217;alumnat que s&#8217;ha graduat en un cicle formatiu de grau superior pot obtenir la convalidaci\u00f3 de cr\u00e8dits universitaris ECTS.<\/p>\n<p dir=\"ltr\">Per a m\u00e9s informaci\u00f3, consulteu el <a href=\"https:\/\/universitats.gencat.cat\/ca\/acces-universitat\/acces-segons-perfils-estudiants\/estudiant-cicle-formatiu\/\">Canal Universitats<\/a><\/p>\n<ol start=\"2\">\n<li dir=\"ltr\" aria-level=\"1\">\n<p dir=\"ltr\" role=\"presentation\">Optar per les seg\u00fcents sortides professionals:<\/p>\n<\/li>\n<\/ol>\n<ul>\n<li style=\"list-style-type: none;\">\n<ul style=\"list-style-type: circle;\">\n<li dir=\"ltr\">La superaci\u00f3 d&#8217;aquest cicle formatiu permet accedir al m\u00f3n laboral com a:<\/li>\n<li dir=\"ltr\" role=\"presentation\">T\u00e8cnic en comer\u00e7 exterior.<\/li>\n<li dir=\"ltr\" role=\"presentation\">T\u00e8cnic d&#8217;operacions exteriors d&#8217;entitats financeres i assegurances.<\/li>\n<li dir=\"ltr\" role=\"presentation\">T\u00e8cnic en administraci\u00f3\u2002 de comer\u00e7 internacional.<\/li>\n<li dir=\"ltr\" role=\"presentation\">Assistent o adjunt de comer\u00e7 internacional.<\/li>\n<li dir=\"ltr\" role=\"presentation\">Agent de comer\u00e7 internacional.<\/li>\n<li dir=\"ltr\" role=\"presentation\">T\u00e8cnic de m\u00e0rqueting internacional.<\/li>\n<li dir=\"ltr\" role=\"presentation\">T\u00e8cnic de m\u00e0rqueting digital internacional.<\/li>\n<li dir=\"ltr\" role=\"presentation\">T\u00e8cnic de venda internacional.<\/li>\n<li dir=\"ltr\" role=\"presentation\">Assistent al departament d&#8217;operacions comercials internacionals.<\/li>\n<li dir=\"ltr\" role=\"presentation\">Transitari.<\/li>\n<li dir=\"ltr\" role=\"presentation\">Consignatari de vaixells.<\/li>\n<li dir=\"ltr\" role=\"presentation\">Operador log\u00edstic.<\/li>\n<li dir=\"ltr\" role=\"presentation\">Cap de magatzem.<\/li>\n<\/ul>\n<\/li>\n<\/ul>\n<p style=\"text-align: right;\"><em><span style=\"color: #0000ff;\"><strong>Rumb al teu futur<\/strong><\/span><\/em><\/p>\n<p style=\"text-align: right;\"><em><span style=\"color: #0000ff;\"><strong>ILB \u2013 connected to change<\/strong><\/span><\/em><\/p>\n","protected":false},"excerpt":{"rendered":"<p><a href=\"https:\/\/agora.xtec.cat\/ilb\/wp-content\/uploads\/usu2296\/2022\/03\/Foto_09_mundo.jpg\"><\/a><br \/>\nT\u00e8cnic\/a superior en comer\u00e7 internacional<br \/>\nCicle formatiu de grau superior<br \/>\nFAM\u00cdLIA: comer\u00e7 i m\u00e0rqueting \u00a0 DURADA: 2000 hores\u00a0 (en el centre i l\u2019empresa)<br \/>\nN\u00daM. DE CURSOS: 2 cursos<br \/>\nMETODOLOGIA: metodologies actives d\u2019aprenentatge<br \/>\nHORARI: Mat\u00ed (Primer curs) &#8211; Tarda (Primer curs &#8211; Segon curs)<br \/>\nEl primer curs es fa en un&hellip;  <a href=\"https:\/\/agora.xtec.cat\/ilb\/cicles-formatius-de-grau-superior-3\/cfgs-comerc-internacional\/\" title=\"Read CFGS Comer\u00e7 Internacional\">Llegeix m\u00e9s\u00bb<\/a><\/p>\n","protected":false},"author":1,"featured_media":0,"parent":799,"menu_order":0,"comment_status":"closed","ping_status":"closed","template":"","meta":{"_bbp_topic_count":0,"_bbp_reply_count":0,"_bbp_total_topic_count":0,"_bbp_total_reply_count":0,"_bbp_voice_count":0,"_bbp_anonymous_reply_count":0,"_bbp_topic_count_hidden":0,"_bbp_reply_count_hidden":0,"_bbp_forum_subforum_count":0,"footnotes":""},"class_list":["post-770","page","type-page","status-publish","hentry"],"post_mailing_queue_ids":[],"_links":{"self":[{"href":"https:\/\/agora.xtec.cat\/ilb\/wp-json\/wp\/v2\/pages\/770","targetHints":{"allow":["GET"]}}],"collection":[{"href":"https:\/\/agora.xtec.cat\/ilb\/wp-json\/wp\/v2\/pages"}],"about":[{"href":"https:\/\/agora.xtec.cat\/ilb\/wp-json\/wp\/v2\/types\/page"}],"author":[{"embeddable":true,"href":"https:\/\/agora.xtec.cat\/ilb\/wp-json\/wp\/v2\/users\/1"}],"replies":[{"embeddable":true,"href":"https:\/\/agora.xtec.cat\/ilb\/wp-json\/wp\/v2\/comments?post=770"}],"version-history":[{"count":6,"href":"https:\/\/agora.xtec.cat\/ilb\/wp-json\/wp\/v2\/pages\/770\/revisions"}],"predecessor-version":[{"id":4634,"href":"https:\/\/agora.xtec.cat\/ilb\/wp-json\/wp\/v2\/pages\/770\/revisions\/4634"}],"up":[{"embeddable":true,"href":"https:\/\/agora.xtec.cat\/ilb\/wp-json\/wp\/v2\/pages\/799"}],"wp:attachment":[{"href":"https:\/\/agora.xtec.cat\/ilb\/wp-json\/wp\/v2\/media?parent=770"}],"curies":[{"name":"wp","href":"https:\/\/api.w.org\/{rel}","templated":true}]}}