{"id":768,"date":"2022-03-05T16:59:23","date_gmt":"2022-03-05T15:59:23","guid":{"rendered":"https:\/\/agora.xtec.cat\/ilb\/?page_id=768"},"modified":"2025-12-17T16:49:48","modified_gmt":"2025-12-17T15:49:48","slug":"cfgm-activitats-comercials-logistica","status":"publish","type":"page","link":"https:\/\/agora.xtec.cat\/ilb\/cicles-formatius-de-grau-mitja-2\/cfgm-activitats-comercials-logistica\/","title":{"rendered":"CFGM Activitats Comercials &#8211; Perfil log\u00edstica"},"content":{"rendered":"<p><a href=\"https:\/\/agora.xtec.cat\/ilb\/wp-content\/uploads\/usu2296\/2022\/03\/Foto_07_magatzem_modern.jpg\"><img loading=\"lazy\" decoding=\"async\" class=\" wp-image-808 aligncenter\" src=\"https:\/\/agora.xtec.cat\/ilb\/wp-content\/uploads\/usu2296\/2022\/03\/Foto_07_magatzem_modern.jpg\" alt=\"\" width=\"736\" height=\"492\" srcset=\"https:\/\/agora.xtec.cat\/ilb\/wp-content\/uploads\/usu2296\/2022\/03\/Foto_07_magatzem_modern.jpg 612w, https:\/\/agora.xtec.cat\/ilb\/wp-content\/uploads\/usu2296\/2022\/03\/Foto_07_magatzem_modern-300x200.jpg 300w\" sizes=\"auto, (max-width: 736px) 100vw, 736px\" \/><\/a><\/p>\n<p><b>T\u00e8cnic\/a en activitats comercials, perfil professional log\u00edstica<\/b><\/p>\n<p><b><i>Cicle formatiu de grau mitj\u00e0<\/i><\/b><\/p>\n<p><b>FAM\u00cdLIA: <\/b><span style=\"font-weight: 400;\">comer\u00e7 i m\u00e0rqueting<\/span> <span style=\"font-weight: 400;\"> \u00a0 <strong>DURADA<\/strong>: 2000 hores<\/span><span style=\"font-family: inherit; font-size: 1em;\">\u00a0 (en el centre i l\u2019empresa)<\/span><\/p>\n<p><b>N\u00daM. DE CURSOS:<\/b><span style=\"font-weight: 400;\"> 2 cursos<\/span><\/p>\n<p><b>METODOLOGIA:<\/b><span style=\"font-weight: 400;\"> metodologies actives d\u2019aprenentatge<\/span><\/p>\n<p><b>HORARI:<\/b> Mat\u00ed (Primer i segon curs)<\/p>\n<p><b>PREU EN CONCEPTE DE MATERIAL: <\/b>80 euros de material (pagament \u00fanic a principi de curs, no hi ha quota mensual)<\/p>\n<p dir=\"ltr\"><strong>MODALITATS MATR\u00cdCULA:<\/strong><\/p>\n<p dir=\"ltr\">Es pot fer la matr\u00edcula del cicle complet o b\u00e9 matricular-se de m\u00f2duls solts o unitats formatives soltes. Tamb\u00e9 es pot realitzar matr\u00edcula en <a href=\"https:\/\/triaeducativa.gencat.cat\/ca\/fp\/cataleg-serveis\/matricula-semipresencial\/\">modalitat semipresencial<\/a> per tal de facilitar l\u2019assist\u00e8ncia a les persones que no poden assistir presencialment a totes les hores lectives (per feina, per tenir cura d&#8217;altres persones o per qualsevol altra circumst\u00e0ncia excepcional). La incompatibilitat amb l&#8217;horari lectiu s&#8217;ha d&#8217;acreditar documentalment.<\/p>\n<p dir=\"ltr\">Per a m\u00e9s informaci\u00f3 consulteu el <a href=\"https:\/\/xtec.gencat.cat\/ca\/curriculum\/professionals\/fp\/comcursar\/\">web del Departament d\u2019Educaci\u00f3<\/a>.<\/p>\n<p><b>CONDICIONS D\u2019ACC\u00c9S:<\/b><\/p>\n<ul>\n<li style=\"list-style-type: none;\">\n<ul>\n<li style=\"font-weight: 400;\" aria-level=\"1\"><span style=\"font-weight: 400;\">tenir el t\u00edtol de graduat en educaci\u00f3 secund\u00e0ria obligat\u00f2ria,<\/span><\/li>\n<li style=\"font-weight: 400;\" aria-level=\"1\"><span style=\"font-weight: 400;\">tenir el t\u00edtol de t\u00e8cnic o de t\u00e8cnic auxiliar,<\/span><\/li>\n<li style=\"font-weight: 400;\" aria-level=\"1\"><span style=\"font-weight: 400;\">haver superat el curs espec\u00edfic per a l&#8217;acc\u00e9s als cicles formatius de grau mitj\u00e0 (CAM),<\/span><\/li>\n<li style=\"font-weight: 400;\" aria-level=\"1\"><span style=\"font-weight: 400;\">haver superat el segon curs del batxillerat unificat i polivalent (BUP),<\/span><\/li>\n<li style=\"font-weight: 400;\" aria-level=\"1\"><span style=\"font-weight: 400;\">tenir altres estudis equivalents a efectes acad\u00e8mics,<\/span><\/li>\n<li style=\"font-weight: 400;\" aria-level=\"1\"><span style=\"font-weight: 400;\">haver superat els m\u00f2duls obligatoris d&#8217;un programa de qualificaci\u00f3 professional inicial (PQPI),<\/span><\/li>\n<li style=\"font-weight: 400;\" aria-level=\"1\"><span style=\"font-weight: 400;\">haver superat la prova d&#8217;acc\u00e9s a la universitat per a majors de 25 anys, o de 45 anys, o haver accedit a la universitat per haver acreditat experi\u00e8ncia laboral o professional tenint complerts 40 anys d&#8217;edat,<\/span><\/li>\n<li style=\"font-weight: 400;\" aria-level=\"1\"><span style=\"font-weight: 400;\">tenir un t\u00edtol per accedir a un cicle formatiu de grau superior.\u00a0<\/span><\/li>\n<\/ul>\n<\/li>\n<\/ul>\n<p><span style=\"font-weight: 400;\">Les persones que no compleixen cap dels requisits esmentats han de superar una <\/span><a href=\"https:\/\/educacio.gencat.cat\/ca\/serveis-tramits\/proves\/proves-acces\/gm-fp\/\"><span style=\"font-weight: 400;\">prova d&#8217;acc\u00e9s<\/span><\/a><span style=\"font-weight: 400;\">. Per presentar-s&#8217;hi han de tenir, com a m\u00ednim, 17 anys l&#8217;any en qu\u00e8 es fa la prova.<\/span><\/p>\n<p><b>PLA D\u2019ESTUDIS:<\/b><\/p>\n<table style=\"width: 59.3587%; height: 462px;\">\n<tbody>\n<tr style=\"height: 33px;\">\n<td style=\"width: 79.6601%; height: 33px;\" colspan=\"2\"><b>Curs 1r <em>(Curr\u00edculum\u00a0 nou)<\/em><\/b><\/td>\n<\/tr>\n<tr style=\"height: 33px;\">\n<td style=\"width: 63.3166%; height: 33px;\"><b>M\u00f2duls professionals<\/b><\/td>\n<td style=\"width: 16.3435%; text-align: center; height: 33px;\"><b><i>Hores totals<\/i><\/b><\/td>\n<\/tr>\n<tr style=\"height: 33px;\">\n<td style=\"width: 63.3166%; height: 33px;\"><b>1227 Gesti\u00f3 d&#8217;un petit comer\u00e7<\/b><\/td>\n<td style=\"text-align: center; width: 16.3435%; height: 33px;\"><b>99<\/b><\/td>\n<\/tr>\n<tr style=\"height: 33px;\">\n<td style=\"width: 63.3166%; height: 33px;\"><b>1228 T\u00e8cniques de magatzem<\/b><\/td>\n<td style=\"text-align: center; width: 16.3435%; height: 33px;\"><b>66<\/b><\/td>\n<\/tr>\n<tr style=\"height: 33px;\">\n<td style=\"width: 63.3166%; height: 33px;\"><b>1229 Gesti\u00f3 de compres<\/b><\/td>\n<td style=\"text-align: center; width: 16.3435%; height: 33px;\"><b>66<\/b><\/td>\n<\/tr>\n<tr style=\"height: 33px;\">\n<td style=\"width: 63.3166%; height: 33px;\"><b>1231 Dinamitzaci\u00f3 del punt de venda<\/b><\/td>\n<td style=\"text-align: center; width: 16.3435%; height: 33px;\"><b>66<\/b><\/td>\n<\/tr>\n<tr style=\"height: 33px;\">\n<td style=\"width: 63.3166%; height: 33px;\"><b>1233 Aplicacions inform\u00e0tiques pel comer\u00e7<\/b><\/td>\n<td style=\"text-align: center; width: 16.3435%; height: 33px;\"><b>66<\/b><\/td>\n<\/tr>\n<tr style=\"height: 33px;\">\n<td style=\"width: 63.3166%; height: 33px;\"><b>1234 Serveis d&#8217;atenci\u00f3 comercial<\/b><\/td>\n<td style=\"text-align: center; width: 16.3435%; height: 33px;\"><b>66<\/b><\/td>\n<\/tr>\n<tr style=\"height: 33px;\">\n<td style=\"width: 63.3166%; height: 33px;\"><b>1235 Comer\u00e7 electr\u00f2nic<\/b><\/td>\n<td style=\"text-align: center; width: 16.3435%; height: 33px;\"><b>66<\/b><\/td>\n<\/tr>\n<tr style=\"height: 33px;\">\n<td style=\"width: 63.3166%; height: 33px;\"><b>0156 Angl\u00e8s Professional<\/b><\/td>\n<td style=\"text-align: center; width: 16.3435%; height: 33px;\"><b>66<\/b><\/td>\n<\/tr>\n<tr style=\"height: 33px;\">\n<td style=\"width: 63.3166%; height: 33px;\"><b>C056 Catal\u00e0 Professional<\/b><\/td>\n<td style=\"text-align: center; width: 16.3435%; height: 33px;\"><b>66<\/b><\/td>\n<\/tr>\n<tr>\n<td style=\"width: 63.3166%;\"><strong>1665 Digitalitzaci\u00f3 aplicada als sectors productius<\/strong><\/td>\n<td style=\"text-align: center; width: 16.3435%;\"><b>33<\/b><\/td>\n<\/tr>\n<tr style=\"height: 33px;\">\n<td style=\"width: 63.3166%; height: 33px;\"><strong>1708 Sostenibilitat aplicada al sistema productiu<\/strong><\/td>\n<td style=\"text-align: center; width: 16.3435%; height: 33px;\"><b>33<\/b><\/td>\n<\/tr>\n<tr>\n<td style=\"width: 63.3166%;\"><b>1709 IPO I<\/b><\/td>\n<td style=\"text-align: center; width: 16.3435%;\"><b>99<\/b><\/td>\n<\/tr>\n<tr style=\"height: 33px;\">\n<td style=\"width: 63.3166%; height: 33px;\"><b>Tutoria<\/b><\/td>\n<td style=\"text-align: center; width: 16.3435%; height: 33px;\"><b>33<\/b><\/td>\n<\/tr>\n<tr style=\"height: 33px;\">\n<td style=\"width: 63.3166%; height: 33px;\"><b>Total primer curs<\/b><\/td>\n<td style=\"text-align: center; width: 16.3435%; height: 33px;\"><b>825<\/b><\/td>\n<\/tr>\n<\/tbody>\n<\/table>\n<p>&nbsp;<\/p>\n<table style=\"width: 59.14178656216769%; height: 728px;\">\n<tbody>\n<tr style=\"height: 57px;\">\n<td style=\"height: 57px; width: 85.39325842696628%;\" colspan=\"3\"><b>Curs 2n<em> (Curr\u00edculum antic)<\/em><\/b><\/td>\n<\/tr>\n<tr style=\"height: 79px;\">\n<td style=\"height: 79px; width: 53.832781505985196%;\"><b>M\u00f2duls professionals<\/b><\/td>\n<td style=\"height: 79px; width: 19.65462913056097%;\"><b><i>Hores m\u00ednimes<\/i><\/b><\/td>\n<td style=\"height: 79px; width: 11.905847790420117%;\"><b><i>Hores totals<\/i><\/b><\/td>\n<\/tr>\n<tr style=\"height: 57px;\">\n<td style=\"height: 57px; width: 53.832781505985196%;\"><b>MP7 Venda t\u00e8cnica<\/b><\/td>\n<td style=\"height: 57px; width: 19.65462913056097%; text-align: center;\"><b>99<\/b><\/td>\n<td style=\"height: 57px; width: 11.905847790420117%; text-align: center;\"><b>99<\/b><\/td>\n<\/tr>\n<tr style=\"height: 57px;\">\n<td style=\"height: 57px; width: 53.832781505985196%;\"><b>MP10 Comer\u00e7 electr\u00f2nic<\/b><\/td>\n<td style=\"height: 57px; width: 19.65462913056097%; text-align: center;\"><b>99<\/b><\/td>\n<td style=\"height: 57px; width: 11.905847790420117%; text-align: center;\"><b>99<\/b><\/td>\n<\/tr>\n<tr style=\"height: 57px;\">\n<td style=\"height: 57px; width: 53.832781505985196%;\"><b>MP11 M\u00e0rqueting en l\u2019activitat comercial<\/b><\/td>\n<td style=\"height: 57px; width: 19.65462913056097%; text-align: center;\"><b>99<\/b><\/td>\n<td style=\"height: 57px; width: 11.905847790420117%; text-align: center;\"><b>99<\/b><\/td>\n<\/tr>\n<tr style=\"height: 57px;\">\n<td style=\"height: 57px; width: 53.832781505985196%;\"><b>MP13 S\u00edntesi d\u2019activitats comercials<\/b><\/td>\n<td style=\"height: 57px; width: 19.65462913056097%; text-align: center;\"><b>264<\/b><\/td>\n<td style=\"height: 57px; width: 11.905847790420117%; text-align: center;\"><b>264<\/b><\/td>\n<\/tr>\n<tr style=\"height: 79px;\">\n<td style=\"height: 79px; width: 53.832781505985196%;\"><b>MP15 Activitats log\u00edstiques de transport de mercaderies<\/b><\/td>\n<td style=\"height: 79px; width: 19.65462913056097%; text-align: center;\"><b>99<\/b><\/td>\n<td style=\"height: 79px; width: 11.905847790420117%; text-align: center;\"><b>99<\/b><\/td>\n<\/tr>\n<tr style=\"height: 57px;\">\n<td style=\"height: 57px; width: 53.832781505985196%;\"><b>MP16 Activitats log\u00edstiques de magatzem i dip\u00f2sit<\/b><\/td>\n<td style=\"height: 57px; width: 19.65462913056097%; text-align: center;\"><b>66<\/b><\/td>\n<td style=\"height: 57px; width: 11.905847790420117%; text-align: center;\"><b>66<\/b><\/td>\n<\/tr>\n<tr style=\"height: 57px;\">\n<td style=\"height: 57px; width: 53.832781505985196%;\"><b>Total<\/b><\/td>\n<td style=\"height: 57px; width: 19.65462913056097%; text-align: center;\"><b>726<\/b><\/td>\n<td style=\"height: 57px; width: 11.905847790420117%; text-align: center;\"><b>726<\/b><\/td>\n<\/tr>\n<tr style=\"height: 57px;\">\n<td style=\"height: 57px; width: 53.832781505985196%;\"><b>Tutoria<\/b><\/td>\n<td style=\"height: 57px; width: 19.65462913056097%; text-align: center;\"><b>33<\/b><\/td>\n<td style=\"height: 57px; width: 11.905847790420117%; text-align: center;\"><b>33<\/b><\/td>\n<\/tr>\n<tr style=\"height: 57px;\">\n<td style=\"height: 57px; width: 53.832781505985196%;\"><b>Total segon curs<\/b><\/td>\n<td style=\"height: 57px; width: 19.65462913056097%; text-align: center;\"><b>759<\/b><\/td>\n<td style=\"height: 57px; width: 11.905847790420117%; text-align: center;\"><b>759<\/b><\/td>\n<\/tr>\n<tr style=\"height: 57px;\">\n<td style=\"height: 57px; width: 53.832781505985196%;\"><b>MP12. Formaci\u00f3 en centres de treball<\/b><\/td>\n<td style=\"height: 57px; width: 19.65462913056097%; text-align: center;\"><b>\u00a0<\/b><\/td>\n<td style=\"height: 57px; width: 11.905847790420117%; text-align: center;\"><b>416<\/b><\/td>\n<\/tr>\n<\/tbody>\n<\/table>\n<p><b>POTS OPTAR PER:<\/b><\/p>\n<p><span style=\"font-weight: 400;\">Una formaci\u00f3 professional d\u2019excel\u00b7l\u00e8ncia i d\u2019un alt nivell de qualitat.<\/span><\/p>\n<p><b>QUINA SER\u00c0 LA MEVA FORMACI\u00d3?:<\/b><\/p>\n<p><span style=\"font-weight: 400;\">Aquest\/a professional tindr\u00e0 la capacitat de dese<\/span><span style=\"font-weight: 400;\">nvolupar les activitats de distribuci\u00f3 i comercialitzaci\u00f3 de b\u00e9ns i\/o serveis, i gestionar un petit establiment comercial, aplicant les normes de qualitat i seguretat establertes i respectant la legislaci\u00f3 vigent. Es formar\u00e0 professionalment en:<\/span><\/p>\n<ol>\n<li style=\"list-style-type: none;\">\n<ol style=\"list-style-type: lower-alpha;\">\n<li><span style=\"font-weight: 400;\">Realitzar projectes de viabilitat i de posada en marxa i exercici per compte propi de l\u2019activitat d\u2019un petit negoci de comer\u00e7 al detall.<\/span><\/li>\n<li><span style=\"font-weight: 400;\">Administrar i gestionar un petit establiment comercial.<\/span><\/li>\n<li><span style=\"font-weight: 400;\">Realitzar la venda de productes i\/o serveis.<\/span><\/li>\n<li><span style=\"font-weight: 400;\">Organitzar les operacions de l\u2019emmagatzematge de les mercaderies.<\/span><\/li>\n<li><span style=\"font-weight: 400;\">Garantir l\u2019aprovisionament del petit negoci.<\/span><\/li>\n<li><span style=\"font-weight: 400;\">Realitzar activitats d\u2019animaci\u00f3 del punt de venda en establiments dedicats a la comercialitzaci\u00f3 de productes i\/o serveis, aplicant t\u00e8cniques de merchandising, d\u2019acord amb els objectius establerts en el pla de comercialitzaci\u00f3 de l\u2019empresa.<\/span><\/li>\n<li><span style=\"font-weight: 400;\">Realitzar les accions de comer\u00e7 electr\u00f2nic, mantenint la p\u00e0gina web de l\u2019empresa i els sistemes socials de comunicaci\u00f3 a trav\u00e9s d\u2019internet, per acomplir amb els objectius de comer\u00e7 electr\u00f2nic de l\u2019empresa definits en el pla de m\u00e0rqueting digital.<\/span><\/li>\n<li><span style=\"font-weight: 400;\">Realitzar la gesti\u00f3 comercial i administrativa de l\u2019establiment comercial.<\/span><\/li>\n<li><span style=\"font-weight: 400;\">Executar les accions de m\u00e0rqueting definides per l\u2019organitzaci\u00f3 comercial en el pla de m\u00e0rqueting.<\/span><\/li>\n<li><span style=\"font-weight: 400;\">Executar els plans d\u2019atenci\u00f3 al client.<\/span><\/li>\n<li><span style=\"font-weight: 400;\">Realitzar vendes especialitzades de productes i\/o serveis.<\/span><\/li>\n<li><span style=\"font-weight: 400;\">Gestionar en angl\u00e8s les relacions amb clients, usuaris o consumidors, realitzant el seguiment de les operacions, per assegurar el nivell de servei donat.<\/span><\/li>\n<\/ol>\n<\/li>\n<\/ol>\n<p><b>EN FINALITZAR ELS MEUS ESTUDIS, QU\u00c8 PUC FER?:<\/b><\/p>\n<ol>\n<li style=\"font-weight: 400;\" aria-level=\"1\"><span style=\"font-weight: 400;\">Continuar estudiant:<\/span><\/li>\n<\/ol>\n<p><span style=\"font-weight: 400;\">Amb aquests estudis s\u2019obt\u00e9 el t\u00edtol de t\u00e8cnic o t\u00e8cnica, que permet accedir:<\/span><\/p>\n<ul>\n<li style=\"list-style-type: none;\">\n<ul>\n<li style=\"font-weight: 400;\" aria-level=\"1\"><span style=\"font-weight: 400;\">al batxillerat en qualsevol modalitat,<\/span><\/li>\n<li style=\"font-weight: 400;\" aria-level=\"1\"><span style=\"font-weight: 400;\">a un altre cicle de grau mitj\u00e0 amb la possibilitat d&#8217;establir convalidacions de m\u00f2duls professionals d\u2019acord amb la normativa vigent,<\/span><\/li>\n<li style=\"font-weight: 400;\" aria-level=\"1\"><span style=\"font-weight: 400;\">a un cicle de grau superior de formaci\u00f3 professional.<\/span><\/li>\n<\/ul>\n<\/li>\n<\/ul>\n<p><span style=\"font-weight: 400;\">2. Optar per les seg\u00fcents sortides professionals:<\/span><\/p>\n<p><span style=\"font-weight: 400;\">La superaci\u00f3 d&#8217;aquest cicle formatiu permet accedir al m\u00f3n laboral com a:<\/span><\/p>\n<ul>\n<li style=\"list-style-type: none;\">\n<ul>\n<li style=\"font-weight: 400;\" aria-level=\"1\"><span style=\"font-weight: 400;\">venedor o venedora;<\/span><\/li>\n<li style=\"font-weight: 400;\" aria-level=\"1\"><span style=\"font-weight: 400;\">venedor t\u00e8cnic o venedora t\u00e8cnica;<\/span><\/li>\n<li style=\"font-weight: 400;\" aria-level=\"1\"><span style=\"font-weight: 400;\">representant comercial;<\/span><\/li>\n<li style=\"font-weight: 400;\" aria-level=\"1\"><span style=\"font-weight: 400;\">orientador o orientadora comercial;<\/span><\/li>\n<li style=\"font-weight: 400;\" aria-level=\"1\"><span style=\"font-weight: 400;\">promotor o promotora;<\/span><\/li>\n<li style=\"font-weight: 400;\" aria-level=\"1\"><span style=\"font-weight: 400;\">televenedor o televenedora;<\/span><\/li>\n<li style=\"font-weight: 400;\" aria-level=\"1\"><span style=\"font-weight: 400;\">venda a dist\u00e0ncia;<\/span><\/li>\n<li style=\"font-weight: 400;\" aria-level=\"1\"><span style=\"font-weight: 400;\">teleoperador o teleoperadora de centre d&#8217;atenci\u00f3 telef\u00f2nica;<\/span><\/li>\n<li style=\"font-weight: 400;\" aria-level=\"1\"><span style=\"font-weight: 400;\">informaci\u00f3 i atenci\u00f3 al client;<\/span><\/li>\n<li style=\"font-weight: 400;\" aria-level=\"1\"><span style=\"font-weight: 400;\">caixer reposador o caixera reposadora;<\/span><\/li>\n<li style=\"font-weight: 400;\" aria-level=\"1\"><span style=\"font-weight: 400;\">operador o operadora de centre d&#8217;atenci\u00f3 multicanal;<\/span><\/li>\n<li style=\"font-weight: 400;\" aria-level=\"1\"><span style=\"font-weight: 400;\">administrador o administradora de continguts en l\u00ednia;<\/span><\/li>\n<li style=\"font-weight: 400;\" aria-level=\"1\"><span style=\"font-weight: 400;\">comerciant de botiga;<\/span><\/li>\n<li style=\"font-weight: 400;\" aria-level=\"1\"><span style=\"font-weight: 400;\">gerent de petit comer\u00e7;<\/span><\/li>\n<li style=\"font-weight: 400;\" aria-level=\"1\"><span style=\"font-weight: 400;\">t\u00e8cnic o t\u00e8cnica en gesti\u00f3 d&#8217;estocs i magatzem;<\/span><\/li>\n<li style=\"font-weight: 400;\" aria-level=\"1\"><span style=\"font-weight: 400;\">cap de magatzem;<\/span><\/li>\n<li style=\"font-weight: 400;\" aria-level=\"1\"><span style=\"font-weight: 400;\">responsable de recepci\u00f3 de mercaderies;<\/span><\/li>\n<li style=\"font-weight: 400;\" aria-level=\"1\"><span style=\"font-weight: 400;\">responsable d&#8217;expedici\u00f3 de mercaderies;<\/span><\/li>\n<li style=\"font-weight: 400;\" aria-level=\"1\"><span style=\"font-weight: 400;\">t\u00e8cnic o t\u00e8cnica en log\u00edstica de magatzems;<\/span><\/li>\n<li style=\"font-weight: 400;\" aria-level=\"1\"><span style=\"font-weight: 400;\">t\u00e8cnic o t\u00e8cnica d&#8217;informaci\u00f3 i atenci\u00f3 al client en empreses.<\/span><\/li>\n<\/ul>\n<\/li>\n<\/ul>\n<p style=\"text-align: right;\"><em><span style=\"color: #0000ff;\"><strong>Rumb al teu futur<\/strong><\/span><\/em><\/p>\n<p style=\"text-align: right;\"><em><span style=\"color: #0000ff;\"><strong>ILB \u2013 connected to change<\/strong><\/span><\/em><\/p>\n","protected":false},"excerpt":{"rendered":"<p><a href=\"https:\/\/agora.xtec.cat\/ilb\/wp-content\/uploads\/usu2296\/2022\/03\/Foto_07_magatzem_modern.jpg\"><\/a><br \/>\nT\u00e8cnic\/a en activitats comercials, perfil professional log\u00edstica<br \/>\nCicle formatiu de grau mitj\u00e0<br \/>\nFAM\u00cdLIA: comer\u00e7 i m\u00e0rqueting  \u00a0 DURADA: 2000 hores\u00a0 (en el centre i l\u2019empresa)<br \/>\nN\u00daM. DE CURSOS: 2 cursos<br \/>\nMETODOLOGIA: metodologies actives d\u2019aprenentatge<br \/>\nHORARI: Mat\u00ed (Primer i segon curs)<br \/>\nPREU EN CONCEPTE DE MATERIAL: 80 euros de material&hellip;  <a href=\"https:\/\/agora.xtec.cat\/ilb\/cicles-formatius-de-grau-mitja-2\/cfgm-activitats-comercials-logistica\/\" title=\"Read CFGM Activitats Comercials &#8211; Perfil log\u00edstica\">Llegeix m\u00e9s\u00bb<\/a><\/p>\n","protected":false},"author":1,"featured_media":0,"parent":798,"menu_order":0,"comment_status":"closed","ping_status":"closed","template":"","meta":{"_bbp_topic_count":0,"_bbp_reply_count":0,"_bbp_total_topic_count":0,"_bbp_total_reply_count":0,"_bbp_voice_count":0,"_bbp_anonymous_reply_count":0,"_bbp_topic_count_hidden":0,"_bbp_reply_count_hidden":0,"_bbp_forum_subforum_count":0,"footnotes":""},"class_list":["post-768","page","type-page","status-publish","hentry"],"post_mailing_queue_ids":[],"_links":{"self":[{"href":"https:\/\/agora.xtec.cat\/ilb\/wp-json\/wp\/v2\/pages\/768","targetHints":{"allow":["GET"]}}],"collection":[{"href":"https:\/\/agora.xtec.cat\/ilb\/wp-json\/wp\/v2\/pages"}],"about":[{"href":"https:\/\/agora.xtec.cat\/ilb\/wp-json\/wp\/v2\/types\/page"}],"author":[{"embeddable":true,"href":"https:\/\/agora.xtec.cat\/ilb\/wp-json\/wp\/v2\/users\/1"}],"replies":[{"embeddable":true,"href":"https:\/\/agora.xtec.cat\/ilb\/wp-json\/wp\/v2\/comments?post=768"}],"version-history":[{"count":6,"href":"https:\/\/agora.xtec.cat\/ilb\/wp-json\/wp\/v2\/pages\/768\/revisions"}],"predecessor-version":[{"id":4629,"href":"https:\/\/agora.xtec.cat\/ilb\/wp-json\/wp\/v2\/pages\/768\/revisions\/4629"}],"up":[{"embeddable":true,"href":"https:\/\/agora.xtec.cat\/ilb\/wp-json\/wp\/v2\/pages\/798"}],"wp:attachment":[{"href":"https:\/\/agora.xtec.cat\/ilb\/wp-json\/wp\/v2\/media?parent=768"}],"curies":[{"name":"wp","href":"https:\/\/api.w.org\/{rel}","templated":true}]}}