{"id":7,"date":"2014-09-12T10:14:31","date_gmt":"2014-09-12T10:14:31","guid":{"rendered":"http:\/\/agora.xtec.cat\/ilb\/?page_id=7"},"modified":"2026-02-23T15:13:47","modified_gmt":"2026-02-23T14:13:47","slug":"pagines-dinici","status":"publish","type":"page","link":"https:\/\/agora.xtec.cat\/ilb\/","title":{"rendered":"Jornades de Portes Obertes Curs 2026-2027"},"content":{"rendered":"<p><a href=\"https:\/\/agora.xtec.cat\/ilb\/wp-content\/uploads\/usu2296\/2026\/02\/PPOO-WEB-OPTI.jpg\"><img loading=\"lazy\" decoding=\"async\" class=\"aligncenter size-full wp-image-4763\" src=\"https:\/\/agora.xtec.cat\/ilb\/wp-content\/uploads\/usu2296\/2026\/02\/PPOO-WEB-OPTI.jpg\" alt=\"\" width=\"720\" height=\"509\" srcset=\"https:\/\/agora.xtec.cat\/ilb\/wp-content\/uploads\/usu2296\/2026\/02\/PPOO-WEB-OPTI.jpg 720w, https:\/\/agora.xtec.cat\/ilb\/wp-content\/uploads\/usu2296\/2026\/02\/PPOO-WEB-OPTI-300x212.jpg 300w\" sizes=\"auto, (max-width: 720px) 100vw, 720px\" \/><\/a><\/p>\n<div>\n<div>\n<p>Les jornades de Portes Obertes del nostre centre es faran durant dues jornades:<\/p>\n<ul>\n<li>8 d\u2019abril de 2026 per FP de grau mitj\u00e0 i superior,\u00a0<strong>virtual a les 18:00 h<\/strong><\/li>\n<\/ul>\n<div><\/div>\n<ul>\n<li>9 d\u2019abril de 2026 per FP de grau mitj\u00e0 i superior,\u00a0<strong>presencial en dos torns: 18:00 h i 18:30 h<em>\u00a0<\/em><\/strong><em>(els dos torns de portes obertes han assolit el m\u00e0xim d&#8217;inscripcions previstes, gr\u00e0cies a tothom!)<\/em><\/li>\n<\/ul>\n<div><\/div>\n<div><a href=\"https:\/\/docs.google.com\/forms\/d\/e\/1FAIpQLSecBXn4phxI_MlIr_Bf6EyElHWc6HLFLFQhYzkpPk9MCHeuxA\/viewform\">Cal inscripci\u00f3 pr\u00e8via: ENLLA\u00c7 FORMULARI D\u2019INSCRIPCI\u00d3 (ONLINE O PRESENCIAL)<\/a><\/div>\n<div><\/div>\n<\/div>\n<\/div>\n<div>\n<hr \/>\n<\/div>\n<div>\n<div>\n<p>Per resoldre qualsevol dubte podeu contactar a l\u2019adre\u00e7a electr\u00f2nica preinscripcio@ilb.cat<\/p>\n<\/div>\n<\/div>\n<p>&nbsp;<\/p>\n<p style=\"text-align: right;\"><em><span style=\"color: #0000ff;\"><strong>Rumb al teu futur<\/strong><\/span><\/em><\/p>\n<p style=\"text-align: right;\"><em><span style=\"color: #0000ff;\"><strong>ILB \u2013 connected to change<\/strong><\/span><\/em><\/p>\n<p><a href=\"https:\/\/agora.xtec.cat\/ilb\/wp-content\/uploads\/usu2296\/2025\/03\/Be_Pro_Banner-744x250-03.png\"><img loading=\"lazy\" decoding=\"async\" class=\"aligncenter size-full wp-image-4040\" src=\"https:\/\/agora.xtec.cat\/ilb\/wp-content\/uploads\/usu2296\/2025\/03\/Be_Pro_Banner-744x250-03.png\" alt=\"\" width=\"744\" height=\"250\" srcset=\"https:\/\/agora.xtec.cat\/ilb\/wp-content\/uploads\/usu2296\/2025\/03\/Be_Pro_Banner-744x250-03.png 744w, https:\/\/agora.xtec.cat\/ilb\/wp-content\/uploads\/usu2296\/2025\/03\/Be_Pro_Banner-744x250-03-300x101.png 300w\" sizes=\"auto, (max-width: 744px) 100vw, 744px\" \/><\/a> <a href=\"https:\/\/agora.xtec.cat\/ilb\/wp-content\/uploads\/usu2296\/2025\/03\/Be_Pro_Banner-744x250-01.png\"><img loading=\"lazy\" decoding=\"async\" class=\"aligncenter size-full wp-image-4039\" src=\"https:\/\/agora.xtec.cat\/ilb\/wp-content\/uploads\/usu2296\/2025\/03\/Be_Pro_Banner-744x250-01.png\" alt=\"\" width=\"743\" height=\"249\" srcset=\"https:\/\/agora.xtec.cat\/ilb\/wp-content\/uploads\/usu2296\/2025\/03\/Be_Pro_Banner-744x250-01.png 743w, https:\/\/agora.xtec.cat\/ilb\/wp-content\/uploads\/usu2296\/2025\/03\/Be_Pro_Banner-744x250-01-300x101.png 300w\" sizes=\"auto, (max-width: 743px) 100vw, 743px\" \/><\/a><\/p>\n<p><a href=\"https:\/\/agora.xtec.cat\/ilb\/wp-content\/uploads\/usu2296\/2024\/01\/baner_be_pro.png\"><br \/>\n<img loading=\"lazy\" decoding=\"async\" class=\"aligncenter size-large wp-image-2661\" src=\"https:\/\/agora.xtec.cat\/ilb\/wp-content\/uploads\/usu2296\/2024\/01\/baner_be_pro-1024x225.png\" alt=\"\" width=\"1024\" height=\"225\" srcset=\"https:\/\/agora.xtec.cat\/ilb\/wp-content\/uploads\/usu2296\/2024\/01\/baner_be_pro-1024x225.png 1024w, https:\/\/agora.xtec.cat\/ilb\/wp-content\/uploads\/usu2296\/2024\/01\/baner_be_pro-300x66.png 300w, https:\/\/agora.xtec.cat\/ilb\/wp-content\/uploads\/usu2296\/2024\/01\/baner_be_pro-768x169.png 768w, https:\/\/agora.xtec.cat\/ilb\/wp-content\/uploads\/usu2296\/2024\/01\/baner_be_pro-1536x338.png 1536w, https:\/\/agora.xtec.cat\/ilb\/wp-content\/uploads\/usu2296\/2024\/01\/baner_be_pro-2048x451.png 2048w\" sizes=\"auto, (max-width: 1024px) 100vw, 1024px\" \/><\/a><\/p>\n<p>\u200b<\/p>\n<table style=\"border-collapse: collapse; width: 100%; height: 215px;\">\n<tbody>\n<tr style=\"height: 215px;\">\n<td style=\"width: 50%; height: 215px;\"><a href=\"https:\/\/fp.gencat.cat\/ca\/sistema-fpcat\/mapa-de-centres-de-formacio-professional-de-catalunya\/\" target=\"_blank\" rel=\"noopener\"><img loading=\"lazy\" decoding=\"async\" class=\"alignnone size-full wp-image-3711\" src=\"https:\/\/agora.xtec.cat\/ilb\/wp-content\/uploads\/usu2296\/2024\/12\/Id-fons-transparent-600x200px-1.png\" alt=\"\" width=\"591\" height=\"199\" srcset=\"https:\/\/agora.xtec.cat\/ilb\/wp-content\/uploads\/usu2296\/2024\/12\/Id-fons-transparent-600x200px-1.png 591w, https:\/\/agora.xtec.cat\/ilb\/wp-content\/uploads\/usu2296\/2024\/12\/Id-fons-transparent-600x200px-1-300x101.png 300w\" sizes=\"auto, (max-width: 591px) 100vw, 591px\" \/><\/a><\/td>\n<td style=\"width: 50%; height: 215px;\"><a href=\"https:\/\/fp.gencat.cat\/ca\/acreditacio\/em-vull-acreditar\/\" target=\"_blank\" rel=\"noopener\"><img loading=\"lazy\" decoding=\"async\" class=\"wp-image-3707 aligncenter\" src=\"https:\/\/agora.xtec.cat\/ilb\/wp-content\/uploads\/usu2296\/2024\/12\/Banner-Acreditacio-775x450-t.png\" alt=\"\" width=\"256\" height=\"149\" srcset=\"https:\/\/agora.xtec.cat\/ilb\/wp-content\/uploads\/usu2296\/2024\/12\/Banner-Acreditacio-775x450-t.png 776w, https:\/\/agora.xtec.cat\/ilb\/wp-content\/uploads\/usu2296\/2024\/12\/Banner-Acreditacio-775x450-t-300x174.png 300w, https:\/\/agora.xtec.cat\/ilb\/wp-content\/uploads\/usu2296\/2024\/12\/Banner-Acreditacio-775x450-t-768x446.png 768w\" sizes=\"auto, (max-width: 256px) 100vw, 256px\" \/><\/a><\/td>\n<\/tr>\n<\/tbody>\n<\/table>\n<p><a href=\"https:\/\/agora.xtec.cat\/ilb\/wp-content\/uploads\/usu2296\/2024\/10\/mrr23_redim_evidencia2_logo.png\"><img loading=\"lazy\" decoding=\"async\" class=\"alignnone size-large wp-image-3635\" src=\"https:\/\/agora.xtec.cat\/ilb\/wp-content\/uploads\/usu2296\/2024\/10\/mrr23_redim_evidencia2_logo-1024x268.png\" alt=\"\" width=\"1024\" height=\"268\" srcset=\"https:\/\/agora.xtec.cat\/ilb\/wp-content\/uploads\/usu2296\/2024\/10\/mrr23_redim_evidencia2_logo-1024x268.png 1024w, https:\/\/agora.xtec.cat\/ilb\/wp-content\/uploads\/usu2296\/2024\/10\/mrr23_redim_evidencia2_logo-300x79.png 300w, https:\/\/agora.xtec.cat\/ilb\/wp-content\/uploads\/usu2296\/2024\/10\/mrr23_redim_evidencia2_logo-768x201.png 768w, https:\/\/agora.xtec.cat\/ilb\/wp-content\/uploads\/usu2296\/2024\/10\/mrr23_redim_evidencia2_logo.png 1196w\" sizes=\"auto, (max-width: 1024px) 100vw, 1024px\" \/><\/a><\/p>\n<p>&nbsp;<\/p>\n","protected":false},"excerpt":{"rendered":"<p><a href=\"https:\/\/agora.xtec.cat\/ilb\/wp-content\/uploads\/usu2296\/2026\/02\/PPOO-WEB-OPTI.jpg\"><\/a><\/p>\n<p>Les jornades de Portes Obertes del nostre centre es faran durant dues jornades:<\/p>\n<ul>\n<li>8 d\u2019abril de 2026 per FP de grau mitj\u00e0 i superior,\u00a0virtual a les 18:00 h<\/li>\n<\/ul>\n<ul>\n<li>9 d\u2019abril de 2026 per FP de grau mitj\u00e0 i superior,\u00a0presencial en dos torns: 18:00 h i 18:30&hellip;  <a href=\"https:\/\/agora.xtec.cat\/ilb\/\" title=\"Read Jornades de Portes Obertes Curs 2026-2027\">Llegeix m\u00e9s\u00bb<\/a><br \/>\n","protected":false},"author":1,"featured_media":0,"parent":0,"menu_order":0,"comment_status":"closed","ping_status":"closed","template":"","meta":{"_bbp_topic_count":0,"_bbp_reply_count":0,"_bbp_total_topic_count":0,"_bbp_total_reply_count":0,"_bbp_voice_count":0,"_bbp_anonymous_reply_count":0,"_bbp_topic_count_hidden":0,"_bbp_reply_count_hidden":0,"_bbp_forum_subforum_count":0,"footnotes":""},"class_list":["post-7","page","type-page","status-publish","hentry"],"post_mailing_queue_ids":[],"_links":{"self":[{"href":"https:\/\/agora.xtec.cat\/ilb\/wp-json\/wp\/v2\/pages\/7","targetHints":{"allow":["GET"]}}],"collection":[{"href":"https:\/\/agora.xtec.cat\/ilb\/wp-json\/wp\/v2\/pages"}],"about":[{"href":"https:\/\/agora.xtec.cat\/ilb\/wp-json\/wp\/v2\/types\/page"}],"author":[{"embeddable":true,"href":"https:\/\/agora.xtec.cat\/ilb\/wp-json\/wp\/v2\/users\/1"}],"replies":[{"embeddable":true,"href":"https:\/\/agora.xtec.cat\/ilb\/wp-json\/wp\/v2\/comments?post=7"}],"version-history":[{"count":7,"href":"https:\/\/agora.xtec.cat\/ilb\/wp-json\/wp\/v2\/pages\/7\/revisions"}],"predecessor-version":[{"id":4774,"href":"https:\/\/agora.xtec.cat\/ilb\/wp-json\/wp\/v2\/pages\/7\/revisions\/4774"}],"wp:attachment":[{"href":"https:\/\/agora.xtec.cat\/ilb\/wp-json\/wp\/v2\/media?parent=7"}],"curies":[{"name":"wp","href":"https:\/\/api.w.org\/{rel}","templated":true}]}}