{"id":691,"date":"2022-03-05T01:40:04","date_gmt":"2022-03-05T00:40:04","guid":{"rendered":"https:\/\/agora.xtec.cat\/ilb\/?page_id=691"},"modified":"2025-12-17T16:45:23","modified_gmt":"2025-12-17T15:45:23","slug":"staff","status":"publish","type":"page","link":"https:\/\/agora.xtec.cat\/ilb\/staff\/","title":{"rendered":"Staff"},"content":{"rendered":"<table dir=\"ltr\" style=\"width: 63.7107%; height: 1485px;\" border=\"1\" cellspacing=\"0\" cellpadding=\"0\" data-sheets-root=\"1\" data-sheets-baot=\"1\">\n<colgroup>\n<col width=\"242\" \/>\n<col width=\"100\" \/><\/colgroup>\n<tbody>\n<tr style=\"height: 33px;\">\n<td style=\"width: 68.9655%; height: 33px;\"><em><strong>Cognoms, Nom<\/strong><\/em><\/td>\n<td style=\"width: 30.1724%; height: 33px;\"><em><strong>Departament<\/strong><\/em><\/td>\n<\/tr>\n<tr style=\"height: 33px;\">\n<td style=\"width: 68.9655%; height: 33px;\">Abu\u00edn Gonz\u00e1lez, M\u00aa Fe<\/td>\n<td style=\"width: 30.1724%; height: 33px;\">Idiomes<\/td>\n<\/tr>\n<tr style=\"height: 33px;\">\n<td style=\"width: 68.9655%; height: 33px;\">Alfonso \u00dabeda, Eug\u00e8nia<\/td>\n<td style=\"width: 30.1724%; height: 33px;\">Comer\u00e7<\/td>\n<\/tr>\n<tr style=\"height: 33px;\">\n<td style=\"width: 68.9655%; height: 33px;\">Bort Clausell, Marta<\/td>\n<td style=\"width: 30.1724%; height: 33px;\">Idiomes<\/td>\n<\/tr>\n<tr style=\"height: 33px;\">\n<td style=\"width: 68.9655%; height: 33px;\">Carmona Barrios, Francesca<\/td>\n<td style=\"width: 30.1724%; height: 33px;\">Inform\u00e0tica<\/td>\n<\/tr>\n<tr style=\"height: 33px;\">\n<td style=\"width: 68.9655%; height: 33px;\">Carretero Velasco, Miguel Angel<\/td>\n<td style=\"width: 30.1724%; height: 33px;\">Comer\u00e7<\/td>\n<\/tr>\n<tr style=\"height: 33px;\">\n<td style=\"width: 68.9655%; height: 33px;\">Casserres Vendres, Pere<\/td>\n<td style=\"width: 30.1724%; height: 33px;\">PFI<\/td>\n<\/tr>\n<tr style=\"height: 33px;\">\n<td style=\"width: 68.9655%; height: 33px;\">Celda Escriv\u00e1, Maria<\/td>\n<td style=\"width: 30.1724%; height: 33px;\">Comer\u00e7<\/td>\n<\/tr>\n<tr style=\"height: 33px;\">\n<td style=\"width: 68.9655%; height: 33px;\">Clemente Hernandez, Gerardo<\/td>\n<td style=\"width: 30.1724%; height: 33px;\">Inform\u00e0tica<\/td>\n<\/tr>\n<tr style=\"height: 33px;\">\n<td style=\"width: 68.9655%; height: 33px;\">Cos Quixal, Josep Maria<\/td>\n<td style=\"width: 30.1724%; height: 33px;\">Comer\u00e7<\/td>\n<\/tr>\n<tr style=\"height: 33px;\">\n<td style=\"width: 68.9655%; height: 33px;\">Cuesta N\u00fa\u00f1ez, Laura<\/td>\n<td style=\"width: 30.1724%; height: 33px;\">Comer\u00e7<\/td>\n<\/tr>\n<tr style=\"height: 33px;\">\n<td style=\"width: 68.9655%; height: 33px;\">Dur\u00e0 Vives, Alejandro<\/td>\n<td style=\"width: 30.1724%; height: 33px;\">Administraci\u00f3<\/td>\n<\/tr>\n<tr style=\"height: 33px;\">\n<td style=\"width: 68.9655%; height: 33px;\">Escofet Rico, Eva<\/td>\n<td style=\"width: 30.1724%; height: 33px;\">Comer\u00e7<\/td>\n<\/tr>\n<tr style=\"height: 33px;\">\n<td style=\"width: 68.9655%; height: 33px;\">Escrib\u00e0 Lemi\u00f1a, Albert<\/td>\n<td style=\"width: 30.1724%; height: 33px;\">Inform\u00e0tica<\/td>\n<\/tr>\n<tr style=\"height: 33px;\">\n<td style=\"width: 68.9655%; height: 33px;\">Espinach Fab\u00e0, Xavier<\/td>\n<td style=\"width: 30.1724%; height: 33px;\">PFI<\/td>\n<\/tr>\n<tr style=\"height: 33px;\">\n<td style=\"width: 68.9655%; height: 33px;\">Esquerr\u00e0 Sanroma, Joan<\/td>\n<td style=\"width: 30.1724%; height: 33px;\">Administraci\u00f3<\/td>\n<\/tr>\n<tr style=\"height: 33px;\">\n<td style=\"width: 68.9655%; height: 33px;\">Faccioli, Alessandro<\/td>\n<td style=\"width: 30.1724%; height: 33px;\">Administraci\u00f3<\/td>\n<\/tr>\n<tr style=\"height: 33px;\">\n<td style=\"width: 68.9655%; height: 33px;\">Garc\u00eda Casta\u00f1o, Andr\u00e9s<\/td>\n<td style=\"width: 30.1724%; height: 33px;\">Inform\u00e0tica<\/td>\n<\/tr>\n<tr style=\"height: 33px;\">\n<td style=\"width: 68.9655%; height: 33px;\">G\u00f3mez Morales, Ana Mar\u00eda<\/td>\n<td style=\"width: 30.1724%; height: 33px;\">Idiomes<\/td>\n<\/tr>\n<tr style=\"height: 33px;\">\n<td style=\"width: 68.9655%; height: 33px;\">Gonz\u00e1lez Cutillas, D\u00eddac<\/td>\n<td style=\"width: 30.1724%; height: 33px;\">FOL<\/td>\n<\/tr>\n<tr style=\"height: 33px;\">\n<td style=\"width: 68.9655%; height: 33px;\">Gonz\u00e1lez del Rio, Miguel Angel<\/td>\n<td style=\"width: 30.1724%; height: 33px;\">Inform\u00e0tica<\/td>\n<\/tr>\n<tr style=\"height: 33px;\">\n<td style=\"width: 68.9655%; height: 33px;\">Lerin, Emilie<\/td>\n<td style=\"width: 30.1724%; height: 33px;\">Idiomes<\/td>\n<\/tr>\n<tr style=\"height: 33px;\">\n<td style=\"width: 68.9655%; height: 33px;\">Llovet Jim\u00e9nez, \u00d2scar<\/td>\n<td style=\"width: 30.1724%; height: 33px;\">Comer\u00e7<\/td>\n<\/tr>\n<tr style=\"height: 33px;\">\n<td style=\"width: 68.9655%; height: 33px;\">L\u00f3pez Motos, S\u00f2nia<\/td>\n<td style=\"width: 30.1724%; height: 33px;\">Administraci\u00f3<\/td>\n<\/tr>\n<tr style=\"height: 33px;\">\n<td style=\"width: 68.9655%; height: 33px;\">Mart\u00ed Edo, Albert<\/td>\n<td style=\"width: 30.1724%; height: 33px;\">Inform\u00e0tica<\/td>\n<\/tr>\n<tr>\n<td style=\"width: 68.9655%;\">Mart\u00ednez Mart\u00ednez, Laura<\/td>\n<td style=\"width: 30.1724%;\">Comer\u00e7<\/td>\n<\/tr>\n<tr style=\"height: 33px;\">\n<td style=\"width: 68.9655%; height: 33px;\">Mart\u00ednez Piqu\u00e9, Gonzalo<\/td>\n<td style=\"width: 30.1724%; height: 33px;\">Comer\u00e7<\/td>\n<\/tr>\n<tr style=\"height: 33px;\">\n<td style=\"width: 68.9655%; height: 33px;\">Molina P\u00e9rez, David<\/td>\n<td style=\"width: 30.1724%; height: 33px;\">FOL<\/td>\n<\/tr>\n<tr style=\"height: 33px;\">\n<td style=\"width: 68.9655%; height: 33px;\">Mulero Caro, Juan Manuel<\/td>\n<td style=\"width: 30.1724%; height: 33px;\">Comer\u00e7<\/td>\n<\/tr>\n<tr style=\"height: 33px;\">\n<td style=\"width: 68.9655%; height: 33px;\">Niub\u00f3 Cidoncha, Laura<\/td>\n<td style=\"width: 30.1724%; height: 33px;\">Administraci\u00f3<\/td>\n<\/tr>\n<tr style=\"height: 33px;\">\n<td style=\"width: 68.9655%; height: 33px;\">Ochoa Argany, Iv\u00e1n<\/td>\n<td style=\"width: 30.1724%; height: 33px;\">Comer\u00e7<\/td>\n<\/tr>\n<tr style=\"height: 33px;\">\n<td style=\"width: 68.9655%; height: 33px;\">Ortiz Renedo, Rafael<\/td>\n<td style=\"width: 30.1724%; height: 33px;\">Comer\u00e7<\/td>\n<\/tr>\n<tr style=\"height: 33px;\">\n<td style=\"width: 68.9655%; height: 33px;\">Pascual Mari\u00f1elarena, I\u00f1aki<\/td>\n<td style=\"width: 30.1724%; height: 33px;\">Inform\u00e0tica<\/td>\n<\/tr>\n<tr style=\"height: 33px;\">\n<td style=\"width: 68.9655%; height: 33px;\">Peral Fos, Alfons<\/td>\n<td style=\"width: 30.1724%; height: 33px;\">Comer\u00e7<\/td>\n<\/tr>\n<tr style=\"height: 33px;\">\n<td style=\"width: 68.9655%; height: 33px;\">Pineda Rodoreda, Teresa<\/td>\n<td style=\"width: 30.1724%; height: 33px;\">Comer\u00e7<\/td>\n<\/tr>\n<tr style=\"height: 33px;\">\n<td style=\"width: 68.9655%; height: 33px;\">Plana Tormo, Enric<\/td>\n<td style=\"width: 30.1724%; height: 33px;\">Administraci\u00f3<\/td>\n<\/tr>\n<tr style=\"height: 33px;\">\n<td style=\"width: 68.9655%; height: 33px;\">Portol\u00e9s Falc\u00f3, Cec\u00edlia<\/td>\n<td style=\"width: 30.1724%; height: 33px;\">Administraci\u00f3<\/td>\n<\/tr>\n<tr style=\"height: 33px;\">\n<td style=\"width: 68.9655%; height: 33px;\">Prat Canet, Borja<\/td>\n<td style=\"width: 30.1724%; height: 33px;\">Inform\u00e0tica<\/td>\n<\/tr>\n<tr style=\"height: 33px;\">\n<td style=\"width: 68.9655%; height: 33px;\">Rodr\u00edguez Mart\u00ednez, Lourdes<\/td>\n<td style=\"width: 30.1724%; height: 33px;\">Administraci\u00f3<\/td>\n<\/tr>\n<tr style=\"height: 33px;\">\n<td style=\"width: 68.9655%; height: 33px;\">Rotger Domingo, Llu\u00eds<\/td>\n<td style=\"width: 30.1724%; height: 33px;\">Inform\u00e0tica<\/td>\n<\/tr>\n<tr style=\"height: 33px;\">\n<td style=\"width: 68.9655%; height: 33px;\">Rueda Trivi\u00f1o, Irmina<\/td>\n<td style=\"width: 30.1724%; height: 33px;\">Comer\u00e7<\/td>\n<\/tr>\n<tr style=\"height: 33px;\">\n<td style=\"width: 68.9655%; height: 33px;\">Ruesga Cortiella, Eduardo<\/td>\n<td style=\"width: 30.1724%; height: 33px;\">Administraci\u00f3<\/td>\n<\/tr>\n<tr>\n<td style=\"width: 68.9655%;\">S\u00e1nchez Garc\u00eda, Carlota<\/td>\n<td style=\"width: 30.1724%;\">Idiomes<\/td>\n<\/tr>\n<tr style=\"height: 33px;\">\n<td style=\"width: 68.9655%; height: 33px;\">Valido Moran, Abel<\/td>\n<td style=\"width: 30.1724%; height: 33px;\">Comer\u00e7<\/td>\n<\/tr>\n<tr style=\"height: 33px;\">\n<td style=\"width: 68.9655%; height: 33px;\">V\u00e1zquez G\u00e1zquez, Jos\u00e9 Antonio<\/td>\n<td style=\"width: 30.1724%; height: 33px;\">Comer\u00e7<\/td>\n<\/tr>\n<tr style=\"height: 33px;\">\n<td style=\"width: 68.9655%; height: 33px;\">Verd\u00fa Tortosa, Jordi<\/td>\n<td style=\"width: 30.1724%; height: 33px;\">Inform\u00e0tica<\/td>\n<\/tr>\n<tr style=\"height: 33px;\">\n<td style=\"width: 68.9655%; height: 33px;\">Vinyes Vila, Jes\u00fas<\/td>\n<td style=\"width: 30.1724%; height: 33px;\">Comer\u00e7<\/td>\n<\/tr>\n<tr style=\"height: 33px;\">\n<td style=\"width: 68.9655%; height: 33px;\">Vives Serra, \u00c0ngels<\/td>\n<td style=\"text-align: left; width: 30.1724%; height: 33px;\">Comer\u00e7<\/td>\n<\/tr>\n<\/tbody>\n<\/table>\n<p>&nbsp;<\/p>\n<p>&nbsp;<\/p>\n<p style=\"text-align: right;\"><em><span style=\"color: #0000ff;\"><strong>Rumb al teu futur<\/strong><\/span><\/em><\/p>\n<p style=\"text-align: right;\"><em><span style=\"color: #0000ff;\"><strong>ILB \u2013 connected to change<\/strong><\/span><\/em><\/p>\n","protected":false},"excerpt":{"rendered":"<p>Cognoms, Nom<br \/>\nDepartament<\/p>\n<p>Abu\u00edn Gonz\u00e1lez, M\u00aa Fe<br \/>\nIdiomes<\/p>\n<p>Alfonso \u00dabeda, Eug\u00e8nia<br \/>\nComer\u00e7<\/p>\n<p>Bort Clausell, Marta<br \/>\nIdiomes<\/p>\n<p>Carmona Barrios, Francesca<br \/>\nInform\u00e0tica<\/p>\n<p>Carretero Velasco, Miguel Angel<br \/>\nComer\u00e7<\/p>\n<p>Casserres Vendres, Pere<br \/>\nPFI<\/p>\n<p>Celda Escriv\u00e1, Maria<br \/>\nComer\u00e7<\/p>\n<p>Clemente Hernandez, Gerardo<br \/>\nInform\u00e0tica<\/p>\n<p>Cos Quixal, Josep Maria<br \/>\nComer\u00e7<\/p>\n<p>Cuesta N\u00fa\u00f1ez, Laura<br \/>\nComer\u00e7<\/p>\n<p>Dur\u00e0 Vives, Alejandro<br \/>\nAdministraci\u00f3<\/p>\n<p>Escofet Rico, Eva<br \/>\nComer\u00e7<\/p>\n<p>Escrib\u00e0 Lemi\u00f1a, Albert<br \/>\nInform\u00e0tica<\/p>\n<p>Espinach Fab\u00e0, Xavier<br \/>\nPFI<\/p>\n<p>Esquerr\u00e0 Sanroma, Joan<br \/>\nAdministraci\u00f3<\/p>\n<p>Faccioli, Alessandro<br \/>\nAdministraci\u00f3<\/p>\n<p>Garc\u00eda Casta\u00f1o, Andr\u00e9s<br \/>\nInform\u00e0tica<\/p>\n<p>G\u00f3mez Morales, Ana Mar\u00eda<br \/>\nIdiomes<\/p>\n<p>Gonz\u00e1lez Cutillas, D\u00eddac<br \/>\nFOL<\/p>\n<p>Gonz\u00e1lez del Rio,&hellip;  <a href=\"https:\/\/agora.xtec.cat\/ilb\/staff\/\" title=\"Read Staff\">Llegeix m\u00e9s\u00bb<\/a><\/p>\n","protected":false},"author":1,"featured_media":0,"parent":0,"menu_order":0,"comment_status":"closed","ping_status":"closed","template":"","meta":{"_bbp_topic_count":0,"_bbp_reply_count":0,"_bbp_total_topic_count":0,"_bbp_total_reply_count":0,"_bbp_voice_count":0,"_bbp_anonymous_reply_count":0,"_bbp_topic_count_hidden":0,"_bbp_reply_count_hidden":0,"_bbp_forum_subforum_count":0,"footnotes":""},"class_list":["post-691","page","type-page","status-publish","hentry"],"post_mailing_queue_ids":[],"_links":{"self":[{"href":"https:\/\/agora.xtec.cat\/ilb\/wp-json\/wp\/v2\/pages\/691","targetHints":{"allow":["GET"]}}],"collection":[{"href":"https:\/\/agora.xtec.cat\/ilb\/wp-json\/wp\/v2\/pages"}],"about":[{"href":"https:\/\/agora.xtec.cat\/ilb\/wp-json\/wp\/v2\/types\/page"}],"author":[{"embeddable":true,"href":"https:\/\/agora.xtec.cat\/ilb\/wp-json\/wp\/v2\/users\/1"}],"replies":[{"embeddable":true,"href":"https:\/\/agora.xtec.cat\/ilb\/wp-json\/wp\/v2\/comments?post=691"}],"version-history":[{"count":7,"href":"https:\/\/agora.xtec.cat\/ilb\/wp-json\/wp\/v2\/pages\/691\/revisions"}],"predecessor-version":[{"id":4614,"href":"https:\/\/agora.xtec.cat\/ilb\/wp-json\/wp\/v2\/pages\/691\/revisions\/4614"}],"wp:attachment":[{"href":"https:\/\/agora.xtec.cat\/ilb\/wp-json\/wp\/v2\/media?parent=691"}],"curies":[{"name":"wp","href":"https:\/\/api.w.org\/{rel}","templated":true}]}}