{"id":638,"date":"2022-03-05T00:59:38","date_gmt":"2022-03-04T23:59:38","guid":{"rendered":"https:\/\/agora.xtec.cat\/ilb\/?page_id=638"},"modified":"2026-02-06T10:36:29","modified_gmt":"2026-02-06T09:36:29","slug":"titols-i-certificats-destudis","status":"publish","type":"page","link":"https:\/\/agora.xtec.cat\/ilb\/titols-i-certificats-destudis\/","title":{"rendered":"T\u00edtols i certificats d&#8217;estudis"},"content":{"rendered":"<p>En aquest apartat podr\u00e0s demanar un certificat o t\u00edtol acad\u00e8mic com a antic estudiant del nostre centre que ha format part de la nostra comunitat educativa. A continuaci\u00f3, selecciona l\u2019opci\u00f3 que necessitis sol\u00b7licitar, si us plau:<\/p>\n<ol>\n<li style=\"list-style-type: none;\">\n<ol>\n<li><em><strong>Certificat<\/strong><\/em>\n<ul>\n<li>Al formulari podr\u00e0s especificar quin tipus de certificat o document voldries demanar<\/li>\n<li><a href=\"https:\/\/forms.gle\/3ZDhic5WU8gCmWT4A\">Sol\u00b7licitud certificat<\/a><\/li>\n<\/ul>\n<\/li>\n<li><em><strong>T\u00edtol acad\u00e8mic<\/strong><\/em>\n<ul>\n<li><a href=\"https:\/\/educacio.gencat.cat\/ca\/departament\/normativa\/taxes-preus-publics\/taxes\/index.html\">Taxes per l&#8217;expedici\u00f3 de t\u00edtols acad\u00e8mics i professionals<\/a> (apartat <em>&#8220;Formaci\u00f3 Professional&#8221;<\/em>)<\/li>\n<li>A trav\u00e9s del <a href=\"https:\/\/tramits.gencat.cat\/ca\/tramits\/tramits-temes\/titols-academics-no-universitaris?category=742b7874-a82c-11e3-a972-000c29052e2c\">tr\u00e0mit en l\u00ednia<\/a> es podr\u00e0 sol\u00b7licitar l\u2019expedici\u00f3 del resguard del t\u00edtol acad\u00e8mic i el duplicat.<\/li>\n<\/ul>\n<\/li>\n<\/ol>\n<\/li>\n<\/ol>\n<p><strong data-start=\"336\" data-end=\"382\">Per a consultes o ajuda amb el tr\u00e0mit en l\u00ednia de sol\u00b7licitud del resguard de t\u00edtol acad\u00e8mic:<\/strong> pots trucar al tel\u00e8fon d\u2019atenci\u00f3 ciutadana de la Generalitat de Catalunya 012.<\/p>\n<p><strong data-start=\"392\" data-end=\"418\">Per a altres consultes<\/strong>, adre\u00e7a\u2019t a la gesti\u00f3 administrativa del centre a <a class=\"decorated-link cursor-pointer\" rel=\"noopener\" data-start=\"471\" data-end=\"494\">gadministrativa@ilb.cat<\/a>.<\/p>\n<p><em>Recorda que, si ets estudiant actual\u00a0de l\u2019ILB, haur\u00e0s de demanar aquesta documentaci\u00f3 a trav\u00e9s del\u00a0<a href=\"https:\/\/sites.google.com\/ilb.cat\/secretaria\/inicio\">Google Sites de Secretaria<\/a>\u00a0amb la teva adre\u00e7a electr\u00f2nica de centre @ilb.cat.<\/em><\/p>\n<p>&nbsp;<\/p>\n<p style=\"text-align: right;\"><em><span style=\"color: #0000ff;\"><strong>Rumb al teu futur<\/strong><\/span><\/em><\/p>\n<p style=\"text-align: right;\"><em><span style=\"color: #0000ff;\"><strong>ILB \u2013 connected to change<\/strong><\/span><\/em><\/p>\n<p><!--more--><\/p>\n","protected":false},"excerpt":{"rendered":"<p>En aquest apartat podr\u00e0s demanar un certificat o t\u00edtol acad\u00e8mic com a antic estudiant del nostre centre que ha format part de la nostra comunitat educativa. A continuaci\u00f3, selecciona l\u2019opci\u00f3 que necessitis sol\u00b7licitar, si us plau:<\/p>\n<ol>\n<li style=\"list-style-type: none;\">\n<ol>\n<li>Certificat\n<ul>\n<li>Al formulari podr\u00e0s especificar quin tipus de certificat&hellip;  <a href=\"https:\/\/agora.xtec.cat\/ilb\/titols-i-certificats-destudis\/\" title=\"Read T\u00edtols i certificats d&#8217;estudis\">Llegeix m\u00e9s\u00bb<\/a><br \/>\n","protected":false},"author":1,"featured_media":0,"parent":0,"menu_order":0,"comment_status":"closed","ping_status":"closed","template":"","meta":{"_bbp_topic_count":0,"_bbp_reply_count":0,"_bbp_total_topic_count":0,"_bbp_total_reply_count":0,"_bbp_voice_count":0,"_bbp_anonymous_reply_count":0,"_bbp_topic_count_hidden":0,"_bbp_reply_count_hidden":0,"_bbp_forum_subforum_count":0,"footnotes":""},"class_list":["post-638","page","type-page","status-publish","hentry"],"post_mailing_queue_ids":[],"_links":{"self":[{"href":"https:\/\/agora.xtec.cat\/ilb\/wp-json\/wp\/v2\/pages\/638","targetHints":{"allow":["GET"]}}],"collection":[{"href":"https:\/\/agora.xtec.cat\/ilb\/wp-json\/wp\/v2\/pages"}],"about":[{"href":"https:\/\/agora.xtec.cat\/ilb\/wp-json\/wp\/v2\/types\/page"}],"author":[{"embeddable":true,"href":"https:\/\/agora.xtec.cat\/ilb\/wp-json\/wp\/v2\/users\/1"}],"replies":[{"embeddable":true,"href":"https:\/\/agora.xtec.cat\/ilb\/wp-json\/wp\/v2\/comments?post=638"}],"version-history":[{"count":6,"href":"https:\/\/agora.xtec.cat\/ilb\/wp-json\/wp\/v2\/pages\/638\/revisions"}],"predecessor-version":[{"id":4750,"href":"https:\/\/agora.xtec.cat\/ilb\/wp-json\/wp\/v2\/pages\/638\/revisions\/4750"}],"wp:attachment":[{"href":"https:\/\/agora.xtec.cat\/ilb\/wp-json\/wp\/v2\/media?parent=638"}],"curies":[{"name":"wp","href":"https:\/\/api.w.org\/{rel}","templated":true}]}}