{"id":575,"date":"2022-03-05T00:17:05","date_gmt":"2022-03-04T23:17:05","guid":{"rendered":"https:\/\/agora.xtec.cat\/ilb\/?page_id=575"},"modified":"2025-12-17T16:45:55","modified_gmt":"2025-12-17T15:45:55","slug":"partners","status":"publish","type":"page","link":"https:\/\/agora.xtec.cat\/ilb\/partners\/","title":{"rendered":"Partners"},"content":{"rendered":"<p>L&#8217;Institut de Log\u00edstica de Barcelona \u00e9s un centre p\u00fablic que neix amb l&#8217;iniciativa del <a href=\"https:\/\/www.edubcn.cat\/ca\" target=\"_blank\" rel=\"noopener\">Consorci d&#8217;Educaci\u00f3 de Barcelona<\/a>, amb el\u00a0<em>partenariat\u00a0<\/em>del <a href=\"https:\/\/www.portdebarcelona.cat\/\" target=\"_blank\" rel=\"noopener\">Port de Barcelona<\/a>, dins del seu pla estrat\u00e8gic 2020-2025 compta amb iniciatives per fomentar la formaci\u00f3, ocupaci\u00f3, emprenedoria i atracci\u00f3 de talent.<\/p>\n<table style=\"width: 100%; border-collapse: collapse; border-style: none;\">\n<tbody>\n<tr>\n<td style=\"width: 50%; border-style: none;\"><a href=\"https:\/\/www.edubcn.cat\/ca\" target=\"_blank\" rel=\"noopener\"><img loading=\"lazy\" decoding=\"async\" class=\"size-full wp-image-1695 aligncenter\" src=\"https:\/\/agora.xtec.cat\/ilb\/wp-content\/uploads\/usu2296\/2023\/02\/Captura-de-pantalla-2023-02-12-140502.png\" alt=\"\" width=\"232\" height=\"72\" \/><\/a><\/td>\n<td style=\"width: 50%; border-style: none;\"><a href=\"https:\/\/www.portdebarcelona.cat\/es\/sostenibilidad\/sostenibilidad-social\/formacion-y-empleo\/institut-de-logistica-de-barcelona\" target=\"_blank\" rel=\"noopener\"><img loading=\"lazy\" decoding=\"async\" class=\"size-full wp-image-1699 aligncenter\" src=\"https:\/\/agora.xtec.cat\/ilb\/wp-content\/uploads\/usu2296\/2023\/02\/Captura-de-pantalla-2023-02-12-142201.png\" alt=\"\" width=\"293\" height=\"71\" \/><\/a><\/td>\n<\/tr>\n<\/tbody>\n<\/table>\n<p><em><strong><span style=\"color: #3366ff;\">Tamb\u00e9 fem xarxa amb:<\/span><\/strong><\/em><\/p>\n<p>\u200b<\/p>\n<table style=\"height: 163px; width: 100%; border-collapse: collapse; border-style: none;\">\n<tbody>\n<tr style=\"height: 163px;\">\n<td style=\"width: 20%; height: 163px; border-style: none;\"><a href=\"https:\/\/www.portdebarcelona.cat\/es\/web\/port-del-ciudada\/formacio\" target=\"_blank\" rel=\"noopener\"><img loading=\"lazy\" decoding=\"async\" class=\"size-full wp-image-1698 aligncenter\" src=\"https:\/\/agora.xtec.cat\/ilb\/wp-content\/uploads\/usu2296\/2023\/02\/Captura-de-pantalla-2023-02-12-141400.png\" alt=\"\" width=\"160\" height=\"143\" \/><\/a><\/td>\n<td style=\"width: 20%; height: 163px; border-style: none;\"><a href=\"https:\/\/icil.org\/\" target=\"_blank\" rel=\"noopener\"><img loading=\"lazy\" decoding=\"async\" class=\"size-full wp-image-1690 alignnone\" src=\"https:\/\/agora.xtec.cat\/ilb\/wp-content\/uploads\/usu2296\/2023\/02\/Captura-de-pantalla-2023-02-12-140221.png\" alt=\"\" width=\"463\" height=\"115\" srcset=\"https:\/\/agora.xtec.cat\/ilb\/wp-content\/uploads\/usu2296\/2023\/02\/Captura-de-pantalla-2023-02-12-140221.png 463w, https:\/\/agora.xtec.cat\/ilb\/wp-content\/uploads\/usu2296\/2023\/02\/Captura-de-pantalla-2023-02-12-140221-300x75.png 300w\" sizes=\"auto, (max-width: 463px) 100vw, 463px\" \/><\/a><\/td>\n<td style=\"width: 20%; height: 163px; border-style: none;\"><a href=\"https:\/\/www.aecoc.es\" target=\"_blank\" rel=\"noopener\"><img loading=\"lazy\" decoding=\"async\" class=\"alignnone size-full wp-image-1691\" src=\"https:\/\/agora.xtec.cat\/ilb\/wp-content\/uploads\/usu2296\/2023\/02\/Captura-de-pantalla-2023-02-12-140305.png\" alt=\"\" width=\"328\" height=\"74\" srcset=\"https:\/\/agora.xtec.cat\/ilb\/wp-content\/uploads\/usu2296\/2023\/02\/Captura-de-pantalla-2023-02-12-140305.png 328w, https:\/\/agora.xtec.cat\/ilb\/wp-content\/uploads\/usu2296\/2023\/02\/Captura-de-pantalla-2023-02-12-140305-300x68.png 300w\" sizes=\"auto, (max-width: 328px) 100vw, 328px\" \/><\/a><\/td>\n<td style=\"width: 20%; height: 163px; border-style: none;\"><a href=\"https:\/\/www.fundaciobcnfp.cat\/es\/\" target=\"_blank\" rel=\"noopener\"><img loading=\"lazy\" decoding=\"async\" class=\"aligncenter\" src=\"https:\/\/agora.xtec.cat\/ilb\/wp-content\/uploads\/usu2296\/2023\/02\/LogoFBCNFP_transparent-1-1.png\" width=\"120\" height=\"111\" \/><\/a><\/td>\n<td style=\"width: 20%; height: 163px; border-style: none;\"><a href=\"https:\/\/fpempresa.net\" target=\"_blank\" rel=\"noopener\"><img loading=\"lazy\" decoding=\"async\" class=\"alignnone wp-image-1702\" src=\"https:\/\/agora.xtec.cat\/ilb\/wp-content\/uploads\/usu2296\/2023\/02\/Captura-de-pantalla-2023-02-12-151117.png\" alt=\"\" width=\"314\" height=\"73\" srcset=\"https:\/\/agora.xtec.cat\/ilb\/wp-content\/uploads\/usu2296\/2023\/02\/Captura-de-pantalla-2023-02-12-151117.png 374w, https:\/\/agora.xtec.cat\/ilb\/wp-content\/uploads\/usu2296\/2023\/02\/Captura-de-pantalla-2023-02-12-151117-300x70.png 300w\" sizes=\"auto, (max-width: 314px) 100vw, 314px\" \/><\/a><\/td>\n<\/tr>\n<\/tbody>\n<\/table>\n<table style=\"width: 100%; border-collapse: collapse; border-style: none;\">\n<tbody>\n<tr>\n<td style=\"width: 20%; border-style: none;\"><a href=\"https:\/\/fundacioncares.org\/\" target=\"_blank\" rel=\"noopener\"><img loading=\"lazy\" decoding=\"async\" class=\" wp-image-1798 aligncenter\" src=\"https:\/\/agora.xtec.cat\/ilb\/wp-content\/uploads\/usu2296\/2023\/02\/CARES_horiz_rgb.jpg\" alt=\"\" width=\"188\" height=\"125\" srcset=\"https:\/\/agora.xtec.cat\/ilb\/wp-content\/uploads\/usu2296\/2023\/02\/CARES_horiz_rgb.jpg 850w, https:\/\/agora.xtec.cat\/ilb\/wp-content\/uploads\/usu2296\/2023\/02\/CARES_horiz_rgb-300x200.jpg 300w, https:\/\/agora.xtec.cat\/ilb\/wp-content\/uploads\/usu2296\/2023\/02\/CARES_horiz_rgb-768x512.jpg 768w\" sizes=\"auto, (max-width: 188px) 100vw, 188px\" \/><\/a><\/td>\n<td style=\"width: 20%; border-style: none;\"><a href=\"https:\/\/www.eicodec.org\" target=\"_blank\" rel=\"noopener\"><img loading=\"lazy\" decoding=\"async\" class=\"wp-image-1799 aligncenter\" src=\"https:\/\/agora.xtec.cat\/ilb\/wp-content\/uploads\/usu2296\/2023\/02\/CODEC_horiz_rgb.jpg\" alt=\"\" width=\"161\" height=\"107\" srcset=\"https:\/\/agora.xtec.cat\/ilb\/wp-content\/uploads\/usu2296\/2023\/02\/CODEC_horiz_rgb.jpg 850w, https:\/\/agora.xtec.cat\/ilb\/wp-content\/uploads\/usu2296\/2023\/02\/CODEC_horiz_rgb-300x200.jpg 300w, https:\/\/agora.xtec.cat\/ilb\/wp-content\/uploads\/usu2296\/2023\/02\/CODEC_horiz_rgb-768x512.jpg 768w\" sizes=\"auto, (max-width: 161px) 100vw, 161px\" \/><\/a><\/td>\n<td style=\"width: 20%; border-style: none;\"><a href=\"https:\/\/www.netinvet.eu\/es\/\" target=\"_blank\" rel=\"noopener\"><img loading=\"lazy\" decoding=\"async\" class=\"aligncenter wp-image-1965\" src=\"https:\/\/agora.xtec.cat\/ilb\/wp-content\/uploads\/usu2296\/2023\/03\/logo-netinvet-2-971x1024.jpg\" alt=\"\" width=\"97\" height=\"103\" srcset=\"https:\/\/agora.xtec.cat\/ilb\/wp-content\/uploads\/usu2296\/2023\/03\/logo-netinvet-2-971x1024.jpg 971w, https:\/\/agora.xtec.cat\/ilb\/wp-content\/uploads\/usu2296\/2023\/03\/logo-netinvet-2-284x300.jpg 284w, https:\/\/agora.xtec.cat\/ilb\/wp-content\/uploads\/usu2296\/2023\/03\/logo-netinvet-2-768x810.jpg 768w, https:\/\/agora.xtec.cat\/ilb\/wp-content\/uploads\/usu2296\/2023\/03\/logo-netinvet-2.jpg 1246w\" sizes=\"auto, (max-width: 97px) 100vw, 97px\" \/><\/a><\/td>\n<td style=\"width: 20%; border-style: none;\"><a href=\"https:\/\/www.xarxafp.org\" target=\"_blank\" rel=\"noopener\"><img loading=\"lazy\" decoding=\"async\" class=\"aligncenter size-full wp-image-1966\" src=\"https:\/\/agora.xtec.cat\/ilb\/wp-content\/uploads\/usu2296\/2023\/03\/Xarxa_FP.jpg\" alt=\"\" width=\"101\" height=\"62\" \/><\/a><\/td>\n<td style=\"width: 20%; border-style: none;\"><a href=\"https:\/\/agora.xtec.cat\/ilb\/wp-content\/uploads\/usu2296\/2025\/04\/Captura.jpg\"><img loading=\"lazy\" decoding=\"async\" class=\"aligncenter size-full wp-image-4144\" src=\"https:\/\/agora.xtec.cat\/ilb\/wp-content\/uploads\/usu2296\/2025\/04\/Captura.jpg\" alt=\"\" width=\"682\" height=\"485\" srcset=\"https:\/\/agora.xtec.cat\/ilb\/wp-content\/uploads\/usu2296\/2025\/04\/Captura.jpg 682w, https:\/\/agora.xtec.cat\/ilb\/wp-content\/uploads\/usu2296\/2025\/04\/Captura-300x213.jpg 300w\" sizes=\"auto, (max-width: 682px) 100vw, 682px\" \/><\/a><\/td>\n<\/tr>\n<\/tbody>\n<\/table>\n<p>&nbsp;<\/p>\n<table style=\"width: 100%; border-collapse: collapse; border-style: none;\">\n<tbody>\n<tr>\n<td style=\"width: 20%; border-style: none;\"><a href=\"https:\/\/drive.google.com\/file\/d\/1b4XEdX4XtAy5f1I4g-wivtjMLOZjPIK-\/view?usp=drive_link\" target=\"_blank\" rel=\"noopener\"><img loading=\"lazy\" decoding=\"async\" class=\"aligncenter wp-image-4230\" src=\"https:\/\/agora.xtec.cat\/ilb\/wp-content\/uploads\/usu2296\/2025\/05\/academy-1-year-of-service.png\" alt=\"\" width=\"144\" height=\"144\" srcset=\"https:\/\/agora.xtec.cat\/ilb\/wp-content\/uploads\/usu2296\/2025\/05\/academy-1-year-of-service.png 600w, https:\/\/agora.xtec.cat\/ilb\/wp-content\/uploads\/usu2296\/2025\/05\/academy-1-year-of-service-300x300.png 300w, https:\/\/agora.xtec.cat\/ilb\/wp-content\/uploads\/usu2296\/2025\/05\/academy-1-year-of-service-150x150.png 150w\" sizes=\"auto, (max-width: 144px) 100vw, 144px\" \/><\/a><\/td>\n<td style=\"width: 20%; border-style: none;\"><\/td>\n<td style=\"width: 20%; border-style: none;\"><\/td>\n<td style=\"width: 20%; border-style: none;\"><\/td>\n<td style=\"width: 20%; border-style: none;\"><\/td>\n<\/tr>\n<\/tbody>\n<\/table>\n<p style=\"text-align: right;\"><em><span style=\"color: #0000ff;\"><strong>Rumb al teu futur<\/strong><\/span><\/em><\/p>\n<p style=\"text-align: right;\"><em><span style=\"color: #0000ff;\"><strong>ILB \u2013 connected to change<\/strong><\/span><\/em><\/p>\n","protected":false},"excerpt":{"rendered":"<p>L&#8217;Institut de Log\u00edstica de Barcelona \u00e9s un centre p\u00fablic que neix amb l&#8217;iniciativa del <a href=\"https:\/\/www.edubcn.cat\/ca\" target=\"_blank\" rel=\"noopener\">Consorci d&#8217;Educaci\u00f3 de Barcelona<\/a>, amb el\u00a0partenariat\u00a0del <a href=\"https:\/\/www.portdebarcelona.cat\/\" target=\"_blank\" rel=\"noopener\">Port de Barcelona<\/a>, dins del seu pla estrat\u00e8gic 2020-2025 compta amb iniciatives per fomentar la formaci\u00f3, ocupaci\u00f3, emprenedoria i&hellip;  <a href=\"https:\/\/agora.xtec.cat\/ilb\/partners\/\" title=\"Read Partners\">Llegeix m\u00e9s\u00bb<\/a><\/p>\n","protected":false},"author":1,"featured_media":0,"parent":0,"menu_order":0,"comment_status":"closed","ping_status":"closed","template":"","meta":{"_bbp_topic_count":0,"_bbp_reply_count":0,"_bbp_total_topic_count":0,"_bbp_total_reply_count":0,"_bbp_voice_count":0,"_bbp_anonymous_reply_count":0,"_bbp_topic_count_hidden":0,"_bbp_reply_count_hidden":0,"_bbp_forum_subforum_count":0,"footnotes":""},"class_list":["post-575","page","type-page","status-publish","hentry"],"post_mailing_queue_ids":[],"_links":{"self":[{"href":"https:\/\/agora.xtec.cat\/ilb\/wp-json\/wp\/v2\/pages\/575","targetHints":{"allow":["GET"]}}],"collection":[{"href":"https:\/\/agora.xtec.cat\/ilb\/wp-json\/wp\/v2\/pages"}],"about":[{"href":"https:\/\/agora.xtec.cat\/ilb\/wp-json\/wp\/v2\/types\/page"}],"author":[{"embeddable":true,"href":"https:\/\/agora.xtec.cat\/ilb\/wp-json\/wp\/v2\/users\/1"}],"replies":[{"embeddable":true,"href":"https:\/\/agora.xtec.cat\/ilb\/wp-json\/wp\/v2\/comments?post=575"}],"version-history":[{"count":7,"href":"https:\/\/agora.xtec.cat\/ilb\/wp-json\/wp\/v2\/pages\/575\/revisions"}],"predecessor-version":[{"id":4617,"href":"https:\/\/agora.xtec.cat\/ilb\/wp-json\/wp\/v2\/pages\/575\/revisions\/4617"}],"wp:attachment":[{"href":"https:\/\/agora.xtec.cat\/ilb\/wp-json\/wp\/v2\/media?parent=575"}],"curies":[{"name":"wp","href":"https:\/\/api.w.org\/{rel}","templated":true}]}}