{"id":55,"date":"2014-09-17T16:59:49","date_gmt":"2014-09-17T16:59:49","guid":{"rendered":"http:\/\/agora.xtec.cat\/ilb\/?page_id=55"},"modified":"2025-12-18T13:38:38","modified_gmt":"2025-12-18T12:38:38","slug":"horaris","status":"publish","type":"page","link":"https:\/\/agora.xtec.cat\/ilb\/linstitut\/horaris\/","title":{"rendered":"Horaris curs 2025-2026"},"content":{"rendered":"<header class=\"entry-header\" style=\"color: #444444;\"><em>A continuaci\u00f3, us presentem els horaris dels diferents grups:<\/em><\/p>\n<h1 class=\"entry-title\" style=\"font-weight: 400; color: #087eb6;\">CFGM<\/h1>\n<\/header>\n<div class=\"entry-content\" style=\"color: #444444;\">\n<ul>\n<li><a href=\"https:\/\/drive.google.com\/file\/d\/1xwiOh2AZrOgSKnJKu8eyWXJAWS5Pen_1\/view?usp=drive_link\" target=\"_blank\" rel=\"noopener\"><strong>1r CFGM Activitats Comercials, perfil log\u00edstica MAT\u00cd<\/strong><\/a><\/li>\n<li><a href=\"https:\/\/drive.google.com\/file\/d\/1XvegykAd34OP3dnHeRNk56yTxZtloWST\/view?usp=drive_link\" target=\"_blank\" rel=\"noopener\"><strong>2n CFGM Activitats Comercials, perfil log\u00edstica MAT\u00cd<\/strong><\/a><\/li>\n<li><a href=\"https:\/\/drive.google.com\/file\/d\/1quHcn6OexCpUe6G497qYVb0OcCtH5oKO\/view?usp=drive_link\" target=\"_blank\" rel=\"noopener\"><strong>1r CFGM Gesti\u00f3 Administrativa MAT\u00cd<\/strong><\/a><\/li>\n<li><a href=\"https:\/\/drive.google.com\/file\/d\/1vwULTRyemjqrZkDNyCvrrkMnA8rgcim5\/view?usp=drive_link\" target=\"_blank\" rel=\"noopener\"><strong>2n CFGM Gesti\u00f3 Administrativa TARDA<\/strong><\/a><\/li>\n<li><a href=\"https:\/\/drive.google.com\/file\/d\/1M45G2c19zi8sJOlJ6YVSUz4wEDhPNT_B\/view?usp=drive_link\" target=\"_blank\" rel=\"noopener\"><strong>1r CFGM Sistemes Microinform\u00e0tics i Xarxes MAT\u00cd<\/strong><\/a><\/li>\n<li><a href=\"https:\/\/drive.google.com\/file\/d\/1EoAJ4U5eAkMM79yZHHnVEf_r6mHpCXUG\/view?usp=drive_link\" target=\"_blank\" rel=\"noopener\"><strong>2n CFGM Sistemes Microinform\u00e0tics i Xarxes TARDA<\/strong><\/a><\/li>\n<\/ul>\n<header class=\"entry-header\">\n<h1 class=\"entry-title\" style=\"font-weight: 400; color: #087eb6;\">CFGS<\/h1>\n<\/header>\n<ul>\n<li><a href=\"https:\/\/drive.google.com\/file\/d\/1S8FRMoRatnldtjZYeZ2eCJ2G-vS3g7c5\/view?usp=drive_link\" target=\"_blank\" rel=\"noopener\"><strong>1r CFGS Comer\u00e7 Internacional MAT\u00cd-A<\/strong><\/a><\/li>\n<li><a href=\"https:\/\/drive.google.com\/file\/d\/1c_zrHPNdtXfMuSBKRIwpJzN3BPQy7Npu\/view?usp=drive_link\" target=\"_blank\" rel=\"noopener\"><strong>1r CFGS Comer\u00e7 Internacional TARDA-B<\/strong><\/a><\/li>\n<li><a href=\"https:\/\/drive.google.com\/file\/d\/1XmVh_IOY0CEvXUlog-hgJSSnUG_Ruu8S\/view?usp=drive_link\" target=\"_blank\" rel=\"noopener\"><strong>2n CFGS Comer\u00e7 Internacional TARDA-A<\/strong><\/a><\/li>\n<li><a href=\"https:\/\/drive.google.com\/file\/d\/1yhXnMqEkqAd-DPrbS6Lk4CqnqO_26kgT\/view?usp=drive_link\" target=\"_blank\" rel=\"noopener\"><strong>2n CFGS Comer\u00e7 Internacional TARDA-B<\/strong><\/a><\/li>\n<li><a href=\"https:\/\/drive.google.com\/file\/d\/1_Ovuj2SfP6xqge6RRwDi2aFBisqjDlzW\/view?usp=drive_link\" target=\"_blank\" rel=\"noopener\"><strong>1r CFGS Transport i Log\u00edstica MAT\u00cd-A<\/strong><\/a><\/li>\n<li><a href=\"https:\/\/drive.google.com\/file\/d\/16II0eRSsPPyGeTaduFv0DVhrrzWpp6YW\/view?usp=drive_link\" target=\"_blank\" rel=\"noopener\"><strong>1r CFGS Transport i Log\u00edstica TARDA-B<\/strong><\/a><\/li>\n<li><a href=\"https:\/\/drive.google.com\/file\/d\/1h0gOMRY0V9dn1jEkgNP7bGJrvQ_gD_LW\/view?usp=drive_link\" target=\"_blank\" rel=\"noopener\"><strong>2n CFGS Transport i Log\u00edstica TARDA<\/strong><\/a><\/li>\n<li><a href=\"https:\/\/drive.google.com\/file\/d\/1CiJ98NYblFiymmehZCvvVRfi7KISafqx\/view?usp=drive_link\" target=\"_blank\" rel=\"noopener\"><strong>1r CFGS Administraci\u00f3 i Finances MAT\u00cd<\/strong><\/a><\/li>\n<li><a href=\"https:\/\/drive.google.com\/file\/d\/1mF86gN36sj89uZcH3Q8epiqcChWMTrZW\/view?usp=drive_link\" target=\"_blank\" rel=\"noopener\"><strong>2n CFGS Administraci\u00f3 i Finances TARDA<\/strong><\/a><\/li>\n<li><a href=\"https:\/\/drive.google.com\/file\/d\/1kg0Dj5EfTX2tP8pJ3pwxT4bCXR38gOH6\/view?usp=drive_link\" target=\"_blank\" rel=\"noopener\"><strong>1r CFGS Administraci\u00f3 de Sistemes Inform\u00e0tics en Xarxa Ciberseguretat MAT\u00cd<\/strong><\/a><\/li>\n<li><a href=\"https:\/\/drive.google.com\/file\/d\/1SIv-hhRN56lubjmfpW2KQKnRa901nzMI\/view?usp=drive_link\" target=\"_blank\" rel=\"noopener\"><strong>2n CFGS Administraci\u00f3 de Sistemes Inform\u00e0tics en Xarxa Ciberseguretat TARDA<\/strong><\/a><\/li>\n<\/ul>\n<header class=\"entry-header\">\n<h1 class=\"entry-title\" style=\"font-weight: 400; color: #087eb6;\">PFI<\/h1>\n<\/header>\n<ul>\n<li><a href=\"https:\/\/drive.google.com\/file\/d\/1jni-Es9qoweCpf_a6W1OX64dlqRxRB5m\/view?usp=drive_link\" target=\"_blank\" rel=\"noopener\"><strong>Auxiliar de comercialitzaci\u00f3 de log\u00edstica i productes (PFI) <\/strong><\/a><\/li>\n<\/ul>\n<p>&nbsp;<\/p>\n<\/div>\n<p style=\"text-align: right;\"><em><span style=\"color: #0000ff;\"><strong>Rumb al teu futur<\/strong><\/span><\/em><\/p>\n<p style=\"text-align: right;\"><em><span style=\"color: #0000ff;\"><strong>ILB \u2013 connected to change<\/strong><\/span><\/em><\/p>\n","protected":false},"excerpt":{"rendered":"<p>A continuaci\u00f3, us presentem els horaris dels diferents grups:<br \/>\nCFGM<\/p>\n<ul>\n<li><a href=\"https:\/\/drive.google.com\/file\/d\/1xwiOh2AZrOgSKnJKu8eyWXJAWS5Pen_1\/view?usp=drive_link\" target=\"_blank\" rel=\"noopener\">1r CFGM Activitats Comercials, perfil log\u00edstica MAT\u00cd<\/a><\/li>\n<li><a href=\"https:\/\/drive.google.com\/file\/d\/1XvegykAd34OP3dnHeRNk56yTxZtloWST\/view?usp=drive_link\" target=\"_blank\" rel=\"noopener\">2n CFGM Activitats Comercials, perfil log\u00edstica MAT\u00cd<\/a><\/li>\n<li><a href=\"https:\/\/drive.google.com\/file\/d\/1quHcn6OexCpUe6G497qYVb0OcCtH5oKO\/view?usp=drive_link\" target=\"_blank\" rel=\"noopener\">1r CFGM Gesti\u00f3 Administrativa MAT\u00cd<\/a><\/li>\n<li><a href=\"https:\/\/drive.google.com\/file\/d\/1vwULTRyemjqrZkDNyCvrrkMnA8rgcim5\/view?usp=drive_link\" target=\"_blank\" rel=\"noopener\">2n CFGM Gesti\u00f3 Administrativa TARDA<\/a><\/li>\n<li><a href=\"https:\/\/drive.google.com\/file\/d\/1M45G2c19zi8sJOlJ6YVSUz4wEDhPNT_B\/view?usp=drive_link\" target=\"_blank\" rel=\"noopener\">1r CFGM&hellip;  <a href=\"https:\/\/agora.xtec.cat\/ilb\/linstitut\/horaris\/\" title=\"Read Horaris curs 2025-2026\">Llegeix m\u00e9s\u00bb<\/a><br \/>\n","protected":false},"author":1,"featured_media":0,"parent":19,"menu_order":80,"comment_status":"closed","ping_status":"closed","template":"page-templates\/side-menu.php","meta":{"_bbp_topic_count":0,"_bbp_reply_count":0,"_bbp_total_topic_count":0,"_bbp_total_reply_count":0,"_bbp_voice_count":0,"_bbp_anonymous_reply_count":0,"_bbp_topic_count_hidden":0,"_bbp_reply_count_hidden":0,"_bbp_forum_subforum_count":0,"footnotes":""},"class_list":["post-55","page","type-page","status-publish","hentry"],"post_mailing_queue_ids":[],"_links":{"self":[{"href":"https:\/\/agora.xtec.cat\/ilb\/wp-json\/wp\/v2\/pages\/55","targetHints":{"allow":["GET"]}}],"collection":[{"href":"https:\/\/agora.xtec.cat\/ilb\/wp-json\/wp\/v2\/pages"}],"about":[{"href":"https:\/\/agora.xtec.cat\/ilb\/wp-json\/wp\/v2\/types\/page"}],"author":[{"embeddable":true,"href":"https:\/\/agora.xtec.cat\/ilb\/wp-json\/wp\/v2\/users\/1"}],"replies":[{"embeddable":true,"href":"https:\/\/agora.xtec.cat\/ilb\/wp-json\/wp\/v2\/comments?post=55"}],"version-history":[{"count":7,"href":"https:\/\/agora.xtec.cat\/ilb\/wp-json\/wp\/v2\/pages\/55\/revisions"}],"predecessor-version":[{"id":4696,"href":"https:\/\/agora.xtec.cat\/ilb\/wp-json\/wp\/v2\/pages\/55\/revisions\/4696"}],"up":[{"embeddable":true,"href":"https:\/\/agora.xtec.cat\/ilb\/wp-json\/wp\/v2\/pages\/19"}],"wp:attachment":[{"href":"https:\/\/agora.xtec.cat\/ilb\/wp-json\/wp\/v2\/media?parent=55"}],"curies":[{"name":"wp","href":"https:\/\/api.w.org\/{rel}","templated":true}]}}