{"id":43,"date":"2014-09-17T16:45:07","date_gmt":"2014-09-17T16:45:07","guid":{"rendered":"http:\/\/agora.xtec.cat\/ilb\/?page_id=43"},"modified":"2025-12-17T16:46:05","modified_gmt":"2025-12-17T15:46:05","slug":"consell-escolar","status":"publish","type":"page","link":"https:\/\/agora.xtec.cat\/ilb\/linstitut\/consell-escolar\/","title":{"rendered":"Consell escolar"},"content":{"rendered":"<p><span style=\"color: #3366ff;\"><b>Informaci\u00f3 de cada curs escolar:\u00a0\u00a0<\/b><\/span><\/p>\n<ul>\n<li style=\"list-style-type: none;\">\n<ul>\n<li><a style=\"color: #2795b6;\" href=\"https:\/\/agora.xtec.cat\/ilb\/?page_id=3181&amp;preview=true\">Curs 2023-2024<\/a><\/li>\n<li><a href=\"https:\/\/agora.xtec.cat\/ilb\/consell-escolar\/consell-escolar-curs-2022-2023\/\">Curs 2022-2023<\/a><\/li>\n<\/ul>\n<\/li>\n<\/ul>\n<p style=\"text-align: justify;\"><span style=\"color: #3366ff;\"><b>Composici\u00f3 del Consell Escolar ILB \u00b7 Curs 2023-2024<\/b><\/span><\/p>\n<table style=\"border-collapse: collapse; width: 49.9639%; height: 664px;\">\n<tbody>\n<tr style=\"height: 256px;\">\n<td style=\"width: 42.8089%; height: 256px;\"><em><span style=\"color: #3366ff;\"><b>Sector docent<\/b><\/span><\/em><\/td>\n<td style=\"width: 140.693%; text-align: right; height: 256px;\">\n<p style=\"text-align: left;\">Albi\u00f1ana Ruescas, Estefan\u00eda (Comer\u00e7)<\/p>\n<p style=\"text-align: left;\">\u00c1valos Mora, Coral (Administraci\u00f3)<\/p>\n<p style=\"text-align: left;\">Fora Gim\u00e9nez, Diana Teresa (FOL)<\/p>\n<p style=\"text-align: left;\"><span data-sheets-value=\"{&quot;1&quot;:2,&quot;2&quot;:&quot;Madue\u00f1o Ru\u00edz, Maribel \/ Campodarve Leiva, Lorena \/ Berezo Espinosa, M\u00f3nica \/ Chicharro Castro, Juan Carlos \/ Graham, Adam \/ Vives Serra, \u00c1ngels&quot;}\" data-sheets-userformat=\"{&quot;2&quot;:15295,&quot;3&quot;:{&quot;1&quot;:0},&quot;4&quot;:{&quot;1&quot;:2,&quot;2&quot;:65280},&quot;5&quot;:{&quot;1&quot;:[{&quot;1&quot;:2,&quot;2&quot;:0,&quot;5&quot;:{&quot;1&quot;:2,&quot;2&quot;:0}},{&quot;1&quot;:0,&quot;2&quot;:0,&quot;3&quot;:3},{&quot;1&quot;:1,&quot;2&quot;:0,&quot;4&quot;:1}]},&quot;6&quot;:{&quot;1&quot;:[{&quot;1&quot;:2,&quot;2&quot;:0,&quot;5&quot;:{&quot;1&quot;:2,&quot;2&quot;:0}},{&quot;1&quot;:0,&quot;2&quot;:0,&quot;3&quot;:3},{&quot;1&quot;:1,&quot;2&quot;:0,&quot;4&quot;:1}]},&quot;7&quot;:{&quot;1&quot;:[{&quot;1&quot;:2,&quot;2&quot;:0,&quot;5&quot;:{&quot;1&quot;:2,&quot;2&quot;:0}},{&quot;1&quot;:0,&quot;2&quot;:0,&quot;3&quot;:3},{&quot;1&quot;:1,&quot;2&quot;:0,&quot;4&quot;:1}]},&quot;8&quot;:{&quot;1&quot;:[{&quot;1&quot;:2,&quot;2&quot;:0,&quot;5&quot;:{&quot;1&quot;:2,&quot;2&quot;:0}},{&quot;1&quot;:0,&quot;2&quot;:0,&quot;3&quot;:3},{&quot;1&quot;:1,&quot;2&quot;:0,&quot;4&quot;:1}]},&quot;10&quot;:1,&quot;11&quot;:4,&quot;12&quot;:0,&quot;14&quot;:{&quot;1&quot;:2,&quot;2&quot;:0},&quot;15&quot;:&quot;Work Sans&quot;,&quot;16&quot;:12}\">Garc\u00eda Casta\u00f1o, Andr\u00e9s (Inform\u00e0tica)<\/span><\/p>\n<p style=\"text-align: left;\"><span style=\"font-family: inherit; font-size: 1em;\">Lerin, Emilie (Idiomes)<\/span><\/p>\n<p style=\"text-align: left;\"><span style=\"font-family: inherit; font-size: 1em;\">Pomer Rodr\u00edguez, Jordi (Comer\u00e7)<\/span><\/p>\n<\/td>\n<\/tr>\n<tr style=\"height: 216px;\">\n<td style=\"width: 42.8089%; height: 216px;\"><em><span style=\"color: #3366ff;\"><b>Sector mares\/pares, tutors\/es\/alumnat<\/b><\/span><\/em><\/td>\n<td style=\"width: 140.693%; height: 216px;\">Bravo Bachiller, \u00d3scar (fam\u00edlies)<\/p>\n<p><span data-sheets-value=\"{&quot;1&quot;:2,&quot;2&quot;:&quot;Legon Dom\u00ednguez, Tom\u00e1s Gerardo \/ El Bakkali El Bakkali, Fatima \/ Vidal Gibert, Mart\u00ed \/ Fierres Ben\u00edtez, Candela \/ El Anani Sahal, Taha&quot;}\" data-sheets-userformat=\"{&quot;2&quot;:13055,&quot;3&quot;:{&quot;1&quot;:0},&quot;4&quot;:{&quot;1&quot;:2,&quot;2&quot;:16750848},&quot;5&quot;:{&quot;1&quot;:[{&quot;1&quot;:2,&quot;2&quot;:0,&quot;5&quot;:{&quot;1&quot;:2,&quot;2&quot;:0}},{&quot;1&quot;:0,&quot;2&quot;:0,&quot;3&quot;:3},{&quot;1&quot;:1,&quot;2&quot;:0,&quot;4&quot;:1}]},&quot;6&quot;:{&quot;1&quot;:[{&quot;1&quot;:2,&quot;2&quot;:0,&quot;5&quot;:{&quot;1&quot;:2,&quot;2&quot;:0}},{&quot;1&quot;:0,&quot;2&quot;:0,&quot;3&quot;:3},{&quot;1&quot;:1,&quot;2&quot;:0,&quot;4&quot;:1}]},&quot;7&quot;:{&quot;1&quot;:[{&quot;1&quot;:2,&quot;2&quot;:0,&quot;5&quot;:{&quot;1&quot;:2,&quot;2&quot;:0}},{&quot;1&quot;:0,&quot;2&quot;:0,&quot;3&quot;:3},{&quot;1&quot;:1,&quot;2&quot;:0,&quot;4&quot;:1}]},&quot;8&quot;:{&quot;1&quot;:[{&quot;1&quot;:2,&quot;2&quot;:0,&quot;5&quot;:{&quot;1&quot;:2,&quot;2&quot;:0}},{&quot;1&quot;:0,&quot;2&quot;:0,&quot;3&quot;:3},{&quot;1&quot;:1,&quot;2&quot;:0,&quot;4&quot;:1}]},&quot;9&quot;:0,&quot;10&quot;:1,&quot;12&quot;:0,&quot;15&quot;:&quot;Work Sans&quot;,&quot;16&quot;:12}\">Farf\u00e1n Merino, Fernando (2AC)<\/span><\/p>\n<p><span data-sheets-value=\"{&quot;1&quot;:2,&quot;2&quot;:&quot;Legon Dom\u00ednguez, Tom\u00e1s Gerardo \/ El Bakkali El Bakkali, Fatima \/ Vidal Gibert, Mart\u00ed \/ Fierres Ben\u00edtez, Candela \/ El Anani Sahal, Taha&quot;}\" data-sheets-userformat=\"{&quot;2&quot;:13055,&quot;3&quot;:{&quot;1&quot;:0},&quot;4&quot;:{&quot;1&quot;:2,&quot;2&quot;:16750848},&quot;5&quot;:{&quot;1&quot;:[{&quot;1&quot;:2,&quot;2&quot;:0,&quot;5&quot;:{&quot;1&quot;:2,&quot;2&quot;:0}},{&quot;1&quot;:0,&quot;2&quot;:0,&quot;3&quot;:3},{&quot;1&quot;:1,&quot;2&quot;:0,&quot;4&quot;:1}]},&quot;6&quot;:{&quot;1&quot;:[{&quot;1&quot;:2,&quot;2&quot;:0,&quot;5&quot;:{&quot;1&quot;:2,&quot;2&quot;:0}},{&quot;1&quot;:0,&quot;2&quot;:0,&quot;3&quot;:3},{&quot;1&quot;:1,&quot;2&quot;:0,&quot;4&quot;:1}]},&quot;7&quot;:{&quot;1&quot;:[{&quot;1&quot;:2,&quot;2&quot;:0,&quot;5&quot;:{&quot;1&quot;:2,&quot;2&quot;:0}},{&quot;1&quot;:0,&quot;2&quot;:0,&quot;3&quot;:3},{&quot;1&quot;:1,&quot;2&quot;:0,&quot;4&quot;:1}]},&quot;8&quot;:{&quot;1&quot;:[{&quot;1&quot;:2,&quot;2&quot;:0,&quot;5&quot;:{&quot;1&quot;:2,&quot;2&quot;:0}},{&quot;1&quot;:0,&quot;2&quot;:0,&quot;3&quot;:3},{&quot;1&quot;:1,&quot;2&quot;:0,&quot;4&quot;:1}]},&quot;9&quot;:0,&quot;10&quot;:1,&quot;12&quot;:0,&quot;15&quot;:&quot;Work Sans&quot;,&quot;16&quot;:12}\">P\u00e9rez Ram\u00edrez, Luc\u00eda (1AFI)<\/span><\/p>\n<p>Slah El Alami-Ouahhabi, Douae (1ASIX)<\/p>\n<p><span data-sheets-value=\"{&quot;1&quot;:2,&quot;2&quot;:&quot;Legon Dom\u00ednguez, Tom\u00e1s Gerardo \/ El Bakkali El Bakkali, Fatima \/ Vidal Gibert, Mart\u00ed \/ Fierres Ben\u00edtez, Candela \/ El Anani Sahal, Taha&quot;}\" data-sheets-userformat=\"{&quot;2&quot;:13055,&quot;3&quot;:{&quot;1&quot;:0},&quot;4&quot;:{&quot;1&quot;:2,&quot;2&quot;:16750848},&quot;5&quot;:{&quot;1&quot;:[{&quot;1&quot;:2,&quot;2&quot;:0,&quot;5&quot;:{&quot;1&quot;:2,&quot;2&quot;:0}},{&quot;1&quot;:0,&quot;2&quot;:0,&quot;3&quot;:3},{&quot;1&quot;:1,&quot;2&quot;:0,&quot;4&quot;:1}]},&quot;6&quot;:{&quot;1&quot;:[{&quot;1&quot;:2,&quot;2&quot;:0,&quot;5&quot;:{&quot;1&quot;:2,&quot;2&quot;:0}},{&quot;1&quot;:0,&quot;2&quot;:0,&quot;3&quot;:3},{&quot;1&quot;:1,&quot;2&quot;:0,&quot;4&quot;:1}]},&quot;7&quot;:{&quot;1&quot;:[{&quot;1&quot;:2,&quot;2&quot;:0,&quot;5&quot;:{&quot;1&quot;:2,&quot;2&quot;:0}},{&quot;1&quot;:0,&quot;2&quot;:0,&quot;3&quot;:3},{&quot;1&quot;:1,&quot;2&quot;:0,&quot;4&quot;:1}]},&quot;8&quot;:{&quot;1&quot;:[{&quot;1&quot;:2,&quot;2&quot;:0,&quot;5&quot;:{&quot;1&quot;:2,&quot;2&quot;:0}},{&quot;1&quot;:0,&quot;2&quot;:0,&quot;3&quot;:3},{&quot;1&quot;:1,&quot;2&quot;:0,&quot;4&quot;:1}]},&quot;9&quot;:0,&quot;10&quot;:1,&quot;12&quot;:0,&quot;15&quot;:&quot;Work Sans&quot;,&quot;16&quot;:12}\">El Bakkali El Bakkali, Fatima (2CI)<\/span><\/p>\n<p><span data-sheets-value=\"{&quot;1&quot;:2,&quot;2&quot;:&quot;Legon Dom\u00ednguez, Tom\u00e1s Gerardo \/ El Bakkali El Bakkali, Fatima \/ Vidal Gibert, Mart\u00ed \/ Fierres Ben\u00edtez, Candela \/ El Anani Sahal, Taha&quot;}\" data-sheets-userformat=\"{&quot;2&quot;:13055,&quot;3&quot;:{&quot;1&quot;:0},&quot;4&quot;:{&quot;1&quot;:2,&quot;2&quot;:16750848},&quot;5&quot;:{&quot;1&quot;:[{&quot;1&quot;:2,&quot;2&quot;:0,&quot;5&quot;:{&quot;1&quot;:2,&quot;2&quot;:0}},{&quot;1&quot;:0,&quot;2&quot;:0,&quot;3&quot;:3},{&quot;1&quot;:1,&quot;2&quot;:0,&quot;4&quot;:1}]},&quot;6&quot;:{&quot;1&quot;:[{&quot;1&quot;:2,&quot;2&quot;:0,&quot;5&quot;:{&quot;1&quot;:2,&quot;2&quot;:0}},{&quot;1&quot;:0,&quot;2&quot;:0,&quot;3&quot;:3},{&quot;1&quot;:1,&quot;2&quot;:0,&quot;4&quot;:1}]},&quot;7&quot;:{&quot;1&quot;:[{&quot;1&quot;:2,&quot;2&quot;:0,&quot;5&quot;:{&quot;1&quot;:2,&quot;2&quot;:0}},{&quot;1&quot;:0,&quot;2&quot;:0,&quot;3&quot;:3},{&quot;1&quot;:1,&quot;2&quot;:0,&quot;4&quot;:1}]},&quot;8&quot;:{&quot;1&quot;:[{&quot;1&quot;:2,&quot;2&quot;:0,&quot;5&quot;:{&quot;1&quot;:2,&quot;2&quot;:0}},{&quot;1&quot;:0,&quot;2&quot;:0,&quot;3&quot;:3},{&quot;1&quot;:1,&quot;2&quot;:0,&quot;4&quot;:1}]},&quot;9&quot;:0,&quot;10&quot;:1,&quot;12&quot;:0,&quot;15&quot;:&quot;Work Sans&quot;,&quot;16&quot;:12}\">Vidal Gibert, Mart\u00ed (2TIL)<\/span><\/td>\n<\/tr>\n<tr style=\"height: 32px;\">\n<td style=\"width: 42.8089%; height: 32px;\"><span style=\"color: #3366ff;\"><b><i>Sector PAS<\/i><\/b><\/span><\/td>\n<td style=\"width: 140.693%; height: 32px;\"><span data-sheets-value=\"{&quot;1&quot;:2,&quot;2&quot;:&quot;Rubio Caramazana, Jos\u00e9&quot;}\" data-sheets-userformat=\"{&quot;2&quot;:13055,&quot;3&quot;:{&quot;1&quot;:0},&quot;4&quot;:{&quot;1&quot;:2,&quot;2&quot;:65535},&quot;5&quot;:{&quot;1&quot;:[{&quot;1&quot;:2,&quot;2&quot;:0,&quot;5&quot;:{&quot;1&quot;:2,&quot;2&quot;:0}},{&quot;1&quot;:0,&quot;2&quot;:0,&quot;3&quot;:3},{&quot;1&quot;:1,&quot;2&quot;:0,&quot;4&quot;:1}]},&quot;6&quot;:{&quot;1&quot;:[{&quot;1&quot;:2,&quot;2&quot;:0,&quot;5&quot;:{&quot;1&quot;:2,&quot;2&quot;:0}},{&quot;1&quot;:0,&quot;2&quot;:0,&quot;3&quot;:3},{&quot;1&quot;:1,&quot;2&quot;:0,&quot;4&quot;:1}]},&quot;7&quot;:{&quot;1&quot;:[{&quot;1&quot;:2,&quot;2&quot;:0,&quot;5&quot;:{&quot;1&quot;:2,&quot;2&quot;:0}},{&quot;1&quot;:0,&quot;2&quot;:0,&quot;3&quot;:3},{&quot;1&quot;:1,&quot;2&quot;:0,&quot;4&quot;:1}]},&quot;8&quot;:{&quot;1&quot;:[{&quot;1&quot;:2,&quot;2&quot;:0,&quot;5&quot;:{&quot;1&quot;:2,&quot;2&quot;:0}},{&quot;1&quot;:0,&quot;2&quot;:0,&quot;3&quot;:3},{&quot;1&quot;:1,&quot;2&quot;:0,&quot;4&quot;:1}]},&quot;9&quot;:0,&quot;10&quot;:1,&quot;12&quot;:0,&quot;15&quot;:&quot;Work Sans&quot;,&quot;16&quot;:12}\">Rubio Caramazana, Jos\u00e9<\/span><\/td>\n<\/tr>\n<tr style=\"height: 32px;\">\n<td style=\"width: 42.8089%; height: 32px;\"><span style=\"color: #3366ff;\"><b><i>Director<\/i><\/b><\/span><\/td>\n<td style=\"width: 140.693%; height: 32px;\"><span data-sheets-value=\"{&quot;1&quot;:2,&quot;2&quot;:&quot;Rubio Caramazana, Jos\u00e9&quot;}\" data-sheets-userformat=\"{&quot;2&quot;:13055,&quot;3&quot;:{&quot;1&quot;:0},&quot;4&quot;:{&quot;1&quot;:2,&quot;2&quot;:65535},&quot;5&quot;:{&quot;1&quot;:[{&quot;1&quot;:2,&quot;2&quot;:0,&quot;5&quot;:{&quot;1&quot;:2,&quot;2&quot;:0}},{&quot;1&quot;:0,&quot;2&quot;:0,&quot;3&quot;:3},{&quot;1&quot;:1,&quot;2&quot;:0,&quot;4&quot;:1}]},&quot;6&quot;:{&quot;1&quot;:[{&quot;1&quot;:2,&quot;2&quot;:0,&quot;5&quot;:{&quot;1&quot;:2,&quot;2&quot;:0}},{&quot;1&quot;:0,&quot;2&quot;:0,&quot;3&quot;:3},{&quot;1&quot;:1,&quot;2&quot;:0,&quot;4&quot;:1}]},&quot;7&quot;:{&quot;1&quot;:[{&quot;1&quot;:2,&quot;2&quot;:0,&quot;5&quot;:{&quot;1&quot;:2,&quot;2&quot;:0}},{&quot;1&quot;:0,&quot;2&quot;:0,&quot;3&quot;:3},{&quot;1&quot;:1,&quot;2&quot;:0,&quot;4&quot;:1}]},&quot;8&quot;:{&quot;1&quot;:[{&quot;1&quot;:2,&quot;2&quot;:0,&quot;5&quot;:{&quot;1&quot;:2,&quot;2&quot;:0}},{&quot;1&quot;:0,&quot;2&quot;:0,&quot;3&quot;:3},{&quot;1&quot;:1,&quot;2&quot;:0,&quot;4&quot;:1}]},&quot;9&quot;:0,&quot;10&quot;:1,&quot;12&quot;:0,&quot;15&quot;:&quot;Work Sans&quot;,&quot;16&quot;:12}\">V\u00e1zquez G\u00e1zquez, Jos\u00e9 Antonio<\/span><\/td>\n<\/tr>\n<tr style=\"height: 32px;\">\n<td style=\"width: 42.8089%; height: 32px;\"><span style=\"color: #3366ff;\"><b><i>Cap d&#8217;estudis<\/i><\/b><\/span><\/td>\n<td style=\"width: 140.693%; height: 32px;\">Garc\u00eda L\u00f3pez, Mercedes<\/td>\n<\/tr>\n<tr style=\"height: 32px;\">\n<td style=\"width: 42.8089%; height: 32px;\"><span style=\"color: #3366ff;\"><b><i>Secretaria<\/i><\/b><\/span><\/td>\n<td style=\"width: 140.693%; height: 32px;\">Carmona Barrios, Francesca<\/td>\n<\/tr>\n<tr style=\"height: 32px;\">\n<td style=\"width: 42.8089%; height: 32px;\"><span style=\"color: #3366ff;\"><b><i>Representant de l&#8217;empresariat<\/i><\/b><\/span><\/td>\n<td style=\"width: 140.693%; height: 32px;\">Bonada Vergara, Francesc<\/td>\n<\/tr>\n<tr style=\"height: 32px;\">\n<td style=\"width: 42.8089%; height: 32px;\"><span style=\"color: #3366ff;\"><b><i>Representant de l&#8217;Ajuntament<\/i><\/b><\/span><\/td>\n<td style=\"width: 140.693%; height: 32px;\"><span data-sheets-root=\"1\" data-sheets-value=\"{&quot;1&quot;:2,&quot;2&quot;:&quot;Esteve Serra, Xavier&quot;}\" data-sheets-userformat=\"{&quot;2&quot;:13055,&quot;3&quot;:{&quot;1&quot;:0},&quot;4&quot;:{&quot;1&quot;:2,&quot;2&quot;:65535},&quot;5&quot;:{&quot;1&quot;:[{&quot;1&quot;:2,&quot;2&quot;:0,&quot;5&quot;:{&quot;1&quot;:2,&quot;2&quot;:0}},{&quot;1&quot;:0,&quot;2&quot;:0,&quot;3&quot;:3},{&quot;1&quot;:1,&quot;2&quot;:0,&quot;4&quot;:1}]},&quot;6&quot;:{&quot;1&quot;:[{&quot;1&quot;:2,&quot;2&quot;:0,&quot;5&quot;:{&quot;1&quot;:2,&quot;2&quot;:0}},{&quot;1&quot;:0,&quot;2&quot;:0,&quot;3&quot;:3},{&quot;1&quot;:1,&quot;2&quot;:0,&quot;4&quot;:1}]},&quot;7&quot;:{&quot;1&quot;:[{&quot;1&quot;:2,&quot;2&quot;:0,&quot;5&quot;:{&quot;1&quot;:2,&quot;2&quot;:0}},{&quot;1&quot;:0,&quot;2&quot;:0,&quot;3&quot;:3},{&quot;1&quot;:1,&quot;2&quot;:0,&quot;4&quot;:1}]},&quot;8&quot;:{&quot;1&quot;:[{&quot;1&quot;:2,&quot;2&quot;:0,&quot;5&quot;:{&quot;1&quot;:2,&quot;2&quot;:0}},{&quot;1&quot;:0,&quot;2&quot;:0,&quot;3&quot;:3},{&quot;1&quot;:1,&quot;2&quot;:0,&quot;4&quot;:1}]},&quot;9&quot;:0,&quot;10&quot;:1,&quot;12&quot;:0,&quot;15&quot;:&quot;Work Sans&quot;,&quot;16&quot;:12}\">Esteve Serra, Xavier<\/span><\/td>\n<\/tr>\n<tr>\n<td style=\"width: 42.8089%;\" colspan=\"2\"><span style=\"color: #3366ff;\"><b><i><a href=\"https:\/\/agora.xtec.cat\/ilb\/wp-content\/uploads\/usu2296\/2023\/12\/WhatsApp-Image-2023-12-14-at-18.43.32.jpeg\"><img loading=\"lazy\" decoding=\"async\" class=\"aligncenter size-full wp-image-2596\" src=\"https:\/\/agora.xtec.cat\/ilb\/wp-content\/uploads\/usu2296\/2023\/12\/WhatsApp-Image-2023-12-14-at-18.43.32.jpeg\" alt=\"\" width=\"1024\" height=\"768\" srcset=\"https:\/\/agora.xtec.cat\/ilb\/wp-content\/uploads\/usu2296\/2023\/12\/WhatsApp-Image-2023-12-14-at-18.43.32.jpeg 1024w, https:\/\/agora.xtec.cat\/ilb\/wp-content\/uploads\/usu2296\/2023\/12\/WhatsApp-Image-2023-12-14-at-18.43.32-300x225.jpeg 300w, https:\/\/agora.xtec.cat\/ilb\/wp-content\/uploads\/usu2296\/2023\/12\/WhatsApp-Image-2023-12-14-at-18.43.32-768x576.jpeg 768w, https:\/\/agora.xtec.cat\/ilb\/wp-content\/uploads\/usu2296\/2023\/12\/WhatsApp-Image-2023-12-14-at-18.43.32-200x150.jpeg 200w\" sizes=\"auto, (max-width: 1024px) 100vw, 1024px\" \/><\/a><\/i><\/b><\/span><\/td>\n<\/tr>\n<\/tbody>\n<\/table>\n<p><a href=\"https:\/\/agora.xtec.cat\/ilb\/wp-content\/uploads\/usu2296\/2023\/02\/Captura-de-pantalla-2023-02-18-132003.png\"><img loading=\"lazy\" decoding=\"async\" class=\"size-full wp-image-1744 aligncenter\" src=\"https:\/\/agora.xtec.cat\/ilb\/wp-content\/uploads\/usu2296\/2023\/02\/Captura-de-pantalla-2023-02-18-132003.png\" alt=\"\" width=\"627\" height=\"397\" srcset=\"https:\/\/agora.xtec.cat\/ilb\/wp-content\/uploads\/usu2296\/2023\/02\/Captura-de-pantalla-2023-02-18-132003.png 627w, https:\/\/agora.xtec.cat\/ilb\/wp-content\/uploads\/usu2296\/2023\/02\/Captura-de-pantalla-2023-02-18-132003-300x190.png 300w\" sizes=\"auto, (max-width: 627px) 100vw, 627px\" \/><\/a><\/p>\n<p style=\"text-align: right;\"><em><span style=\"color: #0000ff;\"><strong>Rumb al teu futur<\/strong><\/span><\/em><\/p>\n<p style=\"text-align: right;\"><em><span style=\"color: #0000ff;\"><strong>ILB \u2013 connected to change<\/strong><\/span><\/em><\/p>\n","protected":false},"excerpt":{"rendered":"<p>Informaci\u00f3 de cada curs escolar:\u00a0\u00a0<\/p>\n<ul>\n<li style=\"list-style-type: none;\">\n<ul>\n<li><a style=\"color: #2795b6;\" href=\"https:\/\/agora.xtec.cat\/ilb\/?page_id=3181&amp;preview=true\">Curs 2023-2024<\/a><\/li>\n<li><a href=\"https:\/\/agora.xtec.cat\/ilb\/consell-escolar\/consell-escolar-curs-2022-2023\/\">Curs 2022-2023<\/a><\/li>\n<\/ul>\n<\/li>\n<\/ul>\n<p>Composici\u00f3 del Consell Escolar ILB \u00b7 Curs 2023-2024<\/p>\n<p>Sector docent<\/p>\n<p>Albi\u00f1ana Ruescas, Estefan\u00eda (Comer\u00e7)<br \/>\n\u00c1valos Mora, Coral (Administraci\u00f3)<br \/>\nFora Gim\u00e9nez, Diana Teresa (FOL)<br \/>\nGarc\u00eda Casta\u00f1o, Andr\u00e9s (Inform\u00e0tica)<br \/>\nLerin, Emilie (Idiomes)<br \/>\nPomer Rodr\u00edguez, Jordi (Comer\u00e7)<\/p>\n<p>Sector mares\/pares, tutors\/es\/alumnat<br \/>\nBravo Bachiller, \u00d3scar (fam\u00edlies)<br \/>\nFarf\u00e1n Merino,&hellip;  <a href=\"https:\/\/agora.xtec.cat\/ilb\/linstitut\/consell-escolar\/\" title=\"Read Consell escolar\">Llegeix m\u00e9s\u00bb<\/a><\/p>\n","protected":false},"author":1,"featured_media":0,"parent":19,"menu_order":40,"comment_status":"closed","ping_status":"closed","template":"page-templates\/side-menu.php","meta":{"_bbp_topic_count":0,"_bbp_reply_count":0,"_bbp_total_topic_count":0,"_bbp_total_reply_count":0,"_bbp_voice_count":0,"_bbp_anonymous_reply_count":0,"_bbp_topic_count_hidden":0,"_bbp_reply_count_hidden":0,"_bbp_forum_subforum_count":0,"footnotes":""},"class_list":["post-43","page","type-page","status-publish","hentry"],"post_mailing_queue_ids":[],"_links":{"self":[{"href":"https:\/\/agora.xtec.cat\/ilb\/wp-json\/wp\/v2\/pages\/43","targetHints":{"allow":["GET"]}}],"collection":[{"href":"https:\/\/agora.xtec.cat\/ilb\/wp-json\/wp\/v2\/pages"}],"about":[{"href":"https:\/\/agora.xtec.cat\/ilb\/wp-json\/wp\/v2\/types\/page"}],"author":[{"embeddable":true,"href":"https:\/\/agora.xtec.cat\/ilb\/wp-json\/wp\/v2\/users\/1"}],"replies":[{"embeddable":true,"href":"https:\/\/agora.xtec.cat\/ilb\/wp-json\/wp\/v2\/comments?post=43"}],"version-history":[{"count":5,"href":"https:\/\/agora.xtec.cat\/ilb\/wp-json\/wp\/v2\/pages\/43\/revisions"}],"predecessor-version":[{"id":4618,"href":"https:\/\/agora.xtec.cat\/ilb\/wp-json\/wp\/v2\/pages\/43\/revisions\/4618"}],"up":[{"embeddable":true,"href":"https:\/\/agora.xtec.cat\/ilb\/wp-json\/wp\/v2\/pages\/19"}],"wp:attachment":[{"href":"https:\/\/agora.xtec.cat\/ilb\/wp-json\/wp\/v2\/media?parent=43"}],"curies":[{"name":"wp","href":"https:\/\/api.w.org\/{rel}","templated":true}]}}