{"id":3911,"date":"2025-02-15T08:26:08","date_gmt":"2025-02-15T07:26:08","guid":{"rendered":"https:\/\/agora.xtec.cat\/ilb\/?page_id=3911"},"modified":"2026-04-13T19:28:15","modified_gmt":"2026-04-13T17:28:15","slug":"convocatories","status":"publish","type":"page","link":"https:\/\/agora.xtec.cat\/ilb\/convocatories\/","title":{"rendered":"Convocat\u00f2ries"},"content":{"rendered":"<ul>\n<li><a href=\"https:\/\/drive.google.com\/file\/d\/1jpSvdbkB5OJWobBNsCEGnaQvmHqthdk6\/view?usp=drive_link\" target=\"_blank\" rel=\"noopener\">Convocat\u00f2ria de Beques Estada PCT Impuls per alumnat grau superior Comer\u00e7 Internacional &#8211; Transport i Log\u00edstica (Brussel\u00b7les B\u00e8lgica) curs 2025-2026 (tancada)<\/a><\/li>\n<li><a href=\"https:\/\/drive.google.com\/file\/d\/1Rd8pbe1MNBUS8Kil-3rYCD4ay2hmu8sT\/view?usp=drive_link\" target=\"_blank\" rel=\"noopener\">Convocat\u00f2ria de Beques Erasmus+ per professorat grau superior KA131_2024-2025 fam\u00edlia comer\u00e7 i m\u00e0rqueting curs 2025-2026 (tancada)<\/a><\/li>\n<li><a href=\"https:\/\/drive.google.com\/file\/d\/1U96f90YlRUM8SLMBn7NmeFUQlLdPtQts\/view?usp=drive_link\" target=\"_blank\" rel=\"noopener\">Convocat\u00f2ria de beques Erasmus+ per alumnat grau superior Fundaci\u00f3 BCN FP KA131 curs 2025-2026. (tancada)<\/a><\/li>\n<li><a href=\"https:\/\/drive.google.com\/file\/d\/15a7aDkk5WsTemncouXckEQ1iE8GZVC__\/view?usp=drive_link\" target=\"_blank\" rel=\"noopener\">Convocat\u00f2ria de beques Erasmus+ per alumnat grau superior KA131 curs 2025-2026. (tancada)<\/a><\/li>\n<li><a href=\"https:\/\/agora.xtec.cat\/ilb\/wp-content\/uploads\/usu2296\/2025\/10\/Convocatoria-KA122-2a-ronda.pdf\">Convocat\u00f2ria de beques Erasmus+ per alumnat grau mitj\u00e0 KA122 curs 2025-2026. (tancada)<\/a><\/li>\n<li><a href=\"https:\/\/agora.xtec.cat\/ilb\/wp-content\/uploads\/usu2296\/2025\/10\/Convocatoria-KA131_Professorat-segona-ronda.docx.pdf\" target=\"_blank\" rel=\"noopener\">Convocat\u00f2ria de Beques Erasmus+ per a docents grau superior KA131 curs 2025-2026. (tancada)<\/a><\/li>\n<li><a href=\"https:\/\/agora.xtec.cat\/ilb\/wp-content\/uploads\/usu2296\/2025\/10\/Convocatoria-KA122_Professorat.docx-1.pdf\">Convocat\u00f2ria de Beques Erasmus+ per a docents grau mitj\u00e0 KA122 curs 2025-2026. (tancada)<\/a><\/li>\n<li><a href=\"https:\/\/agora.xtec.cat\/ilb\/general\/convocatoria-de-beques-erasmus-per-a-docents-mobilitat-a-guer-franca-en-larea-de-transport-i-logistica\/\" target=\"_blank\" rel=\"noopener\">Convocat\u00f2ria de Beques Erasmus+ per a docents: mobilitat a Guer, Fran\u00e7a, en l&#8217;\u00e0rea de Transport i Log\u00edstica. (tancada)<\/a><\/li>\n<\/ul>\n<p>Resolucions convocat\u00f2ries<\/p>\n<ul>\n<li><a href=\"https:\/\/drive.google.com\/file\/d\/1_7lZQI7PXAmVymPV1auApidhvncm7wsU\/view?usp=drive_link\" target=\"_blank\" rel=\"noopener\">Resoluci\u00f3 convocat\u00f2ria de Beques Estada PCT Impuls per alumnat grau superior Comer\u00e7 Internacional &#8211; Transport i Log\u00edstica (Brussel\u00b7les B\u00e8lgica) curs 2025-2026<\/a><\/li>\n<li><a href=\"https:\/\/drive.google.com\/file\/d\/1n3f5oFyw_p6WeSdVV9cJjqTnQWcVKE95\/view?usp=sharing\" target=\"_blank\" rel=\"noopener\">Resoluci\u00f3 convocat\u00f2ria de beques Erasmus+ per alumnat grau mitj\u00e0 KA122 curs 2025-2026.<\/a><\/li>\n<li><a href=\"https:\/\/drive.google.com\/file\/d\/1_5O2THi9eigFv63_mVPJ1fsJaXb-oCuY\/view?usp=drive_link\" target=\"_blank\" rel=\"noopener\">Resoluci\u00f3 convocat\u00f2ria de beques Erasmus+ per alumnat grau superior KA131 curs 2025-2026.<\/a><\/li>\n<li><a href=\"https:\/\/drive.google.com\/file\/d\/1mYoTLkVXnNOIzfAXQm8HUVC20PF2aXvN\/view?usp=drive_link\" target=\"_blank\" rel=\"noopener\">Resoluci\u00f3 convocat\u00f2ria de beques Erasmus+ per professorat grau mitj\u00e0 (KA122) i grau superior KA131 curs 2025-2026.<\/a><\/li>\n<\/ul>\n<p><img loading=\"lazy\" decoding=\"async\" class=\"\" src=\"https:\/\/agora.xtec.cat\/ilb\/wp-content\/uploads\/usu2296\/2024\/10\/cofinanciado.png\" width=\"88\" height=\"90\" \/><\/p>\n<p style=\"text-align: right;\"><em><span style=\"color: #0000ff;\"><strong>Rumb al teu futur<\/strong><\/span><\/em><\/p>\n<p style=\"text-align: right;\"><em><span style=\"color: #0000ff;\"><strong>ILB \u2013 connected to change<\/strong><\/span><\/em><\/p>\n","protected":false},"excerpt":{"rendered":"<ul>\n<li><a href=\"https:\/\/drive.google.com\/file\/d\/1jpSvdbkB5OJWobBNsCEGnaQvmHqthdk6\/view?usp=drive_link\" target=\"_blank\" rel=\"noopener\">Convocat\u00f2ria de Beques Estada PCT Impuls per alumnat grau superior Comer\u00e7 Internacional &#8211; Transport i Log\u00edstica (Brussel\u00b7les B\u00e8lgica) curs 2025-2026 (tancada)<\/a><\/li>\n<li><a href=\"https:\/\/drive.google.com\/file\/d\/1Rd8pbe1MNBUS8Kil-3rYCD4ay2hmu8sT\/view?usp=drive_link\" target=\"_blank\" rel=\"noopener\">Convocat\u00f2ria de Beques Erasmus+ per professorat grau superior KA131_2024-2025 fam\u00edlia comer\u00e7 i m\u00e0rqueting curs 2025-2026 (tancada)<\/a><\/li>\n<li><a href=\"https:\/\/drive.google.com\/file\/d\/1U96f90YlRUM8SLMBn7NmeFUQlLdPtQts\/view?usp=drive_link\" target=\"_blank\" rel=\"noopener\">Convocat\u00f2ria&hellip;  <a href=\"https:\/\/agora.xtec.cat\/ilb\/convocatories\/\" title=\"Read Convocat\u00f2ries\">Llegeix m\u00e9s\u00bb<\/a><br \/>\n","protected":false},"author":1,"featured_media":0,"parent":0,"menu_order":0,"comment_status":"closed","ping_status":"closed","template":"","meta":{"_bbp_topic_count":0,"_bbp_reply_count":0,"_bbp_total_topic_count":0,"_bbp_total_reply_count":0,"_bbp_voice_count":0,"_bbp_anonymous_reply_count":0,"_bbp_topic_count_hidden":0,"_bbp_reply_count_hidden":0,"_bbp_forum_subforum_count":0,"footnotes":""},"class_list":["post-3911","page","type-page","status-publish","hentry"],"post_mailing_queue_ids":[],"_links":{"self":[{"href":"https:\/\/agora.xtec.cat\/ilb\/wp-json\/wp\/v2\/pages\/3911","targetHints":{"allow":["GET"]}}],"collection":[{"href":"https:\/\/agora.xtec.cat\/ilb\/wp-json\/wp\/v2\/pages"}],"about":[{"href":"https:\/\/agora.xtec.cat\/ilb\/wp-json\/wp\/v2\/types\/page"}],"author":[{"embeddable":true,"href":"https:\/\/agora.xtec.cat\/ilb\/wp-json\/wp\/v2\/users\/1"}],"replies":[{"embeddable":true,"href":"https:\/\/agora.xtec.cat\/ilb\/wp-json\/wp\/v2\/comments?post=3911"}],"version-history":[{"count":6,"href":"https:\/\/agora.xtec.cat\/ilb\/wp-json\/wp\/v2\/pages\/3911\/revisions"}],"predecessor-version":[{"id":4886,"href":"https:\/\/agora.xtec.cat\/ilb\/wp-json\/wp\/v2\/pages\/3911\/revisions\/4886"}],"wp:attachment":[{"href":"https:\/\/agora.xtec.cat\/ilb\/wp-json\/wp\/v2\/media?parent=3911"}],"curies":[{"name":"wp","href":"https:\/\/api.w.org\/{rel}","templated":true}]}}