{"id":3719,"date":"2024-12-02T12:03:31","date_gmt":"2024-12-02T11:03:31","guid":{"rendered":"https:\/\/agora.xtec.cat\/ilb\/?page_id=3719"},"modified":"2025-12-17T17:16:53","modified_gmt":"2025-12-17T16:16:53","slug":"acreditacio","status":"publish","type":"page","link":"https:\/\/agora.xtec.cat\/ilb\/acreditacio\/","title":{"rendered":"Acreditaci\u00f3"},"content":{"rendered":"<p><em><strong>Em vull acreditar<\/strong><\/em><\/p>\n<p style=\"text-align: left;\"><span style=\"font-weight: 400;\">Si <em><strong>ets professional, fes-ho oficial<\/strong><\/em>, per aix\u00f2 oferim el servei d&#8217;acreditaci\u00f3 de compet\u00e8ncies professionals, que s&#8217;inicia amb la fase d\u2019assessorament per qu\u00e8 puguis recon\u00e8ixer les habilitats adquirides mitjan\u00e7ant la teva traject\u00f2ria professional i altres vies no formals, per millorar el teu curr\u00edculum que et permet completar o ampliar la teva formaci\u00f3 amb certificats oficials, fent que amplien les teves oportunitats laborals. El procediment consta de dues fases:<\/span><\/p>\n<ol>\n<li><a href=\"https:\/\/fp.gencat.cat\/ca\/acreditacio\/em-vull-acreditar\/\" target=\"_blank\" rel=\"noopener\">Fase d&#8217;informaci\u00f3.<\/a><\/li>\n<li><a href=\"https:\/\/fp.gencat.cat\/ca\/acreditacio\/em-vull-acreditar\/\" target=\"_blank\" rel=\"noopener\">Fase d&#8217;assessorament i reconeixement.<\/a><\/li>\n<li><a href=\"https:\/\/fp.gencat.cat\/ca\/acreditacio\/em-vull-acreditar\/\" target=\"_blank\" rel=\"noopener\">Fase d&#8217;orientaci\u00f3.<\/a><\/li>\n<\/ol>\n<p style=\"text-align: left;\"><a href=\"https:\/\/fp.gencat.cat\/ca\/acreditacio\/em-vull-acreditar\/\" target=\"_blank\" rel=\"noopener\"><img loading=\"lazy\" decoding=\"async\" class=\"size-full wp-image-3707 aligncenter\" src=\"https:\/\/agora.xtec.cat\/ilb\/wp-content\/uploads\/usu2296\/2024\/12\/Banner-Acreditacio-775x450-t.png\" alt=\"\" width=\"776\" height=\"451\" srcset=\"https:\/\/agora.xtec.cat\/ilb\/wp-content\/uploads\/usu2296\/2024\/12\/Banner-Acreditacio-775x450-t.png 776w, https:\/\/agora.xtec.cat\/ilb\/wp-content\/uploads\/usu2296\/2024\/12\/Banner-Acreditacio-775x450-t-300x174.png 300w, https:\/\/agora.xtec.cat\/ilb\/wp-content\/uploads\/usu2296\/2024\/12\/Banner-Acreditacio-775x450-t-768x446.png 768w\" sizes=\"auto, (max-width: 776px) 100vw, 776px\" \/><\/a><\/p>\n<p><em><strong>Col\u00b7laborar amb el servei d&#8217;acreditaci\u00f3 de compet\u00e8ncies<\/strong><\/em><\/p>\n<p><a href=\"https:\/\/fp.gencat.cat\/ca\/acreditacio\/soc-collaborador-del-servei-dacreditacio\/\" target=\"_blank\" rel=\"noopener\"><span style=\"font-weight: 400;\">Persones interessades a habilitar-se com a assessores i avaluadores del servei d\u2019Acreditaci\u00f3 de compet\u00e8ncies professional.<\/span><\/a><\/p>\n<p><a href=\"https:\/\/fp.gencat.cat\/ca\/acreditacio\/soc-collaborador-del-servei-dacreditacio\/\" target=\"_blank\" rel=\"noopener\"><img loading=\"lazy\" decoding=\"async\" class=\"size-full wp-image-3729 aligncenter\" src=\"https:\/\/agora.xtec.cat\/ilb\/wp-content\/uploads\/usu2296\/2024\/12\/Captura_agencia_2.jpg\" alt=\"\" width=\"526\" height=\"143\" srcset=\"https:\/\/agora.xtec.cat\/ilb\/wp-content\/uploads\/usu2296\/2024\/12\/Captura_agencia_2.jpg 526w, https:\/\/agora.xtec.cat\/ilb\/wp-content\/uploads\/usu2296\/2024\/12\/Captura_agencia_2-300x82.jpg 300w\" sizes=\"auto, (max-width: 526px) 100vw, 526px\" \/><\/a><\/p>\n<p style=\"text-align: right;\"><em><span style=\"color: #0000ff;\"><strong>Rumb al teu futur<\/strong><\/span><\/em><\/p>\n<p style=\"text-align: right;\"><em><span style=\"color: #0000ff;\"><strong>ILB \u2013 connected to change<\/strong><\/span><\/em><\/p>\n","protected":false},"excerpt":{"rendered":"<p>Em vull acreditar<br \/>\nSi ets professional, fes-ho oficial, per aix\u00f2 oferim el servei d&#8217;acreditaci\u00f3 de compet\u00e8ncies professionals, que s&#8217;inicia amb la fase d\u2019assessorament per qu\u00e8 puguis recon\u00e8ixer les habilitats adquirides mitjan\u00e7ant la teva traject\u00f2ria professional i altres vies no formals, per millorar el teu curr\u00edculum que&hellip;  <a href=\"https:\/\/agora.xtec.cat\/ilb\/acreditacio\/\" title=\"Read Acreditaci\u00f3\">Llegeix m\u00e9s\u00bb<\/a><\/p>\n","protected":false},"author":1,"featured_media":0,"parent":0,"menu_order":0,"comment_status":"closed","ping_status":"closed","template":"","meta":{"_bbp_topic_count":0,"_bbp_reply_count":0,"_bbp_total_topic_count":0,"_bbp_total_reply_count":0,"_bbp_voice_count":0,"_bbp_anonymous_reply_count":0,"_bbp_topic_count_hidden":0,"_bbp_reply_count_hidden":0,"_bbp_forum_subforum_count":0,"footnotes":""},"class_list":["post-3719","page","type-page","status-publish","hentry"],"post_mailing_queue_ids":[],"_links":{"self":[{"href":"https:\/\/agora.xtec.cat\/ilb\/wp-json\/wp\/v2\/pages\/3719","targetHints":{"allow":["GET"]}}],"collection":[{"href":"https:\/\/agora.xtec.cat\/ilb\/wp-json\/wp\/v2\/pages"}],"about":[{"href":"https:\/\/agora.xtec.cat\/ilb\/wp-json\/wp\/v2\/types\/page"}],"author":[{"embeddable":true,"href":"https:\/\/agora.xtec.cat\/ilb\/wp-json\/wp\/v2\/users\/1"}],"replies":[{"embeddable":true,"href":"https:\/\/agora.xtec.cat\/ilb\/wp-json\/wp\/v2\/comments?post=3719"}],"version-history":[{"count":6,"href":"https:\/\/agora.xtec.cat\/ilb\/wp-json\/wp\/v2\/pages\/3719\/revisions"}],"predecessor-version":[{"id":4663,"href":"https:\/\/agora.xtec.cat\/ilb\/wp-json\/wp\/v2\/pages\/3719\/revisions\/4663"}],"wp:attachment":[{"href":"https:\/\/agora.xtec.cat\/ilb\/wp-json\/wp\/v2\/media?parent=3719"}],"curies":[{"name":"wp","href":"https:\/\/api.w.org\/{rel}","templated":true}]}}