{"id":3715,"date":"2024-12-02T12:02:46","date_gmt":"2024-12-02T11:02:46","guid":{"rendered":"https:\/\/agora.xtec.cat\/ilb\/?page_id=3715"},"modified":"2025-12-17T17:16:46","modified_gmt":"2025-12-17T16:16:46","slug":"informacio-i-orientacio-professional","status":"publish","type":"page","link":"https:\/\/agora.xtec.cat\/ilb\/informacio-i-orientacio-professional\/","title":{"rendered":"Servei d&#8217;Informaci\u00f3 i Orientaci\u00f3 professional"},"content":{"rendered":"<p><span style=\"font-weight: 400;\">Oferim serveis d&#8217;informaci\u00f3 i orientaci\u00f3 personalitzada per a les persones usu\u00e0ries que s\u2019adrecin al centre i pel nostre alumnat, et podem ajudar a identificar les teves fortaleses, per adaptar-les al mercat laboral i dissenyar el teu itinerari formatiu per aconseguir els teus objectius professionals.<\/span><a href=\"https:\/\/fp.gencat.cat\/ca\/orientacio-365\/orientat-professionalment-00001\/\" target=\"_blank\" rel=\"noopener\"><img loading=\"lazy\" decoding=\"async\" class=\"size-full wp-image-3723 aligncenter\" src=\"https:\/\/agora.xtec.cat\/ilb\/wp-content\/uploads\/usu2296\/2024\/12\/Captura_agencia.jpg\" alt=\"\" width=\"794\" height=\"432\" srcset=\"https:\/\/agora.xtec.cat\/ilb\/wp-content\/uploads\/usu2296\/2024\/12\/Captura_agencia.jpg 794w, https:\/\/agora.xtec.cat\/ilb\/wp-content\/uploads\/usu2296\/2024\/12\/Captura_agencia-300x163.jpg 300w, https:\/\/agora.xtec.cat\/ilb\/wp-content\/uploads\/usu2296\/2024\/12\/Captura_agencia-768x418.jpg 768w\" sizes=\"auto, (max-width: 794px) 100vw, 794px\" \/><\/a><\/p>\n<p><a href=\"https:\/\/docs.google.com\/forms\/d\/e\/1FAIpQLSd73E-9m58pcRC_a0xukAXu150_LKLO7kDonVSHpHPNTMhnfg\/viewform\" target=\"_blank\" rel=\"noopener\">Formulari de Sol\u00b7licitud d&#8217;informaci\u00f3 &#8211; Assessorament i reconeixement \/ Acreditaci\u00f3 de compet\u00e8ncies \/ Orientaci\u00f3 Laboral.<\/a><\/p>\n<p>&nbsp;<\/p>\n<p>&nbsp;<\/p>\n<p style=\"text-align: right;\"><em><span style=\"color: #0000ff;\"><strong>Rumb al teu futur<\/strong><\/span><\/em><\/p>\n<p style=\"text-align: right;\"><em><span style=\"color: #0000ff;\"><strong>ILB \u2013 connected to change<\/strong><\/span><\/em><\/p>\n","protected":false},"excerpt":{"rendered":"<p>Oferim serveis d&#8217;informaci\u00f3 i orientaci\u00f3 personalitzada per a les persones usu\u00e0ries que s\u2019adrecin al centre i pel nostre alumnat, et podem ajudar a identificar les teves fortaleses, per adaptar-les al mercat laboral i dissenyar el teu itinerari formatiu per aconseguir els teus objectius professionals.<a href=\"https:\/\/fp.gencat.cat\/ca\/orientacio-365\/orientat-professionalment-00001\/\"&hellip;  <a href=\"https:\/\/agora.xtec.cat\/ilb\/informacio-i-orientacio-professional\/\" title=\"Read Servei d&#8217;Informaci\u00f3 i Orientaci\u00f3 professional\">Llegeix m\u00e9s\u00bb<\/a><\/p>\n","protected":false},"author":1,"featured_media":0,"parent":0,"menu_order":0,"comment_status":"closed","ping_status":"closed","template":"","meta":{"_bbp_topic_count":0,"_bbp_reply_count":0,"_bbp_total_topic_count":0,"_bbp_total_reply_count":0,"_bbp_voice_count":0,"_bbp_anonymous_reply_count":0,"_bbp_topic_count_hidden":0,"_bbp_reply_count_hidden":0,"_bbp_forum_subforum_count":0,"footnotes":""},"class_list":["post-3715","page","type-page","status-publish","hentry"],"post_mailing_queue_ids":[],"_links":{"self":[{"href":"https:\/\/agora.xtec.cat\/ilb\/wp-json\/wp\/v2\/pages\/3715","targetHints":{"allow":["GET"]}}],"collection":[{"href":"https:\/\/agora.xtec.cat\/ilb\/wp-json\/wp\/v2\/pages"}],"about":[{"href":"https:\/\/agora.xtec.cat\/ilb\/wp-json\/wp\/v2\/types\/page"}],"author":[{"embeddable":true,"href":"https:\/\/agora.xtec.cat\/ilb\/wp-json\/wp\/v2\/users\/1"}],"replies":[{"embeddable":true,"href":"https:\/\/agora.xtec.cat\/ilb\/wp-json\/wp\/v2\/comments?post=3715"}],"version-history":[{"count":6,"href":"https:\/\/agora.xtec.cat\/ilb\/wp-json\/wp\/v2\/pages\/3715\/revisions"}],"predecessor-version":[{"id":4662,"href":"https:\/\/agora.xtec.cat\/ilb\/wp-json\/wp\/v2\/pages\/3715\/revisions\/4662"}],"wp:attachment":[{"href":"https:\/\/agora.xtec.cat\/ilb\/wp-json\/wp\/v2\/media?parent=3715"}],"curies":[{"name":"wp","href":"https:\/\/api.w.org\/{rel}","templated":true}]}}