{"id":3396,"date":"2024-09-17T16:17:19","date_gmt":"2024-09-17T14:17:19","guid":{"rendered":"https:\/\/agora.xtec.cat\/ilb\/?page_id=3396"},"modified":"2026-03-10T10:25:18","modified_gmt":"2026-03-10T09:25:18","slug":"consell-de-formacio-i-empresa","status":"publish","type":"page","link":"https:\/\/agora.xtec.cat\/ilb\/consell-de-formacio-i-empresa\/","title":{"rendered":"Consell de Formaci\u00f3 i Empresa"},"content":{"rendered":"<p><span style=\"color: #3366ff;\"><b>Informaci\u00f3 de cada curs escolar:\u00a0\u00a0<\/b><\/span><\/p>\n<ul>\n<li style=\"list-style-type: none;\">\n<ul>\n<li><a href=\"https:\/\/agora.xtec.cat\/ilb\/acords-del-consell-de-formacio-i-empresa-curs-2024-2025\/\">Curs 2024-2025<\/a><\/li>\n<\/ul>\n<\/li>\n<\/ul>\n<p style=\"text-align: justify;\"><a href=\"https:\/\/agora.xtec.cat\/ilb\/general\/constitucio-del-consell-de-formacio-i-empresa-ilb\/\" target=\"_blank\" rel=\"noopener\"><span style=\"color: #3366ff;\"><b>Composici\u00f3 del Consell de Formaci\u00f3 i Empresa ILB<\/b><\/span><\/a><\/p>\n<table style=\"border-collapse: collapse; width: 46.483%; height: 998px;\">\n<tbody>\n<tr style=\"height: 32px;\">\n<td style=\"width: 39.9137%; text-align: center; height: 32px;\" colspan=\"2\"><em><span style=\"color: #3366ff;\"><b>Comissi\u00f3 permament<\/b><\/span><\/em><\/td>\n<\/tr>\n<tr style=\"height: 32px;\">\n<td style=\"width: 39.9137%; text-align: center; height: 32px;\" colspan=\"2\"><em><span style=\"color: #3366ff;\"><b>Sector administraci\u00f3<\/b><\/span><\/em><\/td>\n<\/tr>\n<tr style=\"height: 32px;\">\n<td style=\"width: 23.3753%; height: 32px;\">Direcci\u00f3 executiva i presid\u00e8ncia del Consell de Formaci\u00f3 i Empresa<\/td>\n<td style=\"width: 16.5384%; height: 32px;\">Sr. V\u00e1zquez G\u00e1zquez, Jos\u00e9 Antonio<\/td>\n<\/tr>\n<tr style=\"height: 32px;\">\n<td style=\"width: 23.3753%; height: 32px;\">Presid\u00e8ncia <a href=\"https:\/\/www.portdebarcelona.cat\/es\/sostenibilidad\/sostenibilidad-social\/formacion-y-empleo\/institut-de-logistica-de-barcelona\" target=\"_blank\" rel=\"noopener\">Port de Barcelona<\/a><\/td>\n<td style=\"width: 16.5384%; height: 32px;\">Sr. Carbonell Camallonga, Jos\u00e9 Alberto<\/td>\n<\/tr>\n<tr style=\"height: 32px;\">\n<td style=\"width: 23.3753%; height: 32px;\"><a href=\"https:\/\/www.accio.gencat.cat\/ca\/inici\" target=\"_blank\" rel=\"noopener\">Acci\u00f3<\/a> &#8211; directora unitat de negoci internacional<\/td>\n<td style=\"width: 16.5384%; height: 32px;\">Sra. Serrradell Quincannon, Cristina<\/td>\n<\/tr>\n<tr style=\"height: 32px;\">\n<td style=\"width: 23.3753%; height: 32px;\"><a href=\"https:\/\/www.edubcn.cat\/ca\/el_consorci\/sobre_el_ceb\/organigrama\" target=\"_blank\" rel=\"noopener\">Consorci d&#8217;Educaci\u00f3 de Barcelona<\/a><\/td>\n<td style=\"width: 16.5384%; height: 32px;\">Sra. Terra Sans, Anna<\/td>\n<\/tr>\n<tr style=\"height: 32px;\">\n<td style=\"width: 39.9137%; text-align: center; height: 32px;\" colspan=\"2\"><em><span style=\"color: #3366ff;\"><b>Sector centre<\/b><\/span><\/em><\/td>\n<\/tr>\n<tr style=\"height: 32px;\">\n<td style=\"width: 23.3753%; height: 32px;\">Cap d&#8217;estudis<\/td>\n<td style=\"width: 16.5384%; height: 32px;\">Sra. Vives Serra, \u00c0ngels<\/td>\n<\/tr>\n<tr style=\"height: 32px;\">\n<td style=\"width: 23.3753%; height: 32px;\">Secretaria<\/td>\n<td style=\"width: 16.5384%; height: 32px;\">Sra. Carmona Barrios, Francesca<\/td>\n<\/tr>\n<tr style=\"height: 32px;\">\n<td style=\"width: 23.3753%; height: 32px;\">Consell Escolar<\/td>\n<td style=\"width: 16.5384%; height: 32px;\">Sra. Portol\u00e9s Falc\u00f3, Cec\u00edlia<\/td>\n<\/tr>\n<tr style=\"height: 32px;\">\n<td style=\"width: 23.3753%; height: 32px;\">Consell Escolar<\/td>\n<td style=\"width: 16.5384%; height: 32px;\">Sr. Molina P\u00e9rez, David<\/td>\n<\/tr>\n<tr style=\"height: 32px;\">\n<td style=\"width: 39.9137%; height: 32px; text-align: center;\" colspan=\"2\"><em><span style=\"color: #3366ff;\"><b>Agents socials i empresarials<\/b><\/span><\/em><\/td>\n<\/tr>\n<tr style=\"height: 32px;\">\n<td style=\"width: 23.3753%; height: 32px;\"><a href=\"https:\/\/www.ccoo.es\/\" target=\"_blank\" rel=\"noopener\">CCOO<\/a><\/td>\n<td style=\"width: 16.5384%; height: 32px;\">Sra. Macias Rosado, Emilia<\/td>\n<\/tr>\n<tr style=\"height: 32px;\">\n<td style=\"width: 23.3753%; height: 32px;\"><a href=\"https:\/\/www.ugt.es\/\" target=\"_blank\" rel=\"noopener\">UGT<\/a><\/td>\n<td style=\"width: 16.5384%; height: 32px;\">Sr. D\u00edaz Lucena, Toni<\/td>\n<\/tr>\n<tr style=\"height: 32px;\">\n<td style=\"width: 23.3753%; height: 32px;\"><a href=\"https:\/\/www.foment.com\/es\/\" target=\"_blank\" rel=\"noopener\">FOMENT<\/a><\/td>\n<td style=\"width: 16.5384%; height: 32px;\">Sra. Baldan, Natalia<\/td>\n<\/tr>\n<tr style=\"height: 32px;\">\n<td style=\"width: 23.3753%; height: 32px;\"><a href=\"https:\/\/pimec.org\/es\" target=\"_blank\" rel=\"noopener\">PIMEC<\/a><\/td>\n<td style=\"width: 16.5384%; height: 32px;\">Sr. Sayol Santamar\u00eda, Ignasi<\/td>\n<\/tr>\n<tr style=\"height: 486px;\">\n<td style=\"height: 486px;\" colspan=\"2\"><a href=\"https:\/\/agora.xtec.cat\/ilb\/wp-content\/uploads\/usu2296\/2024\/09\/WhatsApp-Image-2024-09-12-at-16.16.36-1.jpeg\"><img loading=\"lazy\" decoding=\"async\" class=\"alignnone size-large wp-image-3407\" src=\"https:\/\/agora.xtec.cat\/ilb\/wp-content\/uploads\/usu2296\/2024\/09\/WhatsApp-Image-2024-09-12-at-16.16.36-1-1024x768.jpeg\" alt=\"\" width=\"1024\" height=\"768\" srcset=\"https:\/\/agora.xtec.cat\/ilb\/wp-content\/uploads\/usu2296\/2024\/09\/WhatsApp-Image-2024-09-12-at-16.16.36-1-1024x768.jpeg 1024w, https:\/\/agora.xtec.cat\/ilb\/wp-content\/uploads\/usu2296\/2024\/09\/WhatsApp-Image-2024-09-12-at-16.16.36-1-300x225.jpeg 300w, https:\/\/agora.xtec.cat\/ilb\/wp-content\/uploads\/usu2296\/2024\/09\/WhatsApp-Image-2024-09-12-at-16.16.36-1-768x576.jpeg 768w, https:\/\/agora.xtec.cat\/ilb\/wp-content\/uploads\/usu2296\/2024\/09\/WhatsApp-Image-2024-09-12-at-16.16.36-1-1536x1152.jpeg 1536w, https:\/\/agora.xtec.cat\/ilb\/wp-content\/uploads\/usu2296\/2024\/09\/WhatsApp-Image-2024-09-12-at-16.16.36-1-200x150.jpeg 200w, https:\/\/agora.xtec.cat\/ilb\/wp-content\/uploads\/usu2296\/2024\/09\/WhatsApp-Image-2024-09-12-at-16.16.36-1.jpeg 1600w\" sizes=\"auto, (max-width: 1024px) 100vw, 1024px\" \/><\/a><\/td>\n<\/tr>\n<tr>\n<td style=\"width: 23.3753%;\" colspan=\"2\"><a href=\"https:\/\/agora.xtec.cat\/ilb\/wp-content\/uploads\/usu2296\/2024\/09\/Captura2.jpg\"><img loading=\"lazy\" decoding=\"async\" class=\"size-full wp-image-3409 aligncenter\" src=\"https:\/\/agora.xtec.cat\/ilb\/wp-content\/uploads\/usu2296\/2024\/09\/Captura2.jpg\" alt=\"\" width=\"488\" height=\"224\" srcset=\"https:\/\/agora.xtec.cat\/ilb\/wp-content\/uploads\/usu2296\/2024\/09\/Captura2.jpg 488w, https:\/\/agora.xtec.cat\/ilb\/wp-content\/uploads\/usu2296\/2024\/09\/Captura2-300x138.jpg 300w\" sizes=\"auto, (max-width: 488px) 100vw, 488px\" \/><\/a><\/td>\n<\/tr>\n<\/tbody>\n<\/table>\n<p style=\"text-align: right;\"><em><span style=\"color: #0000ff;\"><strong>Rumb al teu futur<\/strong><\/span><\/em><\/p>\n<p style=\"text-align: right;\"><em><span style=\"color: #0000ff;\"><strong>ILB \u2013 connected to change<\/strong><\/span><\/em><\/p>\n","protected":false},"excerpt":{"rendered":"<p>Informaci\u00f3 de cada curs escolar:\u00a0\u00a0<\/p>\n<ul>\n<li style=\"list-style-type: none;\">\n<ul>\n<li><a href=\"https:\/\/agora.xtec.cat\/ilb\/acords-del-consell-de-formacio-i-empresa-curs-2024-2025\/\">Curs 2024-2025<\/a><\/li>\n<\/ul>\n<\/li>\n<\/ul>\n<p><a href=\"https:\/\/agora.xtec.cat\/ilb\/general\/constitucio-del-consell-de-formacio-i-empresa-ilb\/\" target=\"_blank\" rel=\"noopener\">Composici\u00f3 del Consell de Formaci\u00f3 i Empresa ILB<\/a><\/p>\n<p>Comissi\u00f3 permament<\/p>\n<p>Sector administraci\u00f3<\/p>\n<p>Direcci\u00f3 executiva i presid\u00e8ncia del Consell de Formaci\u00f3 i Empresa<br \/>\nSr. V\u00e1zquez G\u00e1zquez, Jos\u00e9 Antonio<\/p>\n<p>Presid\u00e8ncia <a href=\"https:\/\/www.portdebarcelona.cat\/es\/sostenibilidad\/sostenibilidad-social\/formacion-y-empleo\/institut-de-logistica-de-barcelona\" target=\"_blank\" rel=\"noopener\">Port de Barcelona<\/a><br \/>\nSr. Carbonell Camallonga, Jos\u00e9 Alberto<\/p>\n<p><a href=\"https:\/\/www.accio.gencat.cat\/ca\/inici\"&hellip;  <a href=\"https:\/\/agora.xtec.cat\/ilb\/consell-de-formacio-i-empresa\/\" title=\"Read Consell de Formaci\u00f3 i Empresa\">Llegeix m\u00e9s\u00bb<\/a><\/p>\n","protected":false},"author":1,"featured_media":0,"parent":0,"menu_order":0,"comment_status":"closed","ping_status":"closed","template":"","meta":{"_bbp_topic_count":0,"_bbp_reply_count":0,"_bbp_total_topic_count":0,"_bbp_total_reply_count":0,"_bbp_voice_count":0,"_bbp_anonymous_reply_count":0,"_bbp_topic_count_hidden":0,"_bbp_reply_count_hidden":0,"_bbp_forum_subforum_count":0,"footnotes":""},"class_list":["post-3396","page","type-page","status-publish","hentry"],"post_mailing_queue_ids":[],"_links":{"self":[{"href":"https:\/\/agora.xtec.cat\/ilb\/wp-json\/wp\/v2\/pages\/3396","targetHints":{"allow":["GET"]}}],"collection":[{"href":"https:\/\/agora.xtec.cat\/ilb\/wp-json\/wp\/v2\/pages"}],"about":[{"href":"https:\/\/agora.xtec.cat\/ilb\/wp-json\/wp\/v2\/types\/page"}],"author":[{"embeddable":true,"href":"https:\/\/agora.xtec.cat\/ilb\/wp-json\/wp\/v2\/users\/1"}],"replies":[{"embeddable":true,"href":"https:\/\/agora.xtec.cat\/ilb\/wp-json\/wp\/v2\/comments?post=3396"}],"version-history":[{"count":7,"href":"https:\/\/agora.xtec.cat\/ilb\/wp-json\/wp\/v2\/pages\/3396\/revisions"}],"predecessor-version":[{"id":4804,"href":"https:\/\/agora.xtec.cat\/ilb\/wp-json\/wp\/v2\/pages\/3396\/revisions\/4804"}],"wp:attachment":[{"href":"https:\/\/agora.xtec.cat\/ilb\/wp-json\/wp\/v2\/media?parent=3396"}],"curies":[{"name":"wp","href":"https:\/\/api.w.org\/{rel}","templated":true}]}}