{"id":27,"date":"2014-09-17T16:24:03","date_gmt":"2014-09-17T16:24:03","guid":{"rendered":"http:\/\/agora.xtec.cat\/ilb\/?page_id=27"},"modified":"2025-12-17T16:43:55","modified_gmt":"2025-12-17T15:43:55","slug":"historia","status":"publish","type":"page","link":"https:\/\/agora.xtec.cat\/ilb\/linstitut\/historia\/","title":{"rendered":"Hist\u00f2ria"},"content":{"rendered":"<p><span style=\"font-weight: 400;\">L\u2019Institut de Log\u00edstica de Barcelona arrenca la seva activitat al setembre de 2022 (curs 2022-2023). No obstant segueix l\u2019estela d\u2019altres centres de similars caracter\u00edstiques a l\u2019entorn Europeu i internacional.<\/span><\/p>\n<p><span style=\"font-weight: 400;\">Estem davant d\u2019un projecte altament anhelat per l\u2019ecosistema portuari i necessari per al proc\u00e9s d\u2019internacionalitzaci\u00f3 empresarial.<\/span><\/p>\n<p><span style=\"font-weight: 400;\">Durant l\u2019any 2018 s\u2019estudia els perfils professionals m\u00e9s demandats, aix\u00ed com els perfils emergents, per donar resposta a les necessitats pr\u00f2pies d\u2019aquest <\/span><i><span style=\"font-weight: 400;\">cluster.<\/span><\/i><\/p>\n<p><span style=\"font-weight: 400;\">Aquests treballs formen part dels or\u00edgens de l\u2019actual projecte educatiu, configurant un cat\u00e0leg formatiu i de serveis, que ha de permetre formar als\/les professionals del sector, treballant en xarxa dins de l\u2019\u00e0mbit professional d\u2019activitats empresarials i log\u00edstiques.<\/span><\/p>\n<p><span style=\"font-weight: 400;\">Durant el 2022, el projecte es veu impulsat amb la col\u00b7laboraci\u00f3 conjunta del <a href=\"https:\/\/www.edubcn.cat\/ca\" target=\"_blank\" rel=\"noopener\">Consorci d\u2019Educaci\u00f3 de Barcelona<\/a> i el <a href=\"http:\/\/www.portdebarcelona.cat\" target=\"_blank\" rel=\"noopener\">Port de Barcelona<\/a>, establint un <\/span><i><span style=\"font-weight: 400;\">partenariat <\/span><\/i><span style=\"font-weight: 400;\">s\u00f2lid i de futur, que es veu materialitzat en l\u2019institut de formaci\u00f3 professional integrada de Log\u00edstica de Barcelona.<\/span><\/p>\n<p style=\"text-align: right;\"><em><span style=\"color: #0000ff;\"><strong>Rumb al teu futur<\/strong><\/span><\/em><\/p>\n<p style=\"text-align: right;\"><em><span style=\"color: #0000ff;\"><strong>ILB \u2013 connected to change<\/strong><\/span><\/em><\/p>\n","protected":false},"excerpt":{"rendered":"<p>L\u2019Institut de Log\u00edstica de Barcelona arrenca la seva activitat al setembre de 2022 (curs 2022-2023). No obstant segueix l\u2019estela d\u2019altres centres de similars caracter\u00edstiques a l\u2019entorn Europeu i internacional.<br \/>\nEstem davant d\u2019un projecte altament anhelat per l\u2019ecosistema portuari i necessari per al proc\u00e9s d\u2019internacionalitzaci\u00f3 empresarial.<br \/>\nDurant l\u2019any&hellip;  <a href=\"https:\/\/agora.xtec.cat\/ilb\/linstitut\/historia\/\" title=\"Read Hist\u00f2ria\">Llegeix m\u00e9s\u00bb<\/a><\/p>\n","protected":false},"author":1,"featured_media":0,"parent":19,"menu_order":20,"comment_status":"closed","ping_status":"closed","template":"page-templates\/side-menu.php","meta":{"_bbp_topic_count":0,"_bbp_reply_count":0,"_bbp_total_topic_count":0,"_bbp_total_reply_count":0,"_bbp_voice_count":0,"_bbp_anonymous_reply_count":0,"_bbp_topic_count_hidden":0,"_bbp_reply_count_hidden":0,"_bbp_forum_subforum_count":0,"footnotes":""},"class_list":["post-27","page","type-page","status-publish","hentry"],"post_mailing_queue_ids":[],"_links":{"self":[{"href":"https:\/\/agora.xtec.cat\/ilb\/wp-json\/wp\/v2\/pages\/27","targetHints":{"allow":["GET"]}}],"collection":[{"href":"https:\/\/agora.xtec.cat\/ilb\/wp-json\/wp\/v2\/pages"}],"about":[{"href":"https:\/\/agora.xtec.cat\/ilb\/wp-json\/wp\/v2\/types\/page"}],"author":[{"embeddable":true,"href":"https:\/\/agora.xtec.cat\/ilb\/wp-json\/wp\/v2\/users\/1"}],"replies":[{"embeddable":true,"href":"https:\/\/agora.xtec.cat\/ilb\/wp-json\/wp\/v2\/comments?post=27"}],"version-history":[{"count":5,"href":"https:\/\/agora.xtec.cat\/ilb\/wp-json\/wp\/v2\/pages\/27\/revisions"}],"predecessor-version":[{"id":4610,"href":"https:\/\/agora.xtec.cat\/ilb\/wp-json\/wp\/v2\/pages\/27\/revisions\/4610"}],"up":[{"embeddable":true,"href":"https:\/\/agora.xtec.cat\/ilb\/wp-json\/wp\/v2\/pages\/19"}],"wp:attachment":[{"href":"https:\/\/agora.xtec.cat\/ilb\/wp-json\/wp\/v2\/media?parent=27"}],"curies":[{"name":"wp","href":"https:\/\/api.w.org\/{rel}","templated":true}]}}