{"id":2578,"date":"2023-12-06T10:37:09","date_gmt":"2023-12-06T09:37:09","guid":{"rendered":"https:\/\/agora.xtec.cat\/ilb\/?page_id=2578"},"modified":"2025-12-17T16:47:18","modified_gmt":"2025-12-17T15:47:18","slug":"projecte-linguistic-de-centre-2","status":"publish","type":"page","link":"https:\/\/agora.xtec.cat\/ilb\/projecte-linguistic-de-centre-2\/","title":{"rendered":"Projecte ling\u00fc\u00edstic de centre"},"content":{"rendered":"<p>Els principals objectius del Projecte Ling\u00fc\u00edstic de Centre son:<\/p>\n<ol>\n<li style=\"font-weight: 400;\" aria-level=\"1\"><span style=\"font-weight: 400;\">Garantir que el catal\u00e0 sigui la llengua principal de comunicaci\u00f3 en el centre, fomentant-ne l&#8217;\u00fas correcte per part dels diferents grups d&#8217;inter\u00e8s, principalment, l&#8217;alumnat, el professorat, les fam\u00edlies, el personal d&#8217;administraci\u00f3 i serveis i l\u2019entorn empresarial del centre.<\/span><\/li>\n<li style=\"font-weight: 400;\" aria-level=\"1\"><span style=\"font-weight: 400;\">Afavorir l&#8217;\u00fas de les lleng\u00fces estrangeres en la doc\u00e8ncia i en la creaci\u00f3 de material did\u00e0ctic, amb l&#8217;objectiu de desenvolupar les compet\u00e8ncies ling\u00fc\u00edstiques dels alumnes i preparar-los per a un mercat laboral globalitzat.<\/span><\/li>\n<li style=\"font-weight: 400;\" aria-level=\"1\"><span style=\"font-weight: 400;\">Implementar l&#8217;enfocament AICLE (Aprenentatge Integrat de Continguts i Lleng\u00fces Estrangeres) en el proc\u00e9s d\u2019ensenyament-aprenentatge, amb l&#8217;objectiu d&#8217;integrar les lleng\u00fces estrangeres en el contingut de les mat\u00e8ries i, aix\u00ed, millorar l&#8217;aprenentatge.<\/span><\/li>\n<li style=\"font-weight: 400;\" aria-level=\"1\"><span style=\"font-weight: 400;\">Incentivar l&#8217;ensenyament del franc\u00e8s, una llengua clau en els \u00e0mbits del comer\u00e7 internacional i de la log\u00edstica, per donar als alumnes un avantatge competencial.<\/span><\/li>\n<li style=\"font-weight: 400;\" aria-level=\"1\"><span style=\"font-weight: 400;\">Fomentar la participaci\u00f3 en activitats d&#8217;intercanvi i en visites a pa\u00efsos estrangers, amb l&#8217;objectiu de practicar lleng\u00fces estrangeres en un entorn real i d&#8217;enriquir la formaci\u00f3 dels alumnes en altres cultures i realitats.<\/span><\/li>\n<\/ol>\n<p><a href=\"https:\/\/drive.google.com\/file\/d\/1NzX4V92dWYuSKCi0UvyaikUXS8lz5fsX\/view?usp=share_link\" target=\"_blank\" rel=\"noopener\"><span style=\"color: #0000ff;\"><em>Versi\u00f3 \u00edntegra del projecte ling\u00fc\u00edstiic de centre consultable aqu\u00ed.<\/em><\/span><\/a><\/p>\n<p style=\"text-align: right;\"><em><span style=\"color: #0000ff;\"><strong>Rumb al teu futur<\/strong><\/span><\/em><\/p>\n<p style=\"text-align: right;\"><em><span style=\"color: #0000ff;\"><strong>ILB \u2013 connected to change<\/strong><\/span><\/em><\/p>\n","protected":false},"excerpt":{"rendered":"<p>Els principals objectius del Projecte Ling\u00fc\u00edstic de Centre son:<\/p>\n<ol>\n<li style=\"font-weight: 400;\" aria-level=\"1\">Garantir que el catal\u00e0 sigui la llengua principal de comunicaci\u00f3 en el centre, fomentant-ne l&#8217;\u00fas correcte per part dels diferents grups d&#8217;inter\u00e8s, principalment, l&#8217;alumnat, el professorat, les fam\u00edlies, el personal d&#8217;administraci\u00f3 i serveis i&hellip;  <a href=\"https:\/\/agora.xtec.cat\/ilb\/projecte-linguistic-de-centre-2\/\" title=\"Read Projecte ling\u00fc\u00edstic de centre\">Llegeix m\u00e9s\u00bb<\/a><br \/>\n","protected":false},"author":1,"featured_media":0,"parent":0,"menu_order":0,"comment_status":"closed","ping_status":"closed","template":"","meta":{"_bbp_topic_count":0,"_bbp_reply_count":0,"_bbp_total_topic_count":0,"_bbp_total_reply_count":0,"_bbp_voice_count":0,"_bbp_anonymous_reply_count":0,"_bbp_topic_count_hidden":0,"_bbp_reply_count_hidden":0,"_bbp_forum_subforum_count":0,"footnotes":""},"class_list":["post-2578","page","type-page","status-publish","hentry"],"post_mailing_queue_ids":[],"_links":{"self":[{"href":"https:\/\/agora.xtec.cat\/ilb\/wp-json\/wp\/v2\/pages\/2578","targetHints":{"allow":["GET"]}}],"collection":[{"href":"https:\/\/agora.xtec.cat\/ilb\/wp-json\/wp\/v2\/pages"}],"about":[{"href":"https:\/\/agora.xtec.cat\/ilb\/wp-json\/wp\/v2\/types\/page"}],"author":[{"embeddable":true,"href":"https:\/\/agora.xtec.cat\/ilb\/wp-json\/wp\/v2\/users\/1"}],"replies":[{"embeddable":true,"href":"https:\/\/agora.xtec.cat\/ilb\/wp-json\/wp\/v2\/comments?post=2578"}],"version-history":[{"count":6,"href":"https:\/\/agora.xtec.cat\/ilb\/wp-json\/wp\/v2\/pages\/2578\/revisions"}],"predecessor-version":[{"id":4624,"href":"https:\/\/agora.xtec.cat\/ilb\/wp-json\/wp\/v2\/pages\/2578\/revisions\/4624"}],"wp:attachment":[{"href":"https:\/\/agora.xtec.cat\/ilb\/wp-json\/wp\/v2\/media?parent=2578"}],"curies":[{"name":"wp","href":"https:\/\/api.w.org\/{rel}","templated":true}]}}