{"id":2166,"date":"2023-06-01T19:55:55","date_gmt":"2023-06-01T17:55:55","guid":{"rendered":"https:\/\/agora.xtec.cat\/ilb\/?page_id=2166"},"modified":"2025-12-17T16:46:36","modified_gmt":"2025-12-17T15:46:36","slug":"calendaris-2a-convocatoria-curs-2022-2023","status":"publish","type":"page","link":"https:\/\/agora.xtec.cat\/ilb\/calendaris-2a-convocatoria-curs-2022-2023\/","title":{"rendered":"Calendaris 2a convocat\u00f2ria curs 2024-2025"},"content":{"rendered":"<p>Calendaris de la segona convocat\u00f2ria per fam\u00edlies professionals<\/p>\n<p>Aqu\u00ed trobareu els calendaris actualitzats amb les dates i hores de les proves de la segona convocat\u00f2ria per cada fam\u00edlia professional.<\/p>\n<ul>\n<li style=\"list-style-type: none;\">\n<ul>\n<li><strong>Fam\u00edlia Professional d&#8217;Inform\u00e0tica i Comunicacions<\/strong>\n<ul>\n<li style=\"list-style-type: none;\">\n<ul>\n<li><a href=\"https:\/\/agora.xtec.cat\/ilb\/wp-content\/uploads\/usu2296\/2025\/05\/Horaris_examens_2aCONVOCATORIA_2425_Informatica.pdf\">Calendari de la segona convocat\u00f2ria<\/a><\/li>\n<\/ul>\n<\/li>\n<\/ul>\n<\/li>\n<li><strong>Fam\u00edlia Professional d&#8217;Administraci\u00f3 i Gesti\u00f3<\/strong>\n<ul>\n<li style=\"list-style-type: none;\">\n<ul>\n<li><a href=\"https:\/\/agora.xtec.cat\/ilb\/wp-content\/uploads\/usu2296\/2025\/05\/Horaris_examens_2aCONVOCATORIA_2425_Administracio.pdf\">Calendari de la segona convocat\u00f2ria<\/a><\/li>\n<\/ul>\n<\/li>\n<\/ul>\n<\/li>\n<li><strong>Fam\u00edlia Professional de Comer\u00e7 i M\u00e0rqueting<\/strong>\n<ul>\n<li style=\"list-style-type: none;\">\n<ul>\n<li><a href=\"https:\/\/agora.xtec.cat\/ilb\/wp-content\/uploads\/usu2296\/2025\/05\/Horaris_examens_2aCONVOCATORIA_2425-Comerc.pdf\">Calendari de la segona convocat\u00f2ria<\/a><\/li>\n<\/ul>\n<\/li>\n<\/ul>\n<\/li>\n<\/ul>\n<\/li>\n<\/ul>\n<p><em>Nota: Aquests calendaris poden ser actualitzats. Assegureu-vos de comprovar les actualitzacions regularment segons la data del document. (pendent de publicaci\u00f3).<\/em><\/p>\n<p>&nbsp;<\/p>\n<p>&nbsp;<\/p>\n<p>&nbsp;<\/p>\n<p style=\"text-align: right;\"><em><span style=\"color: #0000ff;\"><strong>Rumb al teu futur<\/strong><\/span><\/em><\/p>\n<p style=\"text-align: right;\"><em><span style=\"color: #0000ff;\"><strong>ILB \u2013 connected to change<\/strong><\/span><\/em><\/p>\n","protected":false},"excerpt":{"rendered":"<p>Calendaris de la segona convocat\u00f2ria per fam\u00edlies professionals<br \/>\nAqu\u00ed trobareu els calendaris actualitzats amb les dates i hores de les proves de la segona convocat\u00f2ria per cada fam\u00edlia professional.<\/p>\n<ul>\n<li style=\"list-style-type: none;\">\n<ul>\n<li>Fam\u00edlia Professional d&#8217;Inform\u00e0tica i Comunicacions\n<ul>\n<li style=\"list-style-type: none;\">\n<ul>\n<li><a href=\"https:\/\/agora.xtec.cat\/ilb\/wp-content\/uploads\/usu2296\/2025\/05\/Horaris_examens_2aCONVOCATORIA_2425_Informatica.pdf\">Calendari de la segona convocat\u00f2ria<\/a><\/li>\n<\/ul>\n<\/li>\n<\/ul>\n<\/li>\n<li>Fam\u00edlia Professional d&#8217;Administraci\u00f3 i Gesti\u00f3\n<ul>\n<li&hellip;  <a href=\"https:\/\/agora.xtec.cat\/ilb\/calendaris-2a-convocatoria-curs-2022-2023\/\" title=\"Read Calendaris 2a convocat\u00f2ria curs 2024-2025\">Llegeix m\u00e9s\u00bb<\/a><\/p>\n","protected":false},"author":1,"featured_media":0,"parent":0,"menu_order":0,"comment_status":"closed","ping_status":"closed","template":"","meta":{"_bbp_topic_count":0,"_bbp_reply_count":0,"_bbp_total_topic_count":0,"_bbp_total_reply_count":0,"_bbp_voice_count":0,"_bbp_anonymous_reply_count":0,"_bbp_topic_count_hidden":0,"_bbp_reply_count_hidden":0,"_bbp_forum_subforum_count":0,"footnotes":""},"class_list":["post-2166","page","type-page","status-publish","hentry"],"post_mailing_queue_ids":[],"_links":{"self":[{"href":"https:\/\/agora.xtec.cat\/ilb\/wp-json\/wp\/v2\/pages\/2166","targetHints":{"allow":["GET"]}}],"collection":[{"href":"https:\/\/agora.xtec.cat\/ilb\/wp-json\/wp\/v2\/pages"}],"about":[{"href":"https:\/\/agora.xtec.cat\/ilb\/wp-json\/wp\/v2\/types\/page"}],"author":[{"embeddable":true,"href":"https:\/\/agora.xtec.cat\/ilb\/wp-json\/wp\/v2\/users\/1"}],"replies":[{"embeddable":true,"href":"https:\/\/agora.xtec.cat\/ilb\/wp-json\/wp\/v2\/comments?post=2166"}],"version-history":[{"count":6,"href":"https:\/\/agora.xtec.cat\/ilb\/wp-json\/wp\/v2\/pages\/2166\/revisions"}],"predecessor-version":[{"id":4621,"href":"https:\/\/agora.xtec.cat\/ilb\/wp-json\/wp\/v2\/pages\/2166\/revisions\/4621"}],"wp:attachment":[{"href":"https:\/\/agora.xtec.cat\/ilb\/wp-json\/wp\/v2\/media?parent=2166"}],"curies":[{"name":"wp","href":"https:\/\/api.w.org\/{rel}","templated":true}]}}